{"id":1050,"date":"2009-09-19T19:53:18","date_gmt":"2009-09-19T18:53:18","guid":{"rendered":"http:\/\/www.apuntesdelengua.com\/?page_id=1050"},"modified":"2010-12-02T21:14:14","modified_gmt":"2010-12-02T20:14:14","slug":"3er-ciclo-primaria","status":"publish","type":"page","link":"http:\/\/www.apuntesdelengua.com\/blog\/textos\/3er-ciclo-primaria\/","title":{"rendered":"3er Ciclo Primaria"},"content":{"rendered":"<p style=\"text-align: center;\"><span style=\"font-family: 'Century Gothic';\"><span style=\"font-size: medium;\"><strong><span style=\"color: #008000;\"> Selecci\u00f3n de textos<\/span><\/strong><\/span><\/span><\/p>\n<p style=\"text-align: justify;\"><a href=\"http:\/\/cprmerida.juntaextremadura.net\/cpr\/velocidad_lectora\/index.html\"><strong><span style=\"font-family: 'Century Gothic';\"><span style=\"font-size: medium;\">Entrenamiento de la velocidad lectora<\/span><\/span><\/strong><\/a> (Junta de Extremadura). Recomendado para 2\u00ba y 3er Ciclo de Primaria.<\/p>\n<ol>\n<p style=\"text-align: justify;\"><span style=\"font-family: 'Century Gothic';\"><span style=\"font-size: medium;\"><\/p>\n<li><a style=\"list-style-type: none; list-style-position: initial; list-style-image: initial; text-decoration: none; color: #333333; background-image: url(http:\/\/roble.pntic.mec.es\/arum0010\/temas\/images\/underline.gif); background-repeat: repeat-x; background-attachment: initial; -webkit-background-clip: initial; -webkit-background-origin: initial; background-color: initial; background-position: 50% 100%; padding: 0px; margin: 0px;\" href=\"http:\/\/www.juntadeandalucia.es\/averroes\/%7Ecepco3\/fondolector\" target=\"_blank\"><strong><span style=\"color: #0000ff;\">Fondo lector.<\/span><\/strong><\/a> (Averroes &#8211; Programa Lector de la Junta de Andaluc\u00eda). 2\u00ba Ciclo de Primaria.<\/li>\n<p style=\"text-align: justify;\"><span style=\"font-family: 'Century Gothic';\"><span style=\"font-size: medium;\"><\/p>\n<li><a style=\"list-style-type: none; list-style-position: initial; list-style-image: initial; text-decoration: none; color: #006699; background-image: url(http:\/\/roble.pntic.mec.es\/arum0010\/temas\/images\/underline.gif); background-repeat: repeat-x; background-attachment: initial; -webkit-background-clip: initial; -webkit-background-origin: initial; background-color: initial; background-position: 50% 100%; padding: 0px; margin: 0px;\" href=\"http:\/\/www.edu.xunta.es\/contidos\/premios\/p2003\/b\/karaoke\/karaoke.html\" target=\"_blank\"><strong><span style=\"color: #0000ff;\">Karaoke literario<\/span><\/strong><\/a>. Xunta de Galicia. 3er Ciclo de Primaria.<\/li>\n<p style=\"text-align: justify;\"><span style=\"font-family: 'Century Gothic';\"><span style=\"font-size: medium;\"><\/p>\n<li><a href=\"http:\/\/www.iesitalica.es\/Ejemplos_TIC_Lengua\/Otras\/Otros_profesores\/Vocabulario_comprension\/index.htm\" target=\"_blank\"><strong><span style=\"color: #0000ff;\">Tests de vocabulario y comprensi\u00f3n.<\/span><\/strong><\/a> (Jos\u00e9 Mar\u00eda Gonz\u00e1lez Serna &#8211; IES It\u00e1lica de Sevilla)<\/li>\n<p style=\"text-align: justify;\"><span style=\"font-family: 'Century Gothic';\"><span style=\"font-size: medium;\"><\/p>\n<li><a href=\"http:\/\/www.isftic.mepsyd.es\/w3\/recursos2\/cuentos\/index.htm\" target=\"_blank\"><strong><span style=\"color: #0000ff;\">Cuentos y leyendas ilustrados por ni\u00f1os<\/span><\/strong><\/a> (Ministerio de Educaci\u00f3n y Ciencia &#8211; CNICE) 1er, 2\u00ba y 3er ciclo de Primaria.<\/li>\n<p style=\"text-align: justify;\"><span style=\"font-family: 'Century Gothic';\"><span style=\"font-size: medium;\"><\/p>\n<li><a style=\"font-size: 12px; font-style: normal; line-height: normal; font-weight: bold; font-variant: normal; text-decoration: none;\" href=\"http:\/\/www.reglasdeortografia.com\/testcomprensi3ciclo01.html\"><span style=\"color: #0000ff;\">\u00abAbuelita\u00bb<\/span><\/a> (Reglas de ortograf\u00eda &#8211; 3er ciclo de Primaria)<\/li>\n<p style=\"text-align: justify;\"><span style=\"font-family: 'Century Gothic';\"><span style=\"font-size: medium;\"><\/p>\n<li><span style=\"color: #0000ff;\"><a style=\"font-size: 12px; font-style: normal; line-height: normal; font-weight: bold; font-variant: normal; text-decoration: none;\" href=\"http:\/\/www.reglasdeortografia.com\/testcomprensi3ciclo02.html\">\u00abCaperucita Roja \u00ab<\/a> <span style=\"color: #000000;\">(Reglas de ortograf\u00eda &#8211; 3er ciclo de Primaria)<\/span><\/span><\/li>\n<p style=\"text-align: justify;\"><span style=\"font-family: 'Century Gothic';\"><span style=\"font-size: medium;\"><\/p>\n<li><span style=\"color: #0000ff;\"><a style=\"font-size: 12px; font-style: normal; line-height: normal; font-weight: bold; font-variant: normal; text-decoration: none;\" href=\"http:\/\/www.reglasdeortografia.com\/testcomprensi3ciclo03.html\">\u00abEl alforf\u00f3n \u00ab<\/a> <span style=\"color: #000000;\">(Reglas de ortograf\u00eda &#8211; 3er ciclo de Primaria)<\/span><\/span><\/li>\n<p style=\"text-align: justify;\"><span style=\"font-family: 'Century Gothic';\"><span style=\"font-size: medium;\"><\/p>\n<li><span style=\"color: #0000ff;\"><a style=\"font-size: 12px; font-style: normal; line-height: normal; font-weight: bold; font-variant: normal; text-decoration: none;\" href=\"http:\/\/www.reglasdeortografia.com\/testcomprensi3ciclo04.html\">\u00abFara y el viejo cocodrilo\u00bb<\/a> <span style=\"color: #000000;\">(Reglas de ortograf\u00eda &#8211; 3er ciclo de Primaria)<\/span><\/span><\/li>\n<p style=\"text-align: justify;\"><span style=\"font-family: 'Century Gothic';\"><span style=\"font-size: medium;\"><\/p>\n<li><span style=\"color: #0000ff;\"><a style=\"font-size: 12px; font-style: normal; line-height: normal; font-weight: bold; font-variant: normal; text-decoration: none;\" href=\"http:\/\/www.reglasdeortografia.com\/testcomprensi3ciclo05.html\">\u00abC\u00f3mo la sabidura se espaci\u00f3 por el mundo\u00bb<\/a> <span style=\"color: #000000;\">(Reglas de ortograf\u00eda &#8211; 3er ciclo de Primaria)<\/span><\/span><\/li>\n<p style=\"text-align: justify;\"><span style=\"font-family: 'Century Gothic';\"><span style=\"font-size: medium;\"><\/p>\n<li><a href=\"http:\/\/www.auladeletras.net\/material\/comprension_parchis.htm\" target=\"_blank\"><strong>\u00abParch\u00eds\u00bb<\/strong><\/a> Primaria<\/li>\n<p style=\"text-align: justify;\"><span style=\"font-family: 'Century Gothic';\"><span style=\"font-size: medium;\"><\/p>\n<li><a href=\"http:\/\/www.auladeletras.net\/material\/comprension_miedo.htm\" target=\"_blank\"><strong>\u00abMiedo\u00bb<\/strong><\/a> Primaria<\/li>\n<p style=\"text-align: justify;\"><span style=\"font-family: 'Century Gothic';\"><span style=\"font-size: medium;\"><\/p>\n<li><a title=\"Cuentos japoneses\" href=\"http:\/\/www.asahi-net.or.jp\/%7Ets4h-smz\/index.html\" target=\"_blank\"><strong>Cuentos japonese<\/strong>s<\/a> por Shimizu Haruna. Niveles A1-A2-B1. Ideal para el trabajo con alumnos castellanoparlantes o no de Primaria.<\/li>\n<p style=\"text-align: justify;\"><span style=\"font-family: 'Century Gothic';\"><span style=\"font-size: medium;\"><\/p>\n<li><a title=\"Lecturas paso a paso\" href=\"http:\/\/cvc.cervantes.es\/aula\/lecturas\/default.htm\" target=\"_blank\"><strong>Lecturas paso a paso<\/strong><\/a>.\u00a0El portal del Centro Virtual Cervantes nos muestra lecturas con unidades did\u00e1cticas interactivas para todos los niveles.<\/li>\n<p style=\"text-align: justify;\"><span style=\"font-family: 'Century Gothic';\"><span style=\"font-size: medium;\"><\/p>\n<li><a title=\"Proyecto Sherezade\" href=\"http:\/\/home.cc.umanitoba.ca\/~fernand4\/\/index.html\" target=\"_blank\"><strong>Proyecto Sherezade<\/strong><\/a>. Portal con textos y cuentos para todos los niveles. Incluye cuentos espec\u00edficos para ELE con archivos en mp3.<\/li>\n<p style=\"text-align: justify;\"><span style=\"font-family: 'Century Gothic';\"><span style=\"font-size: medium;\"><\/p>\n<li><a title=\"Cuentos y leyendas ilustrados por ni\u00f1os\" href=\"http:\/\/w3.cnice.mec.es\/recursos2\/cuentos2\/index.html\" target=\"_blank\"><strong>Cuentos y leyendas ilustrados por ni\u00f1os<\/strong><\/a><strong>.<\/strong> Plataforma de cuentos ideada para alumnos de Primaria, as\u00ed como de niveles A1-A2.<\/li>\n<p style=\"text-align: justify;\"><span style=\"font-family: 'Century Gothic';\"><span style=\"font-size: medium;\"><\/p>\n<li><a title=\"La narraci\u00f3n y el grupo nominal\" href=\"http:\/\/www.librosvivos.net\/smtc\/homeTC.asp?TemaClave=1012\" target=\"_blank\"><strong>La narraci\u00f3n y el grupo nominal<\/strong><\/a><strong>.<\/strong> Para Primaria y niveles A2-B1-B2<\/li>\n<p style=\"text-align: justify;\"><span style=\"font-family: 'Century Gothic';\"><span style=\"font-size: medium;\"><\/p>\n<li><a title=\"D\ufffda de los muertos\" href=\"http:\/\/www.difusion.com\/uploads\/2004\/Ideas\/Recursos\/1319.pdf\" target=\"_blank\"><strong>D\u00eda de los muertos<\/strong><\/a><strong>.<\/strong> Texto de la tradici\u00f3n mexicana del d\u00eda de los muertos. Niveles A1-A2 as\u00ed como para Primaria.<\/li>\n<p style=\"text-align: justify;\"><span style=\"font-family: 'Century Gothic';\"><span style=\"font-size: medium;\"><\/p>\n<li><a href=\"http:\/\/www.elhuevodechocolate.com\/cuentos.htm\" target=\"_blank\"><strong>El huevo de chocolate<\/strong><\/a><strong>.<\/strong> Cuentos tradicionales espa\u00f1oles para ni\u00f1os.<\/li>\n<p style=\"text-align: justify;\"><span style=\"font-family: 'Century Gothic';\"><span style=\"font-size: medium;\"><\/p>\n<li><a href=\"http:\/\/www.narraciones.net\/\" target=\"_blank\"><strong>Narraciones.net<\/strong><\/a> nos ofrece un buen compendio de textos en sus secciones: micro, breves, cortos, largo y poes\u00eda virtual.<\/li>\n<p style=\"text-align: justify;\"><span style=\"font-family: 'Century Gothic';\"><span style=\"font-size: medium;\"><\/p>\n<li><a href=\"http:\/\/www.rinconcastellano.com\/cuentos\/index.html\" target=\"_blank\"><strong>Cuentos infantiles cl\u00e1sicos<\/strong><\/a><strong> <\/strong>procedentes de todas las culturas del globo.<\/li>\n<p style=\"text-align: justify;\"><span style=\"font-family: 'Century Gothic';\"><span style=\"font-size: medium;\"><\/p>\n<li><a href=\"http:\/\/www.terra.es\/personal\/kokopaco\/home.html\" target=\"_blank\"><strong>El cuentacuentos I<\/strong><\/a><strong>.<\/strong> Textos infantiles para rememorar los tiempos de \u00ab\u00c9rase una vez&#8230;\u00bb<\/li>\n<p style=\"text-align: justify;\"><span style=\"font-family: 'Century Gothic';\"><span style=\"font-size: medium;\"><\/p>\n<li><a href=\"http:\/\/personales.mundivia.es\/llera\/cuentos\/cuentos.htm\" target=\"_blank\"><strong>El cuentacuentos II.<\/strong><\/a> Textos infantiles con t\u00edtulos cl\u00e1sicos como la Cenicienta, Simbad el marino, los tres cerditos, Caperucita roja, El flautista de Hamelin, Peter Pan, Blancanieves, Merl\u00edn el mago, El patito feo y Shrek.<\/li>\n<\/ol>\n","protected":false},"excerpt":{"rendered":"<p>Selecci\u00f3n de textos Entrenamiento de la velocidad lectora (Junta de Extremadura). Recomendado para 2\u00ba y 3er Ciclo de Primaria. Fondo lector. (Averroes &#8211; Programa Lector de la Junta de Andaluc\u00eda). 2\u00ba Ciclo de Primaria. Karaoke literario. Xunta de Galicia. 3er Ciclo de Primaria. Tests de vocabulario y comprensi\u00f3n. (Jos\u00e9 Mar\u00eda Gonz\u00e1lez Serna &#8211; IES It\u00e1lica<\/p>\n","protected":false},"author":1,"featured_media":0,"parent":16,"menu_order":0,"comment_status":"open","ping_status":"open","template":"onecolumn-page.php","meta":{"_monsterinsights_skip_tracking":false,"_monsterinsights_sitenote_active":false,"_monsterinsights_sitenote_note":"","_monsterinsights_sitenote_category":0},"aioseo_notices":[],"_links":{"self":[{"href":"http:\/\/www.apuntesdelengua.com\/blog\/wp-json\/wp\/v2\/pages\/1050"}],"collection":[{"href":"http:\/\/www.apuntesdelengua.com\/blog\/wp-json\/wp\/v2\/pages"}],"about":[{"href":"http:\/\/www.apuntesdelengua.com\/blog\/wp-json\/wp\/v2\/types\/page"}],"author":[{"embeddable":true,"href":"http:\/\/www.apuntesdelengua.com\/blog\/wp-json\/wp\/v2\/users\/1"}],"replies":[{"embeddable":true,"href":"http:\/\/www.apuntesdelengua.com\/blog\/wp-json\/wp\/v2\/comments?post=1050"}],"version-history":[{"count":13,"href":"http:\/\/www.apuntesdelengua.com\/blog\/wp-json\/wp\/v2\/pages\/1050\/revisions"}],"predecessor-version":[{"id":1057,"href":"http:\/\/www.apuntesdelengua.com\/blog\/wp-json\/wp\/v2\/pages\/1050\/revisions\/1057"}],"up":[{"embeddable":true,"href":"http:\/\/www.apuntesdelengua.com\/blog\/wp-json\/wp\/v2\/pages\/16"}],"wp:attachment":[{"href":"http:\/\/www.apuntesdelengua.com\/blog\/wp-json\/wp\/v2\/media?parent=1050"}],"curies":[{"name":"wp","href":"https:\/\/api.w.org\/{rel}","templated":true}]}}