{"id":1052,"date":"2009-09-19T19:53:50","date_gmt":"2009-09-19T18:53:50","guid":{"rendered":"http:\/\/www.apuntesdelengua.com\/?page_id=1052"},"modified":"2010-12-02T21:17:52","modified_gmt":"2010-12-02T20:17:52","slug":"1%c2%ba-y-2%c2%ba-eso","status":"publish","type":"page","link":"http:\/\/www.apuntesdelengua.com\/blog\/textos\/1%c2%ba-y-2%c2%ba-eso\/","title":{"rendered":"1\u00ba y 2\u00ba ESO"},"content":{"rendered":"<p style=\"text-align: justify;\"><span style=\"font-family: 'Century Gothic';\"><span style=\"font-size: medium;\">A continuaci\u00f3n proponemos una serie de textos de diferentes estilos y duraci\u00f3n. En ellos, podr\u00e1s practicar la comprensi\u00f3n lectora para <span style=\"color: #008000;\"><strong>mejorar tu rendimiento a la hora de comprender textos<\/strong><\/span> (no s\u00f3lo de Lengua) que te ayuden a obtener unos buenos resultados. Recuerda que la comprensi\u00f3n lectora <strong><span style=\"color: #008000;\">es fundamental tanto en Lengua como en problemas de Matem\u00e1ticas, textos de Ciencias Sociales e Historia, Ciencias Naturales&#8230;<\/span> <\/strong>Recuerda que estos textos son interactivos y que te muestran el resultado nada m\u00e1s concluyas las preguntas. \u00a1A por ellos!<\/span><\/span><\/p>\n<p style=\"text-align: justify;\"><span style=\"font-family: 'Century Gothic';\"><span style=\"font-size: large;\"><img loading=\"lazy\" class=\"alignabsmiddle\" src=\"http:\/\/www.fotosearch.com\/bthumb\/CSP\/CSP267\/k2670433.jpg\" alt=\"\" width=\"74\" height=\"74\" align=\"absmiddle\" \/><strong><span style=\"color: #008000;\">Textos creados por alumnado de Apuntes de Lengua.<\/span><\/strong><\/span><\/span><\/p>\n<p style=\"text-align: justify; padding-left: 60px;\"><span style=\"font-family: 'Century Gothic';\"><span style=\"font-size: medium;\"><a href=\"http:\/\/www.apuntesdelengua.com\/archivos\/compension_lectora\/hermanosgemelos.htm\" target=\"_blank\"><strong><img loading=\"lazy\" class=\"alignnone\" src=\"http:\/\/www.fotosearch.com\/bthumb\/CSP\/CSP134\/k1346084.jpg\" alt=\"\" width=\"59\" height=\"44\" align=\"absmiddle\" \/>Los hermanos gemelos<\/strong><\/a><strong> <\/strong><\/span><\/span><\/p>\n<p><strong> <\/strong><\/p>\n<p style=\"text-align: justify; padding-left: 60px;\"><strong><a href=\"..\/..\/archivos\/compension_lectora\/hermanosgemelos.htm\" target=\"_blank\"><strong><img loading=\"lazy\" src=\"http:\/\/www.fotosearch.com\/bthumb\/CSP\/CSP134\/k1346084.jpg\" alt=\"\" width=\"59\" height=\"44\" align=\"absmiddle\" \/><\/strong><\/a><a href=\"http:\/\/www.apuntesdelengua.com\/archivos\/compension_lectora\/narnia-acarrion.htm\" target=\"_blank\"><strong> <\/strong><\/a><\/strong><a href=\"http:\/\/www.apuntesdelengua.com\/archivos\/compension_lectora\/narnia-acarrion.htm\" target=\"_blank\"><span style=\"font-family: 'Century Gothic';\"><span style=\"font-size: medium;\"><strong>Las cr\u00f3nicas de Narnia I: El sobrino del Mago. <\/strong><\/span><\/span><\/a><\/p>\n<p style=\"text-align: justify; padding-left: 60px;\"><a href=\"http:\/\/www.apuntesdelengua.com\/archivos\/compension_lectora\/anafrank01.htm\" target=\"_blank\"><strong><strong><img loading=\"lazy\" src=\"http:\/\/www.fotosearch.com\/bthumb\/CSP\/CSP134\/k1346084.jpg\" alt=\"\" width=\"59\" height=\"44\" align=\"absmiddle\" \/><\/strong><\/strong><\/a><span style=\"font-family: 'Century Gothic';\"><span style=\"font-size: medium;\"><strong><a href=\"http:\/\/www.apuntesdelengua.com\/archivos\/compension_lectora\/anafrank01.htm\" target=\"_blank\">El diario de Ana Frank<\/a><br \/>\n<\/strong><\/span><\/span><\/p>\n<p style=\"text-align: justify;\"><span style=\"font-family: 'Century Gothic';\"><span style=\"font-size: medium;\"> <\/span><\/span><\/p>\n<p style=\"text-align: justify; padding-left: 60px;\"><strong><a href=\"..\/..\/archivos\/compension_lectora\/hermanosgemelos.htm\" target=\"_blank\"><strong> <\/strong><\/a><\/strong><\/p>\n<p style=\"text-align: justify;\">\n<p style=\"text-align: justify;\"><span style=\"font-family: 'Century Gothic';\"><span style=\"font-size: large;\"><img loading=\"lazy\" class=\"alignnone\" src=\"http:\/\/www.fotosearch.com\/bthumb\/CSP\/CSP235\/k2351934.jpg\" alt=\"\" width=\"99\" height=\"90\" align=\"absmiddle\" \/><strong><span style=\"color: #008000;\">Selecci\u00f3n de ejercicios de comprensi\u00f3n lectora de Aula de Letras.<\/span><\/strong><br \/>\n<\/span><\/span><\/p>\n<p style=\"text-align: justify; padding-left: 60px;\"><span style=\"color: #0000ff;\"><strong><span style=\"font-family: 'Century Gothic';\"><span style=\"font-size: medium;\"><a href=\"http:\/\/www.auladeletras.net\/material\/hot\/movil.htm\" target=\"_blank\">Sobre el uso del m\u00f3vil<\/a><\/span><\/span><\/strong><\/span><\/p>\n<p style=\"text-align: justify; padding-left: 60px;\"><span style=\"color: #0000ff;\"><strong><span style=\"font-family: 'Century Gothic';\"><span style=\"font-size: medium;\"><a href=\"http:\/\/www.auladeletras.net\/material\/hot\/masa.htm\" target=\"_blank\">C\u00e9sar Vallejo: Masa<\/a><\/span><\/span><\/strong><\/span><\/p>\n<p style=\"text-align: justify; padding-left: 60px;\"><span style=\"color: #0000ff;\"><strong><span style=\"font-family: 'Century Gothic';\"><span style=\"font-size: medium;\"><a href=\"http:\/\/www.auladeletras.net\/material\/hot\/libros.htm\" target=\"_blank\">Eduardo Mendoza: Libros<\/a><\/span><\/span><\/strong><\/span><\/p>\n<p style=\"text-align: justify; padding-left: 60px;\"><span style=\"color: #0000ff;\"><strong><span style=\"font-family: 'Century Gothic';\"><span style=\"font-size: medium;\"><a href=\"http:\/\/www.auladeletras.net\/material\/hot\/comotu.htm\" target=\"_blank\">Le\u00f3n Felipe: Como t\u00fa<\/a><\/span><\/span><\/strong><\/span><\/p>\n<p style=\"text-align: justify; padding-left: 60px;\"><span style=\"color: #0000ff;\"><strong><span style=\"font-family: 'Century Gothic';\"><span style=\"font-size: medium;\"><a href=\"http:\/\/www.auladeletras.net\/material\/literatura.htm\" target=\"_blank\">Literatura<\/a><\/span><\/span><\/strong><\/span><\/p>\n<p style=\"text-align: justify; padding-left: 60px;\"><span style=\"color: #0000ff;\"><strong><span style=\"font-family: 'Century Gothic';\"><span style=\"font-size: medium;\"><a href=\"http:\/\/www.auladeletras.net\/material\/internet.htm\" target=\"_blank\">Internet<\/a><\/span><\/span><\/strong><\/span><\/p>\n<p style=\"text-align: justify; padding-left: 60px;\"><span style=\"color: #0000ff;\"><strong><span style=\"font-family: 'Century Gothic';\"><span style=\"font-size: medium;\"><a href=\"http:\/\/www.auladeletras.net\/material\/pajaritas.htm\" target=\"_blank\">Campeonato Mundial de Pajaritas<\/a><\/span><\/span><\/strong><\/span><\/p>\n<p style=\"text-align: justify; padding-left: 60px;\"><span style=\"color: #0000ff;\"><strong><span style=\"font-family: 'Century Gothic';\"><span style=\"font-size: medium;\"><a href=\"http:\/\/www.auladeletras.net\/material\/monstruos.htm\" target=\"_blank\">Nuestros monstruos<\/a><\/span><\/span><\/strong><\/span><\/p>\n<p style=\"text-align: justify; padding-left: 60px;\"><span style=\"color: #0000ff;\"><strong><span style=\"font-family: 'Century Gothic';\"><span style=\"font-size: medium;\"><a href=\"http:\/\/www.auladeletras.net\/material\/carlomagno.htm\" target=\"_blank\">La leyenda de Carlomagno<\/a><\/span><\/span><\/strong><\/span><\/p>\n<p style=\"text-align: justify; padding-left: 60px;\"><span style=\"color: #0000ff;\"><strong><span style=\"font-family: 'Century Gothic';\"><span style=\"font-size: medium;\"><a href=\"http:\/\/www.auladeletras.net\/material\/el_reflejo.htm\" target=\"_blank\">El reflejo<\/a><\/span><\/span><\/strong><\/span><\/p>\n<p style=\"text-align: justify; padding-left: 60px;\"><span style=\"color: #0000ff;\"><strong><span style=\"font-family: 'Century Gothic';\"><span style=\"font-size: medium;\"><a href=\"http:\/\/www.auladeletras.net\/material\/celoso.htm\" target=\"_blank\">Historia del joven celoso<\/a><\/span><\/span><\/strong><\/span><\/p>\n<p style=\"text-align: justify; padding-left: 60px;\"><span style=\"color: #0000ff;\"><strong><span style=\"font-family: 'Century Gothic';\"><span style=\"font-size: medium;\"><a href=\"http:\/\/www.auladeletras.net\/material\/Repaso\/ejercicios\/Gimferre.htm\" target=\"_blank\">Texto de Pere Gimferrer<\/a><\/span><\/span><\/strong><\/span><\/p>\n<p style=\"text-align: justify; padding-left: 60px;\"><span style=\"color: #0000ff;\"><strong><span style=\"font-family: 'Century Gothic';\"><span style=\"font-size: medium;\"><a href=\"http:\/\/www.auladeletras.net\/material\/Repaso\/ejercicios\/Pigmalion.htm\" target=\"_blank\">Texto de Augusto Monterroso<\/a><\/span><\/span><\/strong><\/span><\/p>\n<p style=\"text-align: justify; padding-left: 60px;\"><span style=\"color: #0000ff;\"><strong><span style=\"font-family: 'Century Gothic';\"><span style=\"font-size: medium;\"><a href=\"http:\/\/www.auladeletras.net\/material\/Repaso\/ejercicios\/margarita.htm\" target=\"_blank\">Texto de Bioy Casares<\/a><\/span><\/span><\/strong><\/span><\/p>\n<p style=\"text-align: justify;\"><span style=\"font-family: 'Century Gothic';\"><span style=\"font-size: medium;\"><a href=\"http:\/\/s276893698.mialojamiento.es\/archivos\/compension_lectora\/hermanosgemelos.htm\" target=\"_blank\"><strong><span style=\"color: #0000ff;\"> <\/span><\/strong><\/a><\/span><\/span><\/p>\n<p style=\"text-align: justify;\">\n<p style=\"text-align: justify;\"><img loading=\"lazy\" src=\"http:\/\/www.fotosearch.com\/bthumb\/CSP\/CSP235\/k2351934.jpg\" alt=\"\" width=\"99\" height=\"90\" align=\"absmiddle\" \/><span style=\"font-family: 'Century Gothic';\"><span style=\"font-size: medium;\">Otra selecci\u00f3n (Luis Miguel Alonso Guti\u00e9rrez) de textos de obras y autores por tod@s conocidos es la presentada a continuaci\u00f3n. La mayor\u00eda de ellos deben de hacerse dentro de un tiempo establecido&#8230; \u00bfte atreves con ellos?<\/span><\/span><\/p>\n<p style=\"text-align: justify; padding-left: 60px;\"><span style=\"font-family: 'Century Gothic';\"><span style=\"font-size: medium;\"><a href=\"http:\/\/endrino.pntic.mec.es\/hotp0061\/l_alonso\/lazarillo.htm\" target=\"_blank\"><strong>Lazarillo de Tormes.<\/strong><\/a><\/span><\/span><\/p>\n<p style=\"text-align: justify; padding-left: 60px;\"><span style=\"font-family: 'Century Gothic';\"><span style=\"font-size: medium;\"><a href=\"http:\/\/endrino.pntic.mec.es\/hotp0061\/l_alonso\/jekyll.htm\" target=\"_blank\"><strong>El extra\u00f1o caso del Dr. Jekyll y Mr. Hyde, de Robert Louis Stevenson.<\/strong><\/a><\/span><\/span><\/p>\n<p style=\"text-align: justify; padding-left: 60px;\"><span style=\"font-family: 'Century Gothic';\"><span style=\"font-size: medium;\"><a href=\"http:\/\/endrino.pntic.mec.es\/hotp0061\/l_alonso\/labusca.htm\" target=\"_blank\"><strong>La Busca, de P\u00edo Baroja<\/strong><\/a><\/span><\/span><\/p>\n<p style=\"text-align: justify; padding-left: 60px;\"><span style=\"font-family: 'Century Gothic';\"><span style=\"font-size: medium;\"><a href=\"http:\/\/endrino.pntic.mec.es\/hotp0061\/l_alonso\/perla.htm\" target=\"_blank\"><strong>La Perla, de John Steinbeck<\/strong><\/a><\/span><\/span><\/p>\n<p style=\"text-align: justify; padding-left: 60px;\"><span style=\"font-family: 'Century Gothic';\"><span style=\"font-size: medium;\"><a href=\"http:\/\/endrino.pntic.mec.es\/hotp0061\/l_alonso\/coelho.htm\" target=\"_blank\"><strong>A orillas del r\u00edo Piedra me sent\u00e9 y llor\u00e9, de Paulo Coelho.<\/strong><\/a><\/span><\/span><\/p>\n<p style=\"text-align: justify; padding-left: 60px;\"><span style=\"font-family: 'Century Gothic';\"><span style=\"font-size: medium;\"><a href=\"http:\/\/endrino.pntic.mec.es\/hotp0061\/l_alonso\/cronica.htm\" target=\"_blank\"><strong>Cr\u00f3nica de una muerte anunciada, de Gabriel Garc\u00eda M\u00e1rquez<\/strong><\/a><\/span><\/span><\/p>\n<p style=\"text-align: justify; padding-left: 60px;\"><span style=\"font-family: 'Century Gothic';\"><span style=\"font-size: medium;\"><a href=\"http:\/\/endrino.pntic.mec.es\/hotp0061\/l_alonso\/granja.htm\" target=\"_blank\"><strong>Rebeli\u00f3n en la granja, de George Orwell<\/strong><\/a><\/span><\/span><\/p>\n<p style=\"text-align: justify; padding-left: 60px;\"><span style=\"font-family: 'Century Gothic';\"><span style=\"font-size: medium;\"><a href=\"http:\/\/endrino.pntic.mec.es\/hotp0061\/l_alonso\/manolito.htm\" target=\"_blank\"><strong>Manolito Gafotas, de Elvira Lindo<\/strong><\/a><\/span><\/span><\/p>\n<p style=\"text-align: justify; padding-left: 60px;\"><span style=\"font-family: 'Century Gothic';\"><span style=\"font-size: medium;\"><a href=\"http:\/\/endrino.pntic.mec.es\/hotp0061\/l_alonso\/allende.htm\" target=\"_blank\"><strong>El reino del drag\u00f3n de oro, de Isabel Allende<\/strong><\/a><\/span><\/span><\/p>\n<p style=\"text-align: justify; padding-left: 60px;\"><span style=\"font-family: 'Century Gothic';\"><span style=\"font-size: medium;\"><strong><a href=\"http:\/\/endrino.pntic.mec.es\/hotp0061\/l_alonso\/mecano.htm\" target=\"_blank\">Hijo de la Luna, canci\u00f3n de Mecano<\/a><\/strong><\/span><\/span><\/p>\n","protected":false},"excerpt":{"rendered":"<p>A continuaci\u00f3n proponemos una serie de textos de diferentes estilos y duraci\u00f3n. En ellos, podr\u00e1s practicar la comprensi\u00f3n lectora para mejorar tu rendimiento a la hora de comprender textos (no s\u00f3lo de Lengua) que te ayuden a obtener unos buenos resultados. Recuerda que la comprensi\u00f3n lectora es fundamental tanto en Lengua como en problemas de<\/p>\n","protected":false},"author":1,"featured_media":0,"parent":16,"menu_order":2,"comment_status":"open","ping_status":"open","template":"onecolumn-page.php","meta":{"_monsterinsights_skip_tracking":false,"_monsterinsights_sitenote_active":false,"_monsterinsights_sitenote_note":"","_monsterinsights_sitenote_category":0},"aioseo_notices":[],"_links":{"self":[{"href":"http:\/\/www.apuntesdelengua.com\/blog\/wp-json\/wp\/v2\/pages\/1052"}],"collection":[{"href":"http:\/\/www.apuntesdelengua.com\/blog\/wp-json\/wp\/v2\/pages"}],"about":[{"href":"http:\/\/www.apuntesdelengua.com\/blog\/wp-json\/wp\/v2\/types\/page"}],"author":[{"embeddable":true,"href":"http:\/\/www.apuntesdelengua.com\/blog\/wp-json\/wp\/v2\/users\/1"}],"replies":[{"embeddable":true,"href":"http:\/\/www.apuntesdelengua.com\/blog\/wp-json\/wp\/v2\/comments?post=1052"}],"version-history":[{"count":13,"href":"http:\/\/www.apuntesdelengua.com\/blog\/wp-json\/wp\/v2\/pages\/1052\/revisions"}],"predecessor-version":[{"id":1064,"href":"http:\/\/www.apuntesdelengua.com\/blog\/wp-json\/wp\/v2\/pages\/1052\/revisions\/1064"}],"up":[{"embeddable":true,"href":"http:\/\/www.apuntesdelengua.com\/blog\/wp-json\/wp\/v2\/pages\/16"}],"wp:attachment":[{"href":"http:\/\/www.apuntesdelengua.com\/blog\/wp-json\/wp\/v2\/media?parent=1052"}],"curies":[{"name":"wp","href":"https:\/\/api.w.org\/{rel}","templated":true}]}}