{"id":1054,"date":"2009-09-19T19:54:16","date_gmt":"2009-09-19T18:54:16","guid":{"rendered":"http:\/\/www.apuntesdelengua.com\/?page_id=1054"},"modified":"2010-12-02T22:14:07","modified_gmt":"2010-12-02T21:14:07","slug":"3%c2%ba-y-4%c2%ba-eso","status":"publish","type":"page","link":"http:\/\/www.apuntesdelengua.com\/blog\/textos\/3%c2%ba-y-4%c2%ba-eso\/","title":{"rendered":"3\u00ba y 4\u00ba ESO"},"content":{"rendered":"<p style=\"text-align: justify;\"><span style=\"font-family: 'Century Gothic';\"><span style=\"font-size: large;\"><img loading=\"lazy\" src=\"http:\/\/www.fotosearch.com\/bthumb\/CSP\/CSP235\/k2351934.jpg\" alt=\"\" width=\"72\" height=\"67\" align=\"absmiddle\" \/><span style=\"color: #008000;\"><span style=\"line-height: 23px; font-size: large;\">Ejercicios de comprensi\u00f3n lectora interactiva en la que podremos poner a prueba nuestra capacidad para comprender textos conocidos y cl\u00e1sicos de la literatura. Gracias a <a href=\"http:\/\/www.auladeletras.net\" target=\"_blank\">Auladeletras<\/a> podemos practicar desde nuestro propio ordenador y corregir los ejercicios al instante.<\/span><\/span><span style=\"line-height: 23px; font-size: 14px;\"> <\/span><\/span><\/span><\/p>\n<p style=\"text-align: justify;\"><span style=\"font-family: 'Century Gothic';\"><span style=\"font-size: medium;\"> <\/span><\/span><\/p>\n<p style=\"text-align: justify; padding-left: 90px;\"><span style=\"color: #0000ff;\"><strong><span style=\"font-family: 'Century Gothic';\"><span style=\"font-size: medium;\"><a style=\"text-decoration: none; color: #db5600; padding: 0px; margin: 0px;\" href=\"http:\/\/www.auladeletras.net\/material\/carlomagno.htm\" target=\"_blank\">La leyenda de Carlomagno<\/a><\/span><\/span><\/strong><\/span><\/p>\n<p style=\"text-align: justify; padding-left: 90px;\"><span style=\"color: #0000ff;\"><strong><span style=\"font-family: 'Century Gothic';\"><span style=\"font-size: medium;\"> <\/span><\/span><\/strong><\/span><\/p>\n<p style=\"text-align: justify; padding-left: 90px;\"><span style=\"color: #0000ff;\"><strong><span style=\"font-family: 'Century Gothic';\"><span style=\"font-size: medium;\"><a style=\"text-decoration: none; color: #db5600; padding: 0px; margin: 0px;\" href=\"http:\/\/www.auladeletras.net\/material\/el_reflejo.htm\" target=\"_blank\">El reflejo<\/a><\/span><\/span><\/strong><\/span><\/p>\n<p style=\"text-align: justify; padding-left: 90px;\"><span style=\"color: #0000ff;\"><strong><span style=\"font-family: 'Century Gothic';\"><span style=\"font-size: medium;\"> <\/span><\/span><\/strong><\/span><\/p>\n<p style=\"text-align: justify; padding-left: 90px;\"><span style=\"color: #0000ff;\"><strong><span style=\"font-family: 'Century Gothic';\"><span style=\"font-size: medium;\"><a style=\"text-decoration: none; color: #db5600; padding: 0px; margin: 0px;\" href=\"http:\/\/www.auladeletras.net\/material\/celoso.htm\" target=\"_blank\">Historia del joven celoso<\/a><\/span><\/span><\/strong><\/span><\/p>\n<p style=\"text-align: justify; padding-left: 90px;\"><span style=\"color: #0000ff;\"><strong><span style=\"font-family: 'Century Gothic';\"><span style=\"font-size: medium;\"> <\/span><\/span><\/strong><\/span><\/p>\n<p style=\"text-align: justify; padding-left: 90px;\"><span style=\"color: #0000ff;\"><strong><span style=\"font-family: 'Century Gothic';\"><span style=\"font-size: medium;\"><a style=\"text-decoration: none; color: #db5600; padding: 0px; margin: 0px;\" href=\"http:\/\/www.auladeletras.net\/material\/Repaso\/ejercicios\/Gimferre.htm\" target=\"_blank\">Texto de Pere Gimferrer<\/a><\/span><\/span><\/strong><\/span><\/p>\n<p style=\"text-align: justify; padding-left: 90px;\"><span style=\"color: #0000ff;\"><strong><span style=\"font-family: 'Century Gothic';\"><span style=\"font-size: medium;\"> <\/span><\/span><\/strong><\/span><\/p>\n<p style=\"text-align: justify; padding-left: 90px;\"><span style=\"color: #0000ff;\"><strong><span style=\"font-family: 'Century Gothic';\"><span style=\"font-size: medium;\"><a style=\"text-decoration: none; color: #db5600; padding: 0px; margin: 0px;\" href=\"http:\/\/www.auladeletras.net\/material\/Repaso\/ejercicios\/Pigmalion.htm\" target=\"_blank\">Texto de Augusto Monterroso<\/a><\/span><\/span><\/strong><\/span><\/p>\n<p style=\"text-align: justify; padding-left: 90px;\"><span style=\"color: #0000ff;\"><strong><span style=\"font-family: 'Century Gothic';\"><span style=\"font-size: medium;\"> <\/span><\/span><\/strong><\/span><\/p>\n<p style=\"text-align: justify; padding-left: 90px;\"><span style=\"color: #0000ff;\"><strong><span style=\"font-family: 'Century Gothic';\"><span style=\"font-size: medium;\"><a style=\"text-decoration: none; color: #db5600; padding: 0px; margin: 0px;\" href=\"http:\/\/www.auladeletras.net\/material\/Repaso\/ejercicios\/margarita.htm\" target=\"_blank\">Texto de Bioy Casares<\/a><\/span><\/span><\/strong><\/span><\/p>\n<p style=\"text-align: justify; padding-left: 90px;\"><span style=\"color: #0000ff;\"><strong><span style=\"font-family: 'Century Gothic';\"><span style=\"font-size: medium;\"> <\/span><\/span><\/strong><\/span><\/p>\n<p style=\"text-align: justify; padding-left: 90px;\"><span style=\"color: #0000ff;\"><strong><span style=\"font-family: 'Century Gothic';\"><span style=\"font-size: medium;\"><a style=\"text-decoration: none; color: #db5600; padding: 0px; margin: 0px;\" href=\"http:\/\/www.auladeletras.net\/literatura_secundaria\/ejercicios\/comprension_samaniego.htm\" target=\"_blank\">F\u00e1bula de Samaniego<\/a><\/span><\/span><\/strong><\/span><\/p>\n<p style=\"text-align: justify; padding-left: 90px;\"><span style=\"color: #0000ff;\"><strong><span style=\"font-family: 'Century Gothic';\"><span style=\"font-size: medium;\"> <\/span><\/span><\/strong><\/span><\/p>\n<p style=\"text-align: justify; padding-left: 90px;\"><span style=\"color: #0000ff;\"><strong><span style=\"font-family: 'Century Gothic';\"><span style=\"font-size: medium;\"><a style=\"text-decoration: none; color: #db5600; padding: 0px; margin: 0px;\" href=\"http:\/\/www.auladeletras.net\/literatura_secundaria\/ejercicios\/comprension_moratin.htm\" target=\"_blank\">Fragmento de <\/a><em><a style=\"text-decoration: none; color: #db5600; padding: 0px; margin: 0px;\" href=\"http:\/\/www.auladeletras.net\/literatura_secundaria\/ejercicios\/comprension_moratin.htm\" target=\"_blank\">El s\u00ed de las ni\u00f1as<\/a><\/em><\/span><\/span><\/strong><\/span><\/p>\n<p style=\"text-align: justify; padding-left: 90px;\"><span style=\"color: #0000ff;\"><strong><span style=\"font-family: 'Century Gothic';\"><span style=\"font-size: medium;\"> <\/span><\/span><\/strong><\/span><\/p>\n<p style=\"text-align: justify; padding-left: 90px;\"><span style=\"color: #0000ff;\"><strong><span style=\"font-family: 'Century Gothic';\"><span style=\"font-size: medium;\"><a style=\"text-decoration: none; color: #db5600; padding: 0px; margin: 0px;\" href=\"http:\/\/www.auladeletras.net\/literatura_secundaria\/ejercicios\/barroco_quevedo.htm\" target=\"_blank\">Poema de Quevedo<\/a><\/span><\/span><\/strong><\/span><\/p>\n<p style=\"text-align: justify; padding-left: 90px;\"><span style=\"color: #0000ff;\"><strong><span style=\"font-family: 'Century Gothic';\"><span style=\"font-size: medium;\"> <\/span><\/span><\/strong><\/span><\/p>\n<p style=\"text-align: justify; padding-left: 90px;\"><span style=\"color: #0000ff;\"><strong><span style=\"font-family: 'Century Gothic';\"><span style=\"font-size: medium;\"><a style=\"text-decoration: none; color: #db5600; padding: 0px; margin: 0px;\" href=\"http:\/\/www.auladeletras.net\/literatura_secundaria\/ejercicios\/barroco_calderon.htm\" target=\"_blank\">Fragmento de La vida es sue\u00f1o<\/a><\/span><\/span><\/strong><\/span><\/p>\n<p style=\"text-align: justify; padding-left: 90px;\"><span style=\"color: #0000ff;\"><strong><span style=\"font-family: 'Century Gothic';\"><span style=\"font-size: medium;\"> <\/span><\/span><\/strong><\/span><\/p>\n<p style=\"text-align: justify; padding-left: 90px;\"><span style=\"color: #0000ff;\"><strong><span style=\"font-family: 'Century Gothic';\"><span style=\"font-size: medium;\"><a style=\"text-decoration: none; color: #db5600; padding: 0px; margin: 0px;\" href=\"http:\/\/www.auladeletras.net\/literatura_secundaria\/ejercicios\/renacimiento_garcilaso.htm\" target=\"_blank\">Poema de Garcilaso<\/a><\/span><\/span><\/strong><\/span><\/p>\n<p style=\"text-align: justify; padding-left: 90px;\"><span style=\"color: #0000ff;\"><strong><span style=\"font-family: 'Century Gothic';\"><span style=\"font-size: medium;\"> <\/span><\/span><\/strong><\/span><\/p>\n<p style=\"text-align: justify; padding-left: 90px;\"><span style=\"color: #0000ff;\"><strong><span style=\"font-family: 'Century Gothic';\"><span style=\"font-size: medium;\"><a style=\"text-decoration: none; color: #db5600; padding: 0px; margin: 0px;\" href=\"http:\/\/www.auladeletras.net\/literatura_secundaria\/ejercicios\/renacimiento_lazarillo.htm\" target=\"_blank\">Fragmento del Lazarillo de Tormes<\/a><\/span><\/span><\/strong><\/span><\/p>\n<p style=\"text-align: justify; padding-left: 90px;\"><span style=\"color: #0000ff;\"><strong><span style=\"font-family: 'Century Gothic';\"><span style=\"font-size: medium;\"> <\/span><\/span><\/strong><\/span><\/p>\n<p style=\"text-align: justify; padding-left: 90px;\"><span style=\"color: #0000ff;\"><strong><span style=\"font-family: 'Century Gothic';\"><span style=\"font-size: medium;\"><a style=\"text-decoration: none; color: #db5600; padding: 0px; margin: 0px;\" href=\"http:\/\/www.auladeletras.net\/material\/creyente_cloze.htm\" target=\"_blank\">\u00abUn creyente\u00bb y \u00abMensaje\u00bb. Comprensi\u00f3n lectora.<\/a><\/span><\/span><\/strong><\/span><\/p>\n<p style=\"text-align: justify;\"><span style=\"font-family: 'Century Gothic';\"><span style=\"font-size: medium;\"> <\/span><\/span><\/p>\n<p style=\"text-align: justify;\"><span style=\"font-family: 'Century Gothic';\"><span style=\"font-size: medium;\"><img loading=\"lazy\" src=\"http:\/\/www.fotosearch.com\/bthumb\/CSP\/CSP235\/k2351934.jpg\" alt=\"\" width=\"99\" height=\"90\" align=\"absmiddle\" \/><\/span><\/span><strong><span style=\"color: #008000;\"><span style=\"font-family: 'Century Gothic';\"><span style=\"font-size: large;\">Otra selecci\u00f3n (Luis Miguel Alonso Guti\u00e9rrez)\u00a0de textos de obras y autores por tod@s conocidos es la presentada a continuaci\u00f3n. La mayor\u00eda de ellos deben de hacerse dentro de un tiempo establecido&#8230; \u00bfte atreves con ellos?<\/span><\/span><\/span><\/strong><\/p>\n<p style=\"text-align: justify; padding-left: 90px;\"><span style=\"font-family: 'Century Gothic';\"><span style=\"font-size: medium;\"><a href=\"http:\/\/endrino.pntic.mec.es\/hotp0061\/l_alonso\/lazarillo.htm\" target=\"_blank\"><strong>Lazarillo de Tormes.<\/strong><\/a><\/span><\/span><\/p>\n<p style=\"text-align: justify; padding-left: 90px;\"><span style=\"font-family: 'Century Gothic';\"><span style=\"font-size: medium;\"> <\/span><\/span><\/p>\n<p style=\"text-align: justify; padding-left: 90px;\"><span style=\"font-family: 'Century Gothic';\"><span style=\"font-size: medium;\"><a href=\"http:\/\/endrino.pntic.mec.es\/hotp0061\/l_alonso\/jekyll.htm\" target=\"_blank\"><strong>El extra\u00f1o caso del Dr. Jekyll y Mr. Hyde, de Robert Louis Stevenson.<\/strong><\/a><\/span><\/span><\/p>\n<p style=\"text-align: justify; padding-left: 90px;\"><span style=\"font-family: 'Century Gothic';\"><span style=\"font-size: medium;\"> <\/span><\/span><\/p>\n<p style=\"text-align: justify; padding-left: 90px;\"><span style=\"font-family: 'Century Gothic';\"><span style=\"font-size: medium;\"><a href=\"http:\/\/endrino.pntic.mec.es\/hotp0061\/l_alonso\/labusca.htm\" target=\"_blank\"><strong>La Busca, de P\u00edo Baroja<\/strong><\/a><\/span><\/span><\/p>\n<p style=\"text-align: justify; padding-left: 90px;\"><span style=\"font-family: 'Century Gothic';\"><span style=\"font-size: medium;\"> <\/span><\/span><\/p>\n<p style=\"text-align: justify; padding-left: 90px;\"><span style=\"font-family: 'Century Gothic';\"><span style=\"font-size: medium;\"><a href=\"http:\/\/endrino.pntic.mec.es\/hotp0061\/l_alonso\/perla.htm\" target=\"_blank\"><strong>La Perla, de John Steinbeck<\/strong><\/a><\/span><\/span><\/p>\n<p style=\"text-align: justify; padding-left: 90px;\"><span style=\"font-family: 'Century Gothic';\"><span style=\"font-size: medium;\"> <\/span><\/span><\/p>\n<p style=\"text-align: justify; padding-left: 90px;\"><span style=\"font-family: 'Century Gothic';\"><span style=\"font-size: medium;\"><a href=\"http:\/\/endrino.pntic.mec.es\/hotp0061\/l_alonso\/coelho.htm\" target=\"_blank\"><strong>A orillas del r\u00edo Piedra me sent\u00e9 y llor\u00e9, de Paulo Coelho.<\/strong><\/a><\/span><\/span><\/p>\n<p style=\"text-align: justify; padding-left: 90px;\"><span style=\"font-family: 'Century Gothic';\"><span style=\"font-size: medium;\"> <\/span><\/span><\/p>\n<p style=\"text-align: justify; padding-left: 90px;\"><span style=\"font-family: 'Century Gothic';\"><span style=\"font-size: medium;\"><a href=\"http:\/\/endrino.pntic.mec.es\/hotp0061\/l_alonso\/cronica.htm\" target=\"_blank\"><strong>Cr\u00f3nica de una muerte anunciada, de Gabriel Garc\u00eda M\u00e1rquez<\/strong><\/a><\/span><\/span><\/p>\n<p style=\"text-align: justify; padding-left: 90px;\"><span style=\"font-family: 'Century Gothic';\"><span style=\"font-size: medium;\"> <\/span><\/span><\/p>\n<p style=\"text-align: justify; padding-left: 90px;\"><span style=\"font-family: 'Century Gothic';\"><span style=\"font-size: medium;\"><a href=\"http:\/\/endrino.pntic.mec.es\/hotp0061\/l_alonso\/granja.htm\" target=\"_blank\"><strong>Rebeli\u00f3n en la granja, de George Orwell<\/strong><\/a><\/span><\/span><\/p>\n<p style=\"text-align: justify; padding-left: 90px;\"><span style=\"font-family: 'Century Gothic';\"><span style=\"font-size: medium;\"> <\/span><\/span><\/p>\n<p style=\"text-align: justify; padding-left: 90px;\"><span style=\"font-family: 'Century Gothic';\"><span style=\"font-size: medium;\"><a href=\"http:\/\/endrino.pntic.mec.es\/hotp0061\/l_alonso\/manolito.htm\" target=\"_blank\"><strong>Manolito Gafotas, de Elvira Lindo<\/strong><\/a><\/span><\/span><\/p>\n<p style=\"text-align: justify; padding-left: 90px;\"><span style=\"font-family: 'Century Gothic';\"><span style=\"font-size: medium;\"> <\/span><\/span><\/p>\n<p style=\"text-align: justify; padding-left: 90px;\"><span style=\"font-family: 'Century Gothic';\"><span style=\"font-size: medium;\"><a href=\"http:\/\/endrino.pntic.mec.es\/hotp0061\/l_alonso\/allende.htm\" target=\"_blank\"><strong>El reino del drag\u00f3n de oro, de Isabel Allende<\/strong><\/a><\/span><\/span><\/p>\n<p style=\"text-align: justify;\"><span style=\"font-family: 'Century Gothic';\"><span style=\"font-size: medium;\"> <\/span><\/span><\/p>\n<blockquote style=\"padding-left: 30px;\"><p><span style=\"font-family: 'Century Gothic';\"><span style=\"font-size: medium;\"><strong><a href=\"http:\/\/endrino.pntic.mec.es\/hotp0061\/l_alonso\/mecano.htm\" target=\"_blank\">Hijo de la Luna, canci\u00f3n de Mecano<\/a><\/strong><\/span><\/span><\/p><\/blockquote>\n<ul>\n<p style=\"text-align: justify;\"><span style=\"font-family: 'Century Gothic';\"><span style=\"font-size: medium;\"> <\/span><\/span><\/p>\n<\/ul>\n<p style=\"text-align: justify;\"><img loading=\"lazy\" src=\"http:\/\/www.fotosearch.com\/bthumb\/CSP\/CSP235\/k2351934.jpg\" alt=\"\" width=\"99\" height=\"90\" align=\"absmiddle\" \/><strong><span style=\"color: #008000;\"><span style=\"font-family: 'Century Gothic';\"><span style=\"font-size: large;\">Algunos textos nos permiten realizar ejercicios de comprensi\u00f3n lectora con crucigramas, como en \u00e9sta de Ces\u00e1reo V\u00e1zquez<\/span><\/span><\/span><\/strong><\/p>\n<p style=\"padding-left: 90px;\"><span style=\"font-family: 'Century Gothic';\"><span style=\"font-size: medium;\"><strong><a href=\"http:\/\/www.edu.xunta.es\/contidos\/premios\/p2003\/b\/archaron9\/LITERATURA\/HOT\/colmena_cruz.htm\" target=\"_blank\">La colmena, de Camilo Jos\u00e9 Cela<\/a><\/strong><\/span><\/span><\/p>\n<p style=\"text-align: justify; padding-left: 90px;\"><span style=\"font-family: 'Century Gothic';\"><span style=\"font-size: medium;\"> <\/span><\/span><\/p>\n<p style=\"text-align: justify; padding-left: 90px;\"><span style=\"font-family: 'Century Gothic';\"><span style=\"font-size: medium;\"><strong><a href=\"http:\/\/www.edu.xunta.es\/contidos\/premios\/p2003\/b\/archaron9\/LITERATURA\/HOT\/mateo_diez_cruz.htm\" target=\"_blank\">El vecino, de Luis Mateo D\u00edez<\/a><\/strong><\/span><\/span><\/p>\n<p style=\"text-align: justify; padding-left: 90px;\"><span style=\"font-family: 'Century Gothic';\"><span style=\"font-size: medium;\"> <\/span><\/span><\/p>\n<p style=\"text-align: justify; padding-left: 90px;\"><span style=\"font-family: 'Century Gothic';\"><span style=\"font-size: medium;\"><strong><a href=\"http:\/\/www.edu.xunta.es\/contidos\/premios\/p2003\/b\/archaron9\/LITERATURA\/HOT\/aleix_1.htm\" target=\"_blank\">Poema \u00abEn la plaza\u00bb, de Vicente Aleixandre<\/a><\/strong><\/span><\/span><\/p>\n<p style=\"text-align: justify; padding-left: 90px;\"><span style=\"font-family: 'Century Gothic';\"><span style=\"font-size: medium;\"> <\/span><\/span><\/p>\n<p style=\"text-align: justify; padding-left: 90px;\"><span style=\"font-family: 'Century Gothic';\"><span style=\"font-size: medium;\"><strong><a href=\"http:\/\/www.edu.xunta.es\/contidos\/premios\/p2003\/b\/archaron9\/LITERATURA\/HOT\/aleix_2.htm\" target=\"_blank\">Poema \u00abNo busques, no\u00bb, de Vicente Aleixandre<\/a><\/strong><\/span><\/span><\/p>\n<p style=\"text-align: justify; padding-left: 90px;\"><span style=\"font-family: 'Century Gothic';\"><span style=\"font-size: medium;\"> <\/span><\/span><\/p>\n<p style=\"text-align: justify; padding-left: 90px;\"><span style=\"font-family: 'Century Gothic';\"><span style=\"font-size: medium;\"><strong><a href=\"http:\/\/www.edu.xunta.es\/contidos\/premios\/p2003\/b\/archaron9\/LITERATURA\/HOT\/guillen_cruz.htm\" target=\"_blank\">Poemas \u00abAmor a una ma\u00f1ana\u00bb y \u00abMuerte de unos zapatos\u00bb, de Jorge Guill\u00e9n<\/a><\/strong><\/span><\/span><\/p>\n<p style=\"text-align: justify; padding-left: 90px;\"><span style=\"font-family: 'Century Gothic';\"><span style=\"font-size: medium;\"> <\/span><\/span><\/p>\n<p style=\"text-align: justify; padding-left: 90px;\"><span style=\"font-family: 'Century Gothic';\"><span style=\"font-size: medium;\"><strong><a href=\"http:\/\/www.edu.xunta.es\/contidos\/premios\/p2003\/b\/archaron9\/LITERATURA\/HOT\/valente_cruz.htm\" target=\"_blank\">Poemas \u00abIluminaci\u00f3n\u00bb y \u00abOda a la soledad\u00bb, de Jos\u00e9 \u00c1ngel Valente<\/a><\/strong><\/span><\/span><\/p>\n<p style=\"text-align: justify; padding-left: 90px;\"><span style=\"font-family: 'Century Gothic';\"><span style=\"font-size: medium;\"> <\/span><\/span><\/p>\n<p style=\"text-align: justify; padding-left: 90px;\"><span style=\"font-family: 'Century Gothic';\"><span style=\"font-size: medium;\"><strong><a href=\"http:\/\/www.edu.xunta.es\/contidos\/premios\/p2003\/b\/archaron9\/LITERATURA\/HOT\/garcia_montero_cruz.htm\" target=\"_blank\">Poema \u00abLos espejos\u00bb, de Luis Garc\u00eda Montero<\/a><\/strong><\/span><\/span><\/p>\n<p style=\"text-align: justify; padding-left: 90px;\"><span style=\"font-family: 'Century Gothic';\"><span style=\"font-size: medium;\"> <\/span><\/span><\/p>\n<p style=\"text-align: justify; padding-left: 90px;\"><span style=\"font-family: 'Century Gothic';\"><span style=\"font-size: medium;\"><strong><a href=\"http:\/\/www.edu.xunta.es\/contidos\/premios\/p2003\/b\/archaron9\/LITERATURA\/HOT\/blanca_cruz.htm\" target=\"_blank\">Poema \u00abYo te di huesos de palomas rojas\u00bb, de Blanca Andreu<\/a><\/strong><\/span><\/span><\/p>\n<p style=\"text-align: justify; padding-left: 90px;\"><span style=\"font-family: 'Century Gothic';\"><span style=\"font-size: medium;\"> <\/span><\/span><\/p>\n<p style=\"text-align: justify; padding-left: 90px;\"><span style=\"font-family: 'Century Gothic';\"><span style=\"font-size: medium;\"><strong><a href=\"http:\/\/www.edu.xunta.es\/contidos\/premios\/p2003\/b\/archaron9\/LITERATURA\/HOT\/blanca_cruz.htm\" target=\"_blank\">Poemas \u00abIlusiones\u00bb y \u00abHablemos un momento de los dioses\u00bb, de F. Ben\u00edtez Reyes<\/a><\/strong><\/span><\/span><\/p>\n<p style=\"text-align: justify; padding-left: 90px;\"><span style=\"font-family: 'Century Gothic';\"><span style=\"font-size: medium;\"> <\/span><\/span><\/p>\n<p style=\"text-align: justify; padding-left: 90px;\"><span style=\"font-family: 'Century Gothic';\"><span style=\"font-size: medium;\"> <\/span><\/span><\/p>\n<blockquote style=\"padding-left: 120px;\"><p><span style=\"font-family: 'Century Gothic';\"><span style=\"font-size: medium;\"><strong><a href=\"http:\/\/www.edu.xunta.es\/contidos\/premios\/p2003\/b\/archaron9\/LITERATURA\/HOT\/POEMA_10.htm\" target=\"_blank\">Poema \u00abHimno a la juventud\u00bb, de Gil de Biedma<\/a><\/strong><\/span><\/span><\/p><\/blockquote>\n<ul style=\"padding-left: 90px;\">\n<p style=\"text-align: justify;\"><span style=\"font-family: 'Century Gothic';\"><span style=\"font-size: medium;\"> <\/span><\/span><\/p>\n<\/ul>\n","protected":false},"excerpt":{"rendered":"<p>Ejercicios de comprensi\u00f3n lectora interactiva en la que podremos poner a prueba nuestra capacidad para comprender textos conocidos y cl\u00e1sicos de la literatura. Gracias a Auladeletras podemos practicar desde nuestro propio ordenador y corregir los ejercicios al instante. La leyenda de Carlomagno El reflejo Historia del joven celoso Texto de Pere Gimferrer Texto de Augusto<\/p>\n","protected":false},"author":1,"featured_media":0,"parent":16,"menu_order":3,"comment_status":"open","ping_status":"open","template":"onecolumn-page.php","meta":{"_monsterinsights_skip_tracking":false,"_monsterinsights_sitenote_active":false,"_monsterinsights_sitenote_note":"","_monsterinsights_sitenote_category":0},"aioseo_notices":[],"_links":{"self":[{"href":"http:\/\/www.apuntesdelengua.com\/blog\/wp-json\/wp\/v2\/pages\/1054"}],"collection":[{"href":"http:\/\/www.apuntesdelengua.com\/blog\/wp-json\/wp\/v2\/pages"}],"about":[{"href":"http:\/\/www.apuntesdelengua.com\/blog\/wp-json\/wp\/v2\/types\/page"}],"author":[{"embeddable":true,"href":"http:\/\/www.apuntesdelengua.com\/blog\/wp-json\/wp\/v2\/users\/1"}],"replies":[{"embeddable":true,"href":"http:\/\/www.apuntesdelengua.com\/blog\/wp-json\/wp\/v2\/comments?post=1054"}],"version-history":[{"count":11,"href":"http:\/\/www.apuntesdelengua.com\/blog\/wp-json\/wp\/v2\/pages\/1054\/revisions"}],"predecessor-version":[{"id":1060,"href":"http:\/\/www.apuntesdelengua.com\/blog\/wp-json\/wp\/v2\/pages\/1054\/revisions\/1060"}],"up":[{"embeddable":true,"href":"http:\/\/www.apuntesdelengua.com\/blog\/wp-json\/wp\/v2\/pages\/16"}],"wp:attachment":[{"href":"http:\/\/www.apuntesdelengua.com\/blog\/wp-json\/wp\/v2\/media?parent=1054"}],"curies":[{"name":"wp","href":"https:\/\/api.w.org\/{rel}","templated":true}]}}