{"id":1122,"date":"2009-09-29T20:58:04","date_gmt":"2009-09-29T19:58:04","guid":{"rendered":"http:\/\/www.apuntesdelengua.com\/?page_id=1122"},"modified":"2020-04-10T17:42:25","modified_gmt":"2020-04-10T16:42:25","slug":"tipos-de-textos","status":"publish","type":"page","link":"http:\/\/www.apuntesdelengua.com\/blog\/cursos\/2%c2%ba-eso\/tipos-de-textos\/","title":{"rendered":"Tipos de textos"},"content":{"rendered":"<p style=\"font-family: Garamond, Times, serif; line-height: normal; color: #330000;\">\n<p style=\"font-family: Garamond,Times,serif; line-height: normal; color: #330000; text-align: center;\"><strong><span style=\"color: #000000; font-size: medium;\"><a href=\"http:\/\/www.apuntesdelengua.com\/archivos\/2ESO\/tipologiatextual\/tipologiatextual.jpg\"><img loading=\"lazy\" class=\"aligncenter\" src=\"http:\/\/www.apuntesdelengua.com\/archivos\/2ESO\/tipologiatextual\/tipologiatextual.jpg\" alt=\"\" width=\"640\" height=\"317\" \/><\/a><\/span><\/strong><\/p>\n<p style=\"font-family: Garamond,Times,serif; line-height: normal; color: #330000; text-align: center;\">\n<p style=\"font-family: Garamond, Times, serif; line-height: normal; color: #330000;\">\n<p style=\"text-align: justify;\"><span style=\"font-family: 'Century Gothic';\"><span style=\"font-size: medium;\">Ejercicio autocorrectivo para identificar los distintos tipos de textos (hot potatoes). Pincha <a href=\"http:\/\/s276893698.mialojamiento.es\/archivos\/compension_lectora\/textosvarios.htm\" target=\"_blank\" rel=\"noopener\"><strong>aqu\u00ed<\/strong><\/a>.<\/span><\/span><\/p>\n<p style=\"text-align: justify;\"><span style=\"font-family: 'Century Gothic';\"><span style=\"font-size: medium;\">Practica los CONECTORES TEXTUALES (Verbactiva). Pincha <a href=\"http:\/\/verbactiva.googlepages.com\/conectores1.htm\" target=\"_blank\" rel=\"noopener\"><span style=\"color: #0000ff;\"><strong>aqu\u00ed<\/strong><\/span><\/a>.<\/span><\/span><\/p>\n<p style=\"text-align: justify;\"><span style=\"font-family: 'Century Gothic';\"><span style=\"font-size: medium;\">Funciones de los Conectores textuales (Santillana). Pincha <a href=\"http:\/\/www.santillanaenred.com\/PLS\/planesdeleccion\/lengua4eso\/marcadores_conectores\/actividades\/fl_marcadores_conectores01\/es_carcasa.html\" target=\"_blank\" rel=\"noopener\"><strong><span style=\"color: #0000ff;\">aqu\u00ed<\/span><\/strong><\/a>.<\/span><\/span><\/p>\n<p style=\"text-align: justify;\"><span style=\"font-family: 'Century Gothic';\"><span style=\"font-size: medium;\">Sopa de letras para encontrar los diferentes Conectores textuales (Santillana). Pincha <a href=\"http:\/\/www.santillanaenred.com\/PLS\/planesdeleccion\/lengua4eso\/marcadores_conectores\/actividades\/sp_marcadores_conectores02\/es_carcasa.html\" target=\"_blank\" rel=\"noopener\"><span style=\"color: #0000ff;\"><strong>aqu\u00ed<\/strong><\/span><\/a>.<\/span><\/span><\/p>\n<p style=\"text-align: justify;\"><span style=\"font-family: 'Century Gothic';\"><span style=\"font-size: medium;\">Identificar la categor\u00eda a la que pertenecen los conectores textuales (Santillana). Pincha <a href=\"http:\/\/www.santillanaenred.com\/PLS\/planesdeleccion\/lengua4eso\/marcadores_conectores\/actividades\/de_marcadores_conectores03\/es_carcasa.html\" target=\"_blank\" rel=\"noopener\"><strong><span style=\"color: #0000ff;\">aqu\u00ed<\/span><\/strong><\/a>.<\/span><\/span><\/p>\n<p style=\"text-align: justify;\"><span style=\"font-family: 'Century Gothic';\"><span style=\"font-size: medium;\">Clasificaci\u00f3n de los conectores textuales seg\u00fan su significado (Santillana). Pincha <a href=\"http:\/\/www.santillanaenred.com\/PLS\/planesdeleccion\/lengua4eso\/marcadores_conectores\/actividades\/de_marcadores_conectores04\/es_carcasa.html\" target=\"_blank\" rel=\"noopener\"><strong><span style=\"color: #0000ff;\">aqu\u00ed<\/span><\/strong><\/a>.<\/span><\/span><\/p>\n<p style=\"text-align: justify;\"><span style=\"font-family: 'Century Gothic';\"><span style=\"font-size: medium;\"><a href=\"http:\/\/mimosa.pntic.mec.es\/~ajuan3\/lengua\/l_conect.htm\" target=\"_blank\" rel=\"noopener\">Lista y clasificaci\u00f3n de los conectores textuales.<\/a> (Educamadrid)<\/span><\/span><\/p>\n<p style=\"text-align: justify;\"><span style=\"font-family: 'Century Gothic';\"><span style=\"font-size: medium;\">Muestra de ejercicios en Hot Potatoes creados por Carmen Llamas y Concepci\u00f3n Mart\u00ednez (Universidad de Navarra)<\/span><\/span><\/p>\n<p style=\"text-align: justify;\"><a href=\"http:\/\/www.unav.es\/linguis\/eleinves\/CYCasele2001\/JMix\/Encima.htm\"><span style=\"font-family: 'Century Gothic';\"><span style=\"font-size: medium;\"><span style=\"font-family: 'Century Gothic';\"><span style=\"font-size: medium;\"><span style=\"font-family: 'Century Gothic';\"><span style=\"font-size: medium;\"><span style=\"font-family: 'Century Gothic';\"><span style=\"font-size: medium;\"><span style=\"font-family: 'Century Gothic';\"><span style=\"font-size: medium;\"><span style=\"font-family: 'Century Gothic';\"><span style=\"font-size: medium;\"> <img loading=\"lazy\" style=\"border: 0px initial initial;\" title=\"icono hotpotatoes\" src=\"http:\/\/www.apuntesdelengua.com\/blog\/wp-content\/uploads\/2008\/10\/icono-hotpotatoes.jpg\" alt=\"icono hotpotatoes\" width=\"20\" height=\"21\" \/><span style=\"font-family: 'Century Gothic';\"><span style=\"font-size: medium;\">Ordena la frase: <\/span><\/span><\/span><\/span><\/span><\/span><\/span><\/span><\/span><\/span><\/span><\/span><\/span><\/span>Encima<\/a> <a href=\"http:\/\/www.unav.es\/linguis\/eleinves\/CYCasele2001\/JMix\/Poco.htm\">Por si fuera poco<\/a> <a href=\"http:\/\/www.unav.es\/linguis\/eleinves\/CYCasele2001\/JMix\/M%C3%A1s.htm\">Es m\u00e1s<\/a> <a href=\"http:\/\/www.unav.es\/linguis\/eleinves\/CYCasele2001\/JMix\/Incluso.htm\">Incluso<\/a><span style=\"font-family: 'Century Gothic';\"><span style=\"font-size: medium;\"> <a href=\"http:\/\/www.unav.es\/linguis\/eleinves\/CYCasele2001\/JMix\/Adem%C3%A1s.htm\"><strong>Adem\u00e1s<\/strong><\/a> <\/span><\/span><\/p>\n<p style=\"text-align: justify;\"><span style=\"font-family: 'Century Gothic';\"><span style=\"font-size: medium;\"><span style=\"font-family: 'Century Gothic';\"><span style=\"font-size: medium;\"><span style=\"font-family: 'Century Gothic';\"><span style=\"font-size: medium;\"><span style=\"font-family: 'Century Gothic';\"><span style=\"font-size: medium;\"><span style=\"font-family: 'Century Gothic';\"><span style=\"font-size: medium;\"><span style=\"font-family: 'Century Gothic';\"><span style=\"font-size: medium;\"><span style=\"font-family: 'Century Gothic';\"><span style=\"font-size: medium;\"><span style=\"font-family: 'Century Gothic';\"><span style=\"font-size: medium;\"><span style=\"font-family: 'Century Gothic';\"><span style=\"font-size: medium;\"><span style=\"font-family: 'Century Gothic';\"><span style=\"font-size: medium;\"><span style=\"font-family: 'Century Gothic';\"><span style=\"font-size: medium;\"><span style=\"font-family: 'Century Gothic';\"><span style=\"font-size: medium;\"><strong><a href=\"http:\/\/www.apuntesdelengua.com\/blog\/wp-content\/uploads\/2008\/10\/icono-hotpotatoes.jpg\"><img loading=\"lazy\" style=\"border: 0px initial initial;\" title=\"icono hotpotatoes\" src=\"http:\/\/www.apuntesdelengua.com\/blog\/wp-content\/uploads\/2008\/10\/icono-hotpotatoes.jpg\" alt=\"icono hotpotatoes\" width=\"20\" height=\"21\" \/><\/a><\/strong><\/span><\/span><\/span><\/span><\/span><\/span><\/span><\/span><\/span><\/span><\/span><\/span><\/span><\/span><\/span><\/span><\/span><\/span><\/span><\/span><\/span><\/span><\/span><\/span><span style=\"font-family: 'Century Gothic';\"><span style=\"font-size: medium;\">Elige la respuesta adecuada:<strong> <a href=\"http:\/\/www.unav.es\/linguis\/eleinves\/CYCasele2001\/JBC\/Adem%C3%A1s-Asimismo.htm\">Adem\u00e1s \/ Asimismo<\/a> <a href=\"http:\/\/www.unav.es\/linguis\/eleinves\/CYCasele2001\/JBC\/Adem%C3%A1s-Incluso.htm\">Adem\u00e1s \/ Incluso<\/a> <a href=\"http:\/\/www.unav.es\/linguis\/eleinves\/CYCasele2001\/JBC\/M%C3%A1s-Adem%C3%A1s.htm\">Adem\u00e1s \/ Es m\u00e1s<\/a> <a href=\"http:\/\/www.unav.es\/linguis\/eleinves\/CYCasele2001\/JBC\/Asimismo-Parte.htm\">Asimismo \/ Por otra parte<\/a><\/strong><\/span><\/span><\/p>\n<p><a href=\"http:\/\/www.apuntesdelengua.com\/blog\/wp-content\/uploads\/2008\/10\/icono-hotpotatoes.jpg\"><img loading=\"lazy\" style=\"border: 0px initial initial;\" title=\"icono hotpotatoes\" src=\"http:\/\/www.apuntesdelengua.com\/blog\/wp-content\/uploads\/2008\/10\/icono-hotpotatoes.jpg\" alt=\"icono hotpotatoes\" width=\"20\" height=\"21\" \/><\/a><span style=\"font-family: 'Century Gothic';\"><span style=\"font-size: medium;\"><a href=\"http:\/\/www.unav.es\/linguis\/eleinves\/CYCasele2001\/JBC\/Aditivos-argumentativos.htm\">Conectores aditivos argumentativos<\/a> <\/span><\/span><\/p>\n<p style=\"text-align: justify;\"><span style=\"font-family: 'Century Gothic';\"><span style=\"font-size: medium;\"><span style=\"font-family: 'Century Gothic';\"><span style=\"font-size: medium;\"><span style=\"font-family: 'Century Gothic';\"><span style=\"font-size: medium;\"><span style=\"font-family: 'Century Gothic';\"><span style=\"font-size: medium;\"><span style=\"font-family: 'Century Gothic';\"><span style=\"font-size: medium;\"><span style=\"font-family: 'Century Gothic';\"><span style=\"font-size: medium;\"><span style=\"font-family: 'Century Gothic';\"><span style=\"font-size: medium;\"><span style=\"font-family: 'Century Gothic';\"><span style=\"font-size: medium;\"><span style=\"font-family: 'Century Gothic';\"><span style=\"font-size: medium;\"><span style=\"font-family: 'Century Gothic';\"><span style=\"font-size: medium;\"><span style=\"font-family: 'Century Gothic';\"><span style=\"font-size: medium;\"><span style=\"font-family: 'Century Gothic';\"><span style=\"font-size: medium;\"><strong><a href=\"http:\/\/www.apuntesdelengua.com\/blog\/wp-content\/uploads\/2008\/10\/icono-hotpotatoes.jpg\"><img loading=\"lazy\" style=\"border: 0px initial initial;\" title=\"icono hotpotatoes\" src=\"http:\/\/www.apuntesdelengua.com\/blog\/wp-content\/uploads\/2008\/10\/icono-hotpotatoes.jpg\" alt=\"icono hotpotatoes\" width=\"20\" height=\"21\" \/><\/a><\/strong><\/span><\/span><\/span><\/span><\/span><\/span><\/span><\/span><\/span><\/span><\/span><\/span><\/span><\/span><\/span><\/span><\/span><\/span><\/span><\/span><\/span><\/span><\/span><\/span><span style=\"font-family: 'Century Gothic';\"><span style=\"font-size: medium;\">Forma parejas:<strong> <a href=\"http:\/\/www.unav.es\/linguis\/eleinves\/CYCasele2001\/JMatch\/Curr%C3%ADculumII.htm\">Conectores aditivos<\/a> <\/strong><\/span><\/span><\/p>\n<p style=\"text-align: justify;\"><span style=\"font-family: 'Century Gothic';\"><span style=\"font-size: medium;\"><span style=\"font-family: 'Century Gothic';\"><span style=\"font-size: medium;\"><span style=\"font-family: 'Century Gothic';\"><span style=\"font-size: medium;\"><span style=\"font-family: 'Century Gothic';\"><span style=\"font-size: medium;\"><span style=\"font-family: 'Century Gothic';\"><span style=\"font-size: medium;\"><span style=\"font-family: 'Century Gothic';\"><span style=\"font-size: medium;\"><span style=\"font-family: 'Century Gothic';\"><span style=\"font-size: medium;\"><span style=\"font-family: 'Century Gothic';\"><span style=\"font-size: medium;\"><span style=\"font-family: 'Century Gothic';\"><span style=\"font-size: medium;\"><span style=\"font-family: 'Century Gothic';\"><span style=\"font-size: medium;\"><span style=\"font-family: 'Century Gothic';\"><span style=\"font-size: medium;\"><span style=\"font-family: 'Century Gothic';\"><span style=\"font-size: medium;\"><strong><a href=\"http:\/\/www.apuntesdelengua.com\/blog\/wp-content\/uploads\/2008\/10\/icono-hotpotatoes.jpg\"><img loading=\"lazy\" style=\"border: 0px initial initial;\" title=\"icono hotpotatoes\" src=\"http:\/\/www.apuntesdelengua.com\/blog\/wp-content\/uploads\/2008\/10\/icono-hotpotatoes.jpg\" alt=\"icono hotpotatoes\" width=\"20\" height=\"21\" \/><\/a><\/strong><\/span><\/span><\/span><\/span><\/span><\/span><\/span><\/span><\/span><\/span><\/span><\/span><\/span><\/span><\/span><\/span><\/span><\/span><\/span><\/span><\/span><\/span><\/span><\/span><span style=\"font-family: 'Century Gothic';\"><span style=\"font-size: medium;\">Completa los huecos:\u00a0<strong> <a href=\"http:\/\/www.unav.es\/linguis\/eleinves\/CYCasele2001\/JCloze\/Adem%C3%A1s-Poco-Encima.htm\">Adem\u00e1s \/\/ Por si fuera poco \/ Encima<\/a> <a href=\"http:\/\/www.unav.es\/linguis\/eleinves\/CYCasele2001\/JCloze\/Curr%C3%ADculum.htm\">Conectores aditivos sumativos y argumentativos<\/a> <\/strong><\/span><\/span><\/p>\n<p style=\"text-align: justify;\"><span style=\"font-family: 'Century Gothic';\"><span style=\"font-size: medium;\"><span style=\"font-family: 'Century Gothic';\"><span style=\"font-size: medium;\"><span style=\"font-family: 'Century Gothic';\"><span style=\"font-size: medium;\"><span style=\"font-family: 'Century Gothic';\"><span style=\"font-size: medium;\"><span style=\"font-family: 'Century Gothic';\"><span style=\"font-size: medium;\"><span style=\"font-family: 'Century Gothic';\"><span style=\"font-size: medium;\"><span style=\"font-family: 'Century Gothic';\"><span style=\"font-size: medium;\"><span style=\"font-family: 'Century Gothic';\"><span style=\"font-size: medium;\"><span style=\"font-family: 'Century Gothic';\"><span style=\"font-size: medium;\"><span style=\"font-family: 'Century Gothic';\"><span style=\"font-size: medium;\"><span style=\"font-family: 'Century Gothic';\"><span style=\"font-size: medium;\"><span style=\"font-family: 'Century Gothic';\"><span style=\"font-size: medium;\"><strong><a href=\"http:\/\/www.apuntesdelengua.com\/blog\/wp-content\/uploads\/2008\/10\/icono-hotpotatoes.jpg\"><img loading=\"lazy\" style=\"border: 0px initial initial;\" title=\"icono hotpotatoes\" src=\"http:\/\/www.apuntesdelengua.com\/blog\/wp-content\/uploads\/2008\/10\/icono-hotpotatoes.jpg\" alt=\"icono hotpotatoes\" width=\"20\" height=\"21\" \/><\/a><\/strong><\/span><\/span><\/span><\/span><\/span><\/span><\/span><\/span><\/span><\/span><\/span><\/span><\/span><\/span><\/span><\/span><\/span><\/span><\/span><\/span><\/span><\/span><\/span><\/span><span style=\"font-family: 'Century Gothic';\"><span style=\"font-size: medium;\">Crucigrama<strong>:\u00a0\u00a0<a href=\"http:\/\/www.unav.es\/linguis\/eleinves\/CYCasele2001\/JCross\/Crucigrama.htm\">Conectores aditivos sumativos y argumentativos II<\/a> <\/strong><\/span><\/span><\/p>\n<p style=\"text-align: justify;\"><span style=\"font-family: 'Century Gothic';\"><span style=\"font-size: medium;\"><a href=\"http:\/\/www.escrita.es\/assets\/plugindata\/poola\/tema3.losconectorestextuales.esquemayejemplos.pdf\" target=\"_blank\" rel=\"noopener\"><strong><img loading=\"lazy\" src=\"http:\/\/aulambra.lineadecodigo.com\/wp-content\/uploads\/2009\/04\/pdf.png\" alt=\"\" width=\"35\" height=\"35\" align=\"absmiddle\" \/><\/strong><\/a><span style=\"color: #0000ff;\"><a href=\"http:\/\/www.apuntesdelengua.com\/archivos\/1ESO\/conectorestextuales\/ejercicios01.pdf\" target=\"_blank\" rel=\"noopener\"><strong>Apuntes imprimibles de teor\u00eda y ejercicios sobre los conectores y marcadores textuales. <\/strong><\/a><\/span><\/span><\/span><\/p>\n<p style=\"text-align: justify;\"><span style=\"font-family: 'Century Gothic';\"><span style=\"font-size: medium;\"><a target=\"_blank\"><strong><img loading=\"lazy\" src=\"http:\/\/aulambra.lineadecodigo.com\/wp-content\/uploads\/2009\/04\/pdf.png\" alt=\"\" width=\"35\" height=\"35\" align=\"absmiddle\" \/><\/strong><\/a><\/span><\/span><a href=\"http:\/\/www.apuntesdelengua.com\/archivos\/2eso\/tipologiatextual\/coherenciaycohesion-ejercicios.pdf\"><span style=\"font-family: 'Century Gothic';\"><span style=\"font-size: medium;\"><span style=\"color: #0000ff;\"><strong>Ejercicios imprimibles para trabajar la coherencia y cohesi\u00f3n en los textos.<\/strong><\/span><\/span><\/span><br \/>\n<\/a><\/p>\n","protected":false},"excerpt":{"rendered":"<p>Ejercicio autocorrectivo para identificar los distintos tipos de textos (hot potatoes). Pincha aqu\u00ed. Practica los CONECTORES TEXTUALES (Verbactiva). Pincha aqu\u00ed. Funciones de los Conectores textuales (Santillana). Pincha aqu\u00ed. Sopa de letras para encontrar los diferentes Conectores textuales (Santillana). Pincha aqu\u00ed. Identificar la categor\u00eda a la que pertenecen los conectores textuales (Santillana). Pincha aqu\u00ed. Clasificaci\u00f3n de<\/p>\n","protected":false},"author":1,"featured_media":0,"parent":102,"menu_order":2,"comment_status":"open","ping_status":"open","template":"page-template-full.php","meta":{"_monsterinsights_skip_tracking":false,"_monsterinsights_sitenote_active":false,"_monsterinsights_sitenote_note":"","_monsterinsights_sitenote_category":0},"aioseo_notices":[],"_links":{"self":[{"href":"http:\/\/www.apuntesdelengua.com\/blog\/wp-json\/wp\/v2\/pages\/1122"}],"collection":[{"href":"http:\/\/www.apuntesdelengua.com\/blog\/wp-json\/wp\/v2\/pages"}],"about":[{"href":"http:\/\/www.apuntesdelengua.com\/blog\/wp-json\/wp\/v2\/types\/page"}],"author":[{"embeddable":true,"href":"http:\/\/www.apuntesdelengua.com\/blog\/wp-json\/wp\/v2\/users\/1"}],"replies":[{"embeddable":true,"href":"http:\/\/www.apuntesdelengua.com\/blog\/wp-json\/wp\/v2\/comments?post=1122"}],"version-history":[{"count":28,"href":"http:\/\/www.apuntesdelengua.com\/blog\/wp-json\/wp\/v2\/pages\/1122\/revisions"}],"predecessor-version":[{"id":6696,"href":"http:\/\/www.apuntesdelengua.com\/blog\/wp-json\/wp\/v2\/pages\/1122\/revisions\/6696"}],"up":[{"embeddable":true,"href":"http:\/\/www.apuntesdelengua.com\/blog\/wp-json\/wp\/v2\/pages\/102"}],"wp:attachment":[{"href":"http:\/\/www.apuntesdelengua.com\/blog\/wp-json\/wp\/v2\/media?parent=1122"}],"curies":[{"name":"wp","href":"https:\/\/api.w.org\/{rel}","templated":true}]}}