{"id":1276,"date":"2009-10-31T18:53:44","date_gmt":"2009-10-31T17:53:44","guid":{"rendered":"http:\/\/www.apuntesdelengua.com\/blog\/?page_id=1276"},"modified":"2010-01-31T12:48:32","modified_gmt":"2010-01-31T11:48:32","slug":"sintaxis-de-la-oracion-simple","status":"publish","type":"page","link":"http:\/\/www.apuntesdelengua.com\/blog\/cursos\/3%c2%ba-eso\/sintaxis-de-la-oracion-simple\/","title":{"rendered":"Sintaxis: la oraci\u00f3n simple"},"content":{"rendered":"<p style=\"text-align: center;\">\n<div style=\"width: 836px\" class=\"wp-caption aligncenter\"><a href=\"http:\/\/www.apuntesdelengua.com\/archivos\/sintaxis\/oracion.html\"><img loading=\"lazy\" class=\" \" src=\"http:\/\/www.apuntesdelengua.com\/archivos\/sintaxis\/oracion.jpg\" alt=\"\" width=\"826\" height=\"490\" \/><\/a><p class=\"wp-caption-text\">Esquema de la oraci\u00f3n simple<\/p><\/div>\n<p style=\"text-align: justify;\"><span style=\"font-family: 'Century Gothic';\"><span style=\"font-size: medium;\">En esta secci\u00f3n podr\u00e9is encontrar los esquemas, presentaciones y ejercicios complementarios a nuestras clases en lo que se refiere al tema de la sintaxis.<\/span><\/span><\/p>\n<p style=\"text-align: justify;\"><span style=\"font-family: 'Century Gothic';\"><span style=\"font-size: medium;\"> <\/span><\/span><\/p>\n<p style=\"text-align: justify;\"><span style=\"font-family: 'Century Gothic';\"><span style=\"font-size: x-large;\"><br \/>\n<img loading=\"lazy\" src=\"http:\/\/www.fotosearch.com\/bthumb\/UNC\/UNC226\/u12698109.jpg\" alt=\"\" width=\"45\" height=\"45\" align=\"absmiddle\" \/> <span style=\"color: #008000;\"><strong>EJERCICIOS INTERACTIVOS<\/strong><\/span><\/span><span style=\"font-size: medium;\"> <\/span><\/span><\/p>\n<p style=\"padding-left: 60px;\"><a href=\"http:\/\/www.apuntesdelengua.com\/archivos\/sintaxis\/oracion.html\" target=\"_blank\"><img loading=\"lazy\" src=\"http:\/\/www.fotosearch.com\/bthumb\/UNC\/UNC226\/u12698109.jpg\" alt=\"\" width=\"30\" height=\"30\" align=\"absmiddle\" \/> <span style=\"color: #008000;\"><strong><span style=\"text-decoration: none;\">Sencillo esquema de la oraci\u00f3n simple<\/span><\/strong><\/span><\/a><\/p>\n<p style=\"text-align: justify; padding-left: 60px;\"><a href=\"..\/..\/archivos\/sintaxis\/oracion.html\" target=\"_blank\"><img loading=\"lazy\" src=\"http:\/\/www.fotosearch.com\/bthumb\/UNC\/UNC226\/u12698109.jpg\" alt=\"\" width=\"30\" height=\"30\" align=\"absmiddle\" \/><\/a> <span style=\"font-family: 'Century Gothic';\"><span style=\"font-size: medium;\">Si quieres pr\u00e1cticar tus conocimientos a trav\u00e9s de ejercicios Hot potatoes tendr\u00e1s que entrar en el siguiente<a href=\"http:\/\/www.apuntesdelengua.com\/archivos\/sintaxis\/oracion.html\" target=\"_blank\"><strong> <\/strong><\/a><a href=\"http:\/\/www.iesitalica.es\/Ejemplos_TIC_Lengua\/Italica\/formatos_variados\/Oracion_sintagma\/Oraciones_y_sintagmas.htm\"><strong><strong><span style=\"color: #008000;\">enlace<\/span><\/strong><\/strong><\/a><strong><strong>. <\/strong><\/strong>(IES It\u00e1lica)<strong><a href=\"http:\/\/www.iesitalica.es\/Ejemplos_TIC_Lengua\/Italica\/formatos_variados\/Oracion_sintagma\/Oraciones_y_sintagmas.htm\"><strong><br \/>\n<\/strong><\/a><\/strong><\/span><\/span><\/p>\n<p style=\"text-align: justify; padding-left: 60px;\"><a href=\"..\/..\/archivos\/sintaxis\/oracion.html\" target=\"_blank\"><img loading=\"lazy\" src=\"http:\/\/www.fotosearch.com\/bthumb\/UNC\/UNC226\/u12698109.jpg\" alt=\"\" width=\"30\" height=\"30\" align=\"absmiddle\" \/><\/a> <span style=\"font-family: 'Century Gothic';\"><span style=\"font-size: medium;\">Practica los TiPOS DE SINTAGMAS, SUJETO, PREDICADO y COMPLEMENTOS DE LA ORACI\u00d3N.<strong> <span style=\"color: #008000;\"><a href=\"http:\/\/perso.wanadoo.es\/louralba\/lourjavejercc.htm\">Haz clic aqu\u00ed<\/a><\/span> <\/strong>(Lourdes Albarr\u00e1n)<strong><a href=\"http:\/\/perso.wanadoo.es\/louralba\/lourjavejercc.htm\"><br \/>\n<\/a><\/strong><\/span><\/span><\/p>\n<p style=\"text-align: justify; padding-left: 60px;\"><strong><a href=\"..\/..\/archivos\/sintaxis\/oracion.html\" target=\"_blank\"><img loading=\"lazy\" src=\"http:\/\/www.fotosearch.com\/bthumb\/UNC\/UNC226\/u12698109.jpg\" alt=\"\" width=\"30\" height=\"30\" align=\"absmiddle\" \/><\/a> <\/strong><span style=\"font-family: 'Century Gothic';\"><span style=\"font-size: medium;\">Puedes practicar el an\u00e1lisis sintactico online si pinchas<\/span><\/span><strong><span style=\"font-family: 'Century Gothic';\"><span style=\"font-size: medium;\"> <a href=\"http:\/\/recursos.cnice.mec.es\/lengua\/profesores\/bac1\/herramientas\/as\/as.htm\"><span style=\"color: #008000;\"><strong>aqu\u00ed<\/strong><\/span><\/a>. <\/span><\/span><\/strong><span style=\"font-family: 'Century Gothic';\"><span style=\"font-size: medium;\">(Proyecto Ciceros)<\/span><\/span><strong><span style=\"font-family: 'Century Gothic';\"><span style=\"font-size: medium;\"> <\/span><\/span><\/strong><span style=\"font-family: 'Century Gothic';\"><span style=\"font-size: medium;\"><br \/>\n<\/span><\/span><a href=\"..\/..\/archivos\/sintaxis\/oracion.html\" target=\"_blank\"><img loading=\"lazy\" src=\"http:\/\/www.fotosearch.com\/bthumb\/UNC\/UNC226\/u12698109.jpg\" alt=\"\" width=\"30\" height=\"30\" align=\"absmiddle\" \/><\/a> <span style=\"font-family: 'Century Gothic';\"><span style=\"font-size: medium;\"><strong><a href=\"http:\/\/www.auladeletras.net\/material\/test\/sintaxis.htm\"><span style=\"color: #008000;\"><strong>Repaso te\u00f3rico de sintaxis<\/strong><\/span><\/a><\/strong> (Aula de letras)<\/span><\/span><\/p>\n<p style=\"text-align: justify;\"><span style=\"font-family: 'Century Gothic';\"><span style=\"font-size: x-large;\"> <\/span><\/span><\/p>\n<p style=\"text-align: justify;\"><span style=\"font-family: 'Century Gothic';\"><span style=\"font-size: x-large;\"> <strong><img loading=\"lazy\" src=\"http:\/\/aulambra.lineadecodigo.com\/wp-content\/uploads\/2009\/04\/pdf.png\" alt=\"\" width=\"45\" height=\"45\" align=\"absmiddle\" \/> <\/strong><strong><span style=\"color: #008000;\">EJERCICIOS IMPRIMIBLES<\/span><br \/>\n<\/strong><\/span><\/span><\/p>\n<p style=\"text-align: justify; padding-left: 60px;\"><strong><img loading=\"lazy\" src=\"http:\/\/aulambra.lineadecodigo.com\/wp-content\/uploads\/2009\/04\/pdf.png\" alt=\"\" width=\"35\" height=\"35\" align=\"absmiddle\" \/> <\/strong><span style=\"font-family: 'Century Gothic';\"><span style=\"font-size: medium;\">Practica la oraci\u00f3n simple <\/span><\/span><strong><span style=\"font-family: 'Century Gothic';\"><span style=\"font-size: medium;\"><a href=\"http:\/\/www.apuntesdelengua.com\/blog\/wp-content\/uploads\/2009\/10\/3-REFUERZO-SINT\u00c1XIS.pdf\"><span style=\"color: #008000;\"><strong>3\u00ba REFUERZO SINT\u00c1XIS<\/strong><\/span><\/a><\/span><\/span><\/strong><\/p>\n","protected":false},"excerpt":{"rendered":"<p>En esta secci\u00f3n podr\u00e9is encontrar los esquemas, presentaciones y ejercicios complementarios a nuestras clases en lo que se refiere al tema de la sintaxis. EJERCICIOS INTERACTIVOS Sencillo esquema de la oraci\u00f3n simple Si quieres pr\u00e1cticar tus conocimientos a trav\u00e9s de ejercicios Hot potatoes tendr\u00e1s que entrar en el siguiente enlace. (IES It\u00e1lica) Practica los TiPOS<\/p>\n","protected":false},"author":3,"featured_media":0,"parent":358,"menu_order":2,"comment_status":"open","ping_status":"open","template":"page-1col.php","meta":{"_monsterinsights_skip_tracking":false,"_monsterinsights_sitenote_active":false,"_monsterinsights_sitenote_note":"","_monsterinsights_sitenote_category":0},"aioseo_notices":[],"_links":{"self":[{"href":"http:\/\/www.apuntesdelengua.com\/blog\/wp-json\/wp\/v2\/pages\/1276"}],"collection":[{"href":"http:\/\/www.apuntesdelengua.com\/blog\/wp-json\/wp\/v2\/pages"}],"about":[{"href":"http:\/\/www.apuntesdelengua.com\/blog\/wp-json\/wp\/v2\/types\/page"}],"author":[{"embeddable":true,"href":"http:\/\/www.apuntesdelengua.com\/blog\/wp-json\/wp\/v2\/users\/3"}],"replies":[{"embeddable":true,"href":"http:\/\/www.apuntesdelengua.com\/blog\/wp-json\/wp\/v2\/comments?post=1276"}],"version-history":[{"count":10,"href":"http:\/\/www.apuntesdelengua.com\/blog\/wp-json\/wp\/v2\/pages\/1276\/revisions"}],"predecessor-version":[{"id":1730,"href":"http:\/\/www.apuntesdelengua.com\/blog\/wp-json\/wp\/v2\/pages\/1276\/revisions\/1730"}],"up":[{"embeddable":true,"href":"http:\/\/www.apuntesdelengua.com\/blog\/wp-json\/wp\/v2\/pages\/358"}],"wp:attachment":[{"href":"http:\/\/www.apuntesdelengua.com\/blog\/wp-json\/wp\/v2\/media?parent=1276"}],"curies":[{"name":"wp","href":"https:\/\/api.w.org\/{rel}","templated":true}]}}