{"id":1398,"date":"2009-11-30T00:04:18","date_gmt":"2009-11-29T23:04:18","guid":{"rendered":"http:\/\/www.apuntesdelengua.com\/blog\/?page_id=1398"},"modified":"2014-02-16T23:48:43","modified_gmt":"2014-02-16T22:48:43","slug":"morfologia-sustantivos","status":"publish","type":"page","link":"http:\/\/www.apuntesdelengua.com\/blog\/morfologia\/morfologia-sustantivos\/","title":{"rendered":"El sustantivo"},"content":{"rendered":"<p style=\"text-align: center;\"><a href=\"http:\/\/www.apuntesdelengua.com\/archivos\/morfologia\/udsustantivos\/SUSTANTIVOS.html\"><img loading=\"lazy\" class=\"aligncenter\" alt=\"\" src=\"http:\/\/www.apuntesdelengua.com\/archivos\/morfologia\/udsustantivos\/SUSTANTIVOS.jpg\" width=\"603\" height=\"289\" \/><\/a><\/p>\n<div align=\"center\">\n<div id=\"__ss_9753077\" style=\"width: 425px;\"><iframe loading=\"lazy\" src=\"http:\/\/www.slideshare.net\/slideshow\/embed_code\/9753077\" height=\"355\" width=\"425\" frameborder=\"0\" marginwidth=\"0\" marginheight=\"0\" scrolling=\"no\"><\/iframe><\/div>\n<\/div>\n<ul>\n<li>\n<p style=\"text-align: justify;\"><span style=\"font-family: 'Century Gothic';\"><span style=\"font-size: medium;\"><img loading=\"lazy\" class=\"alignnone\" alt=\"\" src=\"http:\/\/www.gif-animados.net\/gifs2\/chmano4.gif\" width=\"50\" height=\"28\" align=\"absmiddle\" \/><span style=\"font-weight: normal;\">Puedes acceder a apuntes de teor\u00eda pinchando<\/span> <a href=\"http:\/\/docs.google.com\/View?id=dwqpv4f_129gv7c83gg\" target=\"_blank\"><span style=\"color: #0000ff;\">aqu\u00ed<\/span><\/a>.<\/span><\/span><\/p>\n<\/li>\n<li>\n<p style=\"text-align: justify;\"><span style=\"font-family: 'Century Gothic';\"><span style=\"font-size: medium;\"><img loading=\"lazy\" style=\"border: 0px initial initial;\" alt=\"\" src=\"http:\/\/www.gif-animados.net\/gifs2\/chmano4.gif\" width=\"50\" height=\"28\" align=\"absmiddle\" \/>Cuadros de teor\u00eda\u00a0imprimibles (recursos maestros espa\u00f1ol)\u00a0<a href=\"http:\/\/1.bp.blogspot.com\/_Qmzbjnky0Q4\/SbwRjSYRMLI\/AAAAAAAACxk\/7M9eaXMJdEI\/s400\/Sustantivos.jpg\"><img loading=\"lazy\" class=\"alignnone size-full wp-image-1281\" title=\"icono pdf\" alt=\"icono pdf\" src=\"http:\/\/www.apuntesdelengua.com\/blog\/wp-content\/uploads\/2008\/10\/icono-pdf.gif\" width=\"22\" height=\"22\" align=\"absmiddle\" \/><\/a> <a href=\"http:\/\/1.bp.blogspot.com\/_Qmzbjnky0Q4\/SbwRi3JvNlI\/AAAAAAAACxc\/YRGjuFV40p8\/s400\/Sustantivos2.jpg\"><img loading=\"lazy\" style=\"border: 0px initial initial;\" title=\"icono pdf\" alt=\"icono pdf\" src=\"http:\/\/www.apuntesdelengua.com\/blog\/wp-content\/uploads\/2008\/10\/icono-pdf.gif\" width=\"22\" height=\"22\" align=\"absmiddle\" \/><\/a><\/span><\/span><\/p>\n<\/li>\n<li>\n<p style=\"text-align: justify;\"><span style=\"font-family: 'Century Gothic';\"><span style=\"font-size: medium;\"><a href=\"http:\/\/www.apuntesdelengua.com\/archivos\/morfologia\/udsustantivos\/FICHAS-ejercicios.pdf\" target=\"_blank\"><span style=\"color: #339966;\"><strong>EJERCICIOS PR\u00c1CTICOS PARA IMPRIMIR (vistos en clase)<\/strong><\/span><\/a> <a href=\"http:\/\/www.apuntesdelengua.com\/archivos\/morfologia\/udsustantivos\/FICHAS-ejercicios.pdf\"><img loading=\"lazy\" style=\"border: 0px initial initial;\" title=\"icono pdf\" alt=\"icono pdf\" src=\"http:\/\/www.apuntesdelengua.com\/blog\/wp-content\/uploads\/2008\/10\/icono-pdf.gif\" width=\"22\" height=\"22\" align=\"absmiddle\" \/><\/a><\/span><\/span><\/p>\n<\/li>\n<li>\n<p style=\"text-align: justify;\"><span style=\"font-family: 'Century Gothic';\"><span style=\"font-size: medium;\"><strong><a href=\"http:\/\/www.juntadeandalucia.es\/averroes\/carambolo\/WEB%20JCLIC2\/Agrega\/Lengua\/Palabras\/La%20palabra\/contenido\/lc009_oa03_es\/index.html\" target=\"_blank\">Presentaci\u00f3n multimedia sobre g\u00e9nero y n\u00famero con ejercicios interactivos (Junta de Andaluc\u00eda &#8211; Proyecto Averroes)<\/a><\/strong><\/span><\/span><\/p>\n<\/li>\n<\/ul>\n<p style=\"text-align: justify;\"><span style=\"font-family: 'Century Gothic';\"><span style=\"font-size: medium;\">Actividades Hot Potatoes \u00a0<img loading=\"lazy\" class=\"alignnone size-full wp-image-1282\" title=\"icono hotpotatoes\" alt=\"icono hotpotatoes\" src=\"http:\/\/www.apuntesdelengua.com\/blog\/wp-content\/uploads\/2008\/10\/icono-hotpotatoes.jpg\" width=\"20\" height=\"21\" align=\"absmiddle\" \/> (<a href=\"http:\/\/www.apuntesdelengua.com\" target=\"_blank\"><strong>apuntesdelengua.com<\/strong><\/a>)<\/span><\/span><\/p>\n<ul>\n<li>\n<p style=\"text-align: justify;\"><span style=\"font-family: 'Century Gothic';\"><span style=\"font-size: medium;\"><span style=\"color: #800000;\"><strong><img loading=\"lazy\" class=\"alignnone size-full wp-image-1475\" title=\"nuevo\" alt=\"nuevo\" src=\"http:\/\/www.apuntesdelengua.com\/blog\/wp-content\/uploads\/2009\/11\/nouveau-15.gif\" width=\"44\" height=\"26\" align=\"absmiddle\" \/><a href=\"http:\/\/www.apuntesdelengua.com\/archivos\/morfologia\/udsustantivos\/index.htm\" target=\"_blank\">TEMA: LOS SUSTANTIVOS (Jos\u00e9 Hern\u00e1ndez)<\/a><\/strong><\/span><\/span><\/span><\/p>\n<\/li>\n<li>\n<p style=\"text-align: justify;\"><span style=\"font-family: 'Century Gothic';\"><span style=\"font-size: medium;\"><strong><span style=\"color: #800000;\"><a href=\"http:\/\/www.apuntesdelengua.com\/archivos\/morfologia\/udsustantivos\/articulos01.htm\" target=\"_blank\">Art\u00edculos<\/a><\/span><\/strong><strong>, <\/strong><a href=\"http:\/\/www.apuntesdelengua.com\/archivos\/morfologia\/udsustantivos\/numero01.htm\" target=\"_blank\"><strong><span style=\"color: #ff6600;\">N\u00famero<\/span><\/strong><\/a><strong>, <\/strong><a href=\"http:\/\/www.apuntesdelengua.com\/archivos\/morfologia\/udsustantivos\/concretoabstracto01.htm\" target=\"_blank\"><strong><span style=\"color: #808000;\">Concreto y abstracto 1<\/span><\/strong><\/a><strong>, <\/strong><a href=\"http:\/\/www.apuntesdelengua.com\/archivos\/morfologia\/udsustantivos\/concretoabstracto02.htm\" target=\"_blank\"><strong><span style=\"color: #008000;\">Concreto y abstracto 2<\/span><\/strong><\/a><strong>, <\/strong><a href=\"http:\/\/www.apuntesdelengua.com\/archivos\/morfologia\/udsustantivos\/individualescolectivos01.htm\" target=\"_blank\"><strong><span style=\"color: #008080;\">Individual y colectivo 1<\/span><\/strong><\/a><strong>, <\/strong><a href=\"http:\/\/www.apuntesdelengua.com\/archivos\/morfologia\/udsustantivos\/individualescolectivos02.htm\" target=\"_blank\"><strong><span style=\"color: #0000ff;\">Individual y colectivo 2<\/span><\/strong><\/a><strong>.<\/strong><\/span><\/span><\/p>\n<\/li>\n<li>\n<p style=\"text-align: justify;\"><span style=\"font-family: 'Century Gothic';\"><span style=\"font-size: medium;\">Identifica sustantivos en los siguientes textos:<\/span><\/span><\/p>\n<ul>\n<li>\n<p style=\"text-align: justify;\"><span style=\"font-family: 'Century Gothic';\"><span style=\"font-size: medium;\"><a href=\"http:\/\/www.apuntesdelengua.com\/archivos\/morfologia\/udsustantivos\/viajecentrotierra.htm\" target=\"_blank\"><strong><span style=\"color: #ff0000;\">Viaje al centro de la Tierra, de Julio Verne<\/span><\/strong><\/a><strong><span style=\"color: #ff0000;\">;<\/span> <\/strong><\/span><\/span><\/p>\n<\/li>\n<li>\n<p style=\"text-align: justify;\"><span style=\"font-family: 'Century Gothic';\"><span style=\"font-size: medium;\"><a href=\"http:\/\/www.apuntesdelengua.com\/archivos\/morfologia\/udsustantivos\/sustantivospoemaneruda.htm\" target=\"_blank\"><strong><span style=\"color: #339966;\">Poema V, de Pablo Neruda<\/span><\/strong><\/a><\/span><\/span><\/p>\n<\/li>\n<\/ul>\n<\/li>\n<\/ul>\n<p style=\"text-align: justify;\"><span style=\"font-family: 'Century Gothic';\"><span style=\"font-size: medium;\">Ejercicios interactivos complementarios (Hot Potatoes <img loading=\"lazy\" style=\"border: 0px initial initial;\" title=\"icono hotpotatoes\" alt=\"icono hotpotatoes\" src=\"http:\/\/www.apuntesdelengua.com\/blog\/wp-content\/uploads\/2008\/10\/icono-hotpotatoes.jpg\" width=\"20\" height=\"21\" align=\"absmiddle\" \/>) :<\/span><\/span><\/p>\n<ul>\n<li>\n<p style=\"text-align: justify;\"><span style=\"font-family: 'Century Gothic';\"><span style=\"font-size: medium;\"><a href=\"http:\/\/www.iesitalica.es\/Ejemplos_TIC_Lengua\/Otras\/Otros_profesores\/Sustantivos_HP\/index.htm\" target=\"_blank\"><span style=\"color: #800080;\"><strong>Pr\u00e1ctica de morfolog\u00eda de los sustantivos (IES It\u00e1lica)<\/strong><\/span><\/a><\/span><\/span><\/p>\n<\/li>\n<li>\n<p style=\"text-align: justify;\"><span style=\"font-family: 'Century Gothic';\"><span style=\"font-size: medium;\"><a href=\"http:\/\/www.auladeletras.net\/material\/sustantivo01.htm\" target=\"_blank\"><span style=\"color: #0000ff;\"><strong>Tipos de sustantivos (Aula de Letras)<\/strong><\/span><\/a><\/span><\/span><\/p>\n<\/li>\n<li>\n<p style=\"text-align: justify;\"><span style=\"font-family: 'Century Gothic';\"><span style=\"font-size: medium;\"><span style=\"color: #800000;\"><strong>El g\u00e9nero de los sustantivos (Florentino S\u00e1nchez)<\/strong><\/span><strong> <\/strong><\/span><\/span><\/p>\n<ul>\n<li>\n<p style=\"text-align: justify;\"><span style=\"font-family: 'Century Gothic';\"><span style=\"font-size: medium;\"><a href=\"http:\/\/cplosangeles.juntaextremadura.net\/web\/lengua3\/generodelossustantivos\/genero01.htm\"><strong>Ejercicio 1<\/strong><\/a><strong>, <\/strong><a href=\"http:\/\/cplosangeles.juntaextremadura.net\/web\/lengua3\/generodelossustantivos\/genero02.htm\" target=\"_blank\"><strong>Ejercicio 2<\/strong><\/a><strong>, <\/strong><a href=\"http:\/\/cplosangeles.juntaextremadura.net\/web\/lengua3\/generodelossustantivos\/genero03.htm\" target=\"_blank\"><strong>Ejercicio 3,<\/strong><\/a><strong> <\/strong><a href=\"http:\/\/cplosangeles.juntaextremadura.net\/web\/lengua3\/generodelossustantivos\/genero04.htm\" target=\"_blank\"><strong>Ejercicio 4<\/strong><\/a><strong>, <\/strong><a href=\"http:\/\/cplosangeles.juntaextremadura.net\/web\/lengua3\/generodelossustantivos\/genero05.htm\" target=\"_blank\"><strong>Ejercicio 5<\/strong><\/a><strong>, <\/strong><a href=\"http:\/\/cplosangeles.juntaextremadura.net\/web\/lengua3\/generodelossustantivos\/genero06.htm\" target=\"_blank\"><strong>Ejercicio 6<\/strong><\/a><strong>, <\/strong><a href=\"http:\/\/cplosangeles.juntaextremadura.net\/web\/lengua3\/generodelossustantivos\/genero07.htm\" target=\"_blank\"><strong>Ejercicio 7<\/strong><\/a><strong>.<\/strong><\/span><\/span><\/p>\n<\/li>\n<\/ul>\n<\/li>\n<li>\n<p style=\"text-align: justify;\"><span style=\"font-family: 'Century Gothic';\"><span style=\"font-size: medium;\"><span style=\"color: #800000;\"><strong>El n\u00famero de los sustantivos (Florentino S\u00e1nchez)<\/strong><\/span><strong> <\/strong><\/span><\/span><\/p>\n<ul>\n<li>\n<p style=\"text-align: justify;\"><span style=\"font-family: 'Century Gothic';\"><span style=\"font-size: medium;\"><a href=\"http:\/\/cplosangeles.juntaextremadura.net\/web\/lengua3\/numerodelossustantivos\/numero01.htm\"><strong>Ejercicio 1<\/strong><\/a><strong>, <\/strong><a href=\"http:\/\/cplosangeles.juntaextremadura.net\/web\/lengua3\/numerodelossustantivos\/numero02.htm\" target=\"_blank\"><strong>Ejercicio 2<\/strong><\/a><strong>, <\/strong><a href=\"http:\/\/cplosangeles.juntaextremadura.net\/web\/lengua3\/numerodelossustantivos\/numero03.htm\" target=\"_blank\"><strong>Ejercicio 3,<\/strong><\/a><strong> <\/strong><a href=\"http:\/\/cplosangeles.juntaextremadura.net\/web\/lengua3\/numerodelossustantivos\/numero04.htm\" target=\"_blank\"><strong>Ejercicio 4<\/strong><\/a><strong>, <\/strong><a href=\"http:\/\/cplosangeles.juntaextremadura.net\/web\/lengua3\/numerodelossustantivos\/numero05.htm\" target=\"_blank\"><strong>Ejercicio 5<\/strong><\/a><strong>, <\/strong><a href=\"http:\/\/cplosangeles.juntaextremadura.net\/web\/lengua3\/numerodelossustantivos\/numero06.htm\" target=\"_blank\"><strong>Ejercicio 6<\/strong><\/a><strong>, <\/strong><a href=\"http:\/\/cplosangeles.juntaextremadura.net\/web\/lengua3\/numerodelossustantivos\/numero07.htm\" target=\"_blank\"><strong>Ejercicio 7<\/strong><\/a><\/span><\/span><\/p>\n<\/li>\n<\/ul>\n<\/li>\n<li>\n<p style=\"text-align: justify;\"><span style=\"font-family: 'Century Gothic';\"><span style=\"font-size: medium;\"><strong><span style=\"color: #008000;\"><a href=\"http:\/\/www.editorialteide.es\/elearning\/Primaria.asp?IdJuego=844&amp;IdTipoJuego=3\" target=\"_blank\"><span style=\"color: #ff0000;\">Juego de memoria: Nombres individuales y colectivos (Editorial Teide)<\/span><\/a><\/span><\/strong><\/span><\/span><\/p>\n<\/li>\n<li>\n<p style=\"text-align: justify;\"><span style=\"font-family: 'Century Gothic';\"><span style=\"font-size: medium;\"><span style=\"color: #008000;\"><strong>Actividades Hot Potatoes de sustantivos (M\u00aa Jos\u00e9 Garc\u00eda Manzanares)<\/strong><\/span><strong> <\/strong><\/span><\/span><\/p>\n<ul>\n<li>\n<p style=\"text-align: justify;\"><span style=\"font-family: 'Century Gothic';\"><span style=\"font-size: medium;\"><em><a href=\"http:\/\/centros3.pntic.mec.es\/cp.antonio.de.ulloa\/webactivhotpot\/raiz\/Hot%20Pot\/LENGUA\/Sustantivos\/los_sustantivos.htm\"><span style=\"color: #008000;\"><strong>Clases de sustantivos: definiciones.<\/strong><\/span><\/a><\/em><\/span><\/span><\/p>\n<\/li>\n<li>\n<p style=\"text-align: justify;\"><span style=\"font-family: 'Century Gothic';\"><span style=\"font-size: medium;\"><em><a href=\"http:\/\/centros3.pntic.mec.es\/cp.antonio.de.ulloa\/webactivhotpot\/raiz\/Hot%20Pot\/LENGUA\/Sustantivos\/Sustantivos2.htm\"><span style=\"color: #008000;\"><strong>Sustantivos individuales y colectivos.<\/strong><\/span><\/a><\/em><\/span><\/span><\/p>\n<\/li>\n<li>\n<p style=\"text-align: justify;\"><span style=\"font-family: 'Century Gothic';\"><span style=\"font-size: medium;\"><em><a href=\"http:\/\/centros3.pntic.mec.es\/cp.antonio.de.ulloa\/webactivhotpot\/raiz\/Hot%20Pot\/LENGUA\/Sustantivos\/sustantivos3.htm\"><span style=\"color: #008000;\"><strong>G\u00e9nero de los sustantivos.<\/strong><\/span><\/a><\/em><\/span><\/span><\/p>\n<\/li>\n<li>\n<p style=\"text-align: justify;\"><span style=\"font-family: 'Century Gothic';\"><span style=\"font-size: medium;\"><em><span style=\"color: #008000;\"><a href=\"http:\/\/centros3.pntic.mec.es\/cp.antonio.de.ulloa\/webactivhotpot\/raiz\/Hot%20Pot\/LENGUA\/Sustantivos\/sustantivos4.htm\"><span style=\"color: #339966;\"><strong>G\u00e9nero y n\u00famero de los sustantivos.<\/strong><\/span><\/a><\/span><\/em><\/span><\/span><\/p>\n<\/li>\n<\/ul>\n<\/li>\n<li>\n<p style=\"text-align: justify;\"><span style=\"font-family: 'Century Gothic';\"><span style=\"font-size: medium;\"><span style=\"color: #993300;\"><span style=\"color: #993300;\"><strong>Actividades \u00a0sobre el sustantivo (Joaquim Genover &#8211; xtec)<\/strong><\/span><\/span><\/span><\/span><\/p>\n<ul>\n<li>\n<p style=\"text-align: justify;\"><span style=\"font-family: 'Century Gothic';\"><span style=\"font-size: medium;\"><span style=\"color: #993300;\"><a href=\"http:\/\/www.xtec.es\/~jgenover\/genero1.htm\" target=\"_blank\"><span style=\"color: #993300;\"><strong>G\u00e9nero de los nombres 1<\/strong><\/span><\/a><span style=\"color: #993300;\"><strong>, <\/strong><\/span><a href=\"http:\/\/www.xtec.es\/~jgenover\/genero2.htm\" target=\"_blank\"><span style=\"color: #993300;\"><strong>G\u00e9nero de los nombres 2<\/strong><\/span><\/a><\/span><\/span><\/span><\/p>\n<\/li>\n<li>\n<p style=\"text-align: justify;\"><span style=\"font-family: 'Century Gothic';\"><span style=\"font-size: medium;\"><span style=\"color: #993300;\"><a href=\"http:\/\/www.xtec.es\/~jgenover\/genero3.htm\"><span style=\"color: #993300;\"><strong>Distinguir el significado de unos nombres seg\u00fan su g\u00e9nero<\/strong><\/span><\/a><\/span><\/span><\/span><\/p>\n<\/li>\n<li>\n<p style=\"text-align: justify;\"><span style=\"font-family: 'Century Gothic';\"><span style=\"font-size: medium;\"><span style=\"color: #993300;\"><a href=\"http:\/\/www.xtec.es\/~jgenover\/numero1.htm\" target=\"_blank\"><span style=\"color: #993300;\"><strong>Cambiar el n\u00famero de unos nombres en distintas oraciones<\/strong><\/span><\/a><\/span><\/span><\/span><\/p>\n<\/li>\n<li>\n<p style=\"text-align: justify;\"><span style=\"font-family: 'Century Gothic';\"><span style=\"font-size: medium;\"><span style=\"color: #993300;\"><a href=\"http:\/\/www.xtec.es\/~jgenover\/numero2.htm\" target=\"_blank\"><span style=\"color: #993300;\"><strong>Distinguir el significado de unos nombres por el n\u00famero<\/strong><\/span><\/a><\/span><\/span><\/span><\/p>\n<\/li>\n<\/ul>\n<\/li>\n<\/ul>\n","protected":false},"excerpt":{"rendered":"<p>Puedes acceder a apuntes de teor\u00eda pinchando aqu\u00ed. Cuadros de teor\u00eda\u00a0imprimibles (recursos maestros espa\u00f1ol)\u00a0 EJERCICIOS PR\u00c1CTICOS PARA IMPRIMIR (vistos en clase) Presentaci\u00f3n multimedia sobre g\u00e9nero y n\u00famero con ejercicios interactivos (Junta de Andaluc\u00eda &#8211; Proyecto Averroes) Actividades Hot Potatoes \u00a0 (apuntesdelengua.com) TEMA: LOS SUSTANTIVOS (Jos\u00e9 Hern\u00e1ndez) Art\u00edculos, N\u00famero, Concreto y abstracto 1, Concreto y abstracto<\/p>\n","protected":false},"author":1,"featured_media":0,"parent":1434,"menu_order":1,"comment_status":"open","ping_status":"open","template":"","meta":{"_monsterinsights_skip_tracking":false,"_monsterinsights_sitenote_active":false,"_monsterinsights_sitenote_note":"","_monsterinsights_sitenote_category":0},"aioseo_notices":[],"_links":{"self":[{"href":"http:\/\/www.apuntesdelengua.com\/blog\/wp-json\/wp\/v2\/pages\/1398"}],"collection":[{"href":"http:\/\/www.apuntesdelengua.com\/blog\/wp-json\/wp\/v2\/pages"}],"about":[{"href":"http:\/\/www.apuntesdelengua.com\/blog\/wp-json\/wp\/v2\/types\/page"}],"author":[{"embeddable":true,"href":"http:\/\/www.apuntesdelengua.com\/blog\/wp-json\/wp\/v2\/users\/1"}],"replies":[{"embeddable":true,"href":"http:\/\/www.apuntesdelengua.com\/blog\/wp-json\/wp\/v2\/comments?post=1398"}],"version-history":[{"count":47,"href":"http:\/\/www.apuntesdelengua.com\/blog\/wp-json\/wp\/v2\/pages\/1398\/revisions"}],"predecessor-version":[{"id":6166,"href":"http:\/\/www.apuntesdelengua.com\/blog\/wp-json\/wp\/v2\/pages\/1398\/revisions\/6166"}],"up":[{"embeddable":true,"href":"http:\/\/www.apuntesdelengua.com\/blog\/wp-json\/wp\/v2\/pages\/1434"}],"wp:attachment":[{"href":"http:\/\/www.apuntesdelengua.com\/blog\/wp-json\/wp\/v2\/media?parent=1398"}],"curies":[{"name":"wp","href":"https:\/\/api.w.org\/{rel}","templated":true}]}}