{"id":1434,"date":"2009-11-30T00:02:39","date_gmt":"2009-11-29T23:02:39","guid":{"rendered":"http:\/\/www.apuntesdelengua.com\/blog\/?page_id=1434"},"modified":"2020-04-08T17:01:19","modified_gmt":"2020-04-08T16:01:19","slug":"morfologia","status":"publish","type":"page","link":"http:\/\/www.apuntesdelengua.com\/blog\/morfologia\/","title":{"rendered":"Morfolog\u00eda"},"content":{"rendered":"<p style=\"text-align: justify;\"><span style=\"font-family: 'Century Gothic';\"><span style=\"font-size: medium;\">La morfolog\u00eda consiste en determinar la clase, g\u00e9nero, n\u00famero, etc de cuantas palabras componen la oraci\u00f3n. Para ello, hemos preparado una serie de p\u00e1ginas que te ayudar\u00e1n a identificar y clasificar todas las palabras que componen una oraci\u00f3n. Ver\u00e1s que a continuaci\u00f3n se presentan las distintas categor\u00edas gramaticales. S\u00f3lo debes de pulsar sobre cada una de las letras para acceder a su secci\u00f3n correspondiente. Como puedes ver, analizaremos las palabras seg\u00fan m\u00faltiples opciones, tal y como indica el gr\u00e1fico.<\/span><\/span><\/p>\n<p style=\"text-align: justify;\">\n<div style=\"width: 565px\" class=\"wp-caption alignleft\"><img loading=\"lazy\" src=\"http:\/\/www.kalipedia.com\/kalipediamedia\/lenguayliteratura\/media\/200704\/17\/lenguacastellana\/20070417klplyllec_40.Ees.SCO.png\" alt=\"\" width=\"555\" height=\"400\" \/><p class=\"wp-caption-text\">Fuente: Kalipedia<\/p><\/div>\n<p style=\"text-align: justify; padding-left: 300px;\"><span style=\"font-family: 'Century Gothic';\"><span style=\"font-size: medium;\"><img loading=\"lazy\" class=\"alignnone\" src=\"http:\/\/www.fotosearch.com\/bthumb\/CSP\/CSP238\/k2387446.jpg\" alt=\"\" width=\"70\" height=\"56\" align=\"absmiddle\" \/><\/span><a href=\"http:\/\/www.apuntesdelengua.com\/blog\/?page_id=1398\" target=\"_blank\" rel=\"noopener\"><span style=\"font-size: xx-large;\">USTANTIVOS<\/span><\/a><\/span><\/p>\n<p style=\"text-align: justify; padding-left: 300px;\"><span style=\"font-family: 'Century Gothic';\"><span style=\"font-size: medium;\"><img loading=\"lazy\" class=\"alignnone\" src=\"http:\/\/www.fotosearch.com\/bthumb\/CSP\/CSP238\/k2387402.jpg\" alt=\"\" width=\"70\" height=\"60\" align=\"absmiddle\" \/><\/span><a href=\"http:\/\/www.apuntesdelengua.com\/blog\/?page_id=1486\" target=\"_blank\" rel=\"noopener\"><span style=\"font-size: xx-large;\">DJETIVOS<\/span><\/a><\/span><\/p>\n<p style=\"text-align: justify; padding-left: 300px;\"><span style=\"font-family: 'Century Gothic';\"><span style=\"font-size: medium;\"><a href=\"http:\/\/www.apuntesdelengua.com\/blog\/morfologia\/el-verbo\"><img loading=\"lazy\" class=\"alignnone\" src=\"http:\/\/www.fotosearch.com\/bthumb\/CSP\/CSP238\/k2387449.jpg\" alt=\"\" width=\"70\" height=\"48\" align=\"absmiddle\" \/><\/a><a href=\"http:\/\/www.apuntesdelengua.com\/blog\/?page_id=1689\" target=\"_blank\" rel=\"noopener\"><span style=\"font-size: xx-large;\">ERBOS<\/span><\/a><\/span><\/span><\/p>\n<p style=\"text-align: justify; padding-left: 300px;\"><span style=\"font-family: 'Century Gothic';\"><span style=\"font-size: medium;\"><a href=\"http:\/\/www.apuntesdelengua.com\/blog\/morfologia\/el-adverbio\" target=\"_blank\" rel=\"noopener\"><img loading=\"lazy\" src=\"http:\/\/www.fotosearch.com\/bthumb\/CSP\/CSP238\/k2387402.jpg\" alt=\"\" width=\"70\" height=\"60\" align=\"absmiddle\" \/><\/a><span style=\"font-size: xx-large;\"><a href=\"http:\/\/www.apuntesdelengua.com\/blog\/?page_id=1895\" target=\"_blank\" rel=\"noopener\">DVERBIOS<\/a><\/span><\/span><\/span><\/p>\n<p style=\"text-align: justify; padding-left: 300px;\"><span style=\"font-family: 'Century Gothic';\"><span style=\"font-size: medium;\"><span style=\"font-size: xx-large;\"><a href=\"http:\/\/www.apuntesdelengua.com\/blog\/morfologia\/el-determinante\" target=\"_blank\" rel=\"noopener\"><img loading=\"lazy\" class=\"alignnone\" src=\"http:\/\/www.fotosearch.com\/bthumb\/CSP\/CSP238\/k2387412.jpg\" alt=\"\" width=\"70\" height=\"60\" align=\"absmiddle\" \/><\/a><span style=\"font-size: xx-large;\"><a href=\"http:\/\/www.apuntesdelengua.com\/blog\/?page_id=2030\" target=\"_blank\" rel=\"noopener\">ETERMINANTES<\/a><\/span><\/span><\/span><\/span><\/p>\n<p style=\"text-align: justify; padding-left: 300px;\"><a href=\"http:\/\/www.apuntesdelengua.com\/blog\/morfologia\/pronombres\" target=\"_blank\" rel=\"noopener\"><span style=\"font-family: 'Century Gothic';\"><span style=\"font-size: medium;\"><img loading=\"lazy\" class=\"alignabsmiddle\" src=\"http:\/\/www.fotosearch.com\/bthumb\/CSP\/CSP238\/k2387442.jpg\" alt=\"\" width=\"61\" height=\"70\" align=\"absmiddle\" \/><\/span><\/span><\/a><a href=\"http:\/\/www.apuntesdelengua.com\/blog\/?page_id=2030\" target=\"_blank\" rel=\"noopener\"><span style=\"font-family: 'Century Gothic';\"><span style=\"font-size: medium;\"><span style=\"font-size: xx-large;\">RONOMBRES<\/span><\/span><\/span><\/a><\/p>\n<p style=\"text-align: justify; padding-left: 300px;\"><span style=\"font-family: 'Century Gothic';\"><span style=\"font-size: medium;\"><span style=\"font-size: xx-large;\"><a href=\"http:\/\/www.apuntesdelengua.com\/blog\/morfologia\/preposiciones-2\" target=\"_blank\" rel=\"noopener\"><img loading=\"lazy\" src=\"http:\/\/www.fotosearch.com\/bthumb\/CSP\/CSP238\/k2387442.jpg\" alt=\"\" width=\"61\" height=\"70\" align=\"absmiddle\" \/><\/a><a href=\"http:\/\/www.apuntesdelengua.com\/blog\/?page_id=2139\" target=\"_blank\" rel=\"noopener\">REPOSICIONES<\/a> Y <img loading=\"lazy\" class=\"alignnone\" src=\"http:\/\/www.fotosearch.com\/bthumb\/CSP\/CSP238\/k2387430.jpg\" alt=\"\" width=\"70\" height=\"60\" align=\"absmiddle\" \/>ONJUNCIONES<\/span><\/span><\/span><\/p>\n<p style=\"text-align: left;\">\n","protected":false},"excerpt":{"rendered":"<p>La morfolog\u00eda consiste en determinar la clase, g\u00e9nero, n\u00famero, etc de cuantas palabras componen la oraci\u00f3n. Para ello, hemos preparado una serie de p\u00e1ginas que te ayudar\u00e1n a identificar y clasificar todas las palabras que componen una oraci\u00f3n. Ver\u00e1s que a continuaci\u00f3n se presentan las distintas categor\u00edas gramaticales. S\u00f3lo debes de pulsar sobre cada una<\/p>\n","protected":false},"author":1,"featured_media":0,"parent":0,"menu_order":8,"comment_status":"open","ping_status":"open","template":"Page-fullwidth.php","meta":{"_monsterinsights_skip_tracking":false,"_monsterinsights_sitenote_active":false,"_monsterinsights_sitenote_note":"","_monsterinsights_sitenote_category":0},"aioseo_notices":[],"_links":{"self":[{"href":"http:\/\/www.apuntesdelengua.com\/blog\/wp-json\/wp\/v2\/pages\/1434"}],"collection":[{"href":"http:\/\/www.apuntesdelengua.com\/blog\/wp-json\/wp\/v2\/pages"}],"about":[{"href":"http:\/\/www.apuntesdelengua.com\/blog\/wp-json\/wp\/v2\/types\/page"}],"author":[{"embeddable":true,"href":"http:\/\/www.apuntesdelengua.com\/blog\/wp-json\/wp\/v2\/users\/1"}],"replies":[{"embeddable":true,"href":"http:\/\/www.apuntesdelengua.com\/blog\/wp-json\/wp\/v2\/comments?post=1434"}],"version-history":[{"count":21,"href":"http:\/\/www.apuntesdelengua.com\/blog\/wp-json\/wp\/v2\/pages\/1434\/revisions"}],"predecessor-version":[{"id":1448,"href":"http:\/\/www.apuntesdelengua.com\/blog\/wp-json\/wp\/v2\/pages\/1434\/revisions\/1448"}],"wp:attachment":[{"href":"http:\/\/www.apuntesdelengua.com\/blog\/wp-json\/wp\/v2\/media?parent=1434"}],"curies":[{"name":"wp","href":"https:\/\/api.w.org\/{rel}","templated":true}]}}