{"id":1455,"date":"2009-12-01T19:40:49","date_gmt":"2009-12-01T18:40:49","guid":{"rendered":"http:\/\/www.apuntesdelengua.com\/blog\/?page_id=1455"},"modified":"2010-01-11T10:28:47","modified_gmt":"2010-01-11T09:28:47","slug":"ortografia-y-vocabulario","status":"publish","type":"page","link":"http:\/\/www.apuntesdelengua.com\/blog\/ortografia-y-vocabulario\/","title":{"rendered":"Ortograf\u00eda"},"content":{"rendered":"<p><span style=\"font-family: 'Century Gothic';\"><span style=\"font-size: medium;\">En esta secci\u00f3n puedes navegar e indagar a trav\u00e9s de las distintas secciones dispuestas para tu consulta de informaci\u00f3n: ORTOGRAF\u00cdA y VOCABULARIO. Las distintas secciones est\u00e1n organizadas en estos dos bloques. Al acceder a ellas ver\u00e1s que se abrir\u00e1 una nueva ventana donde tendr\u00e1s a tu disposici\u00f3n diferentes herramientas TIC: Ejercicios Hot Potatoes (los ver\u00e1s con el icono<\/span><\/span><\/p>\n<table border=\"0\" cellspacing=\"10\" cellpadding=\"10\">\n<tbody>\n<tr>\n<td align=\"center\"><span style=\"color: red;\"><span style=\"font-family: 'Century Gothic';\"><strong>ORTOGRAF\u00cdA<\/strong><\/span><\/span><\/td>\n<td align=\"center\">\n<table border=\"1\" cellspacing=\"2\" cellpadding=\"2\">\n<tbody>\n<tr>\n<td><span style=\"color: green;\"><span style=\"font-family: 'Century Gothic';\"><strong><a href=\"http:\/\/www.apuntesdelengua.com\/archivos\/ortografia\/diacritica\/index.htm\" target=\"_blank\"><span style=\"color: #99cc00;\">Tilde diacr\u00edtica<\/span><\/a><\/strong><\/span><\/span><\/td>\n<td><span style=\"color: green;\"><span style=\"font-family: 'Century Gothic';\"><strong><a href=\"http:\/\/www.apuntesdelengua.com\/archivos\/sociolinguistica\/vulgarismos\/index.htm\" target=\"_blank\"><span style=\"color: #f30b22;\">Vulgarismos<\/span><\/a><\/strong><\/span><\/span><\/td>\n<td><\/td>\n<td><\/td>\n<td><\/td>\n<\/tr>\n<tr>\n<td><a href=\"http:\/\/www.apuntesdelengua.com\/blog\/ortografia-y-vocabulario\/verbos?preview=true&amp;preview_id=15&amp;preview_nonce=16e6bebd63\" target=\"_blank\"><strong><span style=\"color: #0000ff;\">Verbos<\/span><\/strong><\/a><\/td>\n<td><\/td>\n<td><\/td>\n<td><\/td>\n<td><\/td>\n<\/tr>\n<\/tbody>\n<\/table>\n<\/td>\n<\/tr>\n<\/tbody>\n<\/table>\n<tr>\n<td width=\"250\" valign=\"top\"><\/td>\n<td width=\"250\" valign=\"top\"><\/td>\n<\/tr>\n<table border=\"3\" cellspacing=\"10\" cellpadding=\"10\">\n<tbody>\n<tr>\n<td align=\"center\"><span style=\"font-family: 'Century Gothic', 'Times New Roman', 'Bitstream Charter', Times, serif; color: #ff0000;\"><strong>VOCABULARIO<\/strong><\/span><\/td>\n<td align=\"center\">\n<table border=\"1\" cellspacing=\"2\" cellpadding=\"2\">\n<tbody>\n<tr>\n<td><span style=\"color: green;\"><span style=\"font-family: 'Century Gothic';\"><strong><a href=\"http:\/\/www.apuntesdelengua.com\/archivos\/gentilicios\/indicegentilicios.htm\" target=\"_blank\">GENTILICIOS<\/a><\/strong><\/span><\/span><\/td>\n<td><\/td>\n<td><\/td>\n<td><\/td>\n<td><\/td>\n<\/tr>\n<tr>\n<td><a href=\"http:\/\/www.apuntesdelengua.com\/blog\/1\u00ba-eso\/mitologia\" target=\"_blank\">MITOLOG\u00cdA<\/a><\/td>\n<td><\/td>\n<td><\/td>\n<td><\/td>\n<td><\/td>\n<\/tr>\n<\/tbody>\n<\/table>\n<\/td>\n<\/tr>\n<\/tbody>\n<\/table>\n<p><span style=\"font-size: small;\"><span style=\"-webkit-border-horizontal-spacing: 2px; -webkit-border-vertical-spacing: 2px;\"> <\/span><\/span><\/p>\n<tr>\n<td width=\"250\" valign=\"top\"><\/td>\n<td width=\"250\" valign=\"top\"><\/td>\n<\/tr>\n","protected":false},"excerpt":{"rendered":"<p>En esta secci\u00f3n puedes navegar e indagar a trav\u00e9s de las distintas secciones dispuestas para tu consulta de informaci\u00f3n: ORTOGRAF\u00cdA y VOCABULARIO. Las distintas secciones est\u00e1n organizadas en estos dos bloques. Al acceder a ellas ver\u00e1s que se abrir\u00e1 una nueva ventana donde tendr\u00e1s a tu disposici\u00f3n diferentes herramientas TIC: Ejercicios Hot Potatoes (los ver\u00e1s<\/p>\n","protected":false},"author":1,"featured_media":1282,"parent":0,"menu_order":13,"comment_status":"open","ping_status":"open","template":"","meta":{"_monsterinsights_skip_tracking":false,"_monsterinsights_sitenote_active":false,"_monsterinsights_sitenote_note":"","_monsterinsights_sitenote_category":0},"aioseo_notices":[],"_links":{"self":[{"href":"http:\/\/www.apuntesdelengua.com\/blog\/wp-json\/wp\/v2\/pages\/1455"}],"collection":[{"href":"http:\/\/www.apuntesdelengua.com\/blog\/wp-json\/wp\/v2\/pages"}],"about":[{"href":"http:\/\/www.apuntesdelengua.com\/blog\/wp-json\/wp\/v2\/types\/page"}],"author":[{"embeddable":true,"href":"http:\/\/www.apuntesdelengua.com\/blog\/wp-json\/wp\/v2\/users\/1"}],"replies":[{"embeddable":true,"href":"http:\/\/www.apuntesdelengua.com\/blog\/wp-json\/wp\/v2\/comments?post=1455"}],"version-history":[{"count":24,"href":"http:\/\/www.apuntesdelengua.com\/blog\/wp-json\/wp\/v2\/pages\/1455\/revisions"}],"predecessor-version":[{"id":1459,"href":"http:\/\/www.apuntesdelengua.com\/blog\/wp-json\/wp\/v2\/pages\/1455\/revisions\/1459"}],"wp:featuredmedia":[{"embeddable":true,"href":"http:\/\/www.apuntesdelengua.com\/blog\/wp-json\/wp\/v2\/media\/1282"}],"wp:attachment":[{"href":"http:\/\/www.apuntesdelengua.com\/blog\/wp-json\/wp\/v2\/media?parent=1455"}],"curies":[{"name":"wp","href":"https:\/\/api.w.org\/{rel}","templated":true}]}}