{"id":16,"date":"2007-10-09T22:25:49","date_gmt":"2007-10-09T21:25:49","guid":{"rendered":"http:\/\/recursosele.wordpress.com\/textos\/"},"modified":"2010-12-02T22:31:52","modified_gmt":"2010-12-02T21:31:52","slug":"textos","status":"publish","type":"page","link":"http:\/\/www.apuntesdelengua.com\/blog\/textos\/","title":{"rendered":"Comprensi\u00f3n lectora"},"content":{"rendered":"<p style=\"text-align: center;\"><img loading=\"lazy\" class=\"  aligncenter\" src=\"http:\/\/weblogs.madrimasd.org\/images\/weblogs_madrimasd_org\/pensamiento_pedagogico_radical\/1067\/o_lectura%20en%20voz%20alta.jpg\" alt=\"\" width=\"526\" height=\"366\" \/><\/p>\n<address style=\"text-align: center;\"><span style=\"font-family: 'Century Gothic';\"><span style=\"font-size: small;\"><a href=\"http:\/\/villajunco.org\/publicaciones\/images\/stories\/varios\/forges-libro-marca-libro.jpg\" target=\"_blank\">Procedencia de la imagen<\/a><\/span><\/span><\/address>\n<p style=\"text-align: justify;\"><span style=\"font-family: 'Century Gothic';\"><span style=\"font-size: medium;\">La comprensi\u00f3n lectora es uno de los puntos esenciales en el aprendizaje de cualquier Lengua. Para fomentar el uso de la comprensi\u00f3n, tanto si eres docente como alumno, te proponemos una serie de lecturas que hemos ido recopilando, o que hemos ido trabajando con nuestros propios alumnos y que te pueden servir en tu tarea. En ellas, hemos procurado que se combinen tanto textos imprimibles como textos en un soporte TIC como Hot Potatoes, Scribd, etc. De igual forma, ver\u00e1s que en algunos de ellos, se combinan textos escritos con textos sonoros e, incluso, audiovisuales para fomentar todos los aspectos de la comprensi\u00f3n. <\/span><\/span><\/p>\n<p style=\"text-align: justify;\">\n<p style=\"text-align: justify;\"><span style=\"font-family: 'Century Gothic';\"><span style=\"font-size: medium;\">Para acceder a las p\u00e1ginas de los diferentes textos, <span style=\"color: #ff6600;\"><strong>s\u00f3lo tienes que pulsar sobre el icono correspondiente al nivel que desees acceder<\/strong><\/span>. A modo de comentario, aquellos alumnos que presenten dificultades a la hora de interpretar cualquier tipolog\u00eda textual, puede practicar con cualquiera de las lecturas independientemente del nivel, puesto que tambi\u00e9n aconsejamos estas lecturas tanto para alumnado extranjero que est\u00e1 aprendiendo espa\u00f1ol (ELE) como para alumnado con Necesidades Educativas Especiales (NEE).<\/span><\/span><\/p>\n<p style=\"text-align: justify;\"><span style=\"font-family: 'Century Gothic';\"><span style=\"font-size: medium;\"><a href=\"http:\/\/www.apuntesdelengua.com\/blog\/?page_id=1050\" target=\"_blank\"><img loading=\"lazy\" class=\"size-full wp-image-4411  alignleft\" title=\"tercerciclo\" src=\"http:\/\/www.apuntesdelengua.com\/blog\/wp-content\/uploads\/2007\/10\/tercerciclo.jpg\" alt=\"\" width=\"205\" height=\"170\" \/><\/a><\/span><\/span><span style=\"font-family: 'Century Gothic';\"><span style=\"font-size: medium;\"><a href=\"http:\/\/www.apuntesdelengua.com\/blog\/?page_id=1052\" target=\"_blank\"><img loading=\"lazy\" class=\"size-full wp-image-4410  alignleft\" title=\"primerciclo\" src=\"http:\/\/www.apuntesdelengua.com\/blog\/wp-content\/uploads\/2007\/10\/primerciclo.jpg\" alt=\"\" width=\"205\" height=\"170\" \/><\/a><a href=\"http:\/\/www.apuntesdelengua.com\/blog\/?page_id=1054\" target=\"_blank\"><img loading=\"lazy\" class=\"size-full wp-image-4409  alignleft\" title=\"segundociclo\" src=\"http:\/\/www.apuntesdelengua.com\/blog\/wp-content\/uploads\/2007\/10\/segundociclo.jpg\" alt=\"\" width=\"205\" height=\"170\" \/><\/a><br \/>\n<\/span><\/span><\/p>\n<address style=\"text-align: justify;\"><span style=\"font-family: 'Century Gothic';\"><span style=\"font-size: medium;\"> <\/span><\/span><\/address>\n<address style=\"text-align: justify;\"><a><span style=\"font-family: 'Century Gothic';\"><span style=\"font-size: medium;\"><strong><span style=\"color: #008000;\"><span style=\"color: #000000; font-family: Georgia, 'Times New Roman', 'Bitstream Charter', Times, serif; font-weight: normal; font-size: medium;\"><br \/>\n<\/span><\/span><\/strong><\/span><\/span><\/a><\/address>\n<p style=\"text-align: justify;\"><span style=\"font-family: 'Century Gothic';\"><span style=\"font-size: medium;\"><strong><span style=\"color: #008000;\"><span style=\"color: #000000; font-family: Georgia, 'Times New Roman', 'Bitstream Charter', Times, serif; font-weight: normal; font-size: medium;\"><strong><span style=\"color: #008000;\"> <\/span><\/strong><\/span><\/span><\/strong><\/span><\/span><\/p>\n<p><strong><strong> <\/strong><\/strong><\/p>\n<p style=\"text-align: justify;\"><span style=\"font-family: 'Century Gothic';\"><span style=\"font-size: medium;\"><strong> <\/strong><\/span><\/span><\/p>\n<p style=\"text-align: center;\">\n","protected":false},"excerpt":{"rendered":"<p>Procedencia de la imagen La comprensi\u00f3n lectora es uno de los puntos esenciales en el aprendizaje de cualquier Lengua. Para fomentar el uso de la comprensi\u00f3n, tanto si eres docente como alumno, te proponemos una serie de lecturas que hemos ido recopilando, o que hemos ido trabajando con nuestros propios alumnos y que te pueden<\/p>\n","protected":false},"author":1,"featured_media":0,"parent":0,"menu_order":10,"comment_status":"open","ping_status":"open","template":"onecolumn-page.php","meta":{"_monsterinsights_skip_tracking":false,"_monsterinsights_sitenote_active":false,"_monsterinsights_sitenote_note":"","_monsterinsights_sitenote_category":0},"aioseo_notices":[],"_links":{"self":[{"href":"http:\/\/www.apuntesdelengua.com\/blog\/wp-json\/wp\/v2\/pages\/16"}],"collection":[{"href":"http:\/\/www.apuntesdelengua.com\/blog\/wp-json\/wp\/v2\/pages"}],"about":[{"href":"http:\/\/www.apuntesdelengua.com\/blog\/wp-json\/wp\/v2\/types\/page"}],"author":[{"embeddable":true,"href":"http:\/\/www.apuntesdelengua.com\/blog\/wp-json\/wp\/v2\/users\/1"}],"replies":[{"embeddable":true,"href":"http:\/\/www.apuntesdelengua.com\/blog\/wp-json\/wp\/v2\/comments?post=16"}],"version-history":[{"count":21,"href":"http:\/\/www.apuntesdelengua.com\/blog\/wp-json\/wp\/v2\/pages\/16\/revisions"}],"predecessor-version":[{"id":1045,"href":"http:\/\/www.apuntesdelengua.com\/blog\/wp-json\/wp\/v2\/pages\/16\/revisions\/1045"}],"wp:attachment":[{"href":"http:\/\/www.apuntesdelengua.com\/blog\/wp-json\/wp\/v2\/media?parent=16"}],"curies":[{"name":"wp","href":"https:\/\/api.w.org\/{rel}","templated":true}]}}