{"id":1895,"date":"2010-01-29T22:58:21","date_gmt":"2010-01-29T21:58:21","guid":{"rendered":"http:\/\/www.apuntesdelengua.com\/blog\/?page_id=1895"},"modified":"2010-01-31T12:57:21","modified_gmt":"2010-01-31T11:57:21","slug":"el-adverbio","status":"publish","type":"page","link":"http:\/\/www.apuntesdelengua.com\/blog\/morfologia\/el-adverbio\/","title":{"rendered":"El adverbio"},"content":{"rendered":"<p style=\"text-align: justify;\"><span style=\"font-family: 'Century Gothic';\"><span style=\"font-size: x-large;\"><img loading=\"lazy\" src=\"http:\/\/www.fotosearch.com\/bthumb\/CSP\/CSP148\/k1486832.jpg\" alt=\"\" width=\"36\" height=\"36\" align=\"absmiddle\" \/> <span style=\"color: #008000;\"><strong>Definici\u00f3n<\/strong><\/span><\/span><\/span><\/p>\n<p style=\"text-align: justify;\"><span style=\"font-family: 'Century Gothic';\"><span style=\"font-size: medium;\">Seg\u00fan podemos comprobar en el <a href=\"http:\/\/buscon.rae.es\/draeI\/\" target=\"_blank\">Diccionario de la Real Academia<\/a>, la dfinici\u00f3n de adverbio es:<\/span><\/span><\/p>\n<p style=\"text-align: justify;\"><span style=\"font-family: 'Century Gothic';\"><span style=\"font-size: medium;\">1. m. Gram. Palabra invariable cuya funci\u00f3n consiste en complementar la significaci\u00f3n del verbo, de un adjetivo, de otro adverbio y de ciertas secuencias. Hay adverbios de lugar, como\u00a0<em>aqu\u00ed<\/em>,\u00a0<em>delante<\/em>,\u00a0<em>lejos<\/em>; de tiempo, como\u00a0<em>hoy<\/em>,\u00a0<em>mientras<\/em>,\u00a0<em>nunca<\/em>; de modo, como\u00a0<em>bien<\/em>,\u00a0<em>despacio<\/em>,\u00a0<em>f\u00e1cilmente<\/em>; de cantidad o grado, como\u00a0<em>bastante<\/em>,\u00a0<em>mucho<\/em>,\u00a0<em>muy<\/em>; de orden, como<em>primeramente<\/em>; de afirmaci\u00f3n, como\u00a0<em>s\u00ed<\/em>; de negaci\u00f3n, como\u00a0<em>no<\/em>; de duda o dubitativos, como\u00a0<em>acaso<\/em>; de adici\u00f3n, como\u00a0<em>adem\u00e1s<\/em>,<em>incluso<\/em>,\u00a0<em>tambi\u00e9n<\/em>; de exclusi\u00f3n, como\u00a0<em>exclusive<\/em>,\u00a0<em>salvo<\/em>,\u00a0<em>tampoco<\/em>. Algunos pertenecen a varias clases.<\/span><\/span><\/p>\n<p style=\"text-align: justify;\"><span style=\"font-family: 'Century Gothic';\"><span style=\"font-size: medium;\">2. m. Gram. Los adverbios como, cuando, cuanto y donde pueden funcionar como relativos correspondientes a los adverbios demostrativos\u00a0<em>as\u00ed<\/em>,\u00a0<em>seg\u00fan<\/em>,\u00a0<em>tal<\/em>,\u00a0<em>entonces<\/em>,\u00a0<em>ahora<\/em>,\u00a0<em>tan<\/em>,\u00a0<em>tanto<\/em>,\u00a0<em>aqu\u00ed<\/em>,\u00a0<em>all\u00ed<\/em>, etc.; pueden tener antecedente expreso o impl\u00edcito.<\/span><\/span><\/p>\n<blockquote>\n<dl>\n<dd>La ciudad donde nac\u00ed.<\/dd>\n<dd>Ir\u00e9 donde t\u00fa vayas.<\/dd>\n<\/dl>\n<\/blockquote>\n<p style=\"text-align: justify;\"><span style=\"font-family: 'Century Gothic';\"><span style=\"font-size: medium;\">3. m. Gram. Pueden tambi\u00e9n funcionar como interrogativos o exclamativos.<\/span><\/span><\/p>\n<div style=\"width: 595px\" class=\"wp-caption aligncenter\"><img loading=\"lazy\" class=\"  \" src=\"http:\/\/www.kalipedia.com\/kalipediamedia\/lenguayliteratura\/media\/200704\/17\/lenguacastellana\/20070417klplyllec_34.Ges.SCO.png\" alt=\"\" width=\"585\" height=\"83\" \/><p class=\"wp-caption-text\">Fuente: Kalipedia<\/p><\/div>\n<p style=\"text-align: justify;\"><span style=\"font-family: 'Century Gothic';\"><span style=\"font-size: medium;\">El adverbio es una categor\u00eda gramatical invariable, no presenta ning\u00fan tipo de flexi\u00f3n gramatical. A pesar de ello, en ocasiones los adverbios presentan una serie de variaciones formales que son las siguientes:<\/span><\/span><\/p>\n<p style=\"text-align: justify; padding-left: 90px;\"><span style=\"font-family: 'Century Gothic';\"><span style=\"font-size: medium;\"><img loading=\"lazy\" src=\"http:\/\/www.fotosearch.com\/bthumb\/CSP\/CSP247\/k2474195.jpg\" alt=\"\" width=\"21\" height=\"21\" align=\"absmiddle\" \/> Pueden llevar sufijos apreciativos: como el diminutivo (prontito, cerquita&#8230;), o el aumentativo despectivo (lejotes, arribota&#8230;).<\/span><\/span><\/p>\n<p style=\"text-align: justify; padding-left: 90px;\"><span style=\"font-family: 'Century Gothic';\"><span style=\"font-size: medium;\"><img loading=\"lazy\" src=\"http:\/\/www.fotosearch.com\/bthumb\/CSP\/CSP247\/k2474195.jpg\" alt=\"\" width=\"21\" height=\"21\" align=\"absmiddle\" \/> Al igual que los adjetivos, algunos adverbios pueden admitir el grado comparativo (menos cerca que, m\u00e1s lejos que, tan pronto como&#8230;), y tambi\u00e9n el superlativo (lej\u00edsimos, cerqu\u00edsima&#8230;), incluso los adverbios terminados en \u2013mente (clar\u00edsimamente, mal\u00edsimamente&#8230;).<\/span><\/span><\/p>\n<p style=\"text-align: justify; padding-left: 90px;\"><span style=\"font-family: 'Century Gothic';\"><span style=\"font-size: medium;\"><img loading=\"lazy\" src=\"http:\/\/www.fotosearch.com\/bthumb\/CSP\/CSP247\/k2474195.jpg\" alt=\"\" width=\"21\" height=\"21\" align=\"absmiddle\" \/> Algunos adverbios sufren un acortamiento o en ciertas posiciones (Esta noticia es mucho m\u00e1s extra\u00f1a, Esta chica es muy alta)<\/span><\/span><\/p>\n<p style=\"text-align: justify; padding-left: 90px;\"><span style=\"font-family: 'Century Gothic';\"><span style=\"font-size: medium;\"><img loading=\"lazy\" src=\"http:\/\/www.fotosearch.com\/bthumb\/CSP\/CSP247\/k2474195.jpg\" alt=\"\" width=\"21\" height=\"21\" align=\"absmiddle\" \/> Los adverbios terminados en \u2013mente nacen de adjetivos femeninos (mala-malamente). Cuando aparecen varios de estros adverbios de forma continuada, solo se le a\u00f1ade \u2013mente al \u00faltimo adverbio de la lista ( Ten\u00e9is que decirlo correcta, simple y f\u00e1cilmente).<\/span><\/span><\/p>\n<p style=\"text-align: justify; padding-left: 90px;\"><span style=\"font-family: 'Century Gothic';\"><span style=\"font-size: medium;\"><br \/>\n<\/span><\/span><\/p>\n<p style=\"text-align: justify;\"><span style=\"font-family: 'Century Gothic';\"><span style=\"font-size: x-large;\"><img loading=\"lazy\" src=\"http:\/\/www.fotosearch.com\/bthumb\/CSP\/CSP148\/k1486832.jpg\" alt=\"\" width=\"36\" height=\"36\" align=\"absmiddle\" \/> <span style=\"color: #008000;\">CLASIFICACI\u00d3N DE LOS ADVERBIOS <\/span><\/span><\/span><\/p>\n<p style=\"text-align: justify;\"><span style=\"font-family: 'Century Gothic';\"><span style=\"font-size: x-large;\"><span style=\"color: #008000;\"> <\/span><\/span><\/span><\/p>\n<div style=\"width: 621px\" class=\"wp-caption aligncenter\"><a href=\"http:\/\/comunicacionabierta.wikispaces.com\/file\/view\/Clasificacion_sem_adv.png\/101416201\/Clasificacion_sem_adv.png\"><img loading=\"lazy\" src=\"http:\/\/comunicacionabierta.wikispaces.com\/file\/view\/Clasificacion_sem_adv.png\/101416201\/Clasificacion_sem_adv.png\" alt=\"\" width=\"611\" height=\"331\" \/><\/a><p class=\"wp-caption-text\">Fuente: comunicaci\u00f3n abierta<\/p><\/div>\n<p style=\"text-align: justify; padding-left: 30px;\"><span style=\"font-family: 'Century Gothic';\"><span style=\"font-size: medium;\"><strong><img loading=\"lazy\" src=\"http:\/\/www.fotosearch.com\/bthumb\/CSP\/CSP247\/k2474218.jpg\" alt=\"\" width=\"35\" height=\"35\" align=\"absmiddle\" \/><span style=\"color: #008000;\">ADVERBIOS DE LUGAR:\u00a0<span style=\"color: #000000; font-weight: normal; font-size: small;\">Cerca, lejos, enfrente, detr\u00e1s, arriba, abajo, dentro\/adentro, afuera\/fuera, delante\/adelante, detr\u00e1s\/atr\u00e1s, alrededor, aqu\u00ed, ah\u00ed, all\u00ed, ac\u00e1, all\u00e1.<\/span><\/span><\/strong><\/span><\/span><\/p>\n<p style=\"text-align: justify; padding-left: 30px;\"><span style=\"font-family: 'Century Gothic';\"><span style=\"font-size: medium;\"><strong><img loading=\"lazy\" src=\"http:\/\/www.fotosearch.com\/bthumb\/CSP\/CSP247\/k2474218.jpg\" alt=\"\" width=\"35\" height=\"35\" align=\"absmiddle\" \/><span style=\"color: #008000;\">ADVERBIOS DE TIEMPO:\u00a0<span style=\"color: #000000; font-weight: normal; font-size: small;\">Ahora, antes, despu\u00e9s, lejos, siempre, nunca, a\u00fan, ya, todav\u00eda, hoy, ayer, anoche, ma\u00f1ana, tarde, temprano, pronto, reci\u00e9n, mientras, cuando<\/span><\/span><\/strong><\/span><\/span><\/p>\n<p style=\"text-align: justify; padding-left: 90px;\"><span style=\"font-family: 'Century Gothic';\"><span style=\"font-size: medium;\">Algunas locuciones adverbiales: de vez en cuando, de cuando en cuando. Ciertos adverbios terminados en \u2013mente: actualmente, previamente, antiguamente, recientemente, \u00faltimamente&#8230;<\/span><\/span><\/p>\n<p style=\"text-align: justify; padding-left: 30px;\"><span style=\"font-family: 'Century Gothic';\"><span style=\"font-size: medium;\"><strong><img loading=\"lazy\" src=\"http:\/\/www.fotosearch.com\/bthumb\/CSP\/CSP247\/k2474218.jpg\" alt=\"\" width=\"35\" height=\"35\" align=\"absmiddle\" \/><span style=\"color: #008000;\">ADVERBIOS DE MODO:\u00a0<span style=\"color: #000000; font-weight: normal; font-size: small;\">Bien, mal, despacio, deprisa, adrede, aposta, gratis, as\u00ed, como, seg\u00fan, peor, mejor.<\/span><\/span><\/strong><\/span><\/span><\/p>\n<p style=\"text-align: justify; padding-left: 90px;\"><span style=\"font-family: 'Century Gothic';\"><span style=\"font-size: medium;\">Algunas locuciones adverbiales: ex profeso, a priori, ipso facto, a hurtadillas, por las buenas, a sabiendas, a pies juntillas, a la chita callando, al trote, a troche y moche, de golpe&#8230;<\/span><\/span><\/p>\n<p style=\"text-align: justify; padding-left: 90px;\"><span style=\"font-family: 'Century Gothic';\"><span style=\"font-size: medium;\">Muchos adverbios terminados en \u2013mente: f\u00e1cilmente, pl\u00e1cidamente, injustamente, indistintamente&#8230;.<\/span><\/span><\/p>\n<p style=\"text-align: justify; padding-left: 30px;\"><span style=\"font-family: 'Century Gothic';\"><span style=\"font-size: medium;\"><strong><img loading=\"lazy\" src=\"http:\/\/www.fotosearch.com\/bthumb\/CSP\/CSP247\/k2474218.jpg\" alt=\"\" width=\"35\" height=\"35\" align=\"absmiddle\" \/><span style=\"color: #008000;\">ADVERBIOS DE CANTIDAD:\u00a0<span style=\"color: #000000; font-weight: normal; font-size: small;\">Mucho, poco, tanto, bastante, demasiado, m\u00e1s, muy, tan, menos, algo, nada, mitad, casi, medio&#8230;Algunos acabados en \u2013mente: totalmente, parcialmente, escasamente, completamente&#8230;<\/span><\/span><\/strong><\/span><\/span><\/p>\n<p style=\"text-align: justify; padding-left: 30px;\"><span style=\"font-family: 'Century Gothic';\"><span style=\"font-size: medium;\"><strong><img loading=\"lazy\" src=\"http:\/\/www.fotosearch.com\/bthumb\/CSP\/CSP247\/k2474218.jpg\" alt=\"\" width=\"35\" height=\"35\" align=\"absmiddle\" \/><span style=\"color: #008000;\">ADVERBIOS DE AFIRMACI\u00d3N:\u00a0<span style=\"color: #000000; font-family: Georgia, 'Times New Roman', 'Bitstream Charter', Times, serif; font-weight: normal; font-size: 13px;\">S\u00ed, evidentemente, en efecto, c\u00f3mo no, claro&#8230;<\/span><\/span><\/strong><\/span><\/span><\/p>\n<p style=\"text-align: justify; padding-left: 30px;\"><span style=\"font-family: 'Century Gothic';\"><span style=\"font-size: medium;\"><strong><img loading=\"lazy\" src=\"http:\/\/www.fotosearch.com\/bthumb\/CSP\/CSP247\/k2474218.jpg\" alt=\"\" width=\"35\" height=\"35\" align=\"absmiddle\" \/><span style=\"color: #008000;\">ADVERBIOS DE NEGACI\u00d3N:\u00a0<span style=\"color: #000000; font-weight: normal; font-size: small;\">No, de ning\u00fan modo, en absoluto&#8230;<\/span><\/span><\/strong><\/span><\/span><\/p>\n<p style=\"text-align: justify; padding-left: 30px;\"><span style=\"font-family: 'Century Gothic';\"><span style=\"font-size: medium;\"><strong><img loading=\"lazy\" src=\"http:\/\/www.fotosearch.com\/bthumb\/CSP\/CSP247\/k2474218.jpg\" alt=\"\" width=\"35\" height=\"35\" align=\"absmiddle\" \/><span style=\"color: #008000;\">ADVERBIOS DE DUDA:\u00a0<span style=\"color: #000000; font-weight: normal; font-size: small;\">Quiz\u00e1s, tal vez, acaso, a lo mejor, posiblemente.<\/span><\/span><\/strong><\/span><\/span><\/p>\n<p style=\"text-align: justify;\">\n<p style=\"text-align: justify;\"><span style=\"font-family: 'Century Gothic';\"><span style=\"font-size: x-large;\"><img loading=\"lazy\" src=\"http:\/\/www.fotosearch.com\/bthumb\/CSP\/CSP148\/k1486832.jpg\" alt=\"\" width=\"36\" height=\"36\" align=\"absmiddle\" \/> <span style=\"color: #008000;\"><strong>LOCUCIONES ADVERBIALES<\/strong><\/span><\/span><\/span><\/p>\n<p style=\"text-align: justify; padding-left: 30px;\"><span style=\"font-family: 'Century Gothic';\"><span style=\"font-size: medium;\">Su origen son sintagmas preposicionales que, a causa de su frecuente uso, han llegado a gramaticalizarse, es decir, a convertirse en expresiones fijas.<\/span><\/span><\/p>\n<p style=\"text-align: justify; padding-left: 30px;\"><span style=\"font-family: 'Century Gothic';\"><span style=\"font-size: medium;\"><span style=\"color: #008000;\">Las hay introducidas con la preposici\u00f3n A<\/span>: a menudo, a veces, a caballo, a pie, a diestra y siniestra, a la bartola, a traici\u00f3n, a patadas, a coces, a besos&#8230;Algunas de estas locuciones se han unido: aprisa, adrede, aposta&#8230;<\/span><\/span><\/p>\n<p style=\"text-align: justify; padding-left: 30px;\"><span style=\"font-family: 'Century Gothic';\"><span style=\"font-size: medium;\"><span style=\"color: #008000;\">Las hay introducidas por la preposici\u00f3n EN<\/span>: en pie, en cuclillas, en efecto, en realidad, en un tris. Algunas de estas locuciones se han unido: enseguida. \u2423 Las hay introducidas por la preposici\u00f3n DE: de repente, de pronto, de s\u00fabito, de veras, de hecho, de continuo, de memoria, de hito en hito, de d\u00eda&#8230; <\/span><\/span><\/p>\n<p style=\"text-align: justify; padding-left: 30px;\"><span style=\"font-family: 'Century Gothic';\"><span style=\"font-size: medium;\"><span style=\"color: #008000;\">Con otras preposiciones son menos abundantes<\/span> pero existen algunas: sobre todo, desde luego, por poco, por fin, para colmo, sin m\u00e1s, sin comparaci\u00f3n, punto por punto.<\/span><\/span><\/p>\n<p style=\"text-align: justify; padding-left: 30px;\"><span style=\"font-family: 'Century Gothic';\"><span style=\"font-size: medium;\"><br \/>\n<\/span><\/span><\/p>\n<p style=\"text-align: justify;\"><span style=\"font-family: 'Century Gothic';\"><span style=\"font-size: x-large;\"><img loading=\"lazy\" class=\"alignabsmiddle\" src=\"http:\/\/aulambra.lineadecodigo.com\/wp-content\/uploads\/2009\/04\/pdf.png\" alt=\"\" width=\"45\" height=\"45\" align=\"absmiddle\" \/> <span style=\"color: #008000;\"><strong>EJERCICIOS IMPRIMIBLES<\/strong><\/span><\/span><\/span><\/p>\n<p style=\"text-align: justify; padding-left: 60px;\"><span style=\"font-family: 'Century Gothic';\"><span style=\"font-size: medium;\"><span style=\"color: #008000;\"><strong><img loading=\"lazy\" src=\"http:\/\/aulambra.lineadecodigo.com\/wp-content\/uploads\/2009\/04\/pdf.png\" alt=\"\" width=\"35\" height=\"35\" align=\"absmiddle\" \/> <a href=\"http:\/\/www.apuntesdelengua.com\/archivos\/morfologia\/adverbio\/ejercicios01.pdf\" target=\"_blank\">Ejercicios para practicar la identificaci\u00f3n y tipos de adverbios.<\/a><\/strong><\/span><\/span><\/span><\/p>\n<p style=\"text-align: justify; padding-left: 60px;\"><span style=\"font-family: 'Century Gothic';\"><span style=\"font-size: medium;\"><span style=\"color: #008000;\"><strong><img loading=\"lazy\" src=\"http:\/\/aulambra.lineadecodigo.com\/wp-content\/uploads\/2009\/04\/pdf.png\" alt=\"\" width=\"35\" height=\"35\" align=\"absmiddle\" \/> <a href=\"http:\/\/www.apuntesdelengua.com\/archivos\/morfologia\/adverbio\/ejercicios02.pdf\" target=\"_blank\">Ejercicios para practicar adverbios, locuciones adverbiales y significados de \u00e9stas.<\/a><\/strong><\/span><\/span><\/span><\/p>\n<p style=\"text-align: justify; padding-left: 60px;\">\n<p style=\"text-align: justify;\"><span style=\"font-family: 'Century Gothic';\"><span style=\"font-size: x-large;\"><span style=\"color: #008000;\"><strong><img loading=\"lazy\" src=\"http:\/\/www.fotosearch.com\/bthumb\/UNC\/UNC226\/u12698109.jpg\" alt=\"\" width=\"45\" height=\"45\" align=\"absmiddle\" \/> EJERCICIOS INTERACTIVOS<\/strong><\/span><\/span><\/span><\/p>\n<p style=\"text-align: justify; padding-left: 60px;\"><span style=\"font-family: 'Century Gothic';\"><span style=\"font-size: medium;\"><span style=\"color: #008000;\"><strong><img loading=\"lazy\" class=\"alignabsmiddle\" src=\"http:\/\/www.fotosearch.com\/bthumb\/UNC\/UNC226\/u12698109.jpg\" alt=\"\" width=\"35\" height=\"35\" align=\"absmiddle\" \/> Ejercicios Hot Potatoes de M\u00aa Dolores Villalba Madrid: <\/strong><\/span><\/span><\/span><\/p>\n<p style=\"text-align: justify; padding-left: 120px;\"><span style=\"font-family: 'Century Gothic';\"><span style=\"font-size: medium;\"><span style=\"color: #008000;\"><strong><a href=\"http:\/\/centros3.pntic.mec.es\/cp.antonio.de.ulloa\/webactivhotpot\/raiz\/Hot%20Pot\/lengua6\/adverbio\/adverbio1.htm\">El adverbio<\/a><\/strong><\/span><\/span><\/span><\/p>\n<p style=\"text-align: justify; padding-left: 120px;\"><span style=\"font-family: 'Century Gothic';\"><span style=\"font-size: medium;\"><span style=\"color: #008000;\"><strong><a href=\"http:\/\/centros3.pntic.mec.es\/cp.antonio.de.ulloa\/webactivhotpot\/raiz\/Hot%20Pot\/lengua6\/adverbio\/adverbio2.htm\">Completa oraciones con los adverbios adecuados.<\/a><\/strong><\/span><\/span><\/span><\/p>\n<p style=\"text-align: justify; padding-left: 120px;\"><span style=\"font-family: 'Century Gothic';\"><span style=\"font-size: medium;\"><span style=\"color: #008000;\"><strong><a href=\"http:\/\/centros3.pntic.mec.es\/cp.antonio.de.ulloa\/webactivhotpot\/raiz\/Hot%20Pot\/lengua6\/adverbio\/cladver3.htm\">Clases y tipos de adverbios.<\/a><\/strong><\/span><\/span><\/span><\/p>\n<p style=\"text-align: justify; padding-left: 60px;\"><span style=\"font-family: 'Century Gothic';\"><span style=\"font-size: medium;\"><span style=\"color: #008000;\"><strong><img loading=\"lazy\" src=\"http:\/\/www.fotosearch.com\/bthumb\/UNC\/UNC226\/u12698109.jpg\" alt=\"\" width=\"35\" height=\"35\" align=\"absmiddle\" \/> Ejercicios Hot Potatoes de Ces\u00e1reo V\u00e1zquez<\/strong><\/span><\/span><\/span><\/p>\n<p style=\"text-align: justify; padding-left: 120px;\"><span style=\"font-family: 'Century Gothic';\"><span style=\"font-size: medium;\"><span style=\"color: #008000;\"><strong><a href=\"http:\/\/www.edu.xunta.es\/contidos\/premios\/p2003\/b\/archaron9\/GRAMATICA\/HOT\/adverbios.htm\">Adverbios<\/a><\/strong><\/span><\/span><\/span><\/p>\n<p style=\"text-align: justify; padding-left: 120px;\"><span style=\"font-family: 'Century Gothic';\"><span style=\"font-size: medium;\"><span style=\"color: #008000;\"><strong><a href=\"http:\/\/www.edu.xunta.es\/contidos\/premios\/p2003\/b\/archaron9\/GRAMATICA\/HOT\/ADJE_ADVER.htm\">Adjetivos y adverbios<\/a><\/strong><\/span><\/span><\/span><\/p>\n<p style=\"text-align: justify; padding-left: 60px;\">\n<p style=\"text-align: justify;\"><span style=\"font-family: 'Century Gothic';\"><span style=\"font-size: medium;\"><span style=\"color: #008000;\"><strong><br \/>\n<\/strong><\/span><\/span><\/span><\/p>\n<p>Fuentes de la informaci\u00f3n aqu\u00ed expuesta: Kalipedia, Contraclave.org, Hiru.com<\/p>\n","protected":false},"excerpt":{"rendered":"<p>Definici\u00f3n Seg\u00fan podemos comprobar en el Diccionario de la Real Academia, la dfinici\u00f3n de adverbio es: 1. m. Gram. Palabra invariable cuya funci\u00f3n consiste en complementar la significaci\u00f3n del verbo, de un adjetivo, de otro adverbio y de ciertas secuencias. Hay adverbios de lugar, como\u00a0aqu\u00ed,\u00a0delante,\u00a0lejos; de tiempo, como\u00a0hoy,\u00a0mientras,\u00a0nunca; de modo, como\u00a0bien,\u00a0despacio,\u00a0f\u00e1cilmente; de cantidad o grado,<\/p>\n","protected":false},"author":1,"featured_media":0,"parent":1434,"menu_order":5,"comment_status":"open","ping_status":"open","template":"page-1col.php","meta":{"_monsterinsights_skip_tracking":false,"_monsterinsights_sitenote_active":false,"_monsterinsights_sitenote_note":"","_monsterinsights_sitenote_category":0},"aioseo_notices":[],"_links":{"self":[{"href":"http:\/\/www.apuntesdelengua.com\/blog\/wp-json\/wp\/v2\/pages\/1895"}],"collection":[{"href":"http:\/\/www.apuntesdelengua.com\/blog\/wp-json\/wp\/v2\/pages"}],"about":[{"href":"http:\/\/www.apuntesdelengua.com\/blog\/wp-json\/wp\/v2\/types\/page"}],"author":[{"embeddable":true,"href":"http:\/\/www.apuntesdelengua.com\/blog\/wp-json\/wp\/v2\/users\/1"}],"replies":[{"embeddable":true,"href":"http:\/\/www.apuntesdelengua.com\/blog\/wp-json\/wp\/v2\/comments?post=1895"}],"version-history":[{"count":6,"href":"http:\/\/www.apuntesdelengua.com\/blog\/wp-json\/wp\/v2\/pages\/1895\/revisions"}],"predecessor-version":[{"id":1898,"href":"http:\/\/www.apuntesdelengua.com\/blog\/wp-json\/wp\/v2\/pages\/1895\/revisions\/1898"}],"up":[{"embeddable":true,"href":"http:\/\/www.apuntesdelengua.com\/blog\/wp-json\/wp\/v2\/pages\/1434"}],"wp:attachment":[{"href":"http:\/\/www.apuntesdelengua.com\/blog\/wp-json\/wp\/v2\/media?parent=1895"}],"curies":[{"name":"wp","href":"https:\/\/api.w.org\/{rel}","templated":true}]}}