{"id":191,"date":"2008-10-21T17:15:16","date_gmt":"2008-10-21T17:15:16","guid":{"rendered":"http:\/\/recursosele.wordpress.com\/?page_id=191"},"modified":"2021-10-01T13:13:40","modified_gmt":"2021-10-01T12:13:40","slug":"la-comunicacion","status":"publish","type":"page","link":"http:\/\/www.apuntesdelengua.com\/blog\/cursos\/1%c2%ba-eso\/la-comunicacion\/","title":{"rendered":"La comunicaci\u00f3n"},"content":{"rendered":"<p style=\"text-align: center;\"><a href=\"http:\/\/www.apuntesdelengua.com\/archivos\/1ESO\/comunicacion\/indice.html\"><img loading=\"lazy\" class=\"aligncenter\" src=\"http:\/\/www.apuntesdelengua.com\/archivos\/1ESO\/comunicacion\/indice.jpg\" alt=\"\" width=\"640\" height=\"357\" \/><\/a><\/p>\n<ul style=\"list-style-type: disc;\">\n<li>\n<p style=\"text-align: justify;\"><span style=\"font-family: 'Century Gothic';\"><span style=\"font-size: medium;\">Ejercicios interactivos sobre la comunicaci\u00f3n. Para acceder a ellos pincha <a href=\"http:\/\/www.materialesdelengua.org\/Edilim\/comunicacion\/inicio_comunicacion.htm\" target=\"_blank\" rel=\"noopener\"><strong><span style=\"color: #0000ff;\">aqu\u00ed<\/span><\/strong><\/a>.<\/span><\/span><\/p>\n<\/li>\n<li>\n<p style=\"text-align: justify;\"><span style=\"font-family: 'Century Gothic';\"><span style=\"font-size: medium;\">Test de contenidos en Hot potatoes (Aula de Letras). Pincha <a href=\"http:\/\/www.auladeletras.net\/material\/Repaso\/ejercicios\/Comunica.htm\" target=\"_blank\" rel=\"noopener\"><span style=\"color: #0000ff;\"><strong>aqu\u00ed<\/strong><\/span><\/a>.<\/span><\/span><\/p>\n<\/li>\n<\/ul>\n<ul style=\"list-style-type: disc;\">\n<li>\n<p style=\"text-align: justify;\"><span style=\"font-family: 'Century Gothic';\"><span style=\"font-size: medium;\"><a href=\"http:\/\/www.edu.xunta.es\/contidos\/premios\/p2003\/b\/archaron9\/COMUNICACION\/proceso_comu.htm\" target=\"_blank\" rel=\"noopener\"><span style=\"color: #0000ff;\"><strong>Proceso de comunicaci\u00f3n.<\/strong><\/span><\/a><\/span><\/span><\/p>\n<\/li>\n<li>\n<p style=\"text-align: justify;\"><span style=\"font-family: 'Century Gothic';\"><span style=\"font-size: medium;\"><a href=\"http:\/\/www.materialesdelengua.org\/LENGUA\/comunicacion\/diaporama.htm\" target=\"_blank\" rel=\"noopener\"><strong><span style=\"color: #0000ff;\">La comunicaci\u00f3n en im\u00e1genes<\/span><\/strong><\/a>.<\/span><\/span><\/p>\n<\/li>\n<li>\n<p style=\"text-align: justify;\"><span style=\"font-family: 'Century Gothic';\"><span style=\"font-size: medium;\"><a href=\"http:\/\/docs.google.com\/View?id=dwqpv4f_80ckwfnxgf\" target=\"_blank\" rel=\"noopener\"><strong>Apuntes de teor\u00eda sobre la comunicaci\u00f3n<\/strong><\/a>.<\/span><\/span><\/p>\n<\/li>\n<\/ul>\n<p style=\"text-align: justify;\"><a href=\"http:\/\/www.apuntesdelengua.com\/archivos\/1ESO\/comunicacion\/comunicacion-ejerciciosdeampliacionyrepaso.pdf\"><br \/>\n<\/a><a href=\"http:\/\/www.apuntesdelengua.com\/archivos\/1ESO\/comunicacion\/ejercicios_de_ampliacion_y_repaso.pdf\"><img class=\"alignnone\" style=\"width: 75px; height: 75px;\" src=\"http:\/\/www.apuntesdelengua.com\/master\/pdf.png\" alt=\"\" align=\"absMiddle\" \/><\/a><a href=\"http:\/\/www.apuntesdelengua.com\/archivos\/1ESO\/comunicacion\/comunicacion-ejerciciosdeampliacionyrepaso.pdf\"><span style=\"font-family: 'Century Gothic';\"><span style=\"font-size: medium;\">Fichas imprimibles de ampliaci\u00f3n y repaso.<\/span><\/span><\/a><\/p>\n<p style=\"text-align: center;\">\n","protected":false},"excerpt":{"rendered":"<p>Ejercicios interactivos sobre la comunicaci\u00f3n. Para acceder a ellos pincha aqu\u00ed. Test de contenidos en Hot potatoes (Aula de Letras). Pincha aqu\u00ed. Proceso de comunicaci\u00f3n. La comunicaci\u00f3n en im\u00e1genes. Apuntes de teor\u00eda sobre la comunicaci\u00f3n. Fichas imprimibles de ampliaci\u00f3n y repaso.<\/p>\n","protected":false},"author":1,"featured_media":0,"parent":100,"menu_order":0,"comment_status":"closed","ping_status":"open","template":"page-template-full.php","meta":{"_monsterinsights_skip_tracking":false,"_monsterinsights_sitenote_active":false,"_monsterinsights_sitenote_note":"","_monsterinsights_sitenote_category":0},"aioseo_notices":[],"_links":{"self":[{"href":"http:\/\/www.apuntesdelengua.com\/blog\/wp-json\/wp\/v2\/pages\/191"}],"collection":[{"href":"http:\/\/www.apuntesdelengua.com\/blog\/wp-json\/wp\/v2\/pages"}],"about":[{"href":"http:\/\/www.apuntesdelengua.com\/blog\/wp-json\/wp\/v2\/types\/page"}],"author":[{"embeddable":true,"href":"http:\/\/www.apuntesdelengua.com\/blog\/wp-json\/wp\/v2\/users\/1"}],"replies":[{"embeddable":true,"href":"http:\/\/www.apuntesdelengua.com\/blog\/wp-json\/wp\/v2\/comments?post=191"}],"version-history":[{"count":13,"href":"http:\/\/www.apuntesdelengua.com\/blog\/wp-json\/wp\/v2\/pages\/191\/revisions"}],"predecessor-version":[{"id":6926,"href":"http:\/\/www.apuntesdelengua.com\/blog\/wp-json\/wp\/v2\/pages\/191\/revisions\/6926"}],"up":[{"embeddable":true,"href":"http:\/\/www.apuntesdelengua.com\/blog\/wp-json\/wp\/v2\/pages\/100"}],"wp:attachment":[{"href":"http:\/\/www.apuntesdelengua.com\/blog\/wp-json\/wp\/v2\/media?parent=191"}],"curies":[{"name":"wp","href":"https:\/\/api.w.org\/{rel}","templated":true}]}}