{"id":1924,"date":"2010-01-31T20:30:48","date_gmt":"2010-01-31T19:30:48","guid":{"rendered":"http:\/\/www.apuntesdelengua.com\/blog\/?page_id=1924"},"modified":"2010-01-31T20:30:48","modified_gmt":"2010-01-31T19:30:48","slug":"el-romancero","status":"publish","type":"page","link":"http:\/\/www.apuntesdelengua.com\/blog\/cursos\/3%c2%ba-eso\/literatura-medieval\/el-romancero\/","title":{"rendered":"El Romancero"},"content":{"rendered":"<p style=\"text-align: justify;\"><strong><img loading=\"lazy\" src=\"http:\/\/www.fotosearch.com\/bthumb\/CSP\/CSP067\/k0670541.jpg\" alt=\"\" width=\"45\" height=\"45\" align=\"absMiddle\" \/><\/strong><span style=\"color: #008000;\"><span style=\"font-family: 'Century Gothic';\"><span style=\"font-size: x-large;\"><strong>\u00bfQU\u00c9 SON Y D\u00d3NDE SURGEN?<\/strong><\/span><\/span><\/span><\/p>\n<div style=\"width: 296px\" class=\"wp-caption alignleft\"><a href=\"http:\/\/www.educa.madrid.org\/web\/saed.leganes\/lengua\/eso3\/imagenes\/romancero.gif\"><img loading=\"lazy\" class=\" \" src=\"http:\/\/www.educa.madrid.org\/web\/saed.leganes\/lengua\/eso3\/imagenes\/romancero.gif\" alt=\"\" width=\"286\" height=\"218\" \/><\/a><p class=\"wp-caption-text\">Fuente: SAED Legan\u00e9s<\/p><\/div>\n<p style=\"text-align: justify;\"><span style=\"font-family: 'Century Gothic';\"><span style=\"font-size: medium;\">Los romances son poemas \u00e9picos o \u00e9pico-l\u00edricos, casi siempre breves, compuestos originariamente para ser cantados o recitados al son de un instrumento. Est\u00e1n formados por un n\u00famero indefinido de versos octos\u00edlabos con rima asonante en los pares &#8211; manteniendo casi siempre la misma rima durante toda la composici\u00f3n -, mientras quedan libres los impares. \u00c9ste es el resultado de escribir como versos diferentes los dos hemistiquios de los de los cantares de gesta, que tend\u00edan a las diecis\u00e9is s\u00edlabas y eran monorrimos.<\/span><\/span><\/p>\n<p style=\"text-align: justify;\"><span style=\"font-family: 'Century Gothic';\"><span style=\"font-size: medium;\">Los romances m\u00e1s antiguos son de finales del siglo XIV y principalmente del siglo XV. Se llaman romances viejos y pertenecen a la literatura popular y tradicional con todas sus caracter\u00edsticas de transmisi\u00f3n oral, anonimia, variantes, etc.<\/span><\/span><\/p>\n<p style=\"text-align: justify;\"><span style=\"font-family: 'Century Gothic';\"><span style=\"font-size: medium;\">Llamamos <span style=\"color: #008000;\"><strong>Romancero viejo<\/strong><\/span> al conjunto de <em>romances an\u00f3nimos medievales<\/em> cuyo auge acontece en el siglo XV, para diferenciarlo del <em>Romancero nuevo<\/em>, que componen los grandes poetas de los siglos XVI y XVII (Cervantes, Lope de Vega, G\u00f3ngora, Quevedo), seducidos por esta forma m\u00e9trica.<\/span><\/span><\/p>\n<p style=\"text-align: justify;\"><span style=\"font-family: 'Century Gothic';\"><span style=\"font-size: medium;\">Est\u00e1 constituido por <em>centenares de romances<\/em> que cantaban los juglares y el pueblo desde mediados del siglo XIV y a lo largo del XV, desplazando por completo a los extensos cantares de gesta que hab\u00edan cautivado a las gentes durante las dos centurias anteriores. Desde entonces han continuado vivos en la tradici\u00f3n hisp\u00e1nica popular. Y han llegado hasta nosotros por varios caminos:<\/span><\/span><\/p>\n<p style=\"text-align: justify; padding-left: 60px;\"><strong><span style=\"text-decoration: underline;\"><img loading=\"lazy\" src=\"http:\/\/www.fotosearch.com\/bthumb\/CSP\/CSP258\/k2580374.jpg\" alt=\"\" width=\"45\" height=\"35\" align=\"absmiddle\" \/><\/span><\/strong><span style=\"color: #008000;\"><span style=\"font-family: 'Century Gothic';\"><span style=\"font-size: medium;\"><strong>Cancioneros manuscritos.<\/strong><\/span><\/span><\/span><\/p>\n<p style=\"text-align: justify; padding-left: 60px;\"><strong><img loading=\"lazy\" src=\"http:\/\/www.fotosearch.com\/bthumb\/CSP\/CSP258\/k2580376.jpg\" alt=\"\" width=\"45\" height=\"35\" align=\"absmiddle\" \/><\/strong><span style=\"font-family: 'Century Gothic';\"><span style=\"font-size: medium;\"><span style=\"color: #008000;\"><strong>Antolog\u00edas impresas<\/strong><\/span>, como el <em>Cancionero general<\/em> recopilado por Hernando del Castillo y publicado en 1511. Hubo muchas de estas antolog\u00edas.<strong> <\/strong><\/span><\/span><\/p>\n<p style=\"text-align: justify; padding-left: 60px;\"><strong><img loading=\"lazy\" src=\"http:\/\/www.fotosearch.com\/bthumb\/CSP\/CSP258\/k2580388.jpg\" alt=\"\" width=\"45\" height=\"35\" align=\"absmiddle\" \/><\/strong><span style=\"font-family: 'Century Gothic';\"><span style=\"font-size: medium;\"><span style=\"color: #008000;\"><strong>Romanceros<\/strong><\/span>, es decir, vol\u00famenes formados exclusivamente por romances.<\/span><\/span><\/p>\n<p style=\"text-align: justify; padding-left: 60px;\"><strong><img loading=\"lazy\" src=\"http:\/\/www.fotosearch.com\/bthumb\/CSP\/CSP258\/k2580389.jpg\" alt=\"\" width=\"45\" height=\"35\" align=\"absmiddle\" \/><\/strong><span style=\"font-family: 'Century Gothic';\"><span style=\"font-size: medium;\"><strong><span style=\"color: #008000;\">Pliegos sueltos<\/span>:<\/strong> eran cuadernillos de cuatro hojas que se vend\u00edan a muy bajo precio por ferias y ciudades; dada su fragilidad, se han perdido en gran parte,<\/span><\/span><\/p>\n<p style=\"text-align: justify; padding-left: 60px;\"><strong><img loading=\"lazy\" src=\"http:\/\/www.fotosearch.com\/bthumb\/CSP\/CSP258\/k2580390.jpg\" alt=\"\" width=\"45\" height=\"35\" align=\"absmiddle\" \/><\/strong><span style=\"font-family: 'Century Gothic';\"><span style=\"font-size: medium;\"><span style=\"color: #008000;\"><strong>La tradici\u00f3n oral moderna:<\/strong><\/span> en efecto, el pueblo contin\u00faa a\u00fan cantando romances; (pero cada vez menos, barridos por las canciones modernas de la radio y la televisi\u00f3n); durante el siglo XX, se han recogido en la Pen\u00ednsula, en Canarias, en Hispanoam\u00e9rica, y tambi\u00e9n entre las comunidades jud\u00edas sefard\u00edes).<\/span><\/span><\/p>\n<p style=\"text-align: justify;\"><strong><img loading=\"lazy\" src=\"http:\/\/www.fotosearch.com\/bthumb\/CSP\/CSP067\/k0670541.jpg\" alt=\"\" width=\"45\" height=\"45\" align=\"absMiddle\" \/><\/strong><span style=\"color: #008000;\"><span style=\"font-family: 'Century Gothic';\"><span style=\"font-size: x-large;\"><strong>TEMAS<\/strong><\/span><\/span><\/span><\/p>\n<p style=\"text-align: justify;\"><span style=\"font-family: 'Century Gothic';\"><span style=\"font-size: medium;\">Los temas del Romancero viejo son muy variados. Sin ser exhaustiva se propone la siguiente clasificaci\u00f3n tem\u00e1tica:<\/span><\/span><\/p>\n<p style=\"text-align: justify; padding-left: 60px;\"><strong><span style=\"text-decoration: underline;\"><img loading=\"lazy\" src=\"http:\/\/www.fotosearch.com\/bthumb\/CSP\/CSP258\/k2580374.jpg\" alt=\"\" width=\"45\" height=\"35\" align=\"absmiddle\" \/><\/span><\/strong><span style=\"font-family: 'Century Gothic';\"><span style=\"font-size: medium;\"><strong><span style=\"color: #008000;\">Romances hist\u00f3ricos:<\/span> <\/strong>Tratan temas hist\u00f3ricos o legendarios relativos a la historia nacional: el rey don Rodrigo, el Cid, Bernardo del Carpio, Infantes de Lara, etc.<\/span><\/span><\/p>\n<p style=\"text-align: justify; padding-left: 60px;\"><strong><img loading=\"lazy\" src=\"http:\/\/www.fotosearch.com\/bthumb\/CSP\/CSP258\/k2580376.jpg\" alt=\"\" width=\"45\" height=\"35\" align=\"absmiddle\" \/><\/strong><span style=\"font-family: 'Century Gothic';\"><span style=\"font-size: medium;\"><span style=\"color: #008000;\"><strong>Romances fronterizos:<\/strong><\/span> Cuentan sucesos ocurridos en el frente o frontera con los moros durante la Reconquista.<\/span><\/span><\/p>\n<p style=\"text-align: justify; padding-left: 60px;\"><strong><img loading=\"lazy\" src=\"http:\/\/www.fotosearch.com\/bthumb\/CSP\/CSP258\/k2580388.jpg\" alt=\"\" width=\"45\" height=\"35\" align=\"absmiddle\" \/><\/strong><span style=\"font-family: 'Century Gothic';\"><span style=\"font-size: medium;\"><span style=\"color: #008000;\"><strong>Romances carolingios:<\/strong><\/span> derivados de las gestas francesas: batalla de Roncesvalles y personajes relacionados con Carlomagno.<\/span><\/span><\/p>\n<p style=\"text-align: justify; padding-left: 60px;\"><strong><img loading=\"lazy\" src=\"http:\/\/www.fotosearch.com\/bthumb\/CSP\/CSP258\/k2580389.jpg\" alt=\"\" width=\"45\" height=\"35\" align=\"absmiddle\" \/><\/strong><span style=\"font-family: 'Century Gothic';\"><span style=\"font-size: medium;\"><span style=\"color: #008000;\"><strong>Romances novelescos:<\/strong><\/span> narran una gran variedad de temas, frecuentemente inspirados en el folklore europeo y espa\u00f1ol<\/span><\/span><\/p>\n<p style=\"text-align: justify; padding-left: 60px;\"><strong><img loading=\"lazy\" src=\"http:\/\/www.fotosearch.com\/bthumb\/CSP\/CSP258\/k2580390.jpg\" alt=\"\" width=\"45\" height=\"35\" align=\"absmiddle\" \/><\/strong><span style=\"font-family: 'Century Gothic';\"><span style=\"font-size: medium;\"><span style=\"color: #008000;\"><strong>Romances l\u00edricos:<\/strong><\/span> En ellos, lo narrado es s\u00f3lo un tenue pretexto para que exprese sus sentimientos el an\u00f3nimo poeta.<\/span><\/span><\/p>\n<p style=\"text-align: justify;\"><strong><img loading=\"lazy\" src=\"http:\/\/www.fotosearch.com\/bthumb\/CSP\/CSP067\/k0670541.jpg\" alt=\"\" width=\"45\" height=\"45\" align=\"absMiddle\" \/><\/strong><span style=\"color: #008000;\"><span style=\"font-family: 'Century Gothic';\"><span style=\"font-size: x-large;\"><strong>ESTILO<\/strong><\/span><\/span><\/span><\/p>\n<p style=\"text-align: justify;\"><span style=\"font-family: 'Century Gothic';\"><span style=\"font-size: medium;\">Desde el punto de vista estil\u00edstico, el Romancero manifiesta una gran sencillez y sobriedad de recursos: descripciones parcas y realitas, casi total ausencia de elementos fant\u00e1sticos o maravillosos, escasez de adjetivos y met\u00e1foras. A pesar de ello se consigue una extraordinaria viveza narrativa y los m\u00e1s variados efectos po\u00e9ticos.<\/span><\/span><\/p>\n<p style=\"text-align: justify;\"><span style=\"font-family: 'Century Gothic';\"><span style=\"font-size: medium;\">Destaca en el romancero la presentaci\u00f3n de los personajes, la aproximaci\u00f3n a la realidad con una gran fuerza pl\u00e1stica y el arte de saber llevar la atenci\u00f3n del oyente hacia el n\u00facleo tem\u00e1tico. Se combinan admirablemente la narraci\u00f3n y el di\u00e1logo.<\/span><\/span><\/p>\n<p style=\"text-align: justify;\"><span style=\"font-family: 'Century Gothic';\"><span style=\"font-size: medium;\">La alternancia en la utilizaci\u00f3n de las formas verbales &#8211; presente\/pret\u00e9rito &#8211; es otro aspecto que anima la narraci\u00f3n con el cambio de perspectivas temporales, desde un pasado lejano a un pasado cercano e incluso a un presente o viceversa.<\/span><\/span><\/p>\n<p style=\"text-align: justify;\"><span style=\"font-family: 'Century Gothic';\"><span style=\"font-size: medium;\">Otra caracter\u00edstica muy importante es el fragmentarismo: El romance se centra en un momento determinado de la acci\u00f3n. Los antecedentes no aparecen porque son conocidos o no interesan, y se entra, como ya hemos dicho, directamente en el asunto. Adem\u00e1s, con mucha frecuencia, la narraci\u00f3n se rompe bruscamente sin que se conozca el desenlace final. El resultado es de una incre\u00edble eficacia po\u00e9tica, al atrapar al oyente en el misterio y la emoci\u00f3n, y hacerle participar con su propia imaginaci\u00f3n, lanzada a una actividad creadora personal.<\/span><\/span><\/p>\n<p style=\"text-align: justify;\">\n<p style=\"text-align: justify;\"><span style=\"font-family: 'Century Gothic';\"><span style=\"font-size: x-large;\"><img loading=\"lazy\" src=\"http:\/\/aulambra.lineadecodigo.com\/wp-content\/uploads\/2009\/04\/pdf.png\" alt=\"\" width=\"45\" height=\"45\" align=\"absmiddle\" \/> <span style=\"color: #008000;\"><strong>MATERIALES IMPRIMIBLES<\/strong><\/span><br \/>\n<\/span><\/span><\/p>\n<p style=\"text-align: justify; padding-left: 60px;\"><img loading=\"lazy\" src=\"http:\/\/aulambra.lineadecodigo.com\/wp-content\/uploads\/2009\/04\/pdf.png\" alt=\"\" width=\"35\" height=\"35\" align=\"absmiddle\" \/><span style=\"font-family: 'Century Gothic';\"><span style=\"font-size: medium;\"> <a href=\"http:\/\/www.apuntesdelengua.com\/archivos\/literatura\/romancero-teoria.pdf\" target=\"_blank\">Apuntes de teor\u00eda sobre el romancero.<\/a><\/span><\/span><\/p>\n<p style=\"text-align: justify; padding-left: 60px;\"><img loading=\"lazy\" src=\"http:\/\/aulambra.lineadecodigo.com\/wp-content\/uploads\/2009\/04\/pdf.png\" alt=\"\" width=\"35\" height=\"35\" align=\"absmiddle\" \/> <a href=\"http:\/\/www.apuntesdelengua.com\/archivos\/literatura\/romancero-textos.pdf\" target=\"_blank\"><span style=\"font-family: 'Century Gothic';\"><span style=\"font-size: medium;\">Apuntes sobre algunos textos del romancero, con textos del romancero.<\/span><\/span><\/a><\/p>\n<p><span style=\"font-family: 'Century Gothic';\"><span style=\"font-size: x-large;\"><img loading=\"lazy\" src=\"http:\/\/www.fotosearch.com\/bthumb\/UNC\/UNC226\/u12698109.jpg\" alt=\"\" width=\"45\" height=\"45\" align=\"absmiddle\" \/> <span style=\"color: #008000;\"><strong>MATERIALES INTERACTIVOS<\/strong><\/span><\/span><\/span><\/p>\n<p style=\"padding-left: 60px;\"><span style=\"font-family: 'Century Gothic';\"><span style=\"font-size: medium;\"><img loading=\"lazy\" src=\"http:\/\/www.fotosearch.com\/bthumb\/UNC\/UNC226\/u12698109.jpg\" alt=\"\" width=\"35\" height=\"35\" align=\"absmiddle\" \/> <\/span><\/span><span style=\"font-family: 'Century Gothic';\"><span style=\"font-size: medium;\"><a href=\"http:\/\/laprofadecastellano.blogia.com\/2008\/102301-romancero-nuevo-y-viejo.-caracteristicas-y-romances-comentados.php\" target=\"_blank\">Romancero. Caracter\u00edsticas y romances con textos comentados.<\/a><\/span><\/span><\/p>\n<p style=\"padding-left: 60px;\"><img loading=\"lazy\" src=\"http:\/\/www.fotosearch.com\/bthumb\/UNC\/UNC226\/u12698109.jpg\" alt=\"\" width=\"35\" height=\"35\" align=\"absmiddle\" \/><span style=\"font-family: 'Century Gothic';\"><span style=\"font-size: medium;\"><strong> <\/strong><a href=\"http:\/\/lenguayliteratura.org\/ltr\/index.php?option=com_content&amp;task=view&amp;id=737&amp;Itemid=1\" target=\"_blank\">El Romancero. Informaci\u00f3n elemental (Proyecto Aula)<\/a><strong><br \/>\n<\/strong><\/span><\/span><\/p>\n<p style=\"padding-left: 60px;\"><img loading=\"lazy\" src=\"http:\/\/www.fotosearch.com\/bthumb\/UNC\/UNC226\/u12698109.jpg\" alt=\"\" width=\"35\" height=\"35\" align=\"absmiddle\" \/><span style=\"font-family: 'Century Gothic';\"><span style=\"font-size: medium;\"><strong> <\/strong><a href=\"http:\/\/elromancero.wordpress.com\/antologia-de-romances-pau\/\" target=\"_blank\">El Romancero. Antolog\u00eda de romances &#8211; PAU<\/a><strong><br \/>\n<\/strong><\/span><\/span><\/p>\n<p style=\"padding-left: 60px;\"><img loading=\"lazy\" src=\"http:\/\/www.fotosearch.com\/bthumb\/UNC\/UNC226\/u12698109.jpg\" alt=\"\" width=\"35\" height=\"35\" align=\"absmiddle\" \/> <span style=\"font-family: 'Century Gothic';\"><span style=\"font-size: medium;\"><a href=\"http:\/\/roble.pntic.mec.es\/~msanto1\/lengua\/1romance.htm\" target=\"_blank\">Actividades te\u00f3rico-pr\u00e1cticas (Mariano Santos)<\/a><\/span><\/span><\/p>\n<p style=\"padding-left: 60px;\"><img loading=\"lazy\" src=\"http:\/\/www.fotosearch.com\/bthumb\/UNC\/UNC226\/u12698109.jpg\" alt=\"\" width=\"35\" height=\"35\" align=\"absmiddle\" \/> <span style=\"font-family: 'Century Gothic';\"><span style=\"font-size: medium;\">Selecci\u00f3n de romances nuevos (siglo XX) por autores: <\/span><\/span><\/p>\n<p style=\"padding-left: 150px;\"><strong><span style=\"font-family: 'Century Gothic';\"><span style=\"font-size: medium;\"><a href=\"http:\/\/elmundoenverso.blogspot.com\/2007\/11\/era-un-nio-que-soaba-antonio-machado.html\">Antonio  Machado<\/a> <\/span><\/span><\/strong><\/p>\n<p style=\"text-align: justify; padding-left: 150px;\"><strong><span style=\"font-family: 'Century Gothic';\"><span style=\"font-size: medium;\"><a href=\"http:\/\/www.analitica.com\/Bitblio\/lorca\/romancero.asp\">Federico   Garc\u00eda Lorca<\/a><\/span><\/span><\/strong><\/p>\n<p style=\"text-align: justify; padding-left: 150px;\"><span style=\"font-family: 'Century Gothic';\"><span style=\"font-size: medium;\"><strong><a href=\"http:\/\/www.poesia-inter.net\/pchumgar13.htm\">Miguel  Hern\u00e1ndez<\/a><\/strong><span style=\"font-family: 'Century Gothic';\"><span style=\"font-size: medium;\"><a href=\"http:\/\/www.analitica.com\/Bitblio\/lorca\/romancero.asp\"> <\/a><\/span><\/span><\/span><\/span><\/p>\n<p style=\"padding-left: 60px;\"><span style=\"font-family: 'Century Gothic';\"><span style=\"font-size: medium;\"><a href=\"http:\/\/www.poesia-inter.net\/pchumgar13.htm\"><br \/>\n<\/a><\/span><\/span><\/p>\n<p style=\"padding-left: 60px;\"><span style=\"font-family: 'Century Gothic';\"><span style=\"font-size: medium;\"><a href=\"http:\/\/www.poesia-inter.net\/pchumgar13.htm\"><br \/>\n<\/a><\/span><\/span><\/p>\n<p style=\"padding-left: 60px;\">\n","protected":false},"excerpt":{"rendered":"<p>\u00bfQU\u00c9 SON Y D\u00d3NDE SURGEN? Los romances son poemas \u00e9picos o \u00e9pico-l\u00edricos, casi siempre breves, compuestos originariamente para ser cantados o recitados al son de un instrumento. Est\u00e1n formados por un n\u00famero indefinido de versos octos\u00edlabos con rima asonante en los pares &#8211; manteniendo casi siempre la misma rima durante toda la composici\u00f3n -, mientras<\/p>\n","protected":false},"author":1,"featured_media":0,"parent":1109,"menu_order":2,"comment_status":"open","ping_status":"open","template":"page-1col.php","meta":{"_monsterinsights_skip_tracking":false,"_monsterinsights_sitenote_active":false,"_monsterinsights_sitenote_note":"","_monsterinsights_sitenote_category":0},"aioseo_notices":[],"_links":{"self":[{"href":"http:\/\/www.apuntesdelengua.com\/blog\/wp-json\/wp\/v2\/pages\/1924"}],"collection":[{"href":"http:\/\/www.apuntesdelengua.com\/blog\/wp-json\/wp\/v2\/pages"}],"about":[{"href":"http:\/\/www.apuntesdelengua.com\/blog\/wp-json\/wp\/v2\/types\/page"}],"author":[{"embeddable":true,"href":"http:\/\/www.apuntesdelengua.com\/blog\/wp-json\/wp\/v2\/users\/1"}],"replies":[{"embeddable":true,"href":"http:\/\/www.apuntesdelengua.com\/blog\/wp-json\/wp\/v2\/comments?post=1924"}],"version-history":[{"count":6,"href":"http:\/\/www.apuntesdelengua.com\/blog\/wp-json\/wp\/v2\/pages\/1924\/revisions"}],"predecessor-version":[{"id":1930,"href":"http:\/\/www.apuntesdelengua.com\/blog\/wp-json\/wp\/v2\/pages\/1924\/revisions\/1930"}],"up":[{"embeddable":true,"href":"http:\/\/www.apuntesdelengua.com\/blog\/wp-json\/wp\/v2\/pages\/1109"}],"wp:attachment":[{"href":"http:\/\/www.apuntesdelengua.com\/blog\/wp-json\/wp\/v2\/media?parent=1924"}],"curies":[{"name":"wp","href":"https:\/\/api.w.org\/{rel}","templated":true}]}}