{"id":194,"date":"2008-10-21T17:19:01","date_gmt":"2008-10-21T17:19:01","guid":{"rendered":"http:\/\/recursosele.wordpress.com\/?page_id=194"},"modified":"2021-09-22T13:53:05","modified_gmt":"2021-09-22T12:53:05","slug":"uso-del-diccionario","status":"publish","type":"page","link":"http:\/\/www.apuntesdelengua.com\/blog\/cursos\/1%c2%ba-eso\/uso-del-diccionario\/","title":{"rendered":"Uso del diccionario"},"content":{"rendered":"<p style=\"text-align: center;\"><a href=\"http:\/\/www.apuntesdelengua.com\/archivos\/1ESO\/diccionario\/diccionario.pps\" target=\"_blank\" rel=\"noopener\"><img loading=\"lazy\" class=\"aligncenter size-full wp-image-3524\" title=\"Presentaci\u00f3n - Uso del diccionario\" src=\"http:\/\/www.apuntesdelengua.com\/blog\/wp-content\/uploads\/2008\/10\/Imagen-2.png\" alt=\"\" width=\"313\" height=\"232\" srcset=\"http:\/\/www.apuntesdelengua.com\/blog\/wp-content\/uploads\/2008\/10\/Imagen-2.png 538w, http:\/\/www.apuntesdelengua.com\/blog\/wp-content\/uploads\/2008\/10\/Imagen-2-300x223.png 300w\" sizes=\"(max-width: 313px) 100vw, 313px\" \/><\/a><\/p>\n<p style=\"text-align: justify;\"><span style=\"font-family: 'Century Gothic';\"><span style=\"font-size: medium;\">A continuaci\u00f3n presentamos una serie de actividades relacionadas con la tem\u00e1tica del diccionario que hemos desarrollado en clase.<\/span><\/span><\/p>\n<ul>\n<li>\n<p style=\"text-align: justify;\"><span style=\"font-family: 'Century Gothic';\"><span style=\"font-size: medium;\">Partes de la entrada del diccionario. Pincha <strong><a href=\"http:\/\/www.materialesdelengua.org\/WEB\/hotpotatoes\/diccionario\/jmach_entrada.htm\" target=\"_blank\" rel=\"noopener\"><span style=\"color: #008000;\">aqu\u00ed<\/span><\/a><\/strong>.<\/span><\/span><\/p>\n<\/li>\n<li>\n<p style=\"text-align: justify;\"><span style=\"font-family: 'Century Gothic';\"><span style=\"font-size: medium;\">Las definiciones en el diccionario. Pincha <a href=\"http:\/\/www.materialesdelengua.org\/WEB\/hotpotatoes\/diccionario\/molinero\/Jmix_molinero.htm\" target=\"_blank\" rel=\"noopener\"><strong><span style=\"color: #008000;\">aqu\u00ed<\/span><\/strong><\/a>.<\/span><\/span><\/p>\n<\/li>\n<li>\n<p style=\"text-align: justify;\"><span style=\"font-family: 'Century Gothic';\"><span style=\"font-size: medium;\">Las palabras en el diccionario. Pincha <a href=\"http:\/\/www.materialesdelengua.org\/WEB\/hotpotatoes\/diccionario\/jquiz_palabra.htm\" target=\"_blank\" rel=\"noopener\"><strong><span style=\"color: #008000;\">aqu\u00ed<\/span><\/strong><\/a>.<\/span><\/span><\/p>\n<\/li>\n<li>\n<p style=\"text-align: justify;\"><span style=\"font-family: 'Century Gothic';\"><span style=\"font-size: medium;\">Uso del diccionario. Pincha <strong><a href=\"http:\/\/roble.pntic.mec.es\/~msanto1\/lengua\/diccion.htm\" target=\"_blank\" rel=\"noopener\"><span style=\"color: #008000;\">aqu\u00ed<\/span><\/a>.<\/strong><\/span><\/span><\/p>\n<\/li>\n<li>\n<p style=\"text-align: justify;\"><span style=\"font-family: 'Century Gothic';\"><span style=\"font-size: medium;\">Bater\u00eda de 14 actividades sobre la presentaci\u00f3n de una entrada en el diccionario. Pincha <strong><a href=\"http:\/\/www.xtec.es\/~jgenover\/diccio5.htm\" target=\"_blank\" rel=\"noopener\"><span style=\"color: #008000;\">aqu\u00ed<\/span><\/a><\/strong>.<\/span><\/span><\/p>\n<\/li>\n<\/ul>\n","protected":false},"excerpt":{"rendered":"<p>A continuaci\u00f3n presentamos una serie de actividades relacionadas con la tem\u00e1tica del diccionario que hemos desarrollado en clase. Partes de la entrada del diccionario. Pincha aqu\u00ed. Las definiciones en el diccionario. Pincha aqu\u00ed. Las palabras en el diccionario. Pincha aqu\u00ed. Uso del diccionario. Pincha aqu\u00ed. Bater\u00eda de 14 actividades sobre la presentaci\u00f3n de una entrada<\/p>\n","protected":false},"author":1,"featured_media":0,"parent":100,"menu_order":1,"comment_status":"closed","ping_status":"open","template":"","meta":{"_monsterinsights_skip_tracking":false,"_monsterinsights_sitenote_active":false,"_monsterinsights_sitenote_note":"","_monsterinsights_sitenote_category":0},"aioseo_notices":[],"_links":{"self":[{"href":"http:\/\/www.apuntesdelengua.com\/blog\/wp-json\/wp\/v2\/pages\/194"}],"collection":[{"href":"http:\/\/www.apuntesdelengua.com\/blog\/wp-json\/wp\/v2\/pages"}],"about":[{"href":"http:\/\/www.apuntesdelengua.com\/blog\/wp-json\/wp\/v2\/types\/page"}],"author":[{"embeddable":true,"href":"http:\/\/www.apuntesdelengua.com\/blog\/wp-json\/wp\/v2\/users\/1"}],"replies":[{"embeddable":true,"href":"http:\/\/www.apuntesdelengua.com\/blog\/wp-json\/wp\/v2\/comments?post=194"}],"version-history":[{"count":7,"href":"http:\/\/www.apuntesdelengua.com\/blog\/wp-json\/wp\/v2\/pages\/194\/revisions"}],"predecessor-version":[{"id":6916,"href":"http:\/\/www.apuntesdelengua.com\/blog\/wp-json\/wp\/v2\/pages\/194\/revisions\/6916"}],"up":[{"embeddable":true,"href":"http:\/\/www.apuntesdelengua.com\/blog\/wp-json\/wp\/v2\/pages\/100"}],"wp:attachment":[{"href":"http:\/\/www.apuntesdelengua.com\/blog\/wp-json\/wp\/v2\/media?parent=194"}],"curies":[{"name":"wp","href":"https:\/\/api.w.org\/{rel}","templated":true}]}}