{"id":1964,"date":"2010-02-08T21:27:47","date_gmt":"2010-02-08T20:27:47","guid":{"rendered":"http:\/\/www.apuntesdelengua.com\/blog\/?page_id=1964"},"modified":"2014-02-16T23:22:41","modified_gmt":"2014-02-16T22:22:41","slug":"figuras-literarias","status":"publish","type":"page","link":"http:\/\/www.apuntesdelengua.com\/blog\/cursos\/2%c2%ba-eso\/literatura\/figuras-literarias\/","title":{"rendered":"Figuras literarias"},"content":{"rendered":"<p style=\"text-align: center;\"><img loading=\"lazy\" alt=\"\" src=\"http:\/\/enunlugardelared.files.wordpress.com\/2009\/01\/figuras-literarias1.jpg\" width=\"500\" height=\"300\" \/><\/p>\n<p style=\"text-align: justify;\"><span style=\"color: #008000;\"><strong><span style=\"font-family: 'Century Gothic';\"><span style=\"font-size: x-large;\">Definici\u00f3n:<\/span><\/span><\/strong><\/span><\/p>\n<p style=\"text-align: justify;\"><span style=\"font-family: 'Century Gothic';\"><span style=\"font-size: medium;\">El estudio de los recursos, o figuras, literarios se realiza dentro de una disciplina llamada <strong><span style=\"color: #008000;\">Ret\u00f3rica<\/span><\/strong>. Este t\u00e9rmino, de origen griego <\/span><\/span>\u03c1\u03b7\u03c4\u03bf\u03c1\u03b9\u03ba\u03ae [\u03c4\u03ad\u03c7\u03bd\u03b7], \u00abrhetorik\u00e8 (t\u00e9chne)\u00bb)<span style=\"font-family: 'Century Gothic';\"><span style=\"font-size: medium;\">, se refiere al arte o habilidad de hablar en p\u00fablico, para el que se requieren una serie de t\u00e9cnicas, de las que se ocupa esta disciplina. Estas t\u00e9cnicas especialmente hacen referencia a los recursos literarios, tambi\u00e9n llamados por este motivo recursos ret\u00f3ricos. Otra denominaci\u00f3n de estos recursos es la de tropos, palabra de origen griego que hace referencia al giro, a la variaci\u00f3n del uso normal de la lengua, que es lo que supone en realidad el uso de estas figuras.<\/span><\/span><\/p>\n<p style=\"text-align: justify;\"><span style=\"font-family: 'Century Gothic';\"><span style=\"font-size: medium;\">Los recursos literarios se pueden definir como los medios usados por los escritores para mejorar, enriquecer o dar m\u00e1s fuerza a sus creaciones. Se basan en la utilizaci\u00f3n de las palabras de forma que resulten m\u00e1s expresivas, bellas u originales. Habitualmente se clasifican atendiendo al aspecto de la Lengua al que hacen referencia. De este modo, se habla de recursos de nivel f\u00f3nico, morfosint\u00e1ctico y sem\u00e1ntico.<\/span><\/span><\/p>\n<p style=\"text-align: justify; padding-left: 60px;\"><span style=\"font-family: 'Century Gothic';\"><span style=\"font-size: medium;\"><span style=\"color: #008000;\"><strong>Fonol\u00f3gicos<\/strong><\/span><strong>:<\/strong> Hacen referencia al sonido de las palabras. En el men\u00fa desplegable podr\u00e1s acceder a la p\u00e1gina destinada a los r<span style=\"color: #008000;\">ecursos f\u00f3nol\u00f3gicos<\/span>, o tambi\u00e9n, <span style=\"color: #008000;\"><a href=\"http:\/\/www.apuntesdelengua.com\/blog\/?page_id=1982\">pinchando aqu\u00ed.\u00a0<\/a><\/span><\/span><\/span><\/p>\n<p style=\"text-align: justify; padding-left: 60px;\"><span style=\"font-family: 'Century Gothic';\"><span style=\"font-size: medium;\"><span style=\"color: #008000;\"><strong>Morfosint\u00e1cticos<\/strong><\/span><strong>: <\/strong>Hacen referencia a las clases de palabras, supresi\u00f3n o inclusi\u00f3n de elementos, repetici\u00f3n de estructuras sint\u00e1cticas, alteraci\u00f3n del orden sint\u00e1ctico normal&#8230; Accede a la p\u00e1gina destinada a los <span style=\"color: #008000;\">recursos morfosint\u00e1cticos<\/span> <a href=\"http:\/\/www.apuntesdelengua.com\/blog\/?page_id=1995\">pinchando aqu\u00ed: <\/a><\/span><\/span><\/p>\n<p style=\"text-align: justify; padding-left: 60px;\"><strong><\/strong><span style=\"font-family: 'Century Gothic';\"><span style=\"font-size: medium;\"><span style=\"color: #008000;\"><strong>Sem\u00e1nticos<\/strong><\/span><strong>:<\/strong> Hacen referencia al significado de las palabras. Accede a la p\u00e1gina destinada a los <span style=\"color: #008000;\">recursos sem\u00e1nticos<\/span> <a href=\"http:\/\/www.apuntesdelengua.com\/blog\/?page_id=2001\">pinchando aqu\u00ed: <\/a><\/span><\/span><\/p>\n<p style=\"text-align: justify;\"><span style=\"font-family: 'Century Gothic';\"><span style=\"font-size: medium;\">Adem\u00e1s de esta clasificaci\u00f3n, hay otras que atienden a distintos aspectos, como puede ser el modo de actuar de los recursos. As\u00ed, se habla, por ejemplo de los recursos de posici\u00f3n, repetici\u00f3n, amplificaci\u00f3n, omisi\u00f3n, apelaci\u00f3n, tropos, \u2026<\/span><\/span><\/p>\n<p style=\"text-align: justify;\"><span style=\"font-family: 'Century Gothic';\"><span style=\"font-size: medium;\">Algunos recursos TIC:<\/span><\/span><\/p>\n<p style=\"text-align: center;\">[slideshare id=9184&amp;doc=las-figuras-literarias-retricas-10014]<\/p>\n<p style=\"text-align: justify;\"><span style=\"font-family: 'Century Gothic';\"><span style=\"font-size: medium;\">Ahora veamos c\u00f3mo las figuras literarias se aplican de igual forma al mundo de la publicidad, que es aqu\u00e9l donde predomina la funci\u00f3n metaling\u00fcistica, la misma que en los textos literarios:<\/span><\/span><\/p>\n<p style=\"text-align: center;\">[slideshare id=1309814&amp;doc=figurasliterarias-090418121449-phpapp01]<\/p>\n<p style=\"text-align: justify;\"><span style=\"font-family: 'Century Gothic';\"><span style=\"font-size: medium;\">En la siguiente presentaci\u00f3n, veremos paso a paso las distintas figuras literarias con numerosos ejemplos para cada una de ellas:<\/span><\/span><\/p>\n<p style=\"text-align: center;\">[slideshare id=1854604&amp;doc=cdocumentsandsettingsteacher1misdocumentosfigurasliterarias2-090813075301-phpapp01]<\/p>\n<p style=\"text-align: justify;\"><span style=\"font-family: 'Century Gothic';\"><span style=\"font-size: medium;\">En esta completa presentaci\u00f3n, ver\u00e9is c\u00f3mo se pueden clasificar, as\u00ed como numerosos ejemplos: <\/span><\/span><\/p>\n<p style=\"text-align: center;\">[slideshare id=3353297&amp;doc=retorica2-100306124634-phpapp02]<\/p>\n<p style=\"text-align: justify;\"><span style=\"font-family: 'Century Gothic';\"><span style=\"font-size: x-large;\"><img loading=\"lazy\" alt=\"\" src=\"http:\/\/www.boxoftricks.net\/hotpotatoes.jpg\" width=\"45\" height=\"45\" align=\"absmiddle\" \/> <strong><span style=\"color: #008000;\">Ejercicios Hot Potatoes<\/span><\/strong><\/span><\/span><\/p>\n<p style=\"text-align: justify; padding-left: 90px;\"><span style=\"font-family: 'Century Gothic';\"><span style=\"font-size: medium;\"><a href=\"http:\/\/www.apuntesdelengua.com\/archivos\/literatura\/2ESO\/figurasliterarias\/index.htm\" target=\"_blank\"><span style=\"color: #008000;\"><strong>Ejercicios para identificar figuras literarias (Jose Hern\u00e1ndez &#8211; Apuntes de Lengua)<\/strong><\/span><\/a><\/span><\/span><\/p>\n<p style=\"text-align: justify; padding-left: 90px;\"><span style=\"font-family: 'Century Gothic';\"><span style=\"font-size: medium;\"><span style=\"color: #008000;\"><a href=\"http:\/\/www.iesitalica.es\/Ejemplos_TIC_Lengua\/Italica\/formatos_variados\/figuras_literarias\/ejercicios.htm\" target=\"_blank\"><strong>Ejercicios de repaso de figuras literarias IES It\u00e1lica &#8211; Sevilla<\/strong><\/a><\/span><\/span><\/span><\/p>\n","protected":false},"excerpt":{"rendered":"<p>Definici\u00f3n: El estudio de los recursos, o figuras, literarios se realiza dentro de una disciplina llamada Ret\u00f3rica. Este t\u00e9rmino, de origen griego \u03c1\u03b7\u03c4\u03bf\u03c1\u03b9\u03ba\u03ae [\u03c4\u03ad\u03c7\u03bd\u03b7], \u00abrhetorik\u00e8 (t\u00e9chne)\u00bb), se refiere al arte o habilidad de hablar en p\u00fablico, para el que se requieren una serie de t\u00e9cnicas, de las que se ocupa esta disciplina. Estas t\u00e9cnicas especialmente<\/p>\n","protected":false},"author":1,"featured_media":0,"parent":596,"menu_order":1,"comment_status":"open","ping_status":"open","template":"","meta":{"_monsterinsights_skip_tracking":false,"_monsterinsights_sitenote_active":false,"_monsterinsights_sitenote_note":"","_monsterinsights_sitenote_category":0},"aioseo_notices":[],"_links":{"self":[{"href":"http:\/\/www.apuntesdelengua.com\/blog\/wp-json\/wp\/v2\/pages\/1964"}],"collection":[{"href":"http:\/\/www.apuntesdelengua.com\/blog\/wp-json\/wp\/v2\/pages"}],"about":[{"href":"http:\/\/www.apuntesdelengua.com\/blog\/wp-json\/wp\/v2\/types\/page"}],"author":[{"embeddable":true,"href":"http:\/\/www.apuntesdelengua.com\/blog\/wp-json\/wp\/v2\/users\/1"}],"replies":[{"embeddable":true,"href":"http:\/\/www.apuntesdelengua.com\/blog\/wp-json\/wp\/v2\/comments?post=1964"}],"version-history":[{"count":26,"href":"http:\/\/www.apuntesdelengua.com\/blog\/wp-json\/wp\/v2\/pages\/1964\/revisions"}],"predecessor-version":[{"id":6164,"href":"http:\/\/www.apuntesdelengua.com\/blog\/wp-json\/wp\/v2\/pages\/1964\/revisions\/6164"}],"up":[{"embeddable":true,"href":"http:\/\/www.apuntesdelengua.com\/blog\/wp-json\/wp\/v2\/pages\/596"}],"wp:attachment":[{"href":"http:\/\/www.apuntesdelengua.com\/blog\/wp-json\/wp\/v2\/media?parent=1964"}],"curies":[{"name":"wp","href":"https:\/\/api.w.org\/{rel}","templated":true}]}}