{"id":2079,"date":"2010-02-21T21:49:58","date_gmt":"2010-02-21T20:49:58","guid":{"rendered":"http:\/\/www.apuntesdelengua.com\/blog\/?page_id=2079"},"modified":"2010-04-11T20:34:44","modified_gmt":"2010-04-11T19:34:44","slug":"la-lirica-renacentista","status":"publish","type":"page","link":"http:\/\/www.apuntesdelengua.com\/blog\/cursos\/3%c2%ba-eso\/la-literatura-renacentista\/la-lirica-renacentista\/","title":{"rendered":"La l\u00edrica renacentista"},"content":{"rendered":"<p>p<\/p>\n<div style=\"width: 784px\" class=\"wp-caption aligncenter\"><a href=\"http:\/\/www.apuntesdelengua.com\/archivos\/literatura\/renacimiento\/liricarenacentista.html\"><img loading=\"lazy\" src=\"http:\/\/www.apuntesdelengua.com\/archivos\/literatura\/renacimiento\/liricarenacentista.jpg\" alt=\"\" width=\"774\" height=\"234\" \/><\/a><p class=\"wp-caption-text\">Pincha sobre la imagen para ampliarla<\/p><\/div>\n<p><strong><em><span style=\"text-decoration: underline;\"><em><img loading=\"lazy\" src=\"http:\/\/www.fotosearch.com\/bthumb\/CSP\/CSP067\/k0670541.jpg\" alt=\"\" width=\"45\" height=\"45\" align=\"absmiddle\" \/><\/em><\/span><\/em><\/strong><span style=\"font-family: Century Gothic; color: #008000; font-size: x-large;\"><strong>INICIO    DE LA POES\u00cdA RENACENTISTA EN ESPA\u00d1A<\/strong><\/span><\/p>\n<blockquote>\n<ul style=\"text-align: justify;\"><span style=\"font-family: Century Gothic; color: #008000; font-size: medium;\"><strong>1526<\/strong><\/span><span style=\"font-family: Century Gothic; font-size: medium;\"> es una  fecha simb\u00f3lica para la literatura  espa\u00f1ola, porque en Granada, con motivo de las bodas reales y la  estancia  del emperador Carlos en la ciudad, coincide con los italianos <\/span><span style=\"font-family: Century Gothic; color: #008000; font-size: medium;\"><strong>Castiglione<\/strong><\/span><span style=\"font-family: Century Gothic; font-size: medium;\"> (embajador del Papa) y <\/span><span style=\"font-family: Century Gothic; color: #008000; font-size: medium;\"><strong>Andrea Navagero<\/strong><\/span><span style=\"font-family: Century Gothic; font-size: medium;\"> (embajador italiano), el poeta espa\u00f1ol <\/span><a href=\"http:\/\/es.wikipedia.org\/wiki\/Juan_Bosc%C3%A1n\" target=\"_blank\"><span style=\"font-family: Century Gothic; color: #008000; font-size: medium;\"><strong>Juan Bosc\u00e1n<\/strong><\/span><\/a><span style=\"font-family: Century Gothic; font-size: medium;\">, que ser\u00e1 animado por el segundo a  utilizar en castellano las formas m\u00e9tricas italianas.<\/span><span style=\"font-family: Century Gothic; font-size: medium;\"> A partir  de esta fecha, la poes\u00eda espa\u00f1ola culta iniciar\u00e1 el paso definitivo  hacia los presupuestos vitales del Renacimiento.<\/span><\/ul>\n<\/blockquote>\n<p style=\"text-align: justify;\"><strong><em><span style=\"text-decoration: underline;\"><em><img loading=\"lazy\" src=\"http:\/\/www.fotosearch.com\/bthumb\/CSP\/CSP067\/k0670541.jpg\" alt=\"\" width=\"45\" height=\"45\" align=\"absmiddle\" \/><\/em><\/span><em> <\/em><\/em><\/strong><span style=\"font-family: Century Gothic; color: #008000; font-size: x-large;\"><strong>RENOVACI\u00d3N     DE LAS FORMAS M\u00c9TRICAS<\/strong><\/span><\/p>\n<p><a href=\"..\/2%C2%BA-eso\/literatura\/figuras-literarias\/recursos-fonologicos\"><img loading=\"lazy\" src=\"http:\/\/www.fotosearch.com\/bthumb\/CSP\/CSP275\/k2752041.jpg\" alt=\"\" width=\"45\" height=\"45\" align=\"absmiddle\" \/><\/a><strong><span style=\"color: #008000;\"><span style=\"font-family: Century Gothic; font-size: medium;\"> Renovaci\u00f3n m\u00e9trica.<\/span><\/span><\/strong><\/p>\n<blockquote>\n<ul style=\"text-align: justify;\"><span style=\"font-family: Century Gothic; font-size: medium;\">La  renovaci\u00f3n  formal de la poes\u00eda renacentista es, antes de nada, <\/span><span style=\"font-family: Century Gothic; color: #008000; font-size: medium;\"><strong>renovaci\u00f3n  m\u00e9trica<\/strong><\/span><span style=\"font-family: Century Gothic; font-size: medium;\">. Recordemos  que, a finales de la Edad Media, los tipos de versos m\u00e1s empleados  eran el octos\u00edlabo y el verso de arte mayor castellano. El primero  era el m\u00e1s utilizado, el verso espa\u00f1ol por excelencia (p. ej.: en   Romancero y en pose\u00eda de cancionero). En cuanto a las estrofas, la  copla castellana era la m\u00e1s utilizada en el siglo XV en Espa\u00f1a. Recordemos que la copla castellana es una composici\u00f3n de ocho versos octos\u00edlabos agrupados en dos estrofas, con cuatro rimas (dos rimas diferentes en cada estrofa), cuya combinaci\u00f3n puede responder a diferentes esquemas: abba cddc, abab cddc. Veamos un ejemplo en la copla de Suero de Ribera:<br \/>\n<\/span><\/ul>\n<\/blockquote>\n<p style=\"padding-left: 240px;\"><em><span style=\"font-family: Century Gothic; font-size: small;\">\u00a1Pestilencia por las lenguas<br \/>\n<span style=\"font-family: Century Gothic; font-size: small;\">que fablan mal de las donas!<br \/>\n<span style=\"font-family: Century Gothic; font-size: small;\">Non  s\u00e9 las tales personas<br \/>\n<span style=\"font-family: Century Gothic; font-size: small;\">por qu\u00e9 disen de s\u00fd menguas,<br \/>\n<span style=\"font-family: Century Gothic; font-size: small;\">mostr\u00e1ndose  maldizientes<br \/>\n<span style=\"font-family: Century Gothic; font-size: small;\">non por u\u00eda de iusticia,<br \/>\n<span style=\"font-family: Century Gothic; font-size: small;\">mas con sobra de mali\u00e7ia<br \/>\n<span style=\"font-family: Century Gothic; font-size: small;\">porque  son ynpotentes. <\/span><\/span><\/span><\/span><\/span><\/span><\/span><\/span><\/em><\/p>\n<ul><span style=\"font-family: Century Gothic; font-size: medium;\"> <\/span><span style=\"font-family: Century Gothic; font-size: medium;\"> <\/span><\/ul>\n<p><span style=\"font-family: Century Gothic; font-size: medium;\"> <\/span><\/p>\n<p><span style=\"font-family: Century Gothic; font-size: medium;\"> <\/span><a href=\"..\/2%C2%BA-eso\/literatura\/figuras-literarias\/recursos-fonologicos\"><img loading=\"lazy\" src=\"http:\/\/www.fotosearch.com\/bthumb\/CSP\/CSP275\/k2752041.jpg\" alt=\"\" width=\"45\" height=\"45\" align=\"absmiddle\" \/><\/a><span style=\"font-family: Century Gothic; font-size: medium;\">Las <span style=\"color: #008000;\"><strong>formas m\u00e9tricas italianas<\/strong><\/span> entran en Espa\u00f1a a partir de 1526:<\/span><\/p>\n<p style=\"padding-left: 90px;\"><span style=\"font-family: Century Gothic; font-size: medium;\"><span style=\"color: #008000;\"><strong><span style=\"text-decoration: underline;\">VERSOS<\/span><\/strong><\/span>:  El    cambio formal m\u00e1s visible es la introducci\u00f3n del <\/span><span style=\"font-family: Century Gothic; color: #008000; font-size: medium;\"><strong>verso    endecas\u00edlabo<\/strong><\/span><span style=\"font-family: Century Gothic; font-size: medium;\">, seg\u00fan     los modelos italianos.<\/span><span style=\"font-family: Century Gothic; font-size: medium;\"> <\/span><\/p>\n<p style=\"padding-left: 90px; text-align: justify;\"><span style=\"font-family: Century Gothic; font-size: medium;\"> <\/span><span style=\"font-family: Century Gothic; font-size: medium;\"><span style=\"color: #008000;\"><strong><span style=\"text-decoration: underline;\">ESTROFAS<\/span><\/strong><\/span>:     Con este verso, <\/span><span style=\"font-family: Century Gothic; color: #008000; font-size: medium;\">Bosc\u00e1n    y  Garcilaso de la Vega<\/span><span style=\"font-family: Century Gothic; font-size: medium;\"> introducen    tambi\u00e9n las nuevas estrofas de origen italiano: <\/span><span style=\"font-family: Century Gothic; color: #008000; font-size: medium;\"><strong>soneto,    lira, estancia, octava real y tercetos  encadenados<\/strong><\/span><span style=\"font-family: Century Gothic; font-size: medium;\">,    y subg\u00e9neros po\u00e9ticos como la <\/span><span style=\"font-family: Century Gothic; color: #008000; font-size: medium;\"><strong>\u00e9gloga<\/strong><\/span><span style=\"font-family: Century  Gothic; font-size: medium;\">, la <\/span><span style=\"font-family: Century Gothic; color: #008000; font-size: medium;\"><strong>ep\u00edstola<\/strong><\/span><span style=\"font-family: Century Gothic; font-size: medium;\">,  la <\/span><span style=\"font-family: Century  Gothic; color: #008000; font-size: medium;\"><strong>canci\u00f3n<\/strong><\/span><span style=\"font-family: Century Gothic; font-size: medium;\">, la <\/span><span style=\"font-family: Century Gothic; color: #008000; font-size: medium;\"><strong>eleg\u00eda<\/strong><\/span><span style=\"font-family: Century  Gothic; font-size: medium;\"> y la <\/span><span style=\"font-family: Century Gothic; color: #008000; font-size: medium;\"><strong>oda<\/strong><\/span>.<\/p>\n<p><a href=\"..\/2%C2%BA-eso\/literatura\/figuras-literarias\/recursos-fonologicos\"><img loading=\"lazy\" src=\"http:\/\/www.fotosearch.com\/bthumb\/CSP\/CSP275\/k2752041.jpg\" alt=\"\" width=\"45\" height=\"45\" align=\"absmiddle\" \/><\/a><span style=\"font-family: Century Gothic; font-size: medium;\"> La entrada de las formas m\u00e9tricas renacentistas en Espa\u00f1a <strong><span style=\"color: #008000;\">no implica la desaparici\u00f3n de las formas m\u00e9tricas tradicionales espa\u00f1olas<\/span><\/strong> que se daban en la Edad Media.<\/span><\/p>\n<p><strong><span style=\"color: #008000;\"><em><span style=\"text-decoration: underline;\"><em><img loading=\"lazy\" src=\"http:\/\/www.fotosearch.com\/bthumb\/CSP\/CSP067\/k0670541.jpg\" alt=\"\" width=\"45\" height=\"45\" align=\"absmiddle\" \/><\/em><\/span><\/em><span style=\"font-family: Century Gothic; font-size: x-large;\">LOS TEMAS  PO\u00c9TICOS RENACENTISTAS<\/span><\/span><\/strong><\/p>\n<p style=\"padding-left: 30px;\"><strong><img loading=\"lazy\" src=\"http:\/\/www.fotosearch.com\/bthumb\/CSP\/CSP258\/k2580374.jpg\" alt=\"\" width=\"45\" height=\"35\" align=\"absmiddle\" \/><\/strong><span style=\"font-family: Century Gothic; font-size: medium;\">El tema  del amor:<\/span><\/p>\n<p style=\"padding-left: 90px;\"><span style=\"font-family: Century Gothic; color: #008000; font-size: medium;\"><strong>PETRARQUISMO<\/strong><\/span><span style=\"font-family: Century   Gothic; font-size: medium;\"><strong>: <\/strong> En la l\u00edrica renacentista fue   posiblemente el tema del <em>amor<\/em> el m\u00e1s tratado, concebido a la   manera de Francesco Petrarca  (1304-1374).    Petrarca, con su <em>Cancionero<\/em>,   ofrec\u00eda a los poetas renacentistas     un modelo de <\/span><span style=\"font-family: Century Gothic; color: #008000; font-size: medium;\"><strong>diario    po\u00e9tico autobiogr\u00e1fico<\/strong><\/span><span style=\"font-family: Century Gothic; font-size: medium;\"> que podr\u00eda   ser imitado. Dividi\u00f3 su <em>Cancionero<\/em> en poes\u00edas <em> in vita<\/em> y   poes\u00edas <em>in morte<\/em> (vida y muerte de la amada,  Laura),    con un   poema pr\u00f3logo y otro poema que hac\u00eda las veces de ep\u00edlogo.    Este   cancionero se consider\u00f3 su diario po\u00e9tico autobiogr\u00e1fico, con    la   referencia absoluta a la amada Laura.<\/span><span style=\"font-family: Century Gothic; color: #008000; font-size: medium;\"><strong><br \/>\n<\/strong><\/span><\/p>\n<p style=\"padding-left: 90px;\"><span style=\"font-family: Century Gothic; color: #008000; font-size: medium;\"><strong>NEOPLATONISMO<\/strong><\/span><span style=\"font-family: Century   Gothic; font-size: medium;\"><strong>: <\/strong> Se trata de un concepto de   raigambre filos\u00f3fica que afecta al tema    del amor renacentista.<\/span><\/p>\n<p style=\"padding-left: 30px;\"><strong><img loading=\"lazy\" src=\"http:\/\/www.fotosearch.com\/bthumb\/CSP\/CSP258\/k2580376.jpg\" alt=\"\" width=\"45\" height=\"35\" align=\"absmiddle\" \/><\/strong><span style=\"font-family: Century Gothic; color: #008000; font-size: medium;\">Dos T\u00d3PICOS  PO\u00c9TICOS<\/span><span style=\"font-family: Century Gothic; font-size: medium;\"><strong>: <\/strong><\/span><span style=\"font-family: Century Gothic; color: #008000; font-size: medium;\"><strong>el  <em>carpe diem<\/em> y el <em>beatus  ille<\/em><\/strong><\/span><span style=\"font-family: Century Gothic; font-size: medium;\">.  Son dos  temas po\u00e9ticos muy utilizados en el Renacimiento.<\/span><\/p>\n<p style=\"padding-left: 90px;\"><span style=\"font-family: Century Gothic; font-size: medium;\"><strong><span style=\"color: #008000;\">Carpe diem:<\/span><\/strong> Motivo po\u00e9tico creado por Horacio (65-69 a.C.) que aconseja el gozo de los placeres presentes porque la vida es breve y nos espera la muerte.<\/span><\/p>\n<p style=\"padding-left: 90px;\"><span style=\"font-family: Century Gothic; font-size: medium;\"><strong><span style=\"color: #008000;\">Beatus ille:<\/span><\/strong> Motivo po\u00e9tico creado por Horacio (65-68 a. C.) en el que se exalta la vida del campo como lugar donde se consigue la perfecta paz espiritual. <\/span><span style=\"font-family: verdana; color: #87b700; font-size: x-small;\"><span style=\"font-family: verdana; color: black; font-size: x-small;\"> <\/span><\/span><\/p>\n<p style=\"padding-left: 30px;\"><strong><img loading=\"lazy\" src=\"http:\/\/www.fotosearch.com\/bthumb\/CSP\/CSP258\/k2580388.jpg\" alt=\"\" width=\"45\" height=\"35\" align=\"absmiddle\" \/><\/strong><span style=\"font-family: Century Gothic; color: #008000; font-size: medium;\"><strong>El  tema de la  NATURALEZA<\/strong><\/span><span style=\"font-family: Century Gothic; font-size: medium;\">.<\/span><\/p>\n<p style=\"padding-left: 90px;\"><span style=\"font-family: Century Gothic; font-size: medium;\"> <\/span><\/p>\n<div style=\"width: 508px\" class=\"wp-caption aligncenter\"><img loading=\"lazy\" src=\"http:\/\/www.farq.edu.uy\/estructura\/servicios_docentes\/departamentos_de_ensenanza\/dethycs\/arqyteo\/imagenes\/Nacimiento%20de%20Venus.JPG\" alt=\"\" width=\"498\" height=\"309\" \/><p class=\"wp-caption-text\">El nacimiento de Venus. S\u00edmbolo del Renacimiento y de la Naturaleza como motivo literario. Fuente: Artehistoria<\/p><\/div>\n<p style=\"padding-left: 90px;\"><span style=\"font-family: Century Gothic; font-size: medium;\">El  Renacimiento concedi\u00f3 gran importancia a la descripci\u00f3n de la   naturaleza,  no por su valor intr\u00ednseco, sino por su relaci\u00f3n con los  sentimientos  que en ella se desarrollan. Los poetas renacentistas  tratar\u00e1n el tema  de la naturaleza haciendo alusi\u00f3n al t\u00f3pico literario  del <span style=\"font-family: Century Gothic; color: #008000; font-size: medium;\"><strong><em>locus  amoenus<\/em><\/strong><\/span><span style=\"font-family: Century Gothic; font-size: medium;\"> (lugar  ideal con una naturaleza  vivificadora).  En este lugar idealizado  aparece el deseo de una anhelada Edad de Oro  (falta de injusticias,  dolor, hambre, presencia de la eterna juventud),  donde los pastores,  las pastoras y las ninfas son los protagonistas.<\/span><\/span><\/p>\n<p style=\"padding-left: 30px;\"><strong><img loading=\"lazy\" src=\"http:\/\/www.fotosearch.com\/bthumb\/CSP\/CSP258\/k2580389.jpg\" alt=\"\" width=\"45\" height=\"35\" align=\"absmiddle\" \/><\/strong><span style=\"font-family: Century Gothic; color: #008000; font-size: medium;\"><strong>TEMAS   MITOL\u00d3GICOS<\/strong><\/span><span style=\"font-family: Century Gothic; font-size: medium;\">.<\/span><\/p>\n<p style=\"padding-left: 90px; text-align: justify;\"><span style=\"font-family: Century Gothic; font-size: medium;\">Los principales temas mitol\u00f3gicos recurridos por la l\u00edrica renacentista tienen en la Metamorfosis de Ovidio una clara fuente de inspiraci\u00f3n. En la Metamorfosis, se toman seres mitol\u00f3gicos cl\u00e1sicos como s\u00edmbolos de fuerzas y fen\u00f3menos naturales: amor es Venus, Marte es la guerra, H\u00e9rcules la fuerza&#8230; as\u00ed como de cualidades f\u00edsicas, morales y experiencias humanas: la belleza est\u00e1 encarnada por Apolo, de igual forma que el orgullo por \u00cdcaro, las historias de Apolo y Dafne, Orfeo y Eur\u00eddice, Dino y Eneas&#8230;<br \/>\n<\/span><\/p>\n<p><strong><span style=\"color: #008000;\"><span style=\"font-family: Century Gothic; font-size: x-large;\"> <\/span><\/span><\/strong><\/p>\n<p><strong><em><span style=\"text-decoration: underline;\"><em><img loading=\"lazy\" src=\"http:\/\/www.fotosearch.com\/bthumb\/CSP\/CSP067\/k0670541.jpg\" alt=\"\" width=\"45\" height=\"45\" align=\"absmiddle\" \/><\/em><\/span><\/em><\/strong><span style=\"font-family: Century Gothic; font-size: x-large;\"><span style=\"color: #008000;\"><strong>LOS AUTORES M\u00c1S IMPORTANTES SON<\/strong><\/span><br \/>\n<\/span><\/p>\n<ul style=\"text-align: justify;\"><span style=\"font-family: Century Gothic; font-size: medium;\"> <\/span><span style=\"font-family: Century Gothic; font-size: medium;\"><span style=\"color: #008000;\"> <\/span><\/span><span style=\"font-family: Century Gothic; font-size: medium;\"> <\/span><span style=\"font-family: Century Gothic; font-size: medium;\"> <\/span><\/p>\n<p style=\"padding-left: 60px; text-align: justify;\"><span style=\"font-family: Century Gothic; font-size: medium;\">Gracilaso de la Vega<\/span><br \/>\n<span style=\"font-family: Century Gothic; font-size: medium;\">Juan Bosc\u00e1n<\/span><br \/>\n<span style=\"font-family: Century Gothic; font-size: medium;\">Fray Luis de Le\u00f3n<\/span><br \/>\n<span style=\"font-family: Century Gothic; font-size: medium;\">San Juan de la Cruz<\/span><br \/>\n<span style=\"font-family: Century Gothic; font-size: medium;\">Santa Teresa de Jes\u00fas<\/span><\/p>\n<p style=\"padding-left: 60px; text-align: justify;\"><span style=\"font-family: Century Gothic; font-size: medium;\"> <\/span><\/p>\n<p style=\"padding-left: 60px; text-align: justify;\"><span style=\"font-family: Century Gothic; font-size: medium;\"><br \/>\n<\/span><\/p>\n<\/ul>\n<p><a style=\"margin: 12px auto 6px auto; font-family: Helvetica,Arial,Sans-serif; font-style: normal; font-variant: normal; font-weight: normal; font-size: 14px; line-height: normal; font-size-adjust: none; font-stretch: normal; -x-system-font: none; display: block; text-decoration: underline;\" title=\"View L\u00edrica de los Siglos de Oro on Scribd\" href=\"http:\/\/www.scribd.com\/doc\/12929511\/Lirica-de-los-Siglos-de-Oro\">L\u00edrica de los Siglos de Oro<\/a> <object id=\"doc_757742209973148\" style=\"outline: none;\" classid=\"clsid:d27cdb6e-ae6d-11cf-96b8-444553540000\" width=\"100%\" height=\"500\" codebase=\"http:\/\/download.macromedia.com\/pub\/shockwave\/cabs\/flash\/swflash.cab#version=6,0,40,0\"><param name=\"name\" value=\"doc_757742209973148\" \/><param name=\"data\" value=\"http:\/\/d1.scribdassets.com\/ScribdViewer.swf\" \/><param name=\"wmode\" value=\"opaque\" \/><param name=\"bgcolor\" value=\"#ffffff\" \/><param name=\"allowFullScreen\" value=\"true\" \/><param name=\"allowScriptAccess\" value=\"always\" \/><param name=\"FlashVars\" value=\"document_id=12929511&amp;access_key=key-2o4oldxoqtbsmteuawul&amp;page=1&amp;viewMode=slideshow\" \/><param name=\"src\" value=\"http:\/\/d1.scribdassets.com\/ScribdViewer.swf\" \/><param name=\"allowfullscreen\" value=\"true\" \/><embed id=\"doc_757742209973148\" style=\"outline: none;\" type=\"application\/x-shockwave-flash\" width=\"100%\" height=\"500\" src=\"http:\/\/d1.scribdassets.com\/ScribdViewer.swf\" flashvars=\"document_id=12929511&amp;access_key=key-2o4oldxoqtbsmteuawul&amp;page=1&amp;viewMode=slideshow\" allowscriptaccess=\"always\" allowfullscreen=\"true\" bgcolor=\"#ffffff\" wmode=\"opaque\" data=\"http:\/\/d1.scribdassets.com\/ScribdViewer.swf\" name=\"doc_757742209973148\"><\/embed><\/object><\/p>\n","protected":false},"excerpt":{"rendered":"<p>p INICIO DE LA POES\u00cdA RENACENTISTA EN ESPA\u00d1A 1526 es una fecha simb\u00f3lica para la literatura espa\u00f1ola, porque en Granada, con motivo de las bodas reales y la estancia del emperador Carlos en la ciudad, coincide con los italianos Castiglione (embajador del Papa) y Andrea Navagero (embajador italiano), el poeta espa\u00f1ol Juan Bosc\u00e1n, que ser\u00e1<\/p>\n","protected":false},"author":1,"featured_media":0,"parent":2069,"menu_order":1,"comment_status":"open","ping_status":"open","template":"page-1col.php","meta":{"_monsterinsights_skip_tracking":false,"_monsterinsights_sitenote_active":false,"_monsterinsights_sitenote_note":"","_monsterinsights_sitenote_category":0},"aioseo_notices":[],"_links":{"self":[{"href":"http:\/\/www.apuntesdelengua.com\/blog\/wp-json\/wp\/v2\/pages\/2079"}],"collection":[{"href":"http:\/\/www.apuntesdelengua.com\/blog\/wp-json\/wp\/v2\/pages"}],"about":[{"href":"http:\/\/www.apuntesdelengua.com\/blog\/wp-json\/wp\/v2\/types\/page"}],"author":[{"embeddable":true,"href":"http:\/\/www.apuntesdelengua.com\/blog\/wp-json\/wp\/v2\/users\/1"}],"replies":[{"embeddable":true,"href":"http:\/\/www.apuntesdelengua.com\/blog\/wp-json\/wp\/v2\/comments?post=2079"}],"version-history":[{"count":11,"href":"http:\/\/www.apuntesdelengua.com\/blog\/wp-json\/wp\/v2\/pages\/2079\/revisions"}],"predecessor-version":[{"id":2088,"href":"http:\/\/www.apuntesdelengua.com\/blog\/wp-json\/wp\/v2\/pages\/2079\/revisions\/2088"}],"up":[{"embeddable":true,"href":"http:\/\/www.apuntesdelengua.com\/blog\/wp-json\/wp\/v2\/pages\/2069"}],"wp:attachment":[{"href":"http:\/\/www.apuntesdelengua.com\/blog\/wp-json\/wp\/v2\/media?parent=2079"}],"curies":[{"name":"wp","href":"https:\/\/api.w.org\/{rel}","templated":true}]}}