{"id":2089,"date":"2010-02-21T23:32:11","date_gmt":"2010-02-21T22:32:11","guid":{"rendered":"http:\/\/www.apuntesdelengua.com\/blog\/?page_id=2089"},"modified":"2010-02-21T23:32:11","modified_gmt":"2010-02-21T22:32:11","slug":"garcilaso-de-la-vega","status":"publish","type":"page","link":"http:\/\/www.apuntesdelengua.com\/blog\/cursos\/3%c2%ba-eso\/la-literatura-renacentista\/la-lirica-renacentista\/garcilaso-de-la-vega\/","title":{"rendered":"Garcilaso de la Vega"},"content":{"rendered":"<p style=\"text-align: justify;\"><span style=\"font-family: 'Century Gothic';\"><span style=\"font-size: small;\">Fuente de la informaci\u00f3n: Kalipedia, Wikillerato<br \/>\n<\/span><\/span><\/p>\n<p style=\"text-align: justify;\"><span style=\"font-family: 'Century Gothic';\"><span style=\"font-size: medium;\"> <\/span><\/span><\/p>\n<p style=\"text-align: justify;\"><span style=\"font-family: 'Century Gothic';\"><span style=\"font-size: medium;\"><strong><span style=\"color: #008000;\"><img loading=\"lazy\" class=\"alignleft\" src=\"http:\/\/www.liceus.com\/cgi-bin\/ac\/pu\/garcilaso.jpg\" alt=\"\" width=\"200\" height=\"270\" \/>Garcilaso de la Vega<\/span><\/strong> nace en 1501 en Toledo. De origen noble  (pertenec\u00eda a la familia de los Mendoza), representa el ideal del  cortesano renacentista: hombre de armas y de letras. Estuvo enamorado de  Isabel Freyre, que se convierte en su fuente de inspiraci\u00f3n literaria.  Como consecuencia de sus diferencias con el emperador, es desterrado a  una isla del Danubio y posteriormente a N\u00e1poles, donde entra en contacto  con la literatura italiana. En 1536 el poeta muere al encabezar el  ataque contra una fortaleza del sur de Francia.<\/span><\/span><\/p>\n<p style=\"text-align: justify;\"><span style=\"font-family: 'Century Gothic';\"><span style=\"font-size: medium;\">La <strong><span style=\"color: #008000;\">obra po\u00e9tica<\/span><\/strong> de Garcilaso abarca treinta y ocho sonetos, cinco  canciones, tres \u00e9glogas, dos eleg\u00edas, una ep\u00edstola y algunas coplas en  versos octos\u00edlabos.<\/span><\/span><\/p>\n<p style=\"text-align: justify;\"><span style=\"font-family: 'Century Gothic';\"><span style=\"font-size: medium;\">Las <strong><span style=\"color: #008000;\">\u00e9glogas<\/span><\/strong> son composiciones po\u00e9ticas protagonizadas por refinados  pastores que relatan sus historias de amor en medio de una naturaleza  idealizada. Garcilaso las escribe despu\u00e9s de su estancia en N\u00e1poles,  cuando su poes\u00eda ha alcanzado su mayor grado de perfeccionamiento.  Durante este per\u00edodo se produce la muerte de Isabel Freyre, un suceso  que causa enorme impacto en el poeta y que se refleja en la <em>\u00e9gloga I<\/em>.  En ella, se trata el tema del amor frustrado por el desd\u00e9n y por la  muerte. El poeta se desdobla en dos pastores, Salicio y Nemoroso. El  primero se queja de la ingratitud de Galatea, que le ha abandonado, y el  segundo llora la muerte de su adorada Elisa; ambos personajes femeninos  representan a Isabel Freyre. Garcilaso reflej\u00f3 en esta \u00e9gloga dos  momentos de su propia historia amorosa: el casamiento de Isabel con otro  hombre y el dolor por la muerte de su amada. Garcilaso consigue que los  temas renacentistas -el amor, la naturaleza, la mitolog\u00eda- adquieran  resonancias \u00edntimas y personales.<\/span><\/span><\/p>\n<p style=\"text-align: justify;\"><span style=\"font-family: 'Century Gothic';\"><span style=\"font-size: medium;\"><strong><span style=\"color: #008000;\">La <em>\u00e9gloga III<\/em><\/span><\/strong> es considerada otra de sus grandes creaciones.  En ella se describe a las ninfas del Tajo; todas bordan unas telas con  motivos amorosos de origen mitol\u00f3gico, salvo la m\u00e1s joven y bella de  ellas, que est\u00e1 retratando a Elisa muerta, la amada de Nemoroso. La  \u00e9gloga establece un paralelismo entre estos relatos mitol\u00f3gicos y la  historia del pastor, de manera que se igualan en importancia. Garcilaso  emplea la descripci\u00f3n de las telas como medio para introducir diversas  reflexiones sobre el amor perdido.<\/span><\/span><\/p>\n<p style=\"text-align: center;\"><a href=\"http:\/\/www.garcilaso.org\/obras\/egloga3.htm\" target=\"_blank\"><img loading=\"lazy\" src=\"http:\/\/www.fotosearch.com\/bthumb\/CSP\/CSP090\/k0905769.jpg\" alt=\"\" width=\"40\" height=\"35\" align=\"absmiddle\" \/><\/a><span style=\"font-family: 'Century Gothic';\"><span style=\"font-size: medium;\"><strong><span style=\"color: #008000;\"><a href=\"http:\/\/www.garcilaso.org\/obras\/egloga3.htm\" target=\"_blank\">Pincha sobre este enlace para consultar la \u00e9gloga III<\/a><\/span><\/strong><br \/>\n<\/span><\/span><\/p>\n<p style=\"text-align: justify;\"><span style=\"font-family: 'Century Gothic';\"><span style=\"font-size: medium;\"><strong><span style=\"color: #008000;\">El estilo de Garcilaso<\/span><\/strong> se basa en la selecci\u00f3n del l\u00e9xico y las  im\u00e1genes, seg\u00fan el principio renacentista de armon\u00eda y sencillez. El  tono melanc\u00f3lico y suave resulta del empleo de las nuevas formas  italianizantes como medio para expresar los sentimientos.<\/span><\/span><\/p>\n<p style=\"text-align: justify;\"><span style=\"font-family: 'Century Gothic';\"><span style=\"font-size: medium;\">La importancia de la obra de Garcilaso en el desarrollo de la l\u00edrica  espa\u00f1ola posterior fue enorme. En ella utiliz\u00f3, con pocas excepciones,  la m\u00e9trica italiana.<\/span><\/span><\/p>\n<p style=\"text-align: center;\">[slideshare id=3234562&amp;doc=garcilasodelavega-100220173152-phpapp02]<\/p>\n<p style=\"text-align: center;\">[slideshare id=274041&amp;doc=la-lrica-del-siglo-xvi-1203535807696034-2]<\/p>\n<p style=\"text-align: justify;\"><img loading=\"lazy\" src=\"http:\/\/www.fotosearch.com\/bthumb\/UNC\/UNC226\/u12698109.jpg\" alt=\"\" width=\"45\" height=\"45\" align=\"absmiddle\" \/><strong> <span style=\"color: #008000;\"><span style=\"font-family: 'Century Gothic';\"><span style=\"font-size: x-large;\">Enlaces multimedia<\/span><\/span><\/span><\/strong><\/p>\n<p style=\"text-align: justify; padding-left: 60px;\"><a href=\"http:\/\/www.garcilaso.org\/\" target=\"_blank\"><img loading=\"lazy\" src=\"http:\/\/www.fotosearch.com\/bthumb\/UNC\/UNC226\/u12698109.jpg\" alt=\"\" width=\"35\" height=\"35\" align=\"absmiddle\" \/><\/a><span style=\"color: #008000;\"><span style=\"font-family: 'Century Gothic';\"><span style=\"font-size: medium;\"> <\/span><\/span><\/span><a href=\"http:\/\/www.garcilaso.org\/\" target=\"_blank\"><span style=\"color: #008000;\"><span style=\"font-family: 'Century Gothic';\"><span style=\"font-size: medium;\">Portal de Garcilaso de la Vega<\/span><\/span><\/span><\/a><\/p>\n<p style=\"text-align: justify; padding-left: 60px;\"><a href=\"http:\/\/es.wikipedia.org\/wiki\/Garcilaso_de_la_Vega\" target=\"_blank\"><img loading=\"lazy\" src=\"http:\/\/www.fotosearch.com\/bthumb\/UNC\/UNC226\/u12698109.jpg\" alt=\"\" width=\"35\" height=\"35\" align=\"absmiddle\" \/><\/a><span style=\"color: #008000;\"><span style=\"font-family: 'Century Gothic';\"><span style=\"font-size: medium;\"> <\/span><\/span><\/span><a href=\"http:\/\/es.wikipedia.org\/wiki\/Garcilaso_de_la_Vega\" target=\"_blank\"><span style=\"color: #008000;\"><span style=\"font-family: 'Century Gothic';\"><span style=\"font-size: medium;\">Garcilaso de la Vega en la Wikipedia<\/span><\/span><\/span><\/a><\/p>\n<p style=\"text-align: justify; padding-left: 60px;\"><a href=\"http:\/\/cvc.cervantes.es\/actcult\/garcilaso\/\" target=\"_blank\"><img loading=\"lazy\" src=\"http:\/\/www.fotosearch.com\/bthumb\/UNC\/UNC226\/u12698109.jpg\" alt=\"\" width=\"35\" height=\"35\" align=\"absmiddle\" \/><\/a><span style=\"color: #008000;\"><span style=\"font-family: 'Century Gothic';\"><span style=\"font-size: medium;\"> <a href=\"http:\/\/cvc.cervantes.es\/actcult\/garcilaso\/\" target=\"_blank\">Especial: 500 a\u00f1os de la muerte de Garcilaso de la Vega (Instituto Cervantes)<\/a><\/span><\/span><\/span><\/p>\n<p style=\"text-align: justify; padding-left: 60px;\"><a href=\"http:\/\/www.cervantesvirtual.com\/FichaAutor.html?Ref=719\" target=\"_blank\"><img loading=\"lazy\" src=\"http:\/\/www.fotosearch.com\/bthumb\/UNC\/UNC226\/u12698109.jpg\" alt=\"\" width=\"35\" height=\"35\" align=\"absmiddle\" \/><\/a><span style=\"color: #008000;\"><span style=\"font-family: 'Century Gothic';\"><span style=\"font-size: medium;\"> <a href=\"http:\/\/www.cervantesvirtual.com\/FichaAutor.html?Ref=719\" target=\"_blank\">Portal dedicado a Garcilaso de la Vega en la Biblioteca Virtual Miguel de Cervantes<\/a><br \/>\n<\/span><\/span><\/span><\/p>\n<p style=\"text-align: justify; padding-left: 60px;\"><span style=\"color: #008000;\"><span style=\"font-family: 'Century Gothic';\"><span style=\"font-size: x-large;\"><br \/>\n<\/span><\/span><\/span><\/p>\n<p style=\"text-align: justify;\"><span style=\"font-family: 'Century Gothic';\"><span style=\"font-size: x-large;\"> <\/span><\/span><\/p>\n<p style=\"text-align: justify;\"><span style=\"font-family: 'Century Gothic';\"><span style=\"font-size: medium;\"> <\/span><\/span><\/p>\n","protected":false},"excerpt":{"rendered":"<p>Fuente de la informaci\u00f3n: Kalipedia, Wikillerato Garcilaso de la Vega nace en 1501 en Toledo. De origen noble (pertenec\u00eda a la familia de los Mendoza), representa el ideal del cortesano renacentista: hombre de armas y de letras. Estuvo enamorado de Isabel Freyre, que se convierte en su fuente de inspiraci\u00f3n literaria. Como consecuencia de sus<\/p>\n","protected":false},"author":1,"featured_media":0,"parent":2079,"menu_order":1,"comment_status":"open","ping_status":"open","template":"page-1col.php","meta":{"_monsterinsights_skip_tracking":false,"_monsterinsights_sitenote_active":false,"_monsterinsights_sitenote_note":"","_monsterinsights_sitenote_category":0},"aioseo_notices":[],"_links":{"self":[{"href":"http:\/\/www.apuntesdelengua.com\/blog\/wp-json\/wp\/v2\/pages\/2089"}],"collection":[{"href":"http:\/\/www.apuntesdelengua.com\/blog\/wp-json\/wp\/v2\/pages"}],"about":[{"href":"http:\/\/www.apuntesdelengua.com\/blog\/wp-json\/wp\/v2\/types\/page"}],"author":[{"embeddable":true,"href":"http:\/\/www.apuntesdelengua.com\/blog\/wp-json\/wp\/v2\/users\/1"}],"replies":[{"embeddable":true,"href":"http:\/\/www.apuntesdelengua.com\/blog\/wp-json\/wp\/v2\/comments?post=2089"}],"version-history":[{"count":3,"href":"http:\/\/www.apuntesdelengua.com\/blog\/wp-json\/wp\/v2\/pages\/2089\/revisions"}],"predecessor-version":[{"id":2092,"href":"http:\/\/www.apuntesdelengua.com\/blog\/wp-json\/wp\/v2\/pages\/2089\/revisions\/2092"}],"up":[{"embeddable":true,"href":"http:\/\/www.apuntesdelengua.com\/blog\/wp-json\/wp\/v2\/pages\/2079"}],"wp:attachment":[{"href":"http:\/\/www.apuntesdelengua.com\/blog\/wp-json\/wp\/v2\/media?parent=2089"}],"curies":[{"name":"wp","href":"https:\/\/api.w.org\/{rel}","templated":true}]}}