{"id":2154,"date":"2010-03-06T19:23:29","date_gmt":"2010-03-06T18:23:29","guid":{"rendered":"http:\/\/www.apuntesdelengua.com\/blog\/?page_id=2154"},"modified":"2014-02-18T17:53:04","modified_gmt":"2014-02-18T16:53:04","slug":"sintaxis-practica-y-practica","status":"publish","type":"page","link":"http:\/\/www.apuntesdelengua.com\/blog\/cursos\/2%c2%ba-eso\/sintaxis\/sintaxis-practica-y-practica\/","title":{"rendered":"Sintaxis: pr\u00e1ctica y practica"},"content":{"rendered":"<p><a href=\"http:\/\/www.apuntesdelengua.com\/archivos\/sintaxis\/oracion.html\"><img loading=\"lazy\" alt=\"\" src=\"http:\/\/www.apuntesdelengua.com\/archivos\/sintaxis\/oracion.jpg\" width=\"826\" height=\"490\" \/><\/a><\/p>\n<p style=\"text-align: justify;\"><span style=\"font-family: 'Century Gothic';\"><span style=\"font-size: medium;\">En esta secci\u00f3n podr\u00e9is encontrar los esquemas, presentaciones y ejercicios complementarios a nuestras clases en lo que se refiere al tema de la sintaxis.<\/span><\/span><\/p>\n<p style=\"text-align: justify;\">\n<p style=\"text-align: justify;\"><span style=\"font-family: 'Century Gothic';\"><span style=\"font-size: x-large;\"><img loading=\"lazy\" alt=\"\" src=\"http:\/\/www.fotosearch.com\/bthumb\/UNC\/UNC226\/u12698109.jpg\" width=\"45\" height=\"45\" align=\"absmiddle\" \/> <span style=\"color: #008000;\"><strong>EJERCICIOS INTERACTIVOS<\/strong><\/span><\/span><\/span><\/p>\n<p style=\"padding-left: 60px;\"><a href=\"http:\/\/www.apuntesdelengua.com\/archivos\/sintaxis\/oracion.html\" target=\"_blank\"><img loading=\"lazy\" alt=\"\" src=\"http:\/\/www.fotosearch.com\/bthumb\/UNC\/UNC226\/u12698109.jpg\" width=\"30\" height=\"30\" align=\"absmiddle\" \/><\/a> <a href=\"http:\/\/www.apuntesdelengua.com\/archivos\/sintaxis\/oracion.html\" target=\"_blank\"><span style=\"color: #008000;\"><strong><span style=\"text-decoration: none;\"><span style=\"font-family: 'Century Gothic';\"><span style=\"font-size: medium;\">Sencillo esquema de la oraci\u00f3n simple<\/span><\/span><\/span><\/strong><\/span><\/a><\/p>\n<p style=\"text-align: justify; padding-left: 60px;\"><a href=\"..\/..\/archivos\/sintaxis\/oracion.html\" target=\"_blank\"><img loading=\"lazy\" alt=\"\" src=\"http:\/\/www.fotosearch.com\/bthumb\/UNC\/UNC226\/u12698109.jpg\" width=\"30\" height=\"30\" align=\"absmiddle\" \/><\/a> <span style=\"font-family: 'Century Gothic';\"><span style=\"font-size: medium;\">Si quieres pr\u00e1cticar tus conocimientos a trav\u00e9s de ejercicios Hot potatoes tendr\u00e1s que entrar en el siguiente<a href=\"http:\/\/www.iesitalica.es\/Ejemplos_TIC_Lengua\/Italica\/formatos_variados\/Oracion_sintagma\/Oraciones_y_sintagmas.htm\"><strong><strong><span style=\"color: #008000;\">enlace<\/span><\/strong><\/strong><\/a><strong><strong>. <\/strong><\/strong>(IES It\u00e1lica)<strong><\/strong><\/span><\/span><\/p>\n<p style=\"text-align: justify; padding-left: 60px;\"><a href=\"..\/..\/archivos\/sintaxis\/oracion.html\" target=\"_blank\"><img loading=\"lazy\" alt=\"\" src=\"http:\/\/www.fotosearch.com\/bthumb\/UNC\/UNC226\/u12698109.jpg\" width=\"30\" height=\"30\" align=\"absmiddle\" \/><\/a> <span style=\"font-family: 'Century Gothic';\"><span style=\"font-size: medium;\">Practica los TiPOS DE SINTAGMAS, SUJETO, PREDICADO y COMPLEMENTOS DE LA ORACI\u00d3N.<strong> <span style=\"color: #008000;\"><a href=\"http:\/\/perso.wanadoo.es\/louralba\/lourjavejercc.htm\">Haz clic aqu\u00ed<\/a><\/span> <\/strong>(Lourdes Albarr\u00e1n)<strong><\/strong><\/span><\/span><\/p>\n<p style=\"text-align: justify; padding-left: 60px;\"><strong><a href=\"..\/..\/archivos\/sintaxis\/oracion.html\" target=\"_blank\"><img loading=\"lazy\" alt=\"\" src=\"http:\/\/www.fotosearch.com\/bthumb\/UNC\/UNC226\/u12698109.jpg\" width=\"30\" height=\"30\" align=\"absmiddle\" \/><\/a> <\/strong><span style=\"font-family: 'Century Gothic';\"><span style=\"font-size: medium;\">Puedes practicar el an\u00e1lisis sintactico online si pinchas<\/span><\/span><strong><span style=\"font-family: 'Century Gothic';\"><span style=\"font-size: medium;\"> <a href=\"http:\/\/recursos.cnice.mec.es\/lengua\/profesores\/bac1\/herramientas\/as\/as.htm\"><span style=\"color: #008000;\"><strong>aqu\u00ed<\/strong><\/span><\/a>. <\/span><\/span><\/strong><span style=\"font-family: 'Century Gothic';\"><span style=\"font-size: medium;\">(Proyecto Ciceros)<\/span><\/span><strong><\/strong><a href=\"..\/..\/archivos\/sintaxis\/oracion.html\" target=\"_blank\"><img loading=\"lazy\" alt=\"\" src=\"http:\/\/www.fotosearch.com\/bthumb\/UNC\/UNC226\/u12698109.jpg\" width=\"30\" height=\"30\" align=\"absmiddle\" \/><\/a> <span style=\"font-family: 'Century Gothic';\"><span style=\"font-size: medium;\"><strong><a href=\"http:\/\/www.auladeletras.net\/material\/test\/sintaxis.htm\"><span style=\"color: #008000;\"><strong>Repaso te\u00f3rico de sintaxis<\/strong><\/span><\/a><\/strong> (Aula de letras)<\/span><\/span><\/p>\n<p style=\"text-align: justify;\">\n<p style=\"text-align: justify;\">\n<p style=\"text-align: justify;\"><span style=\"font-family: 'Century Gothic';\"><span style=\"font-size: x-large;\"><strong><strong><img loading=\"lazy\" alt=\"\" src=\"http:\/\/aulambra.lineadecodigo.com\/wp-content\/uploads\/2009\/04\/pdf.png\" width=\"49\" height=\"49\" align=\"absmiddle\" \/><span style=\"color: #008000;\">EJERCICIOS Y FICHAS IMPRIMIBLES<\/span> <\/strong><\/strong><\/span><\/span><\/p>\n<p style=\"text-align: justify; padding-left: 90px;\"><span style=\"font-family: 'Century Gothic';\"><span style=\"font-size: medium;\"><a href=\"http:\/\/www.apuntesdelengua.com\/archivos\/sintaxis\/fichas-repasomorfologiaysintaxis.pdf\" target=\"_blank\">Fichas para repasar morfolog\u00eda y sintaxis<\/a>.<\/span><\/span><\/p>\n<p style=\"text-align: justify; padding-left: 90px;\"><span style=\"font-family: 'Century Gothic';\"><span style=\"font-size: medium;\"><a href=\"http:\/\/www.apuntesdelengua.com\/archivos\/sintaxis\/fichas-repasosintagmas.pdf\" target=\"_blank\">Fichas para repasar los sintagmas<\/a>.<\/span><\/span><\/p>\n<p style=\"text-align: justify; padding-left: 90px;\"><span style=\"font-family: 'Century Gothic';\"><span style=\"font-size: medium;\"><a href=\"http:\/\/www.apuntesdelengua.com\/archivos\/sintaxis\/fichas-sujetoypredicado.pdf\" target=\"_blank\">Fichas para repasar sujeto y predicado<\/a>.<\/span><\/span><\/p>\n<p style=\"text-align: justify; padding-left: 90px;\"><span style=\"font-family: 'Century Gothic';\"><span style=\"font-size: medium;\"><a href=\"http:\/\/www.apuntesdelengua.com\/archivos\/sintaxis\/fichas-repasosintaxis-01.pdf\">Fichas para repasar sintaxis &#8211; 1<\/a>.<\/span><\/span><\/p>\n<p style=\"text-align: justify; padding-left: 90px;\"><span style=\"font-family: 'Century Gothic';\"><span style=\"font-size: medium;\"><a href=\"http:\/\/www.apuntesdelengua.com\/archivos\/sintaxis\/test_de_la_oracion_simple.pdf\" target=\"_blank\">TEST DE LA ORACI\u00d3N SIMPLE (50 preguntas) <img loading=\"lazy\" class=\"alignnone\" alt=\"\" src=\"http:\/\/www.enmante.com.mx\/colegiodecontadoresmante\/images\/nuevo.gif\" width=\"34\" height=\"34\" \/> <\/a><\/span><\/span><\/p>\n<p style=\"text-align: justify; padding-left: 90px;\"><span style=\"font-family: 'Century Gothic';\"><span style=\"font-size: medium;\"><a href=\"http:\/\/www.apuntesdelengua.com\/archivos\/sintaxis\/fichas_ejercicios_complementos_del_verbo_01.pdf\" target=\"_blank\">Fichas para repasar los complementos del verbo &#8211; 1<\/a><\/span><\/span><a href=\"..\/..\/archivos\/sintaxis\/test_de_la_oracion_simple.pdf\" target=\"_blank\"><img loading=\"lazy\" alt=\"\" src=\"http:\/\/www.enmante.com.mx\/colegiodecontadoresmante\/images\/nuevo.gif\" width=\"34\" height=\"34\" \/><\/a><\/p>\n<p style=\"text-align: justify; padding-left: 90px;\">\n<p style=\"text-align: justify;\"><span style=\"font-family: 'Century Gothic';\"><span style=\"font-size: x-large;\"><img loading=\"lazy\" class=\"alignabsmiddle\" alt=\"\" src=\"http:\/\/www.boxoftricks.net\/hotpotatoes.jpg\" width=\"45\" height=\"45\" align=\"absmiddle\" \/> <strong><span style=\"color: #008000;\">Ejercicios interactivos HOT POTATOES<\/span><\/strong><\/span><\/span><\/p>\n<p style=\"text-align: justify; padding-left: 60px;\"><img loading=\"lazy\" alt=\"\" src=\"http:\/\/www.boxoftricks.net\/hotpotatoes.jpg\" width=\"30\" height=\"30\" align=\"absmiddle\" \/><span style=\"font-family: 'Century Gothic';\"><span style=\"font-size: medium;\"> Ejercicios procecentes de la p\u00e1gina de Lourdes Albarrac\u00edn<\/span><\/span><\/p>\n<p style=\"text-align: justify; padding-left: 150px;\"><a href=\"http:\/\/perso.wanadoo.es\/louralba\/potatoes\/Repasosintaxis.htm\" target=\"_blank\"><span style=\"font-family: 'Century Gothic';\"><span style=\"font-size: medium;\">Test para comprobar tus conocimientos &#8211; 1<\/span><\/span><\/a><\/p>\n<p style=\"text-align: justify; padding-left: 150px;\"><span style=\"font-family: 'Century Gothic';\"><span style=\"font-size: medium;\"><a href=\"http:\/\/perso.wanadoo.es\/louralba\/potatoes\/RepasosintaxisI.htm\" target=\"_blank\">Test para comprobar tus conocimientos &#8211; 2<\/a><\/span><\/span><\/p>\n<p style=\"text-align: justify; padding-left: 60px;\"><img loading=\"lazy\" alt=\"\" src=\"http:\/\/www.boxoftricks.net\/hotpotatoes.jpg\" width=\"30\" height=\"30\" align=\"absmiddle\" \/><span style=\"font-family: 'Century Gothic';\"><span style=\"font-size: medium;\"> Ejercicios procedentes elaborados por J. Genover<\/span><\/span><\/p>\n<p style=\"text-align: justify; padding-left: 150px;\"><span style=\"font-family: 'Century Gothic';\"><span style=\"font-size: medium;\">Formar oraciones <span style=\"color: #008000;\"><strong>relacionando SUJETO Y PREDICADO<\/strong><\/span>. Pincha <a href=\"http:\/\/www.xtec.cat\/%7Ejgenover\/sujeto1.htm\" target=\"_blank\"><strong>aqu\u00ed<\/strong><\/a>.<\/span><\/span><\/p>\n<p style=\"text-align: justify; padding-left: 150px;\"><span style=\"font-family: 'Century Gothic';\"><span style=\"font-size: medium;\"><span style=\"color: #008000;\"><strong>Reconocer el sujeto<\/strong><\/span> de unas oraciones. Pincha <strong><a href=\"http:\/\/www.xtec.cat\/%7Ejgenover\/sn01.htm\" target=\"_blank\">aqu\u00ed<\/a><\/strong>.<\/span><\/span><\/p>\n<p style=\"text-align: justify; padding-left: 150px;\"><span style=\"font-family: 'Century Gothic';\"><span style=\"font-size: medium;\">Relacionar verbos y sujetos de un texto. Pincha <a href=\"http:\/\/www.xtec.cat\/%7Ejgenover\/sn04.htm\" target=\"_blank\"><strong>aqu\u00ed<\/strong><\/a>.<\/span><\/span><\/p>\n<p style=\"text-align: justify; padding-left: 150px;\"><span style=\"font-family: 'Century Gothic';\"><span style=\"font-size: medium;\">Pasar oraciones <span style=\"color: #008000;\"><strong>PASIVAS en ACTIVAS<\/strong>.<\/span> Pincha <a href=\"http:\/\/www.xtec.cat\/%7Ejgenover\/activa1.htm\" target=\"_blank\"><strong>aqu\u00ed<\/strong><\/a>.<\/span><\/span><\/p>\n<p style=\"text-align: justify; padding-left: 150px;\"><span style=\"font-family: 'Century Gothic';\"><span style=\"font-size: medium;\">Actividades Hot Potatoes para identificar el <strong><span style=\"color: #008000;\">SUJETO PACIENTE<\/span>. <\/strong>Pincha <strong><a href=\"http:\/\/www.hf.uio.no\/ilos-dyn\/studier\/fleksibel\/spansk\/emne\/ovelser\/sintaxis\/sujetopaciente.html\" target=\"_blank\">aqu\u00ed<\/a><\/strong>. <\/span><\/span><\/p>\n","protected":false},"excerpt":{"rendered":"<p>En esta secci\u00f3n podr\u00e9is encontrar los esquemas, presentaciones y ejercicios complementarios a nuestras clases en lo que se refiere al tema de la sintaxis. EJERCICIOS INTERACTIVOS Sencillo esquema de la oraci\u00f3n simple Si quieres pr\u00e1cticar tus conocimientos a trav\u00e9s de ejercicios Hot potatoes tendr\u00e1s que entrar en el siguienteenlace. (IES It\u00e1lica) Practica los TiPOS DE<\/p>\n","protected":false},"author":1,"featured_media":0,"parent":1699,"menu_order":0,"comment_status":"open","ping_status":"open","template":"","meta":{"_monsterinsights_skip_tracking":false,"_monsterinsights_sitenote_active":false,"_monsterinsights_sitenote_note":"","_monsterinsights_sitenote_category":0},"aioseo_notices":[],"_links":{"self":[{"href":"http:\/\/www.apuntesdelengua.com\/blog\/wp-json\/wp\/v2\/pages\/2154"}],"collection":[{"href":"http:\/\/www.apuntesdelengua.com\/blog\/wp-json\/wp\/v2\/pages"}],"about":[{"href":"http:\/\/www.apuntesdelengua.com\/blog\/wp-json\/wp\/v2\/types\/page"}],"author":[{"embeddable":true,"href":"http:\/\/www.apuntesdelengua.com\/blog\/wp-json\/wp\/v2\/users\/1"}],"replies":[{"embeddable":true,"href":"http:\/\/www.apuntesdelengua.com\/blog\/wp-json\/wp\/v2\/comments?post=2154"}],"version-history":[{"count":9,"href":"http:\/\/www.apuntesdelengua.com\/blog\/wp-json\/wp\/v2\/pages\/2154\/revisions"}],"predecessor-version":[{"id":2157,"href":"http:\/\/www.apuntesdelengua.com\/blog\/wp-json\/wp\/v2\/pages\/2154\/revisions\/2157"}],"up":[{"embeddable":true,"href":"http:\/\/www.apuntesdelengua.com\/blog\/wp-json\/wp\/v2\/pages\/1699"}],"wp:attachment":[{"href":"http:\/\/www.apuntesdelengua.com\/blog\/wp-json\/wp\/v2\/media?parent=2154"}],"curies":[{"name":"wp","href":"https:\/\/api.w.org\/{rel}","templated":true}]}}