{"id":2249,"date":"2010-04-21T20:57:46","date_gmt":"2010-04-21T19:57:46","guid":{"rendered":"http:\/\/www.apuntesdelengua.com\/blog\/?page_id=2249"},"modified":"2010-09-21T22:44:50","modified_gmt":"2010-09-21T21:44:50","slug":"especial-centenario-miguel-hernandez","status":"publish","type":"page","link":"http:\/\/www.apuntesdelengua.com\/blog\/taller-poetico\/especial-centenario-miguel-hernandez\/","title":{"rendered":"<div align=center>Especial centenario <br>Miguel Hern\u00e1ndez<\/div>"},"content":{"rendered":"<p style=\"text-align: justify;\"><span style=\"font-family: 'Century Gothic';\"><span style=\"font-size: medium;\"><img loading=\"lazy\" class=\"aligncenter size-full wp-image-2248\" title=\"miguel_hernandez_logo copia\" src=\"http:\/\/www.apuntesdelengua.com\/blog\/wp-content\/uploads\/2010\/04\/miguel_hernandez_logo-copia.jpg\" alt=\"\" width=\"477\" height=\"254\" srcset=\"http:\/\/www.apuntesdelengua.com\/blog\/wp-content\/uploads\/2010\/04\/miguel_hernandez_logo-copia.jpg 709w, http:\/\/www.apuntesdelengua.com\/blog\/wp-content\/uploads\/2010\/04\/miguel_hernandez_logo-copia-300x159.jpg 300w\" sizes=\"(max-width: 477px) 100vw, 477px\" \/><br \/>\n<img loading=\"lazy\" style=\"visibility: hidden; width: 0px; height: 0px;\" src=\"http:\/\/counters.gigya.com\/wildfire\/IMP\/CXNID=2000002.0NXC\/bT*xJmx*PTEyNzEzNTU3MjY3MzImcHQ9MTI3MTM1NTc*MTM5OCZwPTIyMTYzMSZkPSZnPTImbz1jZTY4YTZjNDIyZjA*NDZmYWRi\/NDdlNGI5ZjA*N2E1OCZvZj*w.gif\" border=\"0\" alt=\"\" width=\"0\" height=\"0\" \/><\/span><\/span><\/p>\n<p style=\"text-align: justify;\"><span style=\"font-family: 'Century Gothic';\"><span style=\"font-size: medium;\"><img loading=\"lazy\" style=\"visibility: hidden; width: 0px; height: 0px;\" src=\"http:\/\/counters.gigya.com\/wildfire\/IMP\/CXNID=2000002.0NXC\/bT*xJmx*PTEyNzE*NTU5MjkzMjUmcHQ9MTI3MTQ1NTk*OTQ*MCZwPTIyMTYzMSZkPSZnPTImbz1kOGE2MzJiNGY*YmM*NzlmOTAw\/ZTY3YTMwN2VkMjA2YyZvZj*w.gif\" border=\"0\" alt=\"\" width=\"0\" height=\"0\" \/><\/span><\/span><\/p>\n<p style=\"text-align: justify;\"><span style=\"font-family: 'Century Gothic';\"><span style=\"font-size: medium;\">2010-2011 supone un a\u00f1o repleto de celebraciones\u00a0 conmemoraciones que giran alrededor de la figura de uno de los m\u00e1s grandes e importantes -a la par quiz\u00e1 menos reconocidos- poetas de nuestra literatura contempor\u00e1nea de postguerra, <strong><span style=\"color: #008000;\">Miguel Hern\u00e1ndez<\/span><\/strong>. Para ello, pretendemos rendir aqu\u00ed un merecido <span style=\"color: #008000;\">homenaje<\/span> que tendr\u00e1 como protagonistas a todos los miembros de la comunidad educativa de nuestro colegio, as\u00ed como todos los lectores de nuestro blog.<\/span><\/span><\/p>\n<p style=\"text-align: justify;\"><span style=\"font-family: 'Century Gothic';\"><span style=\"font-size: medium;\">El <strong><span style=\"color: #008000;\">papel de las TIC<\/span><\/strong> en este homenaje es piedra angular sobre la cual vamos a desarrollar podcast, presentaciones en Slideshare, caligramas, actividades, y hasta una revista de contenidos. Navega a trav\u00e9s de las secciones que te proponemos en los siguientes iconos. Las actividades que presentamos tienen por objetivo acercar a nuestr@s alumnos en particular, y a tod@s los lectores del blog en general a la figura po\u00e9tica y biogr\u00e1fica del poeta. Para la consecuci\u00f3n de este objetivo, hemos dise\u00f1ado una secuenciaci\u00f3n de contenidos y actividades de forma transversal a los contenidos curriculares que permitan el desarrollo por competencias de las mismas, <strong><span style=\"color: #008000;\">fomentando la participaci\u00f3n y la innovaci\u00f3n. <\/span><\/strong><\/span><\/span><\/p>\n<p style=\"text-align: justify;\"><span style=\"font-family: 'Century Gothic';\"><span style=\"font-size: medium;\">A partir del <a href=\"http:\/\/www.apuntesdelengua.com\/archivos\/literatura\/miguelhernandez\/index.html\" target=\"_blank\">webquest Miguel Hern\u00e1ndez<\/a> (disponible en la p\u00e1gina principal del blog) hemos conducido al alumnado a la c<strong><span style=\"color: #008000;\">onsecuci\u00f3n de conocimientos literarios, ling\u00fc\u00edsticos y TIC <\/span><\/strong>necesarios para completar satisfactoriamente este conjunto actividades.<br \/>\n<\/span><\/span><\/p>\n<p style=\"text-align: center;\"><a href=\"http:\/\/www.apuntesdelengua.com\/blog\/?page_id=2046\" target=\"_blank\"><img loading=\"lazy\" class=\"aligncenter\" title=\"PODCAST\" src=\"http:\/\/www.apuntesdelengua.com\/blog\/wp-content\/uploads\/2010\/04\/Imagen-1.jpg\" alt=\"\" width=\"274\" height=\"77\" align=\"absmiddle\" \/><\/a><span style=\"font-family: 'Century Gothic';\"><span style=\"font-size: medium;\"><strong><span style=\"color: #008000;\">Selecci\u00f3n de poemas interpretados por alumn@s y profesores.<\/span><\/strong><\/span><\/span><\/p>\n<p style=\"text-align: center;\"><span style=\"font-family: 'Century Gothic';\"><span style=\"font-size: medium;\"><strong><span style=\"color: #008000;\"><br \/>\n<\/span><\/strong><\/span><\/span><\/p>\n<p style=\"text-align: center;\"><a href=\"http:\/\/www.apuntesdelengua.com\/blog\/?page_id=2348\" target=\"_blank\"><img loading=\"lazy\" class=\"aligncenter\" src=\"http:\/\/www.apuntesdelengua.com\/master\/iconos\/wordle.jpg\" alt=\"\" width=\"274\" height=\"77\" align=\"absmiddle\" \/><\/a><strong><span style=\"color: #008000;\"><span style=\"font-family: 'Century Gothic';\"><span style=\"font-size: medium;\">Nubes de palabras visuales en relaci\u00f3n al mundo social y po\u00e9tico hernandiano.<\/span><\/span><\/span><\/strong><\/p>\n<p style=\"text-align: center;\"><strong><span style=\"color: #008000;\"><span style=\"font-family: 'Century Gothic';\"><span style=\"font-size: medium;\"><br \/>\n<\/span><\/span><\/span><\/strong><\/p>\n<p style=\"text-align: center;\"><a href=\"http:\/\/www.apuntesdelengua.com\/blog\/?page_id=2338\" target=\"_blank\"><img loading=\"lazy\" class=\"aligncenter\" src=\"http:\/\/www.apuntesdelengua.com\/master\/iconos\/glogster.jpg\" alt=\"\" width=\"277\" height=\"77\" align=\"absmiddle\" \/><\/a><span style=\"font-family: 'Century Gothic';\"><span style=\"font-size: medium;\"><strong><span style=\"color: #008000;\">Desarrollamos p\u00f3sters multimedia como fomento de las TIC.<\/span><\/strong><\/span><\/span><\/p>\n<p style=\"text-align: center;\"><span style=\"font-family: 'Century Gothic';\"><span style=\"font-size: medium;\"><strong><span style=\"color: #008000;\"><br \/>\n<\/span><\/strong><\/span><\/span><\/p>\n<p style=\"text-align: center;\"><a href=\"http:\/\/www.apuntesdelengua.com\/blog\/?page_id=2448\" target=\"_blank\"><img loading=\"lazy\" class=\"aligncenter\" src=\"http:\/\/www.apuntesdelengua.com\/master\/iconos\/diccionariohernandiano.jpg\" alt=\"\" width=\"277\" height=\"78\" align=\"absmiddle\" \/><\/a><span style=\"font-family: 'Century Gothic';\"><span style=\"font-size: medium;\"><strong><span style=\"color: #008000;\">Selecci\u00f3n terminol\u00f3gica del mundo hernandiano presentado en diversos formatos.<\/span><\/strong><\/span><\/span><\/p>\n<p style=\"text-align: justify;\">\n<p style=\"text-align: justify;\">\n<p style=\"text-align: justify;\">\n<p style=\"text-align: justify;\">\n<p style=\"text-align: justify;\">\n","protected":false},"excerpt":{"rendered":"<p>2010-2011 supone un a\u00f1o repleto de celebraciones\u00a0 conmemoraciones que giran alrededor de la figura de uno de los m\u00e1s grandes e importantes -a la par quiz\u00e1 menos reconocidos- poetas de nuestra literatura contempor\u00e1nea de postguerra, Miguel Hern\u00e1ndez. Para ello, pretendemos rendir aqu\u00ed un merecido homenaje que tendr\u00e1 como protagonistas a todos los miembros de la<\/p>\n","protected":false},"author":1,"featured_media":0,"parent":587,"menu_order":0,"comment_status":"open","ping_status":"open","template":"onecolumn-page.php","meta":{"_monsterinsights_skip_tracking":false,"_monsterinsights_sitenote_active":false,"_monsterinsights_sitenote_note":"","_monsterinsights_sitenote_category":0},"aioseo_notices":[],"_links":{"self":[{"href":"http:\/\/www.apuntesdelengua.com\/blog\/wp-json\/wp\/v2\/pages\/2249"}],"collection":[{"href":"http:\/\/www.apuntesdelengua.com\/blog\/wp-json\/wp\/v2\/pages"}],"about":[{"href":"http:\/\/www.apuntesdelengua.com\/blog\/wp-json\/wp\/v2\/types\/page"}],"author":[{"embeddable":true,"href":"http:\/\/www.apuntesdelengua.com\/blog\/wp-json\/wp\/v2\/users\/1"}],"replies":[{"embeddable":true,"href":"http:\/\/www.apuntesdelengua.com\/blog\/wp-json\/wp\/v2\/comments?post=2249"}],"version-history":[{"count":36,"href":"http:\/\/www.apuntesdelengua.com\/blog\/wp-json\/wp\/v2\/pages\/2249\/revisions"}],"predecessor-version":[{"id":3943,"href":"http:\/\/www.apuntesdelengua.com\/blog\/wp-json\/wp\/v2\/pages\/2249\/revisions\/3943"}],"up":[{"embeddable":true,"href":"http:\/\/www.apuntesdelengua.com\/blog\/wp-json\/wp\/v2\/pages\/587"}],"wp:attachment":[{"href":"http:\/\/www.apuntesdelengua.com\/blog\/wp-json\/wp\/v2\/media?parent=2249"}],"curies":[{"name":"wp","href":"https:\/\/api.w.org\/{rel}","templated":true}]}}