{"id":2348,"date":"2010-04-21T21:04:16","date_gmt":"2010-04-21T20:04:16","guid":{"rendered":"http:\/\/www.apuntesdelengua.com\/blog\/?page_id=2348"},"modified":"2010-09-21T22:49:51","modified_gmt":"2010-09-21T21:49:51","slug":"wordles-hernandianos","status":"publish","type":"page","link":"http:\/\/www.apuntesdelengua.com\/blog\/taller-poetico\/especial-centenario-miguel-hernandez\/wordles-hernandianos\/","title":{"rendered":"Wordles hernandianos"},"content":{"rendered":"<p style=\"text-align: justify;\"><span style=\"font-family: 'Century Gothic';\"><span style=\"font-size: medium;\">Un Wordle es una herramienta TIC de la web 2.0 que permite generar una nube de etiquetas a partir de un n\u00famero concreto de palabras, como tambi\u00e9n a partir de la sindicaci\u00f3n de blogs (v\u00eda feed) como tambi\u00e9n por seguidores sociales (delicious). Una vez formada la nube, podemos dise\u00f1arla a nuestro gusto, variando fondos, colores, tipograf\u00eda, etc. Adem\u00e1s, como es una herramienta gratuita, nos permite insertarla en nuestro blog bien como jpg, o como enlace a partir de html.<\/span><\/span><\/p>\n<p style=\"text-align: justify;\"><span style=\"font-family: 'Century Gothic';\"><span style=\"font-size: medium;\">Aprovechando esta herramienta, les ped\u00ed a mis alumnos que confeccionasen por grupos Wordles en relaci\u00f3n a la vida y obra del autor oriolano, y el resultado es el que aqu\u00ed presentamos. Para acceder al Wordle en un tama\u00f1o m\u00e1s grande, pincha sobre cada imagen. \u00a1Buen trabajo chic@s!<br \/>\n<\/span><\/span><\/p>\n<p style=\"text-align: center;\"><span style=\"font-family: 'Century Gothic';\"><span style=\"font-size: medium;\"><strong><span style=\"color: #008000;\">Wordle a cargo del grupo formado por: Juan Pedro Candel, Iv\u00e1n Miguel Alba, Manuel Artigas, Alejandro L\u00f3pez y Jorge Calvo.<\/span><\/strong><a href=\"http:\/\/www.apuntesdelengua.com\/blog\/wp-content\/uploads\/2010\/04\/Dibujo.bmp\"><img loading=\"lazy\" class=\"aligncenter size-full wp-image-2352\" title=\"Dibujo\" src=\"http:\/\/www.apuntesdelengua.com\/blog\/wp-content\/uploads\/2010\/04\/Dibujo.bmp\" alt=\"\" width=\"200\" height=\"133\" \/><\/a><\/span><\/span><\/p>\n<p style=\"text-align: center;\"><strong><span style=\"color: #008000;\"><span style=\"font-family: 'Century Gothic';\"><span style=\"font-size: medium;\">Wordle a cargo del grupo formado por: M\u00f3nica L\u00f3pez, Andrea L\u00f3pez, Tania Gonz\u00e1lez, Gema Palanca y Carmen Mart\u00ednez.<\/span><\/span><\/span><\/strong><\/p>\n<p style=\"text-align: center;\"><a href=\"http:\/\/www.apuntesdelengua.com\/blog\/wp-content\/uploads\/2010\/04\/Dibujo.jpg\"><img loading=\"lazy\" class=\"aligncenter size-full wp-image-2360\" title=\"Dibujo\" src=\"http:\/\/www.apuntesdelengua.com\/blog\/wp-content\/uploads\/2010\/04\/Dibujo.jpg\" alt=\"\" width=\"201\" height=\"134\" \/><\/a><\/p>\n<p style=\"text-align: center;\"><span style=\"font-family: 'Century Gothic';\"><span style=\"font-size: medium;\"><strong><span style=\"color: #008000;\">Wordle a cargo del grupo formado por: Irene Alejo, Marta Morales, Sandra del Olmo, Elena Carrillo y Elisa Vaquero.<\/span><\/strong><br \/>\n<a title=\"Wordle: Miguel Hernandez\" href=\"http:\/\/www.wordle.net\/show\/wrdl\/1916155\/Miguel_Hernandez\"><img loading=\"lazy\" class=\"aligncenter\" style=\"padding: 4px; border: 1px solid #ddd;\" src=\"http:\/\/www.wordle.net\/thumb\/wrdl\/1916155\/Miguel_Hernandez\" alt=\"Wordle: Miguel Hernandez\" width=\"200\" height=\"156\" \/><\/a><\/span><\/span><\/p>\n<p style=\"text-align: center;\"><strong><span style=\"color: #008000;\"><span style=\"font-family: 'Century Gothic';\"><span style=\"font-size: medium;\">Wordle a cargo del grupo formado por Diego Vega, Jorge Poza, Miguel Tapiador, Alejandro del Amo, Felipe Fern\u00e1ndez e Iv\u00e1n Vivares.<\/span><\/span><\/span><\/strong><\/p>\n<p style=\"text-align: center;\"><a title=\"Wordle: miguelhernandezivanalexjorgediegofelipeymiguel\" href=\"http:\/\/www.wordle.net\/show\/wrdl\/1925851\/miguelhernandezivanalexjorgediegofelipeymiguel\"><img loading=\"lazy\" class=\"aligncenter\" style=\"padding: 4px; border: 1px solid #ddd;\" src=\"http:\/\/www.wordle.net\/thumb\/wrdl\/1925851\/miguelhernandezivanalexjorgediegofelipeymiguel\" alt=\"Wordle: miguelhernandezivanalexjorgediegofelipeymiguel\" width=\"200\" height=\"154\" \/><\/a><\/p>\n<p style=\"text-align: center;\"><strong><span style=\"color: #008000;\"><span style=\"font-family: 'Century Gothic';\"><span style=\"font-size: medium;\">Wordle a cargo del grupo formado por Laura Oviedo, Laura Gonz\u00e1lez, Isabel P\u00e9rez, Elena Carrillo y Eva Garc\u00eda de Madariaga.<\/span><\/span><\/span><\/strong><\/p>\n<p style=\"text-align: left;\"><a href=\"http:\/\/www.apuntesdelengua.com\/blog\/wp-content\/uploads\/2010\/04\/Wordle.jpg\"><img loading=\"lazy\" class=\"aligncenter size-full wp-image-2365\" title=\"Wordle\" src=\"http:\/\/www.apuntesdelengua.com\/blog\/wp-content\/uploads\/2010\/04\/Wordle.jpg\" alt=\"\" width=\"212\" height=\"134\" srcset=\"http:\/\/www.apuntesdelengua.com\/blog\/wp-content\/uploads\/2010\/04\/Wordle.jpg 831w, http:\/\/www.apuntesdelengua.com\/blog\/wp-content\/uploads\/2010\/04\/Wordle-300x190.jpg 300w\" sizes=\"(max-width: 212px) 100vw, 212px\" \/><\/a><\/p>\n<p style=\"text-align: center;\"><span style=\"color: #008000;\"><strong><span style=\"font-family: 'Century Gothic';\"><span style=\"font-size: medium;\">Wordle a cargo de Carlos Moreno, alumno de 2\u00ba ESO D<\/span><\/span><\/strong><\/span><\/p>\n<p style=\"text-align: left;\"><a title=\"Wordle: miguelhern\u00e1ndez\" href=\"http:\/\/www.wordle.net\/show\/wrdl\/1930594\/miguelhern%C3%A1ndez\"><img loading=\"lazy\" class=\"aligncenter\" style=\"padding: 4px; border: 1px solid #ddd;\" src=\"http:\/\/www.wordle.net\/thumb\/wrdl\/1930594\/miguelhern%C3%A1ndez\" alt=\"Wordle: miguelhern\u00e1ndez\" width=\"183\" height=\"117\" \/><\/a><\/p>\n<p style=\"text-align: center;\"><span style=\"color: #008000;\"><strong><span style=\"font-family: 'Century Gothic';\"><span style=\"font-size: medium;\">Wordle a cargo de Natalia D\u00edaz, alumna de 2\u00ba ESO A<\/span><\/span><\/strong><\/span><\/p>\n<p style=\"text-align: left;\"><a title=\"Wordle: Untitled\" href=\"http:\/\/www.wordle.net\/show\/wrdl\/1929990\/Untitled\"><img class=\"aligncenter\" style=\"padding: 4px; border: 1px solid #ddd;\" src=\"http:\/\/www.wordle.net\/thumb\/wrdl\/1929990\/Untitled\" alt=\"Wordle: Untitled\" \/><\/a><\/p>\n<p style=\"text-align: center;\"><span style=\"color: #008000;\"><strong><span style=\"font-family: 'Century Gothic';\"><span style=\"font-size: medium;\">Wordle a cargo de las alumnas Patricia Sim\u00f3n, Raquel Miranda, Natalia, Elena Manchado y Lorena Calvo, de 2\u00ba ESO C<\/span><\/span><\/strong><\/span><\/p>\n<p style=\"text-align: center;\"><a title=\"Wordle: Wordle sobre Miguel Hern\u00e1ndez\" href=\"http:\/\/www.wordle.net\/show\/wrdl\/1926410\/Wordle_sobre_Miguel_Hern%C3%A1ndez\"><img class=\"aligncenter\" style=\"padding: 4px; border: 1px solid #ddd;\" src=\"http:\/\/www.wordle.net\/thumb\/wrdl\/1926410\/Wordle_sobre_Miguel_Hern%C3%A1ndez\" alt=\"Wordle: Wordle sobre Miguel Hern\u00e1ndez\" \/><\/a><\/p>\n<p style=\"text-align: center;\"><span style=\"color: #008000;\"><strong><span style=\"font-family: 'Century Gothic';\"><span style=\"font-size: medium;\">Wordle a cargo de Sandra Hernando, de 2\u00ba ESO D<\/span><\/span><\/strong><\/span><\/p>\n<p style=\"text-align: center;\"><a title=\"Wordle: Miguel Hern\u00e1ndez\" href=\"http:\/\/www.wordle.net\/show\/wrdl\/1931392\/Miguel_Hern%C3%A1ndez\"><img class=\"aligncenter\" style=\"padding: 4px; border: 1px solid #ddd;\" src=\"http:\/\/www.wordle.net\/thumb\/wrdl\/1931392\/Miguel_Hern%C3%A1ndez\" alt=\"Wordle: Miguel Hern\u00e1ndez\" \/><\/a><\/p>\n<p style=\"text-align: center;\"><span style=\"color: #008000;\"><strong><span style=\"font-family: 'Century Gothic';\"><span style=\"font-size: medium;\">Wordle a cargo de Beatriz Conejo, de 2\u00ba ESO D<\/span><\/span><\/strong><\/span><\/p>\n<p style=\"text-align: center;\"><span style=\"color: #008000;\"><strong><span style=\"font-family: 'Century Gothic';\"><span style=\"font-size: medium;\"> <\/span> <a title=\"Wordle: MIGUEL HERN\u00c1NDEZ\" href=\"http:\/\/www.wordle.net\/show\/wrdl\/1937046\/MIGUEL_HERN%C3%81NDEZ\"><img style=\"padding: 4px; border: 1px solid #ddd;\" src=\"http:\/\/www.wordle.net\/thumb\/wrdl\/1937046\/MIGUEL_HERN%C3%81NDEZ\" alt=\"Wordle: MIGUEL HERN\u00c1NDEZ\" \/><\/a><\/span><\/strong><\/span><\/p>\n<p style=\"text-align: center;\"><span style=\"color: #008000;\"><strong><strong><span style=\"font-family: 'Century Gothic';\"><span style=\"font-size: medium;\">Wordle a cargo de Enrique Sastre, Rub\u00e9n Vaquero y Daniel Garc\u00eda, de 2\u00ba ESO D<\/span><\/span><\/strong><\/strong><\/span><\/p>\n<p style=\"text-align: center;\"><a title=\"Wordle: Miguel Hern\u00e1ndez\" href=\"http:\/\/www.wordle.net\/show\/wrdl\/1937355\/Miguel_Hern%C3%A1ndez\"><img class=\"aligncenter\" style=\"padding: 4px; border: 1px solid #ddd;\" src=\"http:\/\/www.wordle.net\/thumb\/wrdl\/1937355\/Miguel_Hern%C3%A1ndez\" alt=\"Wordle: Miguel Hern\u00e1ndez\" \/><\/a><\/p>\n<p style=\"text-align: center;\"><span style=\"color: #008000;\"><strong><strong><span style=\"font-family: 'Century Gothic';\"><span style=\"font-size: medium;\">Wordle a cargo de Alicia Morales, de 2\u00ba ESO D<br \/>\n<\/span><\/span><\/strong><\/strong><\/span><\/p>\n<p style=\"text-align: center;\"><a title=\"Wordle: Untitled\" href=\"http:\/\/www.wordle.net\/show\/wrdl\/1937469\/Untitled\"><img class=\"aligncenter\" style=\"padding: 4px; border: 1px solid #ddd;\" src=\"http:\/\/www.wordle.net\/thumb\/wrdl\/1937469\/Untitled\" alt=\"Wordle: Untitled\" \/><\/a><span style=\"color: #008000;\"><strong><strong><span style=\"font-family: 'Century Gothic';\"><span style=\"font-size: medium;\">Wordle a cargo de Francisco Daniel \u00c1lvaro, 2\u00ba ESO D<br \/>\n<\/span><\/span><\/strong><\/strong><\/span><\/p>\n<p style=\"text-align: center;\"><a title=\"Wordle: Miguel Hern\u00e1ndez\" href=\"http:\/\/www.wordle.net\/show\/wrdl\/1937614\/Miguel_Hern%C3%A1ndez\"><img class=\"aligncenter\" style=\"padding: 4px; border: 1px solid #ddd;\" src=\"http:\/\/www.wordle.net\/thumb\/wrdl\/1937614\/Miguel_Hern%C3%A1ndez\" alt=\"Wordle: Miguel Hern\u00e1ndez\" \/><\/a><span style=\"color: #008000;\"><strong><strong><span style=\"font-family: 'Century Gothic';\"><span style=\"font-size: medium;\"> <\/span><\/span><\/strong><\/strong><\/span><\/p>\n<p style=\"text-align: center;\"><span style=\"color: #008000;\"><strong><strong><span style=\"font-family: 'Century Gothic';\"><span style=\"font-size: medium;\">Wordle a cargo de Andrea L\u00f3pez, Celia Merino, Ra\u00fal Naval\u00f3n, Irene Reguera y Lidia Barona, 2\u00ba ESO A<\/span><\/span><\/strong><\/strong><\/span><\/p>\n<p style=\"text-align: center;\"><a title=\"Wordle: Miguel Hern\u00e1ndez\" href=\"http:\/\/www.wordle.net\/show\/wrdl\/1924583\/Miguel_Hern%C3%A1ndez\"><img class=\"aligncenter\" style=\"padding: 4px; border: 1px solid #ddd;\" src=\"http:\/\/www.wordle.net\/thumb\/wrdl\/1924583\/Miguel_Hern%C3%A1ndez\" alt=\"Wordle: Miguel Hern\u00e1ndez\" \/><\/a><\/p>\n<p style=\"text-align: center;\"><span style=\"color: #008000;\"><strong><strong><span style=\"font-family: 'Century Gothic';\"><span style=\"font-size: medium;\"><br \/>\n<\/span><\/span><\/strong><\/strong><\/span><\/p>\n<p style=\"text-align: center;\">\n<p style=\"text-align: left;\">\n<p style=\"text-align: left;\">\n<p style=\"text-align: left;\">\n","protected":false},"excerpt":{"rendered":"<p>Un Wordle es una herramienta TIC de la web 2.0 que permite generar una nube de etiquetas a partir de un n\u00famero concreto de palabras, como tambi\u00e9n a partir de la sindicaci\u00f3n de blogs (v\u00eda feed) como tambi\u00e9n por seguidores sociales (delicious). Una vez formada la nube, podemos dise\u00f1arla a nuestro gusto, variando fondos, colores,<\/p>\n","protected":false},"author":1,"featured_media":0,"parent":2249,"menu_order":1,"comment_status":"open","ping_status":"open","template":"onecolumn-page.php","meta":{"_monsterinsights_skip_tracking":false,"_monsterinsights_sitenote_active":false,"_monsterinsights_sitenote_note":"","_monsterinsights_sitenote_category":0},"aioseo_notices":[],"_links":{"self":[{"href":"http:\/\/www.apuntesdelengua.com\/blog\/wp-json\/wp\/v2\/pages\/2348"}],"collection":[{"href":"http:\/\/www.apuntesdelengua.com\/blog\/wp-json\/wp\/v2\/pages"}],"about":[{"href":"http:\/\/www.apuntesdelengua.com\/blog\/wp-json\/wp\/v2\/types\/page"}],"author":[{"embeddable":true,"href":"http:\/\/www.apuntesdelengua.com\/blog\/wp-json\/wp\/v2\/users\/1"}],"replies":[{"embeddable":true,"href":"http:\/\/www.apuntesdelengua.com\/blog\/wp-json\/wp\/v2\/comments?post=2348"}],"version-history":[{"count":29,"href":"http:\/\/www.apuntesdelengua.com\/blog\/wp-json\/wp\/v2\/pages\/2348\/revisions"}],"predecessor-version":[{"id":3944,"href":"http:\/\/www.apuntesdelengua.com\/blog\/wp-json\/wp\/v2\/pages\/2348\/revisions\/3944"}],"up":[{"embeddable":true,"href":"http:\/\/www.apuntesdelengua.com\/blog\/wp-json\/wp\/v2\/pages\/2249"}],"wp:attachment":[{"href":"http:\/\/www.apuntesdelengua.com\/blog\/wp-json\/wp\/v2\/media?parent=2348"}],"curies":[{"name":"wp","href":"https:\/\/api.w.org\/{rel}","templated":true}]}}