{"id":2448,"date":"2010-04-24T16:45:43","date_gmt":"2010-04-24T15:45:43","guid":{"rendered":"http:\/\/www.apuntesdelengua.com\/blog\/?page_id=2448"},"modified":"2010-10-30T17:08:44","modified_gmt":"2010-10-30T16:08:44","slug":"diccionarios-hernandianos","status":"publish","type":"page","link":"http:\/\/www.apuntesdelengua.com\/blog\/taller-poetico\/especial-centenario-miguel-hernandez\/diccionarios-hernandianos\/","title":{"rendered":"Diccionarios hernandianos"},"content":{"rendered":"<p style=\"text-align: justify;\"><span style=\"font-family: 'Century Gothic';\"><span style=\"font-size: medium;\">Esta secci\u00f3n va dedicada a tod@s l@s alumn@s que han destinado un valioso tiempo a la investigaci\u00f3n, la b\u00fasqueda y la redacci\u00f3n de informaci\u00f3n de la vida y obra del poeta. Una de las actividades propuestas para esta secci\u00f3n era la confecci\u00f3n de un DICCIONARIO HERNANDIANO. El formato final era libre, raz\u00f3n por la cual la creatividad y la originalidad estaban destinados a surgir en los textos que presentase el alumnado. Los resultados son los siguientes, donde se percibe el gusto y las buenas formas con las que han concretado el esfuerzo y el trabajo en equipo. \u00a1Enhorabuena a tod@s l@s participantes!<\/span><\/span><\/p>\n<p style=\"text-align: justify;\"><span style=\"font-family: 'Century Gothic';\"><span style=\"font-size: medium;\">La creaci\u00f3n de un diccionario hernandiano permite al alumnado conseguir una visi\u00f3n m\u00e1s amplia de la vida y obra del poeta, puesto debe de concretar en t\u00e9rminos espec\u00edficos una elevada cantidad de informaci\u00f3n, raz\u00f3n por la cual se obtiene un perfil del autor tanto po\u00e9tico como biogr\u00e1fico m\u00e1s completo, posibilitando un acercamiento a su figura por parte del alumnado implicado en esta actividad.<br \/>\n<\/span><\/span><\/p>\n<p style=\"text-align: justify;\"><span style=\"font-family: 'Century Gothic';\"><span style=\"font-size: medium;\"> <\/span><\/span><\/p>\n<p style=\"text-align: justify;\"><strong><span style=\"color: #008000;\"><span style=\"font-family: 'Century Gothic';\"><span style=\"font-size: medium;\">Raquel Miranda Carmona, Elena Manchado Rodr\u00edguez, Patricia Sim\u00f3n Mart\u00edn,  Lorena Calvo Bartolom\u00e9 y Natalia Jim\u00e9nez S\u00e1nchez (2\u00ba ESO C)<\/span><\/span><\/span><\/strong><\/p>\n<p style=\"text-align: center;\"><span style=\"font-family: 'Century Gothic';\"><span style=\"font-size: medium;\"> <\/span><\/span><object classid=\"clsid:d27cdb6e-ae6d-11cf-96b8-444553540000\" width=\"700\" height=\"586\" codebase=\"http:\/\/download.macromedia.com\/pub\/shockwave\/cabs\/flash\/swflash.cab#version=6,0,40,0\"><param name=\"allowFullScreen\" value=\"true\" \/><param name=\"allowScriptAccess\" value=\"always\" \/><param name=\"src\" value=\"http:\/\/static.slidesharecdn.com\/swf\/ssplayer2.swf?doc=diccionariohernandiano-100424071843-phpapp02&amp;rel=0&amp;stripped_title=diccionario-hernandiano\" \/><param name=\"allowfullscreen\" value=\"true\" \/><embed type=\"application\/x-shockwave-flash\" width=\"700\" height=\"586\" src=\"http:\/\/static.slidesharecdn.com\/swf\/ssplayer2.swf?doc=diccionariohernandiano-100424071843-phpapp02&amp;rel=0&amp;stripped_title=diccionario-hernandiano\" allowscriptaccess=\"always\" allowfullscreen=\"true\"><\/embed><\/object><\/p>\n<p style=\"text-align: center;\"><strong><span style=\"color: #008000;\"><span style=\"font-family: 'Century Gothic';\"><span style=\"font-size: medium;\">V\u00edctor Marchal, Pablo Claver\u00eda y Javier Arag\u00f3n (2\u00ba ESO A)<\/span><\/span><\/span><\/strong><\/p>\n<div style=\"text-align: center;\">[issuu layout=http%3A%2F%2Fskin.issuu.com%2Fv%2Fcolor%2Flayout.xml backgroundcolor=61A900 showflipbtn=true documentid=100424123356-85aa35f4a2434c4db9b21baad20d1bb6 docname=diccionariohernandiano01 username=josehernandez loadinginfotext=Diccionario%20hernandiano width=600 height=425 unit=px]<\/div>\n<p style=\"text-align: center;\"><strong><span style=\"color: #008000;\"><span style=\"font-family: 'Century Gothic';\"><span style=\"font-size: medium;\">Javier Mart\u00ednez, Rub\u00e9n Sebasti\u00e1n, \u00c1lvaro Ureta y Pablo Esp\u00e1riz (2\u00ba ESO C)<\/span><\/span><\/span><\/strong><\/p>\n<div style=\"text-align: center;\">[issuu layout=http%3A%2F%2Fskin.issuu.com%2Fv%2Fcolor%2Flayout.xml backgroundcolor=61A900 showflipbtn=true documentid=100424130016-90911133c6e7444d86440bc36497b6a7 docname=diccionariohernandiano02 username=josehernandez loadinginfotext=Diccionario%20hernandiano width=600 height=425 unit=px]<\/div>\n<p style=\"text-align: center;\"><strong><span style=\"color: #008000;\"><span style=\"font-family: 'Century Gothic';\"><span style=\"font-size: medium;\">M\u00f3nica L\u00f3pez, Andrea L\u00f3pez, Gema Palanca, Tania Goz\u00e1lez y Carmen Mart\u00ednez (2\u00ba ESO C)<\/span><\/span><\/span><\/strong><\/p>\n<p style=\"text-align: center;\"><span style=\"font-family: 'Century Gothic';\"><span style=\"font-size: medium;\"> <\/span><\/span><object classid=\"clsid:d27cdb6e-ae6d-11cf-96b8-444553540000\" width=\"700\" height=\"585\" codebase=\"http:\/\/download.macromedia.com\/pub\/shockwave\/cabs\/flash\/swflash.cab#version=6,0,40,0\"><param name=\"allowFullScreen\" value=\"true\" \/><param name=\"allowScriptAccess\" value=\"always\" \/><param name=\"src\" value=\"http:\/\/static.slidesharecdn.com\/swf\/ssplayer2.swf?doc=diccionariohernandiano2-100424091257-phpapp01&amp;stripped_title=diccionario-de-miguel-hernndez\" \/><param name=\"allowfullscreen\" value=\"true\" \/><embed type=\"application\/x-shockwave-flash\" width=\"700\" height=\"585\" src=\"http:\/\/static.slidesharecdn.com\/swf\/ssplayer2.swf?doc=diccionariohernandiano2-100424091257-phpapp01&amp;stripped_title=diccionario-de-miguel-hernndez\" allowscriptaccess=\"always\" allowfullscreen=\"true\"><\/embed><\/object><\/p>\n<div style=\"text-align: center;\">\n<p style=\"text-align: center;\"><span style=\"font-family: 'Century Gothic';\"><span style=\"font-size: medium;\"> <\/span><\/span><\/p>\n<p style=\"text-align: justify;\"><span style=\"color: #008000;\"><span style=\"font-family: 'Century Gothic';\"><span style=\"font-size: medium;\"><strong>Pablo  Chicano, Juan Pedro Candel, Manuel Artigas, Alejandro L\u00f3pez, Jorge  Calvo e Iv\u00e1n Miguel Alba (2\u00ba ESO C)<\/strong><\/span><\/span><\/span><\/p>\n<p style=\"text-align: center;\">[issuu layout=http%3A%2F%2Fskin.issuu.com%2Fv%2Fcolor%2Flayout.xml backgroundcolor=61A900 showflipbtn=true documentid=100424143039-98168a2a03f14511a3bf8a52f97cb3f8 docname=diccionariodemiguelhernandez01 username=josehernandez loadinginfotext=Diccionario%20de%20Miguel%20Hern%C3%A1ndez width=600 height=425 unit=px]<\/p>\n<p style=\"text-align: justify;\"><span style=\"color: #008000;\"><span style=\"font-family: 'Century Gothic';\"><span style=\"font-size: medium;\"><strong>Laura Gonzalez, Isabel, Elena  Carrillo, Eva y Laura Oviedo (2\u00ba ESO A) <\/strong><\/span><\/span><\/span><\/p>\n<p style=\"text-align: center;\">[issuu layout=http%3A%2F%2Fskin.issuu.com%2Fv%2Fcolor%2Flayout.xml backgroundcolor=A4112B showflipbtn=true documentid=100424143709-2eaf8ee2082245069fe5aedfe9c1b48a docname=dicionariodemiguelhernandez02 username=josehernandez loadinginfotext=Diccionario%20de%20Miguel%20Hern%C3%A1ndez%20II width=600 height=425 unit=px]<\/p>\n<p style=\"text-align: center;\"><span style=\"color: #008000;\"><span style=\"font-family: 'Century Gothic';\"><span style=\"font-size: medium;\"><strong>Marta Morales, Irene Alejo, Sandra del Olmo, Elena Rubio y Elisa Vaquero (2\u00ba ESO A)<\/strong><\/span><\/span><\/span><\/p>\n<div style=\"width: 425px; text-align: center;\"><object classid=\"clsid:d27cdb6e-ae6d-11cf-96b8-444553540000\" width=\"700\" height=\"587\" codebase=\"http:\/\/download.macromedia.com\/pub\/shockwave\/cabs\/flash\/swflash.cab#version=6,0,40,0\"><param name=\"allowFullScreen\" value=\"true\" \/><param name=\"allowScriptAccess\" value=\"always\" \/><param name=\"src\" value=\"http:\/\/static.slidesharecdn.com\/swf\/ssplayer2.swf?doc=diccionariohernandiano02-100424100025-phpapp01&amp;rel=0&amp;stripped_title=diccionario-sobre-miguel-hernndez\" \/><param name=\"allowfullscreen\" value=\"true\" \/><embed type=\"application\/x-shockwave-flash\" width=\"700\" height=\"587\" src=\"http:\/\/static.slidesharecdn.com\/swf\/ssplayer2.swf?doc=diccionariohernandiano02-100424100025-phpapp01&amp;rel=0&amp;stripped_title=diccionario-sobre-miguel-hernndez\" allowscriptaccess=\"always\" allowfullscreen=\"true\"><\/embed><\/object><\/div>\n<p style=\"text-align: center;\"><span style=\"color: #008000;\"><span style=\"font-family: 'Century Gothic';\"><span style=\"font-size: medium;\"><strong>Lidia Barona, Celia Merino, Andrea L\u00f3pez, Irene Reguera y Ra\u00fal Naval\u00f3n, 2\u00ba ESO A<\/strong><\/span><\/span><\/span><\/p>\n<div><object style=\"width: 600px; height: 425px;\" classid=\"clsid:d27cdb6e-ae6d-11cf-96b8-444553540000\" width=\"100\" height=\"100\" codebase=\"http:\/\/download.macromedia.com\/pub\/shockwave\/cabs\/flash\/swflash.cab#version=6,0,40,0\"><param name=\"allowfullscreen\" value=\"true\" \/><param name=\"menu\" value=\"false\" \/><param name=\"src\" value=\"http:\/\/static.issuu.com\/webembed\/viewers\/style1\/v1\/IssuuViewer.swf?mode=embed&amp;layout=http%3A%2F%2Fskin.issuu.com%2Fv%2Fcolor%2Flayout.xml&amp;backgroundColor=2A5083&amp;showFlipBtn=true&amp;documentId=100427194002-f21e4b0ad3f04927bf4733cbe1e7a4e6&amp;docName=diccionario04&amp;username=josehernandez&amp;loadingInfoText=Diccionario%20sobre%20la%20vida%20de%20Miguel%20Hern%C3%A1ndez&amp;et=1272397340589&amp;er=23\" \/><param name=\"flashvars\" value=\"mode=embed&amp;layout=http%3A%2F%2Fskin.issuu.com%2Fv%2Fcolor%2Flayout.xml&amp;backgroundColor=2A5083&amp;showFlipBtn=true&amp;documentId=100427194002-f21e4b0ad3f04927bf4733cbe1e7a4e6&amp;docName=diccionario04&amp;username=josehernandez&amp;loadingInfoText=Diccionario%20sobre%20la%20vida%20de%20Miguel%20Hern%C3%A1ndez&amp;et=1272397340589&amp;er=23\" \/><embed style=\"width: 600px; height: 425px;\" type=\"application\/x-shockwave-flash\" width=\"100\" height=\"100\" src=\"http:\/\/static.issuu.com\/webembed\/viewers\/style1\/v1\/IssuuViewer.swf?mode=embed&amp;layout=http%3A%2F%2Fskin.issuu.com%2Fv%2Fcolor%2Flayout.xml&amp;backgroundColor=2A5083&amp;showFlipBtn=true&amp;documentId=100427194002-f21e4b0ad3f04927bf4733cbe1e7a4e6&amp;docName=diccionario04&amp;username=josehernandez&amp;loadingInfoText=Diccionario%20sobre%20la%20vida%20de%20Miguel%20Hern%C3%A1ndez&amp;et=1272397340589&amp;er=23\" flashvars=\"mode=embed&amp;layout=http%3A%2F%2Fskin.issuu.com%2Fv%2Fcolor%2Flayout.xml&amp;backgroundColor=2A5083&amp;showFlipBtn=true&amp;documentId=100427194002-f21e4b0ad3f04927bf4733cbe1e7a4e6&amp;docName=diccionario04&amp;username=josehernandez&amp;loadingInfoText=Diccionario%20sobre%20la%20vida%20de%20Miguel%20Hern%C3%A1ndez&amp;et=1272397340589&amp;er=23\" menu=\"false\" allowfullscreen=\"true\"><\/embed><\/object><\/div>\n<div><strong><br \/>\n<\/strong><\/p>\n<p style=\"text-align: center;\"><span style=\"font-family: 'Century Gothic';\"><span style=\"font-size: medium;\"><strong><span style=\"color: #008000;\">Iv\u00e1n Vivares, Diego Vega, Felipe Fern\u00e1ndez, Alejandro Del Amo, Jorge Poza y Miguel Tapiador (2\u00ba ESO A)<\/span><br \/>\n<\/strong><\/span><\/span><\/p>\n<\/div>\n<div><object style=\"width: 600px; height: 425px;\" classid=\"clsid:d27cdb6e-ae6d-11cf-96b8-444553540000\" width=\"100\" height=\"100\" codebase=\"http:\/\/download.macromedia.com\/pub\/shockwave\/cabs\/flash\/swflash.cab#version=6,0,40,0\"><param name=\"allowfullscreen\" value=\"true\" \/><param name=\"menu\" value=\"false\" \/><param name=\"src\" value=\"http:\/\/static.issuu.com\/webembed\/viewers\/style1\/v1\/IssuuViewer.swf?mode=embed&amp;layout=http%3A%2F%2Fskin.issuu.com%2Fv%2Fcolor%2Flayout.xml&amp;backgroundColor=61A900&amp;showFlipBtn=true&amp;documentId=100503180736-b2039f87e0bf468f941c904f31ecdd14&amp;docName=diccionario_lengua&amp;username=josehernandez&amp;loadingInfoText=Diccionario%20sobre%20la%20vida%20y%20obra%20de%20Miguel%20Hernandez&amp;et=1272910167715&amp;er=12\" \/><param name=\"flashvars\" value=\"mode=embed&amp;layout=http%3A%2F%2Fskin.issuu.com%2Fv%2Fcolor%2Flayout.xml&amp;backgroundColor=61A900&amp;showFlipBtn=true&amp;documentId=100503180736-b2039f87e0bf468f941c904f31ecdd14&amp;docName=diccionario_lengua&amp;username=josehernandez&amp;loadingInfoText=Diccionario%20sobre%20la%20vida%20y%20obra%20de%20Miguel%20Hernandez&amp;et=1272910167715&amp;er=12\" \/><embed style=\"width: 600px; height: 425px;\" type=\"application\/x-shockwave-flash\" width=\"100\" height=\"100\" src=\"http:\/\/static.issuu.com\/webembed\/viewers\/style1\/v1\/IssuuViewer.swf?mode=embed&amp;layout=http%3A%2F%2Fskin.issuu.com%2Fv%2Fcolor%2Flayout.xml&amp;backgroundColor=61A900&amp;showFlipBtn=true&amp;documentId=100503180736-b2039f87e0bf468f941c904f31ecdd14&amp;docName=diccionario_lengua&amp;username=josehernandez&amp;loadingInfoText=Diccionario%20sobre%20la%20vida%20y%20obra%20de%20Miguel%20Hernandez&amp;et=1272910167715&amp;er=12\" flashvars=\"mode=embed&amp;layout=http%3A%2F%2Fskin.issuu.com%2Fv%2Fcolor%2Flayout.xml&amp;backgroundColor=61A900&amp;showFlipBtn=true&amp;documentId=100503180736-b2039f87e0bf468f941c904f31ecdd14&amp;docName=diccionario_lengua&amp;username=josehernandez&amp;loadingInfoText=Diccionario%20sobre%20la%20vida%20y%20obra%20de%20Miguel%20Hernandez&amp;et=1272910167715&amp;er=12\" menu=\"false\" allowfullscreen=\"true\"><\/embed><\/object><\/p>\n<div style=\"width: 600px; text-align: left;\"><a href=\"http:\/\/issuu.com\/josehernandez\/docs\/diccionario_lengua?mode=embed&amp;layout=http%3A%2F%2Fskin.issuu.com%2Fv%2Fcolor%2Flayout.xml&amp;backgroundColor=61A900&amp;showFlipBtn=true\" target=\"_blank\">Open publication<\/a> &#8211; Free <a href=\"http:\/\/issuu.com\" target=\"_blank\">publishing<\/a> &#8211; <a href=\"http:\/\/issuu.com\/search?q=poesia\" target=\"_blank\">More poesia<\/a><\/div>\n<\/div>\n<div><strong><br \/>\n<\/strong><\/div>\n<\/div>\n<p><strong><strong><strong> <\/strong><\/strong><\/strong><\/p>\n<p style=\"text-align: justify;\"><span style=\"font-family: 'Century Gothic';\"><span style=\"font-size: medium;\"><strong><strong><strong> <\/strong><\/strong><\/strong><\/span><\/span><\/p>\n","protected":false},"excerpt":{"rendered":"<p>Esta secci\u00f3n va dedicada a tod@s l@s alumn@s que han destinado un valioso tiempo a la investigaci\u00f3n, la b\u00fasqueda y la redacci\u00f3n de informaci\u00f3n de la vida y obra del poeta. Una de las actividades propuestas para esta secci\u00f3n era la confecci\u00f3n de un DICCIONARIO HERNANDIANO. El formato final era libre, raz\u00f3n por la cual<\/p>\n","protected":false},"author":1,"featured_media":0,"parent":2249,"menu_order":4,"comment_status":"open","ping_status":"open","template":"onecolumn-page.php","meta":{"_monsterinsights_skip_tracking":false,"_monsterinsights_sitenote_active":false,"_monsterinsights_sitenote_note":"","_monsterinsights_sitenote_category":0},"aioseo_notices":[],"_links":{"self":[{"href":"http:\/\/www.apuntesdelengua.com\/blog\/wp-json\/wp\/v2\/pages\/2448"}],"collection":[{"href":"http:\/\/www.apuntesdelengua.com\/blog\/wp-json\/wp\/v2\/pages"}],"about":[{"href":"http:\/\/www.apuntesdelengua.com\/blog\/wp-json\/wp\/v2\/types\/page"}],"author":[{"embeddable":true,"href":"http:\/\/www.apuntesdelengua.com\/blog\/wp-json\/wp\/v2\/users\/1"}],"replies":[{"embeddable":true,"href":"http:\/\/www.apuntesdelengua.com\/blog\/wp-json\/wp\/v2\/comments?post=2448"}],"version-history":[{"count":25,"href":"http:\/\/www.apuntesdelengua.com\/blog\/wp-json\/wp\/v2\/pages\/2448\/revisions"}],"predecessor-version":[{"id":4167,"href":"http:\/\/www.apuntesdelengua.com\/blog\/wp-json\/wp\/v2\/pages\/2448\/revisions\/4167"}],"up":[{"embeddable":true,"href":"http:\/\/www.apuntesdelengua.com\/blog\/wp-json\/wp\/v2\/pages\/2249"}],"wp:attachment":[{"href":"http:\/\/www.apuntesdelengua.com\/blog\/wp-json\/wp\/v2\/media?parent=2448"}],"curies":[{"name":"wp","href":"https:\/\/api.w.org\/{rel}","templated":true}]}}