{"id":2680,"date":"2010-05-24T21:56:00","date_gmt":"2010-05-24T20:56:00","guid":{"rendered":"http:\/\/www.apuntesdelengua.com\/blog\/?page_id=2680"},"modified":"2014-04-23T23:21:51","modified_gmt":"2014-04-23T22:21:51","slug":"perifrasis-verbales","status":"publish","type":"page","link":"http:\/\/www.apuntesdelengua.com\/blog\/cursos\/2%c2%ba-eso\/sintaxis\/perifrasis-verbales\/","title":{"rendered":"Per\u00edfrasis verbales"},"content":{"rendered":"<p style=\"text-align: center;\"><a href=\"http:\/\/www.apuntesdelengua.com\/archivos\/sintaxis\/perifrasisverbales\/perifrasis.html\" target=\"_blank\"><img loading=\"lazy\" class=\"aligncenter\" alt=\"\" src=\"http:\/\/www.apuntesdelengua.com\/archivos\/sintaxis\/perifrasisverbales\/perifrasis.jpg\" width=\"629\" height=\"286\" \/><\/a><span style=\"font-family: 'Century Gothic';\"><span style=\"font-size: x-small;\">Pincha sobre la imagen para ampliarla <\/span><\/span><\/p>\n<p style=\"text-align: justify;\"><span style=\"font-family: 'Century Gothic';\"><span style=\"font-size: medium;\">Las per\u00edfrasis verbales son construcciones sint\u00e1cticas de dos o m\u00e1s verbos que funcionan como n\u00facleo del predicado. Son utilizadas para expresar las caracter\u00edsticas de la acci\u00f3n verbal que no tienen el significado completo mediante el uso de formas simples o compuestas. <\/span><\/span><\/p>\n<table style=\"height: 513px;\" width=\"972\" border=\"0\" cellspacing=\"0\" cellpadding=\"0\" bgcolor=\"#ffffff\">\n<tbody>\n<tr bgcolor=\"#fffff\">\n<td colspan=\"3\" valign=\"top\"><span style=\"color: #0000ff;\"><strong><span style=\"font-family: 'Century Gothic';\"><span style=\"font-size: medium;\">PER\u00cdFRASIS MODALES.- Informan sobre la actitud del hablante ante la acci\u00f3n verbal<\/span><\/span><\/strong><\/span><\/td>\n<\/tr>\n<tr>\n<td bgcolor=\"#fffff\" width=\"216\"><span style=\"color: #008000;\"><span style=\"font-family: 'Century Gothic';\">DE OBLIGACI\u00d3N<\/span><\/span><\/td>\n<td valign=\"top\" width=\"345\"><span style=\"font-family: 'Century Gothic';\">Tener que\/ Deber\/ Haber de \/ Haber que<\/span> <em><span style=\"font-family: 'Century Gothic';\">Tienes que concentrarte en tu trabajo. <\/span><\/em><\/td>\n<td width=\"158\"><span style=\"font-family: 'Century Gothic';\">+ INFINITIVO<\/span><\/td>\n<\/tr>\n<tr>\n<td bgcolor=\"#fffff\" width=\"216\"><span style=\"color: #008000;\"><span style=\"font-family: 'Century Gothic';\">DE PROBABILIDAD O SUPOSICI\u00d3N<\/span><\/span><\/td>\n<td valign=\"top\" width=\"345\"><span style=\"font-family: 'Century Gothic';\">Venir a \/ Deber de<\/span> <em><span style=\"font-family: 'Century Gothic';\">Ese reloj debe de costar un ri\u00f1\u00f3n.<\/span><\/em><\/td>\n<td width=\"158\"><span style=\"font-family: 'Century Gothic';\">+ INFINITIVO<\/span><\/td>\n<\/tr>\n<tr>\n<td valign=\"top\" bgcolor=\"#fffff\" width=\"216\"><span style=\"color: #008000;\">POSIBILIDAD<\/span><\/td>\n<td valign=\"top\" width=\"345\"><span style=\"font-family: 'Century Gothic';\">Poder<\/span> <em><span style=\"font-family: 'Century Gothic';\">Seguro que puedes alcanzar tu sue\u00f1o.<\/span><\/em><\/td>\n<td valign=\"top\" width=\"158\"><span style=\"font-family: 'Century Gothic';\">+ INFINITIVO<\/span><\/td>\n<\/tr>\n<tr bgcolor=\"#fffff\">\n<td colspan=\"3\" valign=\"top\"><span style=\"color: #0000ff;\"><strong><span style=\"font-family: 'Century Gothic';\"><span style=\"font-size: medium;\">PER\u00cdFRASIS ASPECTUALES.- Informan sobre el desarrollo de la acci\u00f3n verbal<\/span><\/span><\/strong><\/span><\/td>\n<\/tr>\n<tr>\n<td bgcolor=\"#fffff\" width=\"216\"><span style=\"color: #008000;\"><strong><span style=\"font-family: 'Century Gothic';\">INGRESIVAS.- Indican acci\u00f3n inminente. <\/span><\/strong><\/span><\/td>\n<td valign=\"top\" width=\"345\"><span style=\"font-family: 'Century Gothic';\">Ir a \/ Estar por \/ Estar a punto de<\/span> <em><span style=\"font-family: 'Century Gothic';\">Iba a llamarte cuando has llegado.<\/span><\/em><\/td>\n<td width=\"158\"><span style=\"font-family: 'Century Gothic';\">+ INFINITIVO<\/span><\/td>\n<\/tr>\n<tr>\n<td rowspan=\"2\" bgcolor=\"#fffff\"><span style=\"color: #008000;\"><strong><span style=\"font-family: 'Century Gothic';\">INCOATIVAS.- Indican acci\u00f3n en el momento de comenzar. <\/span><\/strong><\/span><\/td>\n<td valign=\"top\"><span style=\"font-family: 'Century Gothic';\">Ponerse a \/ Romper a<\/span> <em><span style=\"font-family: 'Century Gothic';\">Rompi\u00f3 a llorar inconsolable. <\/span><\/em><\/td>\n<td rowspan=\"2\"><span style=\"font-family: 'Century Gothic';\">+ INFINITIVO<\/span><\/td>\n<\/tr>\n<tr>\n<td valign=\"top\"><span style=\"font-family: 'Century Gothic';\">Comenzar a \/ Echarse a \/ Empezar a<\/span> <em><span style=\"font-family: 'Century Gothic';\">Me ech\u00e9 a correr en cuanto empez\u00f3 a llover.<\/span><\/em><\/td>\n<\/tr>\n<tr>\n<td valign=\"top\" bgcolor=\"#fffff\" width=\"216\"><span style=\"color: #008000;\"><strong><span style=\"font-family: 'Century Gothic';\">FRECUENTATIVAS.- Indican acci\u00f3n habitual. <\/span><\/strong><\/span><\/td>\n<td valign=\"top\" width=\"345\"><span style=\"font-family: 'Century Gothic';\">Soler<\/span> <em><span style=\"font-family: 'Century Gothic';\">Suelo llegar al trabajo antes de las ocho.<\/span><\/em><\/td>\n<td valign=\"top\" width=\"158\"><span style=\"font-family: 'Century Gothic';\">+ INFINITIVO<\/span><\/td>\n<\/tr>\n<tr>\n<td valign=\"top\" bgcolor=\"#fffff\" width=\"216\"><span style=\"color: #008000;\"><strong><span style=\"font-family: 'Century Gothic';\">REITERATIVAS.- Indican acci\u00f3n repetida. <\/span><\/strong><\/span><\/td>\n<td valign=\"top\" width=\"345\"><span style=\"font-family: 'Century Gothic';\">Volver a<\/span> <em><span style=\"font-family: 'Century Gothic';\">No volver\u00e9 a llamarte nunca.<\/span><\/em><\/td>\n<td valign=\"top\" width=\"158\"><span style=\"font-family: 'Century Gothic';\">+ INFINITIVO<\/span><\/td>\n<\/tr>\n<tr>\n<td bgcolor=\"#fffff\" width=\"216\"><span style=\"color: #008000;\"><strong><span style=\"font-family: 'Century Gothic';\">DURATIVAS.- Indican acci\u00f3n en desarrollo.<\/span><\/strong><\/span><\/td>\n<td valign=\"top\" width=\"345\"><span style=\"font-family: 'Century Gothic';\">Estar \/ Andar \/ Venir \/ Ir\/ Seguir<\/span> <em><span style=\"font-family: 'Century Gothic';\">Lleva quej\u00e1ndose desde que empez\u00f3 el curso.<\/span><\/em><\/td>\n<td width=\"158\"><span style=\"font-family: 'Century Gothic';\">+ GERUNDIO<\/span><\/td>\n<\/tr>\n<tr>\n<td bgcolor=\"#fffff\"><span style=\"color: #008000;\"><strong><span style=\"font-family: 'Century Gothic';\">TERMINATIVAS.- Indican acci\u00f3n acabada. <\/span><\/strong><\/span><\/td>\n<td valign=\"top\"><span style=\"font-family: 'Century Gothic';\">Dejar de, acabar de, terminar de\/ llegar a\/ cesar de<\/span> <em><span style=\"font-family: 'Century Gothic';\">Ya hemos acabado de comer el primer plato; trae el segundo.<\/span><\/em><\/td>\n<td><span style=\"font-family: 'Century Gothic';\">+ INFINITIVO<\/span><\/td>\n<\/tr>\n<tr>\n<td bgcolor=\"#fffff\"><span style=\"color: #008000;\"><strong><span style=\"font-family: 'Century Gothic';\">PERFECTIVAS O RESULTATIVAS.- Indican el resultado final que se deriva de la acci\u00f3n.<\/span><\/strong><\/span><\/td>\n<td valign=\"top\"><span style=\"font-family: 'Century Gothic';\">Traer \/ Dejar \/ Quedar \/ Estar \/ Tener \/ Llevar \/ Verse \/ Sentirse<\/span> <em><span style=\"font-family: 'Century Gothic';\">Ha dejado dicho que le pases a recoger a las cinco.<\/span><\/em><\/td>\n<td valign=\"top\">+ PARTICIPIO<\/td>\n<\/tr>\n<\/tbody>\n<\/table>\n<p style=\"text-align: justify;\"><span style=\"font-family: 'Century Gothic';\"><span style=\"font-size: x-large;\"><img loading=\"lazy\" class=\"alignabsmiddle\" alt=\"\" src=\"http:\/\/www.fotosearch.com\/bthumb\/UNC\/UNC226\/u12698109.jpg\" width=\"45\" height=\"45\" align=\"absmiddle\" \/> <span style=\"color: #008000;\"><strong>EJERCICIOS INTERACTIVOS Y TEOR\u00cdA IMPRIMIBLE<\/strong><\/span><\/span><\/span><\/p>\n<p style=\"text-align: center;\"><span style=\"font-family: 'Century Gothic';\"><span style=\"font-size: medium;\"><a href=\"http:\/\/www.tinglado.net\/tic\/manuel\/perifrasisverbales2\/perifrasisverbales.html\"><img loading=\"lazy\" class=\"aligncenter\" alt=\"\" src=\"http:\/\/3.bp.blogspot.com\/_SNUFMktS5tI\/R7nmHiR5a5I\/AAAAAAAAAeY\/fqj6atsn_NU\/s200\/portada.JPG\" width=\"200\" height=\"122\" \/><\/a><\/span><\/span><\/p>\n<p style=\"text-align: center;\"><span style=\"font-family: 'Century Gothic';\"><span style=\"font-size: x-small;\">Pincha sobre la imagen para acceder a la actividad <\/span><\/span><\/p>\n<p style=\"text-align: left; padding-left: 90px;\"><a onclick=\"javascript:pageTracker._trackPageview('\/outbound\/article\/www.edu.xunta.es');\" href=\"http:\/\/www.edu.xunta.es\/contidos\/premios\/p2003\/b\/archaron9\/GRAMATICA\/HOT\/perifrasis_EJ.htm\" target=\"_blank\"><img loading=\"lazy\" alt=\"\" src=\"http:\/\/www.fotosearch.com\/bthumb\/UNC\/UNC226\/u12698109.jpg\" width=\"35\" height=\"35\" align=\"absmiddle\" \/><\/a> <a href=\"http:\/\/www.apuntesdelengua.com\/archivos\/sintaxis\/perifrasisverbales\/index.htm\" target=\"_blank\"><span style=\"font-family: 'Century Gothic';\"><span style=\"font-size: medium;\">Bater\u00eda de ejercicios Hot potatoes creados por Jose Hern\u00e1ndez<\/span><\/span><\/a><\/p>\n<p style=\"padding-left: 90px;\"><a onclick=\"javascript:pageTracker._trackPageview('\/outbound\/article\/www.edu.xunta.es');\" href=\"http:\/\/www.edu.xunta.es\/contidos\/premios\/p2003\/b\/archaron9\/GRAMATICA\/HOT\/perifrasis_EJ.htm\" target=\"_blank\"><img loading=\"lazy\" alt=\"\" src=\"http:\/\/www.fotosearch.com\/bthumb\/UNC\/UNC226\/u12698109.jpg\" width=\"35\" height=\"35\" align=\"absmiddle\" \/><\/a><span style=\"font-family: 'Century Gothic';\"><span style=\"font-size: medium;\"><a onclick=\"javascript:pageTracker._trackPageview('\/outbound\/article\/www.edu.xunta.es');\" href=\"http:\/\/www.edu.xunta.es\/contidos\/premios\/p2003\/b\/archaron9\/GRAMATICA\/HOT\/perifrasis_EJ.htm\" target=\"_blank\"> Ejercicios para completar los huecos.<\/a><\/span><\/span><\/p>\n<p style=\"padding-left: 90px;\"><a onclick=\"javascript:pageTracker._trackPageview('\/outbound\/article\/www.edu.xunta.es');\" href=\"http:\/\/www.edu.xunta.es\/contidos\/premios\/p2003\/b\/archaron9\/GRAMATICA\/HOT\/perifrasis_EJ.htm\" target=\"_blank\"><img loading=\"lazy\" alt=\"\" src=\"http:\/\/www.fotosearch.com\/bthumb\/UNC\/UNC226\/u12698109.jpg\" width=\"35\" height=\"35\" align=\"absmiddle\" \/><\/a> <span style=\"font-family: 'Century Gothic';\"><span style=\"font-size: medium;\"><a onclick=\"javascript:pageTracker._trackPageview('\/outbound\/article\/www.hf.uio.no');\" href=\"http:\/\/www.hf.uio.no\/ilos-dyn\/studier\/fleksibel\/spansk\/emne\/poli\/hay.html\" target=\"_blank\">Completa las oraciones con el verbo m\u00e1s adecuado.<\/a><\/span><\/span><\/p>\n<p style=\"padding-left: 90px;\"><a onclick=\"javascript:pageTracker._trackPageview('\/outbound\/article\/www.edu.xunta.es');\" href=\"http:\/\/www.edu.xunta.es\/contidos\/premios\/p2003\/b\/archaron9\/GRAMATICA\/HOT\/perifrasis_EJ.htm\" target=\"_blank\"><img loading=\"lazy\" alt=\"\" src=\"http:\/\/www.fotosearch.com\/bthumb\/UNC\/UNC226\/u12698109.jpg\" width=\"35\" height=\"35\" align=\"absmiddle\" \/><\/a> <span style=\"font-family: 'Century Gothic';\"><span style=\"font-size: medium;\"><a onclick=\"javascript:pageTracker._trackPageview('\/outbound\/article\/www.lawebdelarosa.com');\" href=\"http:\/\/www.lawebdelarosa.com\/ESO\/hot_potatoes\/perifrasis_verbales.htm\" target=\"_blank\">Identificaci\u00f3n de las per\u00edfrasis verbales seg\u00fan su significado.<\/a><\/span><\/span><\/p>\n<p style=\"text-align: justify; padding-left: 90px;\"><a onclick=\"javascript:pageTracker._trackPageview('\/outbound\/article\/www.edu.xunta.es');\" href=\"http:\/\/www.edu.xunta.es\/contidos\/premios\/p2003\/b\/archaron9\/GRAMATICA\/HOT\/perifrasis_EJ.htm\" target=\"_blank\"><img loading=\"lazy\" alt=\"\" src=\"http:\/\/www.fotosearch.com\/bthumb\/UNC\/UNC226\/u12698109.jpg\" width=\"35\" height=\"35\" align=\"absmiddle\" \/><\/a><span style=\"font-family: 'Century Gothic';\"><span style=\"font-size: medium;\"> <a onclick=\"javascript:pageTracker._trackPageview('\/outbound\/article\/www.educa.madrid.org');\" href=\"http:\/\/www.educa.madrid.org\/web\/ies.ginerdelosrios.alcobendas\/departamentos\/lengua\/lenEus\/perifrasis\/ejercicio.htm\" target=\"_blank\">Test sobre los conocimientos de las per\u00edfrasis verbales.<\/a><\/span><\/span><\/p>\n","protected":false},"excerpt":{"rendered":"<p>Pincha sobre la imagen para ampliarla Las per\u00edfrasis verbales son construcciones sint\u00e1cticas de dos o m\u00e1s verbos que funcionan como n\u00facleo del predicado. Son utilizadas para expresar las caracter\u00edsticas de la acci\u00f3n verbal que no tienen el significado completo mediante el uso de formas simples o compuestas. PER\u00cdFRASIS MODALES.- Informan sobre la actitud del hablante<\/p>\n","protected":false},"author":1,"featured_media":0,"parent":1699,"menu_order":3,"comment_status":"open","ping_status":"open","template":"","meta":{"_monsterinsights_skip_tracking":false,"_monsterinsights_sitenote_active":false,"_monsterinsights_sitenote_note":"","_monsterinsights_sitenote_category":0},"aioseo_notices":[],"_links":{"self":[{"href":"http:\/\/www.apuntesdelengua.com\/blog\/wp-json\/wp\/v2\/pages\/2680"}],"collection":[{"href":"http:\/\/www.apuntesdelengua.com\/blog\/wp-json\/wp\/v2\/pages"}],"about":[{"href":"http:\/\/www.apuntesdelengua.com\/blog\/wp-json\/wp\/v2\/types\/page"}],"author":[{"embeddable":true,"href":"http:\/\/www.apuntesdelengua.com\/blog\/wp-json\/wp\/v2\/users\/1"}],"replies":[{"embeddable":true,"href":"http:\/\/www.apuntesdelengua.com\/blog\/wp-json\/wp\/v2\/comments?post=2680"}],"version-history":[{"count":21,"href":"http:\/\/www.apuntesdelengua.com\/blog\/wp-json\/wp\/v2\/pages\/2680\/revisions"}],"predecessor-version":[{"id":6239,"href":"http:\/\/www.apuntesdelengua.com\/blog\/wp-json\/wp\/v2\/pages\/2680\/revisions\/6239"}],"up":[{"embeddable":true,"href":"http:\/\/www.apuntesdelengua.com\/blog\/wp-json\/wp\/v2\/pages\/1699"}],"wp:attachment":[{"href":"http:\/\/www.apuntesdelengua.com\/blog\/wp-json\/wp\/v2\/media?parent=2680"}],"curies":[{"name":"wp","href":"https:\/\/api.w.org\/{rel}","templated":true}]}}