{"id":2754,"date":"2010-06-03T22:26:51","date_gmt":"2010-06-03T21:26:51","guid":{"rendered":"http:\/\/www.apuntesdelengua.com\/blog\/?page_id=2754"},"modified":"2010-08-05T01:04:36","modified_gmt":"2010-08-05T00:04:36","slug":"barroco","status":"publish","type":"page","link":"http:\/\/www.apuntesdelengua.com\/blog\/cursos\/3%c2%ba-eso\/barroco\/","title":{"rendered":"Barroco"},"content":{"rendered":"<p style=\"text-align: justify;\"><strong><span style=\"text-decoration: underline;\"><img loading=\"lazy\" src=\"http:\/\/www.fotosearch.com\/bthumb\/CSP\/CSP258\/k2580374.jpg\" alt=\"\" width=\"50\" height=\"38\" align=\"absmiddle\" \/><\/span><span style=\"color: #008000;\"><span style=\"font-family: 'Century Gothic';\"><span style=\"font-size: x-large;\">Caracter\u00edsticas Generales <\/span><\/span><\/span><\/strong><\/p>\n<p style=\"text-align: justify;\"><span style=\"font-family: 'Century Gothic';\"><span style=\"font-size: medium;\">El Barroco es el per\u00edodo literario que sucede al Renacimiento y que abarca desde finales del s. XVI hasta finales del s. XVII.<br \/>\nFrente a la \u00e9poca de esplendor del Renacimiento entramos en un periodo de decadencia: Espa\u00f1a comienza a perder su hegemon\u00eda en Europa y una fuerte crisis econ\u00f3mica lleva a la poblaci\u00f3n a la miseria y a un malestar generalizado. Podemos decir que el Barroco expresa la conciencia de una crisis, visible en los agudos contrastes sociales, el hambre, la guerra, la miseria.<br \/>\n<\/span><\/span><\/p>\n<p style=\"text-align: justify;\"><span style=\"font-family: 'Century Gothic';\"><span style=\"font-size: medium;\">Comienza a surgir un desenga\u00f1o y una concepci\u00f3n pesimista del mundo, de la vida y de la situaci\u00f3n de la naci\u00f3n y surgir\u00e1n los temas propios del Barroco: el desenga\u00f1o, la desvalorizaci\u00f3n de lo terreno, la melancol\u00eda, la comparaci\u00f3n de la vida con un sue\u00f1o del que se despierta en la muerte\u2026<br \/>\n<\/span><\/span><\/p>\n<p style=\"text-align: justify;\"><span style=\"font-family: 'Century Gothic';\"><span style=\"font-size: medium;\">Durante el barroco los juegos ling\u00fc\u00edsticos y po\u00e9ticos fueron moneda com\u00fan entre los escritores, buscando siempre el movimiento y la l\u00ednea curva. Desde el punto de vista est\u00e9tico, sobresalen la b\u00fasqueda de la novedad y de la sorpresa; el gusto por la dificultad, vinculada con la idea de que si nada es estable, todo debe ser descifrado; la tendencia al artificio y al ingenio; la noci\u00f3n de que en lo inacabado reside el supremo ideal de una obra art\u00edstica.<\/span><\/span><\/p>\n<p style=\"text-align: justify;\"><strong><img loading=\"lazy\" src=\"http:\/\/www.fotosearch.com\/bthumb\/CSP\/CSP258\/k2580376.jpg\" alt=\"\" width=\"50\" height=\"39\" align=\"absmiddle\" \/><\/strong><span style=\"font-family: 'Century Gothic';\"><span style=\"font-size: x-large;\"><span style=\"color: #008000;\"><strong>Dos escuelas: Culteranismo y Conceptismo<\/strong><\/span><br \/>\n<span style=\"font-family: 'Century Gothic';\"><span style=\"font-size: medium;\">La cr\u00edtica desde el S. XIX, suele hablar de dos grandes corrientes est\u00e9ticas tanto en la prosa como en la poes\u00eda: el culteranismo y el conceptismo.<\/span><\/span><\/span><\/span><\/p>\n<p style=\"text-align: justify; padding-left: 60px;\"><span style=\"font-family: 'Century Gothic';\"><span style=\"font-size: medium;\"><br \/>\n<strong><span style=\"color: #008000;\"> <\/span><\/strong><\/span><\/span><strong><em><span style=\"text-decoration: underline;\"><em><img loading=\"lazy\" src=\"http:\/\/www.fotosearch.com\/bthumb\/CSP\/CSP067\/k0670541.jpg\" alt=\"\" width=\"45\" height=\"45\" align=\"absmiddle\" \/><\/em><\/span><\/em><\/strong><span style=\"font-family: 'Century Gothic';\"><span style=\"font-size: medium;\"><strong><span style=\"color: #008000;\">EL CULTERANISMO<\/span>: <\/strong><\/span><\/span><\/p>\n<p style=\"text-align: justify; padding-left: 60px;\"><span style=\"font-family: 'Century Gothic';\"><span style=\"font-size: medium;\">Tambi\u00e9n denominado gongorismo, se identifica con los recursos usados por G\u00f3ngora. En esta corriente predominar\u00e1 la forma sobre el contenido. Los autores buscan el embellecimiento de la realidad, lo importante es lo ornamental. Realizan frecuentes alusiones a la mitolog\u00eda, hacen uso de un lenguaje latinizante, cultismos y como recursos m\u00e1s utilizados destacan: la met\u00e1fora, el hip\u00e9rbaton, los paralelismos\u2026<\/span><\/span><\/p>\n<p style=\"text-align: justify; padding-left: 60px;\"><span style=\"font-family: 'Century Gothic';\"><span style=\"font-size: medium;\">Su autor m\u00e1s destacado como ya se\u00f1al\u00e1bamos ser\u00e1 <a href=\"http:\/\/www.apuntesdelengua.com\/blog\/?page_id=2758\" target=\"_blank\"><span style=\"color: #ff0000;\"><strong>Lu\u00eds de G\u00f3ngora<\/strong><\/span> (pincha sobre el nombre del autor para ampliar la informaci\u00f3n).<\/a><\/span><\/span><\/p>\n<p style=\"padding-left: 60px;\"><strong><em><span style=\"text-decoration: underline;\"><em><img loading=\"lazy\" src=\"http:\/\/www.fotosearch.com\/bthumb\/CSP\/CSP067\/k0670541.jpg\" alt=\"\" width=\"45\" height=\"45\" align=\"absmiddle\" \/><\/em><\/span><\/em><\/strong><strong><span style=\"color: #008000;\"><span style=\"font-family: 'Century Gothic';\"><span style=\"font-size: medium;\">EL CONCEPTISMO<\/span>:<\/span><\/span><\/strong><\/p>\n<p style=\"text-align: justify;\"><span style=\"font-family: 'Century Gothic';\"><span style=\"font-size: medium;\">Es el movimiento literario que tiende a servirse del concepto, dando mayor importancia al contenido que a la forma, buscando la densidad y profundidad de los pensamientos.<\/span><\/span><\/p>\n<p style=\"text-align: justify;\"><span style=\"font-family: 'Century Gothic';\"><span style=\"font-size: medium;\">M\u00e1s que por los aspectos formales como hac\u00eda el culteranismo, los conceptistas se inclinar\u00e1n por los juegos de palabras, paranomasias, comparaciones, ant\u00edtesis, hip\u00e9rboles\u2026<\/span><\/span><\/p>\n<p style=\"text-align: justify;\"><span style=\"font-family: 'Century Gothic';\"><span style=\"font-size: medium;\">Sus m\u00e1ximos exponentes ser\u00e1n <strong><span style=\"color: #ff0000;\"><a href=\"http:\/\/www.apuntesdelengua.com\/blog\/?page_id=2763\" target=\"_blank\">Francisco de Quevedo<\/a><\/span><\/strong>(Pincha sobre el nombre del autor para ampliar la informaci\u00f3n) y Baltasar Graci\u00e1n.<\/span><\/span><\/p>\n<p><strong> <\/strong><\/p>\n<div>\n<p style=\"text-align: center;\"><object id=\"__sse153816\" classid=\"clsid:d27cdb6e-ae6d-11cf-96b8-444553540000\" width=\"591\" height=\"495\" codebase=\"http:\/\/download.macromedia.com\/pub\/shockwave\/cabs\/flash\/swflash.cab#version=6,0,40,0\"><param name=\"allowFullScreen\" value=\"true\" \/><param name=\"allowScriptAccess\" value=\"always\" \/><param name=\"src\" value=\"http:\/\/static.slidesharecdn.com\/swf\/ssplayer2.swf?doc=barroco-1194030352476145-4&amp;stripped_title=barroco-153816\" \/><param name=\"name\" value=\"__sse153816\" \/><param name=\"allowfullscreen\" value=\"true\" \/><embed id=\"__sse153816\" type=\"application\/x-shockwave-flash\" width=\"591\" height=\"495\" src=\"http:\/\/static.slidesharecdn.com\/swf\/ssplayer2.swf?doc=barroco-1194030352476145-4&amp;stripped_title=barroco-153816\" name=\"__sse153816\" allowscriptaccess=\"always\" allowfullscreen=\"true\"><\/embed><\/object><\/p>\n<p style=\"text-align: center;\">\n<p style=\"text-align: center;\"><object id=\"__sse4445108\" classid=\"clsid:d27cdb6e-ae6d-11cf-96b8-444553540000\" width=\"651\" height=\"544\" codebase=\"http:\/\/download.macromedia.com\/pub\/shockwave\/cabs\/flash\/swflash.cab#version=6,0,40,0\"><param name=\"allowFullScreen\" value=\"true\" \/><param name=\"allowScriptAccess\" value=\"always\" \/><param name=\"src\" value=\"http:\/\/static.slidesharecdn.com\/swf\/ssplayer2.swf?doc=literaturarenacentistaybarroca-100608165555-phpapp01&amp;stripped_title=literatura-renacentista-y-barroca\" \/><param name=\"name\" value=\"__sse4445108\" \/><param name=\"allowfullscreen\" value=\"true\" \/><embed id=\"__sse4445108\" type=\"application\/x-shockwave-flash\" width=\"651\" height=\"544\" src=\"http:\/\/static.slidesharecdn.com\/swf\/ssplayer2.swf?doc=literaturarenacentistaybarroca-100608165555-phpapp01&amp;stripped_title=literatura-renacentista-y-barroca\" name=\"__sse4445108\" allowscriptaccess=\"always\" allowfullscreen=\"true\"><\/embed><\/object><\/p>\n<p style=\"text-align: justify;\"><span style=\"font-family: 'Century Gothic';\"><span style=\"font-size: medium;\">Presentaciones realizadas por alumnos:<br \/>\nAna Horcajada &#8211; 3\u00ba ESO C<\/span><\/span><\/p>\n<p style=\"text-align: center;\"><object id=\"__sse4445208\" classid=\"clsid:d27cdb6e-ae6d-11cf-96b8-444553540000\" width=\"459\" height=\"383\" codebase=\"http:\/\/download.macromedia.com\/pub\/shockwave\/cabs\/flash\/swflash.cab#version=6,0,40,0\"><param name=\"allowFullScreen\" value=\"true\" \/><param name=\"allowScriptAccess\" value=\"always\" \/><param name=\"src\" value=\"http:\/\/static.slidesharecdn.com\/swf\/ssplayer2.swf?doc=elteatrobarrocoespaol-100608170715-phpapp01&amp;stripped_title=el-teatro-barroco-espaol\" \/><param name=\"name\" value=\"__sse4445208\" \/><param name=\"allowfullscreen\" value=\"true\" \/><embed id=\"__sse4445208\" type=\"application\/x-shockwave-flash\" width=\"459\" height=\"383\" src=\"http:\/\/static.slidesharecdn.com\/swf\/ssplayer2.swf?doc=elteatrobarrocoespaol-100608170715-phpapp01&amp;stripped_title=el-teatro-barroco-espaol\" name=\"__sse4445208\" allowscriptaccess=\"always\" allowfullscreen=\"true\"><\/embed><\/object><\/p>\n<p style=\"text-align: justify;\"><span style=\"font-family: 'Century Gothic';\"><span style=\"font-size: medium;\">Presentaciones realizadas por alumnos:<br \/>\nRoc\u00edo Rosell &#8211; 3\u00ba ESO A<\/span><\/span><\/p>\n<p style=\"text-align: center;\"><object id=\"__sse4445412\" classid=\"clsid:d27cdb6e-ae6d-11cf-96b8-444553540000\" width=\"425\" height=\"355\" codebase=\"http:\/\/download.macromedia.com\/pub\/shockwave\/cabs\/flash\/swflash.cab#version=6,0,40,0\"><param name=\"allowFullScreen\" value=\"true\" \/><param name=\"allowScriptAccess\" value=\"always\" \/><param name=\"src\" value=\"http:\/\/static.slidesharecdn.com\/swf\/ssplayer2.swf?doc=teatrobarroco-100608173244-phpapp01&amp;stripped_title=teatro-barroco-4445412\" \/><param name=\"name\" value=\"__sse4445412\" \/><param name=\"allowfullscreen\" value=\"true\" \/><embed id=\"__sse4445412\" type=\"application\/x-shockwave-flash\" width=\"425\" height=\"355\" src=\"http:\/\/static.slidesharecdn.com\/swf\/ssplayer2.swf?doc=teatrobarroco-100608173244-phpapp01&amp;stripped_title=teatro-barroco-4445412\" name=\"__sse4445412\" allowscriptaccess=\"always\" allowfullscreen=\"true\"><\/embed><\/object><\/p>\n<\/div>\n","protected":false},"excerpt":{"rendered":"<p>Caracter\u00edsticas Generales El Barroco es el per\u00edodo literario que sucede al Renacimiento y que abarca desde finales del s. XVI hasta finales del s. XVII. Frente a la \u00e9poca de esplendor del Renacimiento entramos en un periodo de decadencia: Espa\u00f1a comienza a perder su hegemon\u00eda en Europa y una fuerte crisis econ\u00f3mica lleva a la<\/p>\n","protected":false},"author":1,"featured_media":0,"parent":358,"menu_order":11,"comment_status":"open","ping_status":"open","template":"onecolumn-page.php","meta":{"_monsterinsights_skip_tracking":false,"_monsterinsights_sitenote_active":false,"_monsterinsights_sitenote_note":"","_monsterinsights_sitenote_category":0},"aioseo_notices":[],"_links":{"self":[{"href":"http:\/\/www.apuntesdelengua.com\/blog\/wp-json\/wp\/v2\/pages\/2754"}],"collection":[{"href":"http:\/\/www.apuntesdelengua.com\/blog\/wp-json\/wp\/v2\/pages"}],"about":[{"href":"http:\/\/www.apuntesdelengua.com\/blog\/wp-json\/wp\/v2\/types\/page"}],"author":[{"embeddable":true,"href":"http:\/\/www.apuntesdelengua.com\/blog\/wp-json\/wp\/v2\/users\/1"}],"replies":[{"embeddable":true,"href":"http:\/\/www.apuntesdelengua.com\/blog\/wp-json\/wp\/v2\/comments?post=2754"}],"version-history":[{"count":12,"href":"http:\/\/www.apuntesdelengua.com\/blog\/wp-json\/wp\/v2\/pages\/2754\/revisions"}],"predecessor-version":[{"id":3818,"href":"http:\/\/www.apuntesdelengua.com\/blog\/wp-json\/wp\/v2\/pages\/2754\/revisions\/3818"}],"up":[{"embeddable":true,"href":"http:\/\/www.apuntesdelengua.com\/blog\/wp-json\/wp\/v2\/pages\/358"}],"wp:attachment":[{"href":"http:\/\/www.apuntesdelengua.com\/blog\/wp-json\/wp\/v2\/media?parent=2754"}],"curies":[{"name":"wp","href":"https:\/\/api.w.org\/{rel}","templated":true}]}}