{"id":2763,"date":"2010-06-03T23:11:05","date_gmt":"2010-06-03T22:11:05","guid":{"rendered":"http:\/\/www.apuntesdelengua.com\/blog\/?page_id=2763"},"modified":"2010-06-03T23:22:06","modified_gmt":"2010-06-03T22:22:06","slug":"francisco-de-quevedo","status":"publish","type":"page","link":"http:\/\/www.apuntesdelengua.com\/blog\/cursos\/3%c2%ba-eso\/barroco\/francisco-de-quevedo\/","title":{"rendered":"Francisco de Quevedo"},"content":{"rendered":"<p style=\"text-align: center;\"><a href=\"http:\/\/www.mdzol.com\/files\/image\/30\/30515\/479e3100cceb4.jpg\"><img loading=\"lazy\" class=\"aligncenter\" src=\"http:\/\/www.mdzol.com\/files\/image\/30\/30515\/479e3100cceb4.jpg\" alt=\"\" width=\"185\" height=\"129\" \/><\/a><\/p>\n<h4><strong><strong><em><span style=\"text-decoration: underline;\"><em> <\/em><\/span><\/em><\/strong><\/strong><\/h4>\n<h4><strong><strong><em><span style=\"text-decoration: underline;\"><em><img loading=\"lazy\" src=\"http:\/\/www.fotosearch.com\/bthumb\/CSP\/CSP067\/k0670541.jpg\" alt=\"\" width=\"45\" height=\"45\" align=\"absmiddle\" \/><\/em><\/span><\/em><\/strong><\/strong><span style=\"font-family: 'Century Gothic';\"><span style=\"font-size: x-large;\"><strong><span style=\"color: #008000;\">VIDA<\/span><\/strong><\/span><\/span><\/h4>\n<p style=\"text-align: justify;\"><span style=\"font-family: 'Century Gothic';\"><span style=\"font-size: x-large;\"><strong><span style=\"color: #008000;\"> <\/span><\/strong><\/span><\/span><\/p>\n<p style=\"text-align: justify;\"><span style=\"font-family: 'Century Gothic';\"><span style=\"font-size: medium;\">Francisco de Quevedo y Villegas nace en Madrid, hijo de un escribano real y una camarera de la reina, por lo que pas\u00f3 su infancia en palacio. Hizo los primeros estudios con los jesuitas y estudi\u00f3 Artes, Matem\u00e1ticas y Metaf\u00edsica en Alcal\u00e1 y Teolog\u00eda en Valladolid.<\/span><\/span><\/p>\n<p style=\"text-align: justify;\"><span style=\"font-family: 'Century Gothic';\"><span style=\"font-size: medium;\"><br \/>\nEscritor famoso a pesar de su juventud parec\u00eda por entonces inclinarse hacia las humanidades, los estudios b\u00edblicos y la Filosof\u00eda. Pero en 1613 emprende carrera como pol\u00edtico, lo que le causar\u00e1 bastantes sinsabores y dos encarcelamientos. Prepar\u00f3 desde Italia de una forma no demasiado l\u00edcita el nombramiento del duque de Osuna como virrey de N\u00e1poles. Como secretario estuvo fielmente al servicio de este hasta su ca\u00edda en 1621, que concluy\u00f3 con el encarcelamiento de ambos. (Revuelta de Venecia contra Espala. A espa\u00f1oles cortaron la cabeza pero \u00e9l se hizo pasar por mendigo) . El duque muere en la c\u00e1rcel y Quevedo fue encerrado durante unos meses en el monasterio de Ucl\u00e9s y posteriormente fue desterrado, retir\u00e1ndose a Villanueva de los Infantes donde ten\u00eda algunas propiedades.<\/span><\/span><\/p>\n<p style=\"text-align: justify;\"><span style=\"font-family: 'Century Gothic';\"><span style=\"font-size: medium;\"><br \/>\nCon la llegada del conde-duque de Olivares la situaci\u00f3n de Quevedo parece inicialmente buena pues pone su pluma a su servicio, pero pronto comienzan las s\u00e1tiras y nuevamente es encarcelado, esta vez en Le\u00f3n donde pas\u00f3 cuatro a\u00f1os, aunque no se saben cuales fueron realmente los motivos. De all\u00ed sali\u00f3 ya muy enfermo y muri\u00f3 en Villanueva de los Infantes un a\u00f1o despu\u00e9s.<br \/>\nQuevedo fue un hombre de personalidad contradictoria y compleja, sat\u00edrico, burl\u00f3n y socarr\u00f3n. Fue uno de los hombres m\u00e1s cultos de su \u00e9poca.<br \/>\n<\/span><\/span><\/p>\n<h4><strong><strong><em><span style=\"text-decoration: underline;\"><em><img loading=\"lazy\" src=\"http:\/\/www.fotosearch.com\/bthumb\/CSP\/CSP067\/k0670541.jpg\" alt=\"\" width=\"45\" height=\"45\" align=\"absmiddle\" \/><\/em><\/span><\/em><\/strong><\/strong><strong><span style=\"color: #008000;\"><span style=\"font-family: 'Century Gothic';\"><span style=\"font-size: x-large;\">OBRA<\/span><\/span><\/span><\/strong><\/h4>\n<p style=\"text-align: justify;\"><strong><span style=\"color: #008000;\"><span style=\"font-family: 'Century Gothic';\"><span style=\"font-size: x-large;\"> <\/span><\/span><\/span><\/strong><\/p>\n<p style=\"text-align: justify;\"><span style=\"font-family: 'Century Gothic';\"><span style=\"font-size: medium;\">En su obra se aprecian aparentes y reales contradicciones, en buena parte debidas a que aspiraba a ser escritor en todos los g\u00e9neros. Fue esencialmente un extraordinario manipulador de la lengua. Como todo escritor sat\u00edrico pretendi\u00f3 cambiar la sociedad a trav\u00e9s del humor.<br \/>\nSu obra es muy dilatada y se pueden encontrar dos vertientes principales:<\/span><\/span><\/p>\n<p style=\"text-align: justify; padding-left: 30px;\"><span style=\"font-family: 'Century Gothic';\"><span style=\"font-size: medium;\"><br \/>\na) Se caracteriza  por obras rebosantes de gracia mordiente y s\u00e1tirica en las que saca a relucir costumbres, aspectos pol\u00edticos\u2026.<\/span><\/span><\/p>\n<p style=\"text-align: justify; padding-left: 90px;\"><span style=\"font-family: 'Century Gothic';\"><span style=\"font-size: medium;\">1. En Verso: \u201cA un narigudo\u201d \u201cMujer puntiaguda con enaguas\u201d<br \/>\n2. En Prosa:  La culta latinparla\u201d(contra los culteranos), \u201cHistoria de la vida del Busc\u00f3n llamado don Pablos\u201d (picaresca)<br \/>\n<\/span><\/span><\/p>\n<p style=\"text-align: justify; padding-left: 30px;\"><span style=\"font-family: 'Century Gothic';\"><span style=\"font-size: medium;\">b) Esta segunda vertiente se caracteriza por obras patri\u00f3ticas, moralizantes, filos\u00f3ficas, reflexiones sobre el estado de Espa\u00f1a\u2026<\/span><\/span><\/p>\n<p style=\"text-align: justify; padding-left: 90px;\"><span style=\"font-family: 'Century Gothic';\"><span style=\"font-size: medium;\">1. En Verso: \u201cMir\u00e9 los muros de la patria m\u00eda\u201d  \u201c Amor constante m\u00e1s all\u00e1 de la muerte\u201d<br \/>\n2. En Prosa: \u201cLa hora de todos y la fortuna del seso\u201d, \u201cLa cuna y la sepultura\u201d , \u201cLos sue\u00f1os\u201d<\/span><\/span><\/p>\n<p style=\"text-align: justify; padding-left: 90px;\"><span style=\"font-family: 'Century Gothic';\"><span style=\"font-size: medium;\"><br \/>\n<\/span><\/span><\/p>\n<div style=\"text-align: center;\"><object classid=\"clsid:d27cdb6e-ae6d-11cf-96b8-444553540000\" width=\"584\" height=\"469\" codebase=\"http:\/\/download.macromedia.com\/pub\/shockwave\/cabs\/flash\/swflash.cab#version=6,0,40,0\"><param name=\"allowFullScreen\" value=\"true\" \/><param name=\"allowscriptaccess\" value=\"always\" \/><param name=\"src\" value=\"http:\/\/www.youtube.com\/v\/33TK9pXWl0Y&amp;hl=es_ES&amp;fs=1&amp;\" \/><param name=\"allowfullscreen\" value=\"true\" \/><embed type=\"application\/x-shockwave-flash\" width=\"584\" height=\"469\" src=\"http:\/\/www.youtube.com\/v\/33TK9pXWl0Y&amp;hl=es_ES&amp;fs=1&amp;\" allowscriptaccess=\"always\" allowfullscreen=\"true\"><\/embed><\/object><\/div>\n","protected":false},"excerpt":{"rendered":"<p>VIDA Francisco de Quevedo y Villegas nace en Madrid, hijo de un escribano real y una camarera de la reina, por lo que pas\u00f3 su infancia en palacio. Hizo los primeros estudios con los jesuitas y estudi\u00f3 Artes, Matem\u00e1ticas y Metaf\u00edsica en Alcal\u00e1 y Teolog\u00eda en Valladolid. Escritor famoso a pesar de su juventud parec\u00eda<\/p>\n","protected":false},"author":1,"featured_media":0,"parent":2754,"menu_order":2,"comment_status":"open","ping_status":"open","template":"page-1col.php","meta":{"_monsterinsights_skip_tracking":false,"_monsterinsights_sitenote_active":false,"_monsterinsights_sitenote_note":"","_monsterinsights_sitenote_category":0},"aioseo_notices":[],"_links":{"self":[{"href":"http:\/\/www.apuntesdelengua.com\/blog\/wp-json\/wp\/v2\/pages\/2763"}],"collection":[{"href":"http:\/\/www.apuntesdelengua.com\/blog\/wp-json\/wp\/v2\/pages"}],"about":[{"href":"http:\/\/www.apuntesdelengua.com\/blog\/wp-json\/wp\/v2\/types\/page"}],"author":[{"embeddable":true,"href":"http:\/\/www.apuntesdelengua.com\/blog\/wp-json\/wp\/v2\/users\/1"}],"replies":[{"embeddable":true,"href":"http:\/\/www.apuntesdelengua.com\/blog\/wp-json\/wp\/v2\/comments?post=2763"}],"version-history":[{"count":3,"href":"http:\/\/www.apuntesdelengua.com\/blog\/wp-json\/wp\/v2\/pages\/2763\/revisions"}],"predecessor-version":[{"id":2765,"href":"http:\/\/www.apuntesdelengua.com\/blog\/wp-json\/wp\/v2\/pages\/2763\/revisions\/2765"}],"up":[{"embeddable":true,"href":"http:\/\/www.apuntesdelengua.com\/blog\/wp-json\/wp\/v2\/pages\/2754"}],"wp:attachment":[{"href":"http:\/\/www.apuntesdelengua.com\/blog\/wp-json\/wp\/v2\/media?parent=2763"}],"curies":[{"name":"wp","href":"https:\/\/api.w.org\/{rel}","templated":true}]}}