{"id":286,"date":"2008-11-03T17:09:53","date_gmt":"2008-11-03T16:09:53","guid":{"rendered":"http:\/\/recursosele.wordpress.com\/?page_id=286"},"modified":"2014-03-08T01:33:05","modified_gmt":"2014-03-08T00:33:05","slug":"usos-y-valores-del-se","status":"publish","type":"page","link":"http:\/\/www.apuntesdelengua.com\/blog\/cursos\/2%c2%ba-eso\/sintaxis\/usos-y-valores-del-se\/","title":{"rendered":"Usos y valores del SE"},"content":{"rendered":"<p><iframe loading=\"lazy\" style=\"border: 1px solid #CCC; border-width: 1px 1px 0; margin-bottom: 5px; max-width: 100%;\" src=\"http:\/\/www.slideshare.net\/slideshow\/embed_code\/32055554\" height=\"356\" width=\"427\" allowfullscreen=\"\" frameborder=\"0\" marginwidth=\"0\" marginheight=\"0\" scrolling=\"no\"><\/iframe><\/p>\n<div style=\"margin-bottom: 5px;\"><strong> <a title=\"Usos del se\" href=\"https:\/\/www.slideshare.net\/apuntesdelengua.com\/usos-del-se-32055554\" target=\"_blank\">Usos del se<\/a> <\/strong> from <strong><a href=\"http:\/\/www.slideshare.net\/apuntesdelengua.com\" target=\"_blank\">Pep Hern\u00e1ndez<\/a><\/strong><\/div>\n<p style=\"text-align: center;\"><span style=\"font-family: 'Century Gothic';\"><span style=\"font-size: medium;\">\u00a0<\/span><\/span><\/p>\n<p style=\"text-align: justify;\"><strong><em><span style=\"text-decoration: underline;\"><em><img loading=\"lazy\" alt=\"\" src=\"http:\/\/www.fotosearch.com\/bthumb\/CSP\/CSP067\/k0670541.jpg\" width=\"45\" height=\"45\" align=\"absmiddle\" \/><\/em><\/span><\/em><\/strong><span style=\"font-family: 'Century Gothic';\"><span style=\"font-size: medium;\"><span style=\"color: #008000;\"><strong>En oraciones pasivas reflejas<\/strong><\/span> Se construye con el verbo conjugado de forma activa en la tercera persona precedido de <span style=\"color: #008000;\"><strong>se<\/strong><\/span>. Las pasivas reflejas no suelen llevan complemento agente. El sintagma nominal que expresa el paciente es sujeto oracional no personal y concuerda con el verbo en persona y n\u00famero:<\/span><\/span><\/p>\n<p style=\"text-align: justify; padding-left: 90px;\"><span style=\"font-family: 'Century Gothic';\"><span style=\"font-size: medium;\"><em>El ayuntamiento construy\u00f3 las casas. <span style=\"color: #008000;\"><span style=\"text-decoration: underline;\">Se<\/span> <\/span>construyeron las casas.<\/em><\/span><\/span><\/p>\n<p style=\"text-align: justify;\"><strong><em><span style=\"text-decoration: underline;\"><em><img loading=\"lazy\" alt=\"\" src=\"http:\/\/www.fotosearch.com\/bthumb\/CSP\/CSP067\/k0670541.jpg\" width=\"45\" height=\"45\" align=\"absmiddle\" \/><\/em><\/span><\/em><\/strong><span style=\"font-family: 'Century Gothic';\"><span style=\"font-size: medium;\"><span style=\"color: #008000;\"><strong>En oraciones impersonales <\/strong><\/span> Carecen de sujeto, por lo que el verbo va siempre conjugado en la tercera persona del singular. El sintagma nominal que expresa el paciente es objeto directo personal va introducido por la preposici\u00f3n <span style=\"color: #008000;\"><strong>a<\/strong><\/span>:<\/span><\/span><\/p>\n<p style=\"text-align: justify; padding-left: 90px;\"><span style=\"font-family: 'Century Gothic';\"><span style=\"font-size: medium;\"><em>La gente critica a los pol\u00edticos. <span style=\"color: #008000;\"><span style=\"text-decoration: underline;\">Se<\/span><\/span> critica a los pol\u00edticos.<\/em><\/span><\/span><\/p>\n<p style=\"text-align: justify;\"><span style=\"font-family: 'Century Gothic';\"><span style=\"font-size: medium;\">La pasiva refleja y la forma impersonal son dos formas de omitir la expresi\u00f3n del agente, que queda no especificado y recibe una interpretaci\u00f3n gen\u00e9rica. Pero sint\u00e1cticamente, estas dos clases de oraciones tienen estructuras distintas. Las pasivas reflejas s\u00f3lo se pueden formar a partir de verbos transitivos que acepten la transformaci\u00f3n pasiva. La forma impersonal se puede formar con cualquier tipo de verbo.<\/span><\/span><\/p>\n<p style=\"text-align: justify;\"><strong><em><span style=\"text-decoration: underline;\"><em><img loading=\"lazy\" alt=\"\" src=\"http:\/\/www.fotosearch.com\/bthumb\/CSP\/CSP067\/k0670541.jpg\" width=\"45\" height=\"45\" align=\"absmiddle\" \/><\/em><\/span><\/em><\/strong><span style=\"font-family: 'Century Gothic';\"><span style=\"font-size: medium;\"><span style=\"color: #008000;\"><strong>Pronombre personal \u00e1tono en construcciones medias <\/strong><\/span> Hay que se\u00f1alar el uso frecuente de construcciones medias con un pronombre personal \u00e1tono en funci\u00f3n de objeto indirecto; este pronombre establece una especial relaci\u00f3n de pertenencia entre el sujeto de la oraci\u00f3n y la persona implicada.<\/span><\/span><\/p>\n<p style=\"text-align: justify; padding-left: 90px;\"><span style=\"font-family: 'Century Gothic';\"><span style=\"font-size: medium;\"><em><span style=\"color: #008000;\"><span style=\"text-decoration: underline;\">Se<\/span><\/span> nos ha roto el coche.<\/em><\/span><\/span><\/p>\n<p style=\"text-align: justify;\"><span style=\"font-family: 'Century Gothic';\"><span style=\"font-size: medium;\">Algunos verbos intransitivos aparecen tambi\u00e9n en construcciones semejantes:<\/span><\/span><\/p>\n<p style=\"text-align: justify; padding-left: 90px;\"><span style=\"font-family: 'Century Gothic';\"><span style=\"font-size: medium;\"><em><span style=\"color: #008000;\"><span style=\"text-decoration: underline;\">Se<\/span> <\/span>le caen las cosas de las manos.<\/em><\/span><\/span><\/p>\n<p style=\"text-align: justify;\"><strong><em><span style=\"text-decoration: underline;\"><em><img loading=\"lazy\" alt=\"\" src=\"http:\/\/www.fotosearch.com\/bthumb\/CSP\/CSP067\/k0670541.jpg\" width=\"45\" height=\"45\" align=\"absmiddle\" \/><\/em><\/span><\/em><\/strong><span style=\"font-family: 'Century Gothic';\"><span style=\"font-size: medium;\"><span style=\"color: #008000;\"><strong>Con verbos pronominales <\/strong><\/span> Son verbos que se construyen siempre con <span style=\"color: #008000;\"><strong>se<\/strong><\/span>. No existe una variante del verbo sin esta forma: <em>acordarse; arrepentirse; atreverse; olvidarse<\/em> En las oraciones con verbos pronominales, en las reflexivas y en la rec\u00edprocas, el pronombre <span style=\"color: #008000;\"><strong>se<\/strong> <\/span>alterna con otros pronombres de primera y segunda persona cuando el sujeto cambia de persona: <em> <\/em><\/span><\/span><\/p>\n<p style=\"text-align: justify; padding-left: 90px;\"><span style=\"font-family: 'Century Gothic';\"><span style=\"font-size: medium;\"><em>Me acuerdo. Te arrepientes. Nos atrevemos. <\/em><\/span><\/span><\/p>\n<p style=\"text-align: justify;\"><strong><em><span style=\"text-decoration: underline;\"><em><img loading=\"lazy\" alt=\"\" src=\"http:\/\/www.fotosearch.com\/bthumb\/CSP\/CSP067\/k0670541.jpg\" width=\"45\" height=\"45\" align=\"absmiddle\" \/><\/em><\/span><\/em><\/strong><span style=\"font-family: 'Century Gothic';\"><span style=\"font-size: medium;\"><span style=\"color: #008000;\"><strong>Con valor aspectual <\/strong><\/span> La variante con <span style=\"color: #008000;\"><strong>se<\/strong> <\/span>a\u00f1ade un matiz aspectual a la acci\u00f3n verbal, un matiz de acci\u00f3n concluida totalmente o de inicio de la acci\u00f3n: <em> <\/em><\/span><\/span><\/p>\n<p style=\"text-align: justify; padding-left: 90px;\"><span style=\"font-family: 'Century Gothic';\"><span style=\"font-size: medium;\"><em>El atleta <span style=\"color: #008000;\"><span style=\"text-decoration: underline;\">se<\/span><\/span> come un pollo. \/ El atleta <span style=\"color: #008000;\"><span style=\"text-decoration: underline;\">se<\/span><\/span> fue a Atenas.<\/em><\/span><\/span><\/p>\n<p style=\"text-align: justify;\"><strong><em><span style=\"text-decoration: underline;\"><em><img loading=\"lazy\" alt=\"\" src=\"http:\/\/www.fotosearch.com\/bthumb\/CSP\/CSP067\/k0670541.jpg\" width=\"45\" height=\"45\" align=\"absmiddle\" \/><\/em><\/span><\/em><\/strong><span style=\"font-family: 'Century Gothic';\"><span style=\"font-size: medium;\"><span style=\"color: #008000;\"><strong>Como pronombre reflexivo o rec\u00edproco<\/strong><\/span> Cuando <span style=\"color: #008000;\"><strong>se<\/strong> <\/span>tiene la funci\u00f3n de pronombre, ocupa el lugar de alg\u00fan argumento del verbo y desempe\u00f1a la funci\u00f3n de complemento directo. Aparece con verbos transitivos cuando el sujeto y el objeto directo tienen el mismo referente.<\/span><\/span><\/p>\n<p style=\"text-align: justify; padding-left: 90px;\"><span style=\"font-family: 'Century Gothic';\"><span style=\"font-size: medium;\"><em>El ni\u00f1o <span style=\"color: #008000;\"><span style=\"text-decoration: underline;\">se<\/span><\/span> lava. <\/em> [Oraci\u00f3n reflexiva] Los ni\u00f1os <span style=\"color: #008000;\"><span style=\"text-decoration: underline;\">se<\/span><\/span> pegan (unos a otros). [Oraci\u00f3n rec\u00edproca]<\/span><\/span><\/p>\n<p style=\"text-align: justify;\"><strong><em><span style=\"text-decoration: underline;\"><em><img loading=\"lazy\" alt=\"\" src=\"http:\/\/www.fotosearch.com\/bthumb\/CSP\/CSP067\/k0670541.jpg\" width=\"45\" height=\"45\" align=\"absmiddle\" \/><\/em><\/span><\/em><\/strong><span style=\"font-family: 'Century Gothic';\"><span style=\"font-size: medium;\"><span style=\"color: #008000;\"><strong>Complemento Indirecto de tercera persona <\/strong><\/span> <span style=\"color: #008000;\"><strong>Se<\/strong> <\/span>es la forma que toma el pronombre personal como complemento indirecto (dativo), tanto en singular (le) como en plural (les), cuando precede a alguna de las formas de acusativo lo, la, los, las:<\/span><\/span><\/p>\n<p style=\"text-align: justify; padding-left: 90px;\"><span style=\"font-family: 'Century Gothic';\"><span style=\"font-size: medium;\">El marido le dio un regalo a su mujer. <em>El marido <span style=\"color: #008000;\"><span style=\"text-decoration: underline;\">se<\/span><\/span> lo dio.<\/em> [se = a su mujer; lo = un regalo]<\/span><\/span><\/p>\n<p style=\"text-align: justify;\"><span style=\"font-family: 'Century Gothic';\"><span style=\"font-size: medium;\">A continuaci\u00f3n os pasamos una serie de apuntes que os ser\u00e1n de utilidad respecto a la teor\u00eda y pr\u00e1ctica de los diferentes usos y\/o valores del SE.<\/span><\/span><\/p>\n<p style=\"text-align: justify;\"><img loading=\"lazy\" alt=\"\" src=\"http:\/\/www.fotosearch.com\/bthumb\/UNC\/UNC226\/u12698109.jpg\" width=\"45\" height=\"45\" align=\"absmiddle\" \/> <img loading=\"lazy\" alt=\"\" src=\"http:\/\/aulambra.lineadecodigo.com\/wp-content\/uploads\/2009\/04\/pdf.png\" width=\"45\" height=\"45\" align=\"absmiddle\" \/><span style=\"font-family: 'Century Gothic';\"><span style=\"font-size: x-large;\"><span style=\"color: #008000;\">Recursos para practicar<\/span><\/span><\/span><\/p>\n<p style=\"text-align: justify; padding-left: 30px;\"><img loading=\"lazy\" alt=\"\" src=\"http:\/\/www.fotosearch.com\/bthumb\/UNC\/UNC226\/u12698109.jpg\" width=\"45\" height=\"45\" align=\"absmiddle\" \/><span style=\"font-family: 'Century Gothic';\"><span style=\"font-size: medium;\"><span style=\"color: #008000;\"><strong>Fichas de teor\u00eda<\/strong>:<\/span><\/span><\/span><\/p>\n<p style=\"padding-left: 30px;\"><img loading=\"lazy\" alt=\"\" src=\"http:\/\/aulambra.lineadecodigo.com\/wp-content\/uploads\/2009\/04\/pdf.png\" width=\"45\" height=\"45\" align=\"absmiddle\" \/><span style=\"font-family: 'Century  Gothic';\"><span style=\"font-size: medium;\"><strong><span style=\"color: #008000;\">Fichas imprimibles<\/span><\/strong>.<\/span><\/span><\/p>\n<blockquote><p><a href=\"http:\/\/recursosele.files.wordpress.com\/2008\/11\/pdfonline.pdf\"><strong><img loading=\"lazy\" alt=\"\" src=\"http:\/\/aulambra.lineadecodigo.com\/wp-content\/uploads\/2009\/04\/pdf.png\" width=\"35\" height=\"35\" align=\"absmiddle\" \/> <\/strong><\/a><a href=\"http:\/\/recursosele.files.wordpress.com\/2008\/11\/pdfonline.pdf\"><strong><img loading=\"lazy\" alt=\"\" src=\"http:\/\/aulambra.lineadecodigo.com\/wp-content\/uploads\/2009\/04\/pdf.png\" width=\"35\" height=\"35\" align=\"absmiddle\" \/><\/strong><\/a><a href=\"http:\/\/recursosele.files.wordpress.com\/2008\/11\/pdfonline.pdf\"><strong><img loading=\"lazy\" alt=\"\" src=\"http:\/\/aulambra.lineadecodigo.com\/wp-content\/uploads\/2009\/04\/pdf.png\" width=\"35\" height=\"35\" align=\"absmiddle\" \/><\/strong><\/a><\/p><\/blockquote>\n","protected":false},"excerpt":{"rendered":"<p>Usos del se from Pep Hern\u00e1ndez \u00a0 En oraciones pasivas reflejas Se construye con el verbo conjugado de forma activa en la tercera persona precedido de se. Las pasivas reflejas no suelen llevan complemento agente. El sintagma nominal que expresa el paciente es sujeto oracional no personal y concuerda con el verbo en persona y<\/p>\n","protected":false},"author":1,"featured_media":0,"parent":1699,"menu_order":4,"comment_status":"open","ping_status":"open","template":"","meta":{"_monsterinsights_skip_tracking":false,"_monsterinsights_sitenote_active":false,"_monsterinsights_sitenote_note":"","_monsterinsights_sitenote_category":0},"aioseo_notices":[],"_links":{"self":[{"href":"http:\/\/www.apuntesdelengua.com\/blog\/wp-json\/wp\/v2\/pages\/286"}],"collection":[{"href":"http:\/\/www.apuntesdelengua.com\/blog\/wp-json\/wp\/v2\/pages"}],"about":[{"href":"http:\/\/www.apuntesdelengua.com\/blog\/wp-json\/wp\/v2\/types\/page"}],"author":[{"embeddable":true,"href":"http:\/\/www.apuntesdelengua.com\/blog\/wp-json\/wp\/v2\/users\/1"}],"replies":[{"embeddable":true,"href":"http:\/\/www.apuntesdelengua.com\/blog\/wp-json\/wp\/v2\/comments?post=286"}],"version-history":[{"count":14,"href":"http:\/\/www.apuntesdelengua.com\/blog\/wp-json\/wp\/v2\/pages\/286\/revisions"}],"predecessor-version":[{"id":6201,"href":"http:\/\/www.apuntesdelengua.com\/blog\/wp-json\/wp\/v2\/pages\/286\/revisions\/6201"}],"up":[{"embeddable":true,"href":"http:\/\/www.apuntesdelengua.com\/blog\/wp-json\/wp\/v2\/pages\/1699"}],"wp:attachment":[{"href":"http:\/\/www.apuntesdelengua.com\/blog\/wp-json\/wp\/v2\/media?parent=286"}],"curies":[{"name":"wp","href":"https:\/\/api.w.org\/{rel}","templated":true}]}}