{"id":2877,"date":"2010-07-05T18:30:43","date_gmt":"2010-07-05T17:30:43","guid":{"rendered":"http:\/\/www.apuntesdelengua.com\/blog\/?page_id=2877"},"modified":"2010-08-04T23:49:06","modified_gmt":"2010-08-04T22:49:06","slug":"el-romanticismo","status":"publish","type":"page","link":"http:\/\/www.apuntesdelengua.com\/blog\/cursos\/4%c2%ba-eso\/el-romanticismo\/","title":{"rendered":"El Romanticismo"},"content":{"rendered":"<p style=\"text-align: justify;\"><span style=\"font-family: 'Century Gothic';\"><span style=\"font-size: medium;\"><br \/>\n<\/span><\/span><strong><img loading=\"lazy\" src=\"http:\/\/www.fotosearch.com\/bthumb\/CSP\/CSP258\/k2580374.jpg\" alt=\"\" width=\"45\" height=\"35\" align=\"absmiddle\" \/><\/strong><span style=\"font-family: 'Century Gothic';\"><span style=\"font-size: medium;\"><span style=\"color: #008000;\"><strong>MARCO HIST\u00d3RICO<\/strong><\/span><br \/>\n<\/span><\/span><\/p>\n<p style=\"text-align: justify; padding-left: 30px;\"><span style=\"font-family: 'Century Gothic';\"><span style=\"font-size: medium;\"><span style=\"color: #008080;\">1789<\/span>: Revoluci\u00f3n Francesa: expansi\u00f3n del liberalismo por Europa, como oposici\u00f3n al absolutismo mon\u00e1rquico.<br \/>\n<span style=\"color: #008080;\">1808<\/span>: Invasi\u00f3n francesa de Espa\u00f1a.<br \/>\n<span style=\"color: #008080;\">1808-1814:<\/span> Guerra de la Independencia.<br \/>\n<span style=\"color: #008080;\">1814-1833: <\/span>Reinado de Fernando VII: Sus represiones absolutistas obligan a los liberales a salir de Espa\u00f1a.<br \/>\n<span style=\"color: #008080;\">1820-1823:<\/span> Golpe de estado de Riego. Constituci\u00f3n de Riego. Trienio liberal.<br \/>\n<span style=\"color: #008080;\">1833-1868:<\/span> Reinado de Isabel II. Alternancia en el gobierno de moderados y progresistas. Guerras carlistas, entre los partidarios de Carlos Mar\u00eda Isidro (hermano de Fernando VII) y los de Isabel II.<br \/>\n<span style=\"color: #008080;\">1868:<\/span> La Gloriosa, revoluci\u00f3n liberal que lleva a Isabel II al exilio.<\/span><\/span><\/p>\n<p style=\"text-align: justify; padding-left: 30px;\"><span style=\"font-family: 'Century Gothic';\"><span style=\"font-size: medium;\">Puedes consultar un eje cronol\u00f3gico sobre este periodo hist\u00f3rico en<a href=\"http:\/\/4.bp.blogspot.com\/_ITXB8K7Am08\/SEh0eX7oqJI\/AAAAAAAAAI4\/jxHj8kMG_uk\/s1600-h\/ejes+siglo+xix.jpg\" target=\"_blank\"> este enlace.<\/a><br \/>\n<\/span><\/span><\/p>\n<p style=\"text-align: justify;\"><span style=\"color: #008000;\"><strong><img loading=\"lazy\" src=\"http:\/\/www.fotosearch.com\/bthumb\/CSP\/CSP258\/k2580376.jpg\" alt=\"\" width=\"45\" height=\"35\" align=\"absmiddle\" \/><\/strong><\/span><span style=\"font-family: 'Century Gothic';\"><span style=\"font-size: medium;\"><span style=\"color: #008000;\"><strong>CARACTER\u00cdSTICAS DEL ROMANTICISMO<\/strong><\/span><br \/>\nInicialmente surge como reacci\u00f3n frente al poder napole\u00f3nico y su imperialismo (Congreso de Viena, 1815), con car\u00e1cter conservador, arcaizante, tradicionalista y cristiano. Posteriormente, evoluciona a otro revolucionario y liberal.<br \/>\n<strong><span style=\"color: #0000ff;\">Actitudes<\/span>:<\/strong><br \/>\n<\/span><\/span><\/p>\n<p style=\"text-align: justify; padding-left: 30px;\"><span style=\"font-family: 'Century Gothic';\"><span style=\"font-size: medium;\">El Romanticismo es, sobre todo, una actitud frente a la vida, no solo un fen\u00f3meno literario. Se caracteriza por:<br \/>\nCulto al \u201cyo\u201d: Esp\u00edritu individualista, violenta exaltaci\u00f3n de la propia personalidad.<br \/>\nAnsia de libertad: Reflejado en la pol\u00edtica (derechos y libertades del ciudadano), la moral (la pasi\u00f3n y el instinto como \u00fanica ley de vida) y los sentimientos (p\u00e9rdida de la armoniosa serenidad y abandono a las m\u00e1s violentas emociones).<br \/>\nAngustia metaf\u00edsica: Para el rom\u00e1ntico la vida es un problema insoluble. \u00c9l mismo es v\u00edctima de un ciego Destino.<br \/>\nEsp\u00edritu idealista: Aspiraciones de un mundo superior, cristalizado en ideales (la Humanidad, la Patria, la Mujer\u2026)<br \/>\nChoque con la realidad: Desenga\u00f1o al no responder la realidad a las ilusiones rom\u00e1nticas. La consecuencia es la rebeli\u00f3n o la huida a mundos de ensue\u00f1o (Edad Media caballeresca, pa\u00edses orientales\u2026). Si la huida no basta, la \u00fanica soluci\u00f3n es el suicidio.<\/span><\/span><\/p>\n<p style=\"text-align: justify;\"><strong><em><img loading=\"lazy\" src=\"http:\/\/www.fotosearch.com\/bthumb\/CSP\/CSP067\/k0670541.jpg\" alt=\"\" width=\"50\" height=\"50\" align=\"absmiddle\" \/><\/em><\/strong><span style=\"font-family: 'Century Gothic';\"><span style=\"font-size: medium;\"><strong> <span style=\"color: #008000;\">T\u00e9cnica literaria:<\/span><\/strong><br \/>\n<\/span><\/span><\/p>\n<p style=\"text-align: justify;\"><strong><span style=\"color: #0000ff;\"><span style=\"font-family: 'Century Gothic';\"><span style=\"font-size: medium;\">Libertad de inspiraci\u00f3n:<\/span><\/span><\/span><\/strong><\/p>\n<p style=\"text-align: justify; padding-left: 60px;\"><span style=\"font-family: 'Century Gothic';\"><span style=\"font-size: medium;\">Las viejas reglas son consideradas como trabas sin sentido.<br \/>\nProclamaci\u00f3n de la libertad literaria: el \u201cgenio\u201d de cada uno no admite imposiciones.<br \/>\nEl arte se enfoca a lo particular, a lo que escapa de la norma racional: se destaca lo espec\u00edfico, pintoresco y excepcional.<br \/>\nModelos: Sostiene que cada \u00e9poca tiene su literatura y sus modelos<br \/>\nSe desprecia el planteamiento cl\u00e1sico (los cl\u00e1sicos ya no son modelos insustituibles), aunque no la antig\u00fcedad cl\u00e1sica.<br \/>\nInter\u00e9s por autores y obras que alimentan la leyenda y el mito: Ossian, Romancero, Dante, Shakespeare, Lope, Goethe, Byron\u2026<\/span><\/span><\/p>\n<p style=\"text-align: justify;\"><strong><span style=\"color: #0000ff;\"><span style=\"font-family: 'Century Gothic';\"><span style=\"font-size: medium;\">Temas:<\/span><\/span><\/span><\/strong><\/p>\n<p style=\"text-align: justify; padding-left: 60px;\"><span style=\"font-family: 'Century Gothic';\"><span style=\"font-size: medium;\">Intimidad del poeta: Frecuentemente el poeta exhibe sus sentimientos y la literatura se llena de subjetividad.<br \/>\nDescubrimiento del paisaje: El paisaje proyecta y se adapta a los sentimientos del poeta (predilecci\u00f3n por paisajes nocturnos, la luna, ruinas, mares tempestuosos, cementerios\u2026).<br \/>\nMotivos ex\u00f3ticos: El poeta choca con todo lo que le rodea, as\u00ed que, insatisfecho, huye hacia lo lejano en el espacio y en el tiempo.<br \/>\nEspacio: pa\u00edses orientales (el colorido, el exotismo) y n\u00f3rdicos (la bruma, la nostalgia y sus leyendas).<br \/>\nTiempo: vuelta a la Edad Media (exaltaci\u00f3n de la tradici\u00f3n, valoraci\u00f3n del cristianismos, \u00e9poca de ensue\u00f1o y caballeresca).<br \/>\nExaltaci\u00f3n de lo nacional y lo popular: El rom\u00e1ntico afirma su \u201cyo\u201d y cuanto constituye su ambiente con \u00e9l (su patria, su naci\u00f3n y su tradici\u00f3n). A partir de ah\u00ed se da importancia al pueblo en cuanto sustenta las tradiciones m\u00e1s genuinas.<br \/>\nGrandes preocupaciones filos\u00f3ficas y pol\u00edticas: La inquietud espiritual hace aflorar los grandes temas metaf\u00edsicos (Dios \u2013incluso para rebelarse contra \u00e9l\u2013, el alma, el Destino, el sentido de la vida y de la muerte\u2026<br \/>\n<\/span><\/span><\/p>\n<p style=\"text-align: justify;\"><span style=\"font-family: 'Century Gothic';\"><span style=\"font-size: medium;\"><strong><span style=\"color: #0000ff;\">Estilo:<\/span><\/strong><br \/>\n<\/span><\/span><\/p>\n<p style=\"text-align: justify; padding-left: 60px;\"><span style=\"font-family: 'Century Gothic';\"><span style=\"font-size: medium;\">Intento de reflejar la personalidad del autor en la expresi\u00f3n, como consecuencia de la valoraci\u00f3n de la individualidad.<br \/>\nB\u00fasqueda de lo original, para afirmar el \u201cyo\u201d.<br \/>\nDesaparici\u00f3n del sentido de la perfecci\u00f3n, del buen gusto. La expresi\u00f3n puede ser desigual o confusa, pero siempre es emotiva.<br \/>\nSe busca excitar violentamente la sensibilidad del p\u00fablico por medio del colorido, nuevos ritmos, sentimientos\u2026<br \/>\nEstilo ret\u00f3rico y efectista, basado frecuentemente en el contraste (lo feo junto a lo bello, lo sublime junto a lo repulsivo).<\/span><\/span><\/p>\n<p style=\"text-align: justify; padding-left: 60px;\">[slideshare id=242150&amp;doc=el-romanticismo-1201364741863408-3]<\/p>\n<p style=\"text-align: justify;\"><span style=\"font-family: 'Century Gothic';\"><span style=\"font-size: medium;\"><br \/>\n<\/span><\/span><span style=\"color: #008000;\"><strong><img loading=\"lazy\" src=\"http:\/\/www.fotosearch.com\/bthumb\/CSP\/CSP258\/k2580388.jpg\" alt=\"\" width=\"45\" height=\"35\" align=\"absmiddle\" \/><\/strong><\/span><span style=\"font-family: 'Century Gothic';\"><span style=\"font-size: medium;\"><span style=\"color: #008000;\"><strong>EL ROMANTICISMO EN ESPA\u00d1A<\/strong><\/span><br \/>\nDespu\u00e9s del Neoclasicismo, en Espa\u00f1a el Romanticismo supuso un verdadero resurgimiento literario, aunque su producci\u00f3n no sea comparable a la de los Siglos de Oro. Con respecto a Europa, es un Romanticismo tard\u00edo, que empieza en la primera mitad del siglo XIX. Su plenitud, aproximadamente, dura unos 15 a\u00f1os (1835-1850), aunque contin\u00faa durante todo el reinado de Isabel II, coexistiendo con el primer Realismo.<br \/>\nHay dos tendencias de diferente importancia seg\u00fan el momento: <strong><span style=\"color: #ff6600;\">conservadora<\/span><\/strong> (que busca recuperar el pasado perdido) y <strong><span style=\"color: #ff6600;\">liberal<\/span><\/strong> (de huida y negaci\u00f3n del presente, con exaltaci\u00f3n de las libertades). El Romanticismo alcanza a todos los g\u00e9neros literarios:<br \/>\nProsa:<\/span><\/span><\/p>\n<p style=\"text-align: justify; padding-left: 30px;\"><strong><em><img loading=\"lazy\" src=\"http:\/\/www.fotosearch.com\/bthumb\/CSP\/CSP067\/k0670541.jpg\" alt=\"\" width=\"21\" height=\"21\" align=\"absmiddle\" \/><\/em><\/strong><span style=\"font-family: 'Century Gothic';\"><span style=\"font-size: medium;\">Cuadro de costumbres:<\/span><\/span><\/p>\n<p style=\"text-align: justify; padding-left: 90px;\"><span style=\"font-family: 'Century Gothic';\"><span style=\"font-size: medium;\">Mesonero Romanos: <em>Escenas matritenses.<\/em><br \/>\nEst\u00e9banez Calder\u00f3n: <em>Escenas andaluzas.<\/em><br \/>\nLarra: Art\u00edculos period\u00edsticos (\u201c<em>Vuelva usted ma\u00f1ana<\/em>\u201d).<br \/>\nNarrativa (novela hist\u00f3rica y relato fant\u00e1stico):<br \/>\nGil y Carrasco: <em>El se\u00f1or de Bembibre.<\/em><br \/>\nG. A. B\u00e9cquer: <em>Leyendas.<\/em><br \/>\n<\/span><\/span><\/p>\n<p style=\"text-align: justify; padding-left: 30px;\"><strong><em><img loading=\"lazy\" src=\"http:\/\/www.fotosearch.com\/bthumb\/CSP\/CSP067\/k0670541.jpg\" alt=\"\" width=\"21\" height=\"21\" align=\"absmiddle\" \/><\/em><\/strong><span style=\"font-family: 'Century Gothic';\"><span style=\"font-size: medium;\">L\u00edrica:<\/span><\/span><\/p>\n<p style=\"text-align: justify; padding-left: 90px;\"><span style=\"font-family: 'Century Gothic';\"><span style=\"font-size: medium;\">Jos\u00e9 de Espronceda: <em>Canci\u00f3n del pirata, El estudiante de Salamanca.<\/em><br \/>\nGustavo Adolfo B\u00e9cquer: <em>Rimas<\/em>.<br \/>\nRosal\u00eda de Castro: Escribe en gallego (<em>Cantares gallegos, Follas novas<\/em>) y en castellano (<em>En las orillas del Sar<\/em>).<\/span><\/span><\/p>\n<p style=\"text-align: justify; padding-left: 30px;\"><strong><em><img loading=\"lazy\" src=\"http:\/\/www.fotosearch.com\/bthumb\/CSP\/CSP067\/k0670541.jpg\" alt=\"\" width=\"21\" height=\"21\" align=\"absmiddle\" \/><\/em><\/strong><span style=\"font-family: 'Century Gothic';\"><span style=\"font-size: medium;\">Teatro:<\/span><\/span><\/p>\n<p style=\"text-align: justify; padding-left: 90px;\"><span style=\"font-family: 'Century Gothic';\"><span style=\"font-size: medium;\">Se da a partir de 1830.<br \/>\nAutores y obras m\u00e1s destacados:<br \/>\nLarra: Mac\u00edas (1834).<br \/>\nMart\u00ednez de la Rosa: <em>La conjuraci\u00f3n de Venecia<\/em> (1834).<br \/>\n\u00c1ngel Saavedra, Duque de Rivas: <em>Don \u00c1lvaro o la fuerza del sino<\/em> (1835).<br \/>\nGarc\u00eda Guti\u00e9rrez: <em>El trovador<\/em> (1836).<br \/>\nJuan Eugenio Hartzenbusch: <em>Los amantes de Teruel<\/em> (1837).<br \/>\nJos\u00e9 Zorrilla: <em>Don Juan Tenorio<\/em> (1844), <em>Traidor, inconfeso y m\u00e1rtir.<\/em><\/span><\/span><\/p>\n<p style=\"text-align: justify;\"><span style=\"color: #008000;\"><strong><img loading=\"lazy\" src=\"http:\/\/www.fotosearch.com\/bthumb\/CSP\/CSP258\/k2580389.jpg\" alt=\"\" width=\"45\" height=\"35\" align=\"absmiddle\" \/><\/strong><\/span><span style=\"font-family: 'Century Gothic';\"><span style=\"font-size: medium;\"><span style=\"color: #008000;\"><strong>MARIANO JOS\u00c9 DE LARRA (1809-1836)<\/strong><\/span><br \/>\n<a href=\"http:\/\/es.wikipedia.org\/wiki\/Mariano_Jos%C3%A9_de_Larra\" target=\"_blank\"><img loading=\"lazy\" class=\"alignleft\" src=\"http:\/\/www.madrimasd.org\/blogs\/documentacion\/wp-content\/blogs.dir\/86\/files\/653\/o_larra.jpg\" alt=\"\" width=\"130\" height=\"168\" \/><\/a>Nace en Madrid, pero pasa su infancia y parte de su juventud en Francia. Ya en Espa\u00f1a, comienza su carrera period\u00edstica, con la que alcanza gran popularidad firmando sus art\u00edculos como F\u00edgaro. Se casa con una mujer de la que acabar\u00e1 separ\u00e1ndose. Se enamora de una mujer casada, pero, finalmente, su fracaso amoroso lo conduce al suicidio. Aparte de la tragedia Mac\u00edas, escribe una novela hist\u00f3rica: <em>El doncel de Don Enrique el Doliente<\/em>. Sobre todo es conocido por sus art\u00edculos period\u00edsticos, de costumbres, pol\u00edticos y de cr\u00edtica literaria. En ellos hace un an\u00e1lisis doloroso, certero e implacable de la realidad espa\u00f1ola del momento, en comparaci\u00f3n con lo que en Europa. En el fondo hay en ellos un dejo amargo que revela el desesperanzado pesimismo del autor. Intenta mejorar lo espa\u00f1ol mirando hacia fuera, hacia Francia. Sin cuidar especialmente la forma, muestra una fina apreciaci\u00f3n del los m\u00e1s diversos matices de la realidad espa\u00f1ola. Se muestra como modelo de lo que se entiende como individualismo rom\u00e1ntico, difundiendo ideas rom\u00e1nticas en los art\u00edculos.<br \/>\nArt\u00edculos: <em>Vuelva usted ma\u00f1ana, Los toros, El castellano viejo, Nadie pase sin hablar al portero, En este pa\u00eds, Dios nos asista.<\/em><br \/>\n<\/span><\/span><img loading=\"lazy\" src=\"http:\/\/www.fotosearch.com\/bthumb\/CSP\/CSP258\/k2580390.jpg\" alt=\"\" width=\"45\" height=\"35\" align=\"absmiddle\" \/><span style=\"font-family: 'Century Gothic';\"><span style=\"font-size: medium;\"><span style=\"color: #008000;\"><strong>JOS\u00c9 DE ESPRONCEDA (1808-1842)<\/strong><\/span><br \/>\n<img loading=\"lazy\" class=\"alignleft\" src=\"http:\/\/www.peatom.info\/images\/2008\/11\/19\/espronceda.noticia.jpg\" alt=\"\" width=\"131\" height=\"123\" \/>Nace en Almendralejo (Badajoz) y muere, tras una vida azarosa, en Madrid. En su juventud, a causa de sus ideas revolucionarias, se ve obligado a huir al extranjero (Portugal, Inglaterra, Francia). De vuelta a Espa\u00f1a, es abandonado por su mujer, Teresa Mancha, a la que conoci\u00f3 en el extranjero, lo que le provoca un amargo desenga\u00f1o.<br \/>\nEn su <span style=\"color: #ff6600;\"><strong>obra<\/strong><\/span>, todo tiene un tono estridente y fren\u00e9tico. Su <span style=\"color: #ff6600;\"><strong>poes\u00eda<\/strong><\/span> se caracteriza por la desesperaci\u00f3n y el entusiasmo, y el temperamento vital. Su <span style=\"color: #ff6600;\"><strong>estilo<\/strong><\/span> es muy variado y completo: violentamente efectista, aparatoso, ret\u00f3rico, emotivo, pl\u00e1stico, musical, aunque no siempre depurado.<br \/>\n<span style=\"color: #ff6600;\"><strong>Poemas breves: <\/strong><\/span><em>Himno al sol, Canci\u00f3n del pirata, El mendigo, El verdugo, El reo de muerte.<\/em><br \/>\n<span style=\"color: #ff6600;\"><strong>Poemas largos:<\/strong><\/span> <em>El estudiante de Salamanca, El diablo mundo, que incluye el \u201cCanto a Teresa\u201d.<\/em><\/span><\/span><\/p>\n<p style=\"text-align: justify;\"><span style=\"font-family: 'Century Gothic';\"><span style=\"font-size: medium;\"><br \/>\n<\/span><\/span><span style=\"color: #008000;\"><strong><img loading=\"lazy\" src=\"http:\/\/www.fotosearch.com\/bthumb\/CSP\/CSP258\/k2580391.jpg\" alt=\"\" width=\"45\" height=\"35\" align=\"absmiddle\" \/><\/strong><\/span><span style=\"font-family: 'Century Gothic';\"><span style=\"font-size: medium;\"><span style=\"color: #008000;\"><strong>GUSTAVO ADOLFO B\u00c9CQUER (1836-1870)<\/strong><\/span><br \/>\n<img loading=\"lazy\" class=\"alignleft\" src=\"http:\/\/bibliotecasobreruedas.files.wordpress.com\/2010\/03\/becquerbn2.jpg\" alt=\"\" width=\"130\" height=\"166\" \/>Nace en Sevilla. Queda hu\u00e9rfano siendo a\u00fan ni\u00f1o.<br \/>\nA los dieciocho a\u00f1os marcha a Madrid para triunfar como poeta, aunque nunca lo consigui\u00f3.<br \/>\nEn Madrid, trabaja en varios peri\u00f3dicos, de los que es despedido, enferma y, en definitiva, llega a pasar etapas de gran penuria. Escribe art\u00edculos period\u00edsticos, de cr\u00edtica literaria, ensayos, hace de censor\u2026 Al poco tiempo de casarse, se acaba separando de su mujer. Cuando finalmente consigue algo de estabilidad, enferma de tuberculosis y muere a los 34 a\u00f1os.<br \/>\n<span style=\"color: #ff6600;\"><strong>Personalidad:<\/strong><\/span><br \/>\nTiene un car\u00e1cter retra\u00eddo y so\u00f1ador. Est\u00e1 dotado de una aguda sensibilidad, que le hace percibir con intensidad febril la existencia de un mundo misterioso y po\u00e9tico, m\u00e1s all\u00e1 de las realidades tangibles, al que aludir\u00e1 continuamente en sus versos. Se le considera, al igual que a Rosal\u00eda de Castro, como rom\u00e1ntico tard\u00edo, escribe en pleno auge del Realismo. Su obra est\u00e1 constituida b\u00e1sicamente por las <em>Rimas, las Leyendas y las Cartas desde mi celda<\/em>. En ellas muestra un Romanticismo intimista, que enlaza con el rom\u00e1ntico alem\u00e1n Heine y con la poes\u00eda popular. <em>Las Cartas desde mi celda <\/em>se caracterizan por la belleza de las descripciones de que est\u00e1n llenas.<br \/>\n<span style=\"color: #ff6600;\"><strong>Las Leyendas:<\/strong><\/span> En ellas tiene m\u00e1s peso el lenguaje po\u00e9tico y musical que el elemento legendario y ex\u00f3tico del Romanticismo anterior. Se caracterizan por la creaci\u00f3n de un ambiente fant\u00e1stico de poes\u00eda y ensue\u00f1o.<br \/>\n<span style=\"color: #ff6600;\"><strong>Temas:<\/strong><\/span> El amor, considerado como pasi\u00f3n fatal que conduce a la muerte. El m\u00e1s all\u00e1, de cuya existencia da fe el pavoroso cortejo de visiones espectrales que se suceden en las leyendas.<br \/>\nLeyendas: <em>El monte de las \u00e1nimas, Los ojos verdes, El miserere, Maese P\u00e9rez el organista, El rayo de luna.<\/em><br \/>\n<span style=\"color: #ff6600;\"><strong>Las Rimas:<\/strong><\/span><br \/>\n<span style=\"color: #ff6600;\"><strong>Temas:<\/strong><\/span> La poes\u00eda y la inspiraci\u00f3n; el j\u00fabilo amoroso; el dolor de los celos, de la desilusi\u00f3n, de la soledad; y la melancol\u00eda del vac\u00edo espiritual, la monoton\u00eda de la vida sin amor.<br \/>\n<span style=\"color: #ff6600;\"><strong>Estilo:<\/strong><\/span> Deja a un lado la ret\u00f3rica, el colorido y el estruendo anteriores y usa una forma leve y sencilla, quedando reducido lo sensorial a una vaga luminosidad y una temblorosa musicalidad. Transmite una intensa melancol\u00eda, expresada con gran contenci\u00f3n y sinceridad. Intuye de una realidad oculta a los sentidos, que entrev\u00e9 confusamente: \u201cno s\u00e9, pero hay algo que explicar no puedo\u201d. A trav\u00e9s de la visi\u00f3n, la imagen simb\u00f3lica y el sue\u00f1o ofrece un mundo de realidades inefables. Su obra supone el comienzo de una l\u00ednea que lleva a la obra de los poetas de comienzo del siglo XX.<\/span><\/span><\/p>\n<p style=\"text-align: justify;\"><span style=\"font-family: 'Century Gothic';\"><span style=\"font-size: medium;\"><span style=\"color: #ff6600;\"><strong>Enlace recomendado: <\/strong><\/span><a href=\"http:\/\/tinglado.net\/?id=ocho-rimas-de-becquer\" target=\"_blank\">Ocho rimas de B\u00e9cquer, actividades interactivas.<\/a><br \/>\n<\/span><\/span><\/p>\n<p style=\"text-align: justify;\"><img loading=\"lazy\" src=\"http:\/\/www.radiantveracity.com\/wp-content\/uploads\/2009\/08\/Icon-YouTube.png\" alt=\"\" width=\"82\" height=\"82\" align=\"absmiddle\" \/><span style=\"font-family: 'Century Gothic';\"><span style=\"font-size: large;\"><strong><span style=\"color: #008000;\">Recursos multimedia<br \/>\n<\/span><\/strong><\/span><\/span><\/p>\n<p style=\"text-align: justify;\"><span style=\"font-family: 'Century Gothic';\"><span style=\"font-size: medium;\"><a href=\"http:\/\/tinglado.net\/?id=el-romanticismo\" target=\"_blank\">Presentaci\u00f3n sobre el Romanticismo a partir de <em>La novia cad\u00e1ver<\/em> de Tim Burton &#8211; (El Tinglado)<\/a><\/span><\/span><\/p>\n<p style=\"text-align: justify;\"><span style=\"font-family: 'Century Gothic';\"><span style=\"font-size: medium;\">Cuestionarios Hot Potatoes (Pedro Felipe)<\/span><\/span><\/p>\n<p style=\"text-align: justify; padding-left: 60px;\"><span style=\"font-family: 'Century Gothic';\"><span style=\"font-size: medium;\"><a href=\"http:\/\/club.telepolis.com\/pedrofelipe\/literatura4eso_obras_romantic2.html\" target=\"_blank\">Obras y autores del Romanticismo.<\/a><\/span><\/span><\/p>\n<p style=\"text-align: justify; padding-left: 60px;\"><span style=\"font-family: 'Century Gothic';\"><span style=\"font-size: medium;\"><a href=\"http:\/\/club.telepolis.com\/pedrofelipe\/literatura4eso_obras_romantic.html\" target=\"_blank\">Cuestionario sobre conceptos b\u00e1sicos del Romanticismo.<\/a><\/span><\/span><\/p>\n<p style=\"text-align: justify; padding-left: 60px;\"><span style=\"font-family: 'Century Gothic';\"><span style=\"font-size: medium;\"><a href=\"http:\/\/club.telepolis.com\/pedrofelipe\/hangman_4eso_romanticism.html\" target=\"_blank\">El juego del ahorcado: \u00bfSabes relacionar obras y autores?<\/a><\/span><\/span><\/p>\n<p style=\"text-align: justify; padding-left: 60px;\"><span style=\"font-family: 'Century Gothic';\"><span style=\"font-size: medium;\"><a href=\"http:\/\/club.telepolis.com\/pedrofelipe\/literatura4eso_1romantico.html\" target=\"_blank\">Ejercicio de relaci\u00f3n obras-autores<\/a><br \/>\n<\/span><\/span><\/p>\n<p style=\"text-align: justify;\"><span style=\"font-family: 'Century Gothic';\"><span style=\"font-size: medium;\"><br \/>\n<\/span><\/span><\/p>\n","protected":false},"excerpt":{"rendered":"<p>MARCO HIST\u00d3RICO 1789: Revoluci\u00f3n Francesa: expansi\u00f3n del liberalismo por Europa, como oposici\u00f3n al absolutismo mon\u00e1rquico. 1808: Invasi\u00f3n francesa de Espa\u00f1a. 1808-1814: Guerra de la Independencia. 1814-1833: Reinado de Fernando VII: Sus represiones absolutistas obligan a los liberales a salir de Espa\u00f1a. 1820-1823: Golpe de estado de Riego. Constituci\u00f3n de Riego. Trienio liberal. 1833-1868: Reinado de<\/p>\n","protected":false},"author":1,"featured_media":0,"parent":2870,"menu_order":2,"comment_status":"open","ping_status":"open","template":"onecolumn-page.php","meta":{"_monsterinsights_skip_tracking":false,"_monsterinsights_sitenote_active":false,"_monsterinsights_sitenote_note":"","_monsterinsights_sitenote_category":0},"aioseo_notices":[],"_links":{"self":[{"href":"http:\/\/www.apuntesdelengua.com\/blog\/wp-json\/wp\/v2\/pages\/2877"}],"collection":[{"href":"http:\/\/www.apuntesdelengua.com\/blog\/wp-json\/wp\/v2\/pages"}],"about":[{"href":"http:\/\/www.apuntesdelengua.com\/blog\/wp-json\/wp\/v2\/types\/page"}],"author":[{"embeddable":true,"href":"http:\/\/www.apuntesdelengua.com\/blog\/wp-json\/wp\/v2\/users\/1"}],"replies":[{"embeddable":true,"href":"http:\/\/www.apuntesdelengua.com\/blog\/wp-json\/wp\/v2\/comments?post=2877"}],"version-history":[{"count":9,"href":"http:\/\/www.apuntesdelengua.com\/blog\/wp-json\/wp\/v2\/pages\/2877\/revisions"}],"predecessor-version":[{"id":2882,"href":"http:\/\/www.apuntesdelengua.com\/blog\/wp-json\/wp\/v2\/pages\/2877\/revisions\/2882"}],"up":[{"embeddable":true,"href":"http:\/\/www.apuntesdelengua.com\/blog\/wp-json\/wp\/v2\/pages\/2870"}],"wp:attachment":[{"href":"http:\/\/www.apuntesdelengua.com\/blog\/wp-json\/wp\/v2\/media?parent=2877"}],"curies":[{"name":"wp","href":"https:\/\/api.w.org\/{rel}","templated":true}]}}