{"id":2890,"date":"2010-07-05T19:57:02","date_gmt":"2010-07-05T18:57:02","guid":{"rendered":"http:\/\/www.apuntesdelengua.com\/blog\/?page_id=2890"},"modified":"2010-08-04T12:21:18","modified_gmt":"2010-08-04T11:21:18","slug":"generacion-del-98","status":"publish","type":"page","link":"http:\/\/www.apuntesdelengua.com\/blog\/cursos\/4%c2%ba-eso\/generacion-del-98\/","title":{"rendered":"Generaci\u00f3n del 98"},"content":{"rendered":"<p style=\"text-align: justify;\"><span style=\"font-family: 'Century Gothic';\"><span style=\"font-size: medium;\"><br \/>\n<\/span><\/span><strong><span style=\"color: #008000;\"><span style=\"text-decoration: underline;\"><img loading=\"lazy\" src=\"http:\/\/www.fotosearch.com\/bthumb\/CSP\/CSP258\/k2580374.jpg\" alt=\"\" width=\"45\" height=\"35\" align=\"absmiddle\" \/><\/span><\/span><\/strong><span style=\"font-family: 'Century Gothic';\"><span style=\"font-size: medium;\"><strong><span style=\"color: #008000;\">LA GENERACI\u00d3N DEL 98<\/span><\/strong><br \/>\nAl llegar el siglo XX, la literatura espa\u00f1ola experimenta un florecimiento extraordinario: la Edad de Plata o Segundo Siglo de Oro. Este Siglo de Oro comienza con el Modernismo y la Generaci\u00f3n del 98. Surgen como reacci\u00f3n contra tendencias del siglo XIX: realismo, positivismo, racionalismo, moral burguesa\u2026, afirmando nuevos valores. En concreto, la Generaci\u00f3n del 98 se caracteriza y aparece marcada por:<\/span><\/span><\/p>\n<p style=\"text-align: justify;\"><span style=\"font-family: 'Century Gothic';\"><span style=\"font-size: medium;\"><br \/>\n<\/span><\/span><strong><em><img loading=\"lazy\" src=\"http:\/\/www.fotosearch.com\/bthumb\/CSP\/CSP067\/k0670541.jpg\" alt=\"\" width=\"21\" height=\"21\" align=\"absmiddle\" \/><\/em><\/strong><span style=\"font-family: 'Century Gothic';\"><span style=\"font-size: medium;\">El desastre militar y la protesta del 98. El desastre militar que lleva a la p\u00e9rdida de las colonias (Cuba, Puerto Rico y Filipinas), se ve como consecuencia del anquilosamiento pol\u00edtico y social de Espa\u00f1a.<br \/>\n<\/span><\/span><strong><em><img loading=\"lazy\" src=\"http:\/\/www.fotosearch.com\/bthumb\/CSP\/CSP067\/k0670541.jpg\" alt=\"\" width=\"21\" height=\"21\" align=\"absmiddle\" \/><\/em><\/strong><span style=\"font-family: 'Century Gothic';\"><span style=\"font-size: medium;\">Algunos escritores (Unamuno, Azor\u00edn, Baroja, Maeztu, Machado) plantean la necesidad de una reforma radical de la vida nacional. Se caracterizan por su idealismo, su grave preocupaci\u00f3n por la imagen de Espa\u00f1a y su marcado esp\u00edritu individualista. El alma de Espa\u00f1a<br \/>\n<\/span><\/span><strong><em><img loading=\"lazy\" src=\"http:\/\/www.fotosearch.com\/bthumb\/CSP\/CSP067\/k0670541.jpg\" alt=\"\" width=\"21\" height=\"21\" align=\"absmiddle\" \/><\/em><\/strong><span style=\"font-family: 'Century Gothic';\"><span style=\"font-size: medium;\">Para lograr el cambio, intentan descubrir el alma de Espa\u00f1a por tres caminos: el paisaje, la historia y la literatura. <strong>Paisaje<\/strong>: Descubren y sienten entusiasmo por el paisaje castellano, reflejo del esp\u00edritu sobrio y austero de sus habitantes. <strong>Historia<\/strong>: Dejan de lado los sucesos heroicos y espectaculares y se centran en los hechos menudos de la vida cotidiana. <strong>Literatura<\/strong>: Se mira especialmente a los autores medievales, as\u00ed como a otros olvidados o que sienten profundamente Espa\u00f1a.<br \/>\n<\/span><\/span><strong><em><img loading=\"lazy\" src=\"http:\/\/www.fotosearch.com\/bthumb\/CSP\/CSP067\/k0670541.jpg\" alt=\"\" width=\"21\" height=\"21\" align=\"absmiddle\" \/><\/em><\/strong><span style=\"font-family: 'Century Gothic';\"><span style=\"font-size: medium;\">Consideran siempre a Castilla el n\u00facleo de la naci\u00f3n espa\u00f1ola. La soluci\u00f3n del problema espa\u00f1ol<br \/>\n<\/span><\/span><strong><em><img loading=\"lazy\" src=\"http:\/\/www.fotosearch.com\/bthumb\/CSP\/CSP067\/k0670541.jpg\" alt=\"\" width=\"21\" height=\"21\" align=\"absmiddle\" \/><\/em><\/strong><span style=\"font-family: 'Century Gothic';\"><span style=\"font-size: medium;\">Frente a la decadencia, el planteamiento inicial fue de pesimismo, atacando las tradiciones y buscando el contacto con Europa.<br \/>\n<\/span><\/span><strong><em><img loading=\"lazy\" src=\"http:\/\/www.fotosearch.com\/bthumb\/CSP\/CSP067\/k0670541.jpg\" alt=\"\" width=\"21\" height=\"21\" align=\"absmiddle\" \/><\/em><\/strong><span style=\"font-family: 'Century Gothic';\"><span style=\"font-size: medium;\">Despu\u00e9s se vuelve la vista hacia los valores intemporales, abandonando la protesta contra la tradici\u00f3n para evocar el pasado nacional, al margen de todo intento de renovaci\u00f3n de la inmediata circunstancia pol\u00edtica, social y econ\u00f3mica. El estilo y la t\u00e9cnica: Se caracteriza por la oposici\u00f3n frontal contra las tendencias del siglo XIX.<br \/>\n<\/span><\/span><strong><em><img loading=\"lazy\" src=\"http:\/\/www.fotosearch.com\/bthumb\/CSP\/CSP067\/k0670541.jpg\" alt=\"\" width=\"21\" height=\"21\" align=\"absmiddle\" \/><\/em><\/strong><span style=\"font-family: 'Century Gothic';\"><span style=\"font-size: medium;\">Frente al Romanticismo y su ampulosidad se proclama la necesidad de volver a la sencillez, a la frase viva y expresiva.<br \/>\n<\/span><\/span><strong><em><img loading=\"lazy\" src=\"http:\/\/www.fotosearch.com\/bthumb\/CSP\/CSP067\/k0670541.jpg\" alt=\"\" width=\"21\" height=\"21\" align=\"absmiddle\" \/><\/em><\/strong><span style=\"font-family: 'Century Gothic';\"><span style=\"font-size: medium;\">Frente al Realismo, se huye de la fotograf\u00eda, busc\u00e1ndose la reacci\u00f3n subjetiva y la visi\u00f3n personal provocadas por la observaci\u00f3n de la realidad. Las influencias literarias: Aunque inicialmente se mira la literatura europea, marcadamente pesimista, se acaba volviendo a los autores espa\u00f1oles y el Quijote.<\/span><\/span><\/p>\n<p style=\"text-align: justify;\"><span style=\"font-family: 'Century Gothic';\"><span style=\"font-size: medium;\"><br \/>\n<span style=\"color: #ff6600;\"><strong>Autores de la Generaci\u00f3n del 98:<\/strong><\/span><br \/>\n<\/span><\/span><strong><em><img loading=\"lazy\" src=\"http:\/\/www.fotosearch.com\/bthumb\/CSP\/CSP067\/k0670541.jpg\" alt=\"\" width=\"21\" height=\"21\" align=\"absmiddle\" \/><\/em><\/strong><span style=\"font-family: 'Century Gothic';\"><span style=\"font-size: medium;\">Seg\u00fan el criterio adoptado y la \u00e9poca considerada, se incluye a unos u otros autores.<br \/>\n<\/span><\/span><strong><em><img loading=\"lazy\" src=\"http:\/\/www.fotosearch.com\/bthumb\/CSP\/CSP067\/k0670541.jpg\" alt=\"\" width=\"21\" height=\"21\" align=\"absmiddle\" \/><\/em><\/strong><span style=\"font-family: 'Century Gothic';\"><span style=\"font-size: medium;\">Algunos de ellos, inicialmente siguen una l\u00ednea modernista y posteriormente escriben como noventayochistas.<br \/>\n<\/span><\/span><strong><em><img loading=\"lazy\" src=\"http:\/\/www.fotosearch.com\/bthumb\/CSP\/CSP067\/k0670541.jpg\" alt=\"\" width=\"21\" height=\"21\" align=\"absmiddle\" \/><\/em><\/strong><span style=\"font-family: 'Century Gothic';\"><span style=\"font-size: medium;\">Generalmente, se incluye a Unamuno, Valle-Incl\u00e1n, P\u00edo Baroja, Azor\u00edn, Machado, aparte de Maeztu, Ortega y Gasset y, con matices, Juan Ram\u00f3n Jim\u00e9nez.<\/span><\/span><\/p>\n<p style=\"text-align: center;\"><span style=\"font-family: 'Century Gothic';\"><span style=\"font-size: medium;\"><span style=\"color: #008000;\"><strong>Pincha sobre las im\u00e1genes de los autores para abrir la secci\u00f3n dedicada a cada uno de ellos.<\/strong><\/span><br \/>\n<\/span><\/span><\/p>\n<p style=\"text-align: justify;\">\n<p><a title=\"Miguel de Unamuno\" href=\"http:\/\/www.apuntesdelengua.com\/blog\/?page_id=2892\" target=\"_blank\"><img loading=\"lazy\" class=\"alignnone\" src=\"http:\/\/www.joanmaragall.com\/fronesis\/7\/bio,ent\/UNAMUNO_fr_nesis_archivos\/image009.jpg\" alt=\"\" width=\"115\" height=\"169\" \/><\/a> <a title=\"P\u00edo Baroja\" href=\"http:\/\/www.apuntesdelengua.com\/blog\/?page_id=2899\" target=\"_blank\"><img loading=\"lazy\" class=\"alignnone\" src=\"http:\/\/2.bp.blogspot.com\/_1Z38tlkkPBY\/SxJ8dAIhTKI\/AAAAAAAABYE\/2QgaN-x-VVw\/s1600\/Pio-Baroja.jpg\" alt=\"\" width=\"115\" height=\"164\" \/><\/a> <a title=\"Azor\u00edn\" href=\"http:\/\/www.apuntesdelengua.com\/blog\/?page_id=2904\" target=\"_blank\"><img loading=\"lazy\" class=\"alignnone\" src=\"http:\/\/maty.galeon.com\/NB-imagenes\/hemeroteca\/azorin.jpg\" alt=\"\" width=\"110\" height=\"174\" \/><\/a><a href=\"http:\/\/www.apuntesdelengua.com\/blog\/?page_id=2907\" target=\"_blank\"> <\/a><a title=\"Ram\u00f3n Mar\u00eda del valle-Incl\u00e1n\" href=\"http:\/\/www.apuntesdelengua.com\/blog\/?page_id=2907\" target=\"_blank\"><img loading=\"lazy\" class=\"alignnone\" src=\"http:\/\/www.1001libros.com\/wp-content\/uploads\/2010\/02\/valle-inclan1.jpg\" alt=\"\" width=\"115\" height=\"168\" \/><\/a><a href=\"http:\/\/www.apuntesdelengua.com\/blog\/?page_id=2911 \" target=\"_blank\"> <\/a><a title=\"Antonio Machado\" href=\"http:\/\/www.apuntesdelengua.com\/blog\/?page_id=2911 \" target=\"_blank\"><img loading=\"lazy\" class=\"alignnone\" src=\"http:\/\/californiasound.files.wordpress.com\/2009\/02\/antoniomachado1.jpg\" alt=\"\" width=\"116\" height=\"172\" \/><\/a> <a title=\"Juan Ram\u00f3n Jim\u00e9nez\" href=\"http:\/\/www.apuntesdelengua.com\/blog\/?page_id=2922\" target=\"_blank\"><img loading=\"lazy\" class=\"alignnone\" src=\"http:\/\/centros.edu.xunta.es\/iessalvadordemadariaga\/files\/Webfinales\/COMENIUSAgua\/AguaHispanicas2006-07\/HISPANICAS%20Corregida%20definitiva\/lite8webhispanicas\/agua\/Imagenes\/J.J.jpg\" alt=\"\" width=\"130\" height=\"173\" \/><\/a><\/p>\n<p style=\"text-align: left;\"><span style=\"font-family: 'Century Gothic';\"><span style=\"font-size: small;\"> Miguel de Unamuno\u00a0\u00a0\u00a0\u00a0\u00a0\u00a0\u00a0\u00a0\u00a0\u00a0 P\u00edo Baroja\u00a0\u00a0\u00a0\u00a0\u00a0\u00a0\u00a0\u00a0\u00a0\u00a0\u00a0\u00a0\u00a0\u00a0\u00a0 Azor\u00edn\u00a0\u00a0\u00a0\u00a0\u00a0\u00a0\u00a0\u00a0\u00a0\u00a0\u00a0\u00a0\u00a0\u00a0 Valle-Incl\u00e1n\u00a0\u00a0\u00a0\u00a0\u00a0\u00a0\u00a0 A. Machado\u00a0\u00a0\u00a0\u00a0\u00a0\u00a0\u00a0\u00a0\u00a0 Juan Ram\u00f3n Jim\u00e9nez<br \/>\n<\/span><\/span><\/p>\n<p style=\"text-align: center;\"><span style=\"font-family: 'Century Gothic';\"><span style=\"font-size: small;\"><br \/>\n<\/span><\/span><\/p>\n","protected":false},"excerpt":{"rendered":"<p>LA GENERACI\u00d3N DEL 98 Al llegar el siglo XX, la literatura espa\u00f1ola experimenta un florecimiento extraordinario: la Edad de Plata o Segundo Siglo de Oro. Este Siglo de Oro comienza con el Modernismo y la Generaci\u00f3n del 98. Surgen como reacci\u00f3n contra tendencias del siglo XIX: realismo, positivismo, racionalismo, moral burguesa\u2026, afirmando nuevos valores. En<\/p>\n","protected":false},"author":1,"featured_media":0,"parent":2870,"menu_order":5,"comment_status":"open","ping_status":"open","template":"onecolumn-page.php","meta":{"_monsterinsights_skip_tracking":false,"_monsterinsights_sitenote_active":false,"_monsterinsights_sitenote_note":"","_monsterinsights_sitenote_category":0},"aioseo_notices":[],"_links":{"self":[{"href":"http:\/\/www.apuntesdelengua.com\/blog\/wp-json\/wp\/v2\/pages\/2890"}],"collection":[{"href":"http:\/\/www.apuntesdelengua.com\/blog\/wp-json\/wp\/v2\/pages"}],"about":[{"href":"http:\/\/www.apuntesdelengua.com\/blog\/wp-json\/wp\/v2\/types\/page"}],"author":[{"embeddable":true,"href":"http:\/\/www.apuntesdelengua.com\/blog\/wp-json\/wp\/v2\/users\/1"}],"replies":[{"embeddable":true,"href":"http:\/\/www.apuntesdelengua.com\/blog\/wp-json\/wp\/v2\/comments?post=2890"}],"version-history":[{"count":11,"href":"http:\/\/www.apuntesdelengua.com\/blog\/wp-json\/wp\/v2\/pages\/2890\/revisions"}],"predecessor-version":[{"id":2897,"href":"http:\/\/www.apuntesdelengua.com\/blog\/wp-json\/wp\/v2\/pages\/2890\/revisions\/2897"}],"up":[{"embeddable":true,"href":"http:\/\/www.apuntesdelengua.com\/blog\/wp-json\/wp\/v2\/pages\/2870"}],"wp:attachment":[{"href":"http:\/\/www.apuntesdelengua.com\/blog\/wp-json\/wp\/v2\/media?parent=2890"}],"curies":[{"name":"wp","href":"https:\/\/api.w.org\/{rel}","templated":true}]}}