{"id":2950,"date":"2010-07-06T23:02:07","date_gmt":"2010-07-06T22:02:07","guid":{"rendered":"http:\/\/www.apuntesdelengua.com\/blog\/?page_id=2950"},"modified":"2010-07-06T23:02:07","modified_gmt":"2010-07-06T22:02:07","slug":"pedro-salinas","status":"publish","type":"page","link":"http:\/\/www.apuntesdelengua.com\/blog\/cursos\/4%c2%ba-eso\/generacion-del-27\/pedro-salinas\/","title":{"rendered":"Pedro Salinas"},"content":{"rendered":"<p style=\"text-align: center;\"><img loading=\"lazy\" class=\"aligncenter\" src=\"http:\/\/3.bp.blogspot.com\/__zZIBBZioAA\/Susu9N-ttxI\/AAAAAAAAK6A\/oLtlST6ba-I\/s400\/Pedro+Salinas+acus%C3%B3.jpg\" alt=\"\" width=\"215\" height=\"216\" \/><strong><span style=\"color: #008000;\"><span style=\"font-family: 'Century Gothic';\"><span style=\"font-size: medium;\">PEDRO SALINAS (1892-1951)<\/span><\/span><\/span><\/strong><\/p>\n<p style=\"text-align: justify;\"><span style=\"font-family: 'Century Gothic';\"><span style=\"font-size: medium;\"><strong> <\/strong><br \/>\nNace en Madrid\u00a0 y muere en el exilio en Boston (Estados Unidos).<br \/>\nFue catedr\u00e1tico de Literatura (incluso fue profesor de alguno de los miembros de la Generaci\u00f3n del 27).<br \/>\nEs el poeta amoroso por excelencia en la literatura inmediatamente anterior a la Guerra Civil (<em>La voz a ti debida<\/em>, <em>Raz\u00f3n de amor<\/em>).<\/span><\/span><\/p>\n<p style=\"text-align: justify;\"><span style=\"font-family: 'Century Gothic';\"><span style=\"font-size: medium;\"><\/p>\n<li>Sus versos son delicados, llenos de sinceridad y apasionada ternura.<\/li>\n<p style=\"text-align: justify;\"><span style=\"font-family: 'Century Gothic';\"><span style=\"font-size: medium;\"><\/p>\n<li>Con una forma natural y espont\u00e1nea, transmite una emoci\u00f3n leve y sutil.<\/li>\n<p>Sus obras posteriores al exilio (<em>Todo m\u00e1s claro<\/em>, <em>El contemplado<\/em>, <em>Confianza<\/em>) muestran el paso a una poes\u00eda desolada y pat\u00e9tica.<\/p>\n<p style=\"text-align: justify;\"><span style=\"font-family: 'Century Gothic';\"><span style=\"font-size: medium;\">Adem\u00e1s de poeta, fue autor teatral y, sobre todo, un destacado cr\u00edtico literario (<em>El defensor<\/em>, <em>La responsabilidad del escritor y otros ensayos<\/em>).<\/span><\/span> Sus estudios, escritos en n\u00edtida prosa, denotan una fina percepci\u00f3n de los valores est\u00e9ticos y humanos.<\/p>\n<p style=\"text-align: justify;\"><span style=\"font-family: 'Century Gothic';\"><span style=\"font-size: medium;\"> <\/span><\/span><\/p>\n<p><\/span><\/span><\/p>\n<p><\/span><\/span><\/p>\n","protected":false},"excerpt":{"rendered":"<p>PEDRO SALINAS (1892-1951) Nace en Madrid\u00a0 y muere en el exilio en Boston (Estados Unidos). Fue catedr\u00e1tico de Literatura (incluso fue profesor de alguno de los miembros de la Generaci\u00f3n del 27). Es el poeta amoroso por excelencia en la literatura inmediatamente anterior a la Guerra Civil (La voz a ti debida, Raz\u00f3n de amor).<\/p>\n","protected":false},"author":1,"featured_media":0,"parent":2930,"menu_order":4,"comment_status":"open","ping_status":"open","template":"page-1col.php","meta":{"_monsterinsights_skip_tracking":false,"_monsterinsights_sitenote_active":false,"_monsterinsights_sitenote_note":"","_monsterinsights_sitenote_category":0},"aioseo_notices":[],"_links":{"self":[{"href":"http:\/\/www.apuntesdelengua.com\/blog\/wp-json\/wp\/v2\/pages\/2950"}],"collection":[{"href":"http:\/\/www.apuntesdelengua.com\/blog\/wp-json\/wp\/v2\/pages"}],"about":[{"href":"http:\/\/www.apuntesdelengua.com\/blog\/wp-json\/wp\/v2\/types\/page"}],"author":[{"embeddable":true,"href":"http:\/\/www.apuntesdelengua.com\/blog\/wp-json\/wp\/v2\/users\/1"}],"replies":[{"embeddable":true,"href":"http:\/\/www.apuntesdelengua.com\/blog\/wp-json\/wp\/v2\/comments?post=2950"}],"version-history":[{"count":1,"href":"http:\/\/www.apuntesdelengua.com\/blog\/wp-json\/wp\/v2\/pages\/2950\/revisions"}],"predecessor-version":[{"id":2951,"href":"http:\/\/www.apuntesdelengua.com\/blog\/wp-json\/wp\/v2\/pages\/2950\/revisions\/2951"}],"up":[{"embeddable":true,"href":"http:\/\/www.apuntesdelengua.com\/blog\/wp-json\/wp\/v2\/pages\/2930"}],"wp:attachment":[{"href":"http:\/\/www.apuntesdelengua.com\/blog\/wp-json\/wp\/v2\/media?parent=2950"}],"curies":[{"name":"wp","href":"https:\/\/api.w.org\/{rel}","templated":true}]}}