{"id":2954,"date":"2010-07-06T23:15:22","date_gmt":"2010-07-06T22:15:22","guid":{"rendered":"http:\/\/www.apuntesdelengua.com\/blog\/?page_id=2954"},"modified":"2010-07-06T23:15:22","modified_gmt":"2010-07-06T22:15:22","slug":"damaso-alonso-y-vicente-aleixandre","status":"publish","type":"page","link":"http:\/\/www.apuntesdelengua.com\/blog\/cursos\/4%c2%ba-eso\/generacion-del-27\/damaso-alonso-y-vicente-aleixandre\/","title":{"rendered":"D\u00e1maso Alonso y Vicente Aleixandre"},"content":{"rendered":"<p style=\"text-align: justify;\">\n<p style=\"text-align: center;\"><img loading=\"lazy\" class=\"aligncenter\" src=\"http:\/\/www.artepoetica.net\/damaso_Alonso.bmp\" alt=\"\" width=\"246\" height=\"304\" \/><strong><span style=\"color: #ff6600;\"><span style=\"font-family: 'Century Gothic';\"><span style=\"font-size: medium;\">D\u00c1MASO ALONSO (1898-1990)<\/span><\/span><\/span><\/strong><\/p>\n<p style=\"text-align: justify;\"><span style=\"font-family: 'Century Gothic';\"><span style=\"font-size: medium;\"><br \/>\n<span style=\"color: #ff6600;\"><strong>Biograf\u00eda:<\/strong><\/span><\/span><\/span><\/p>\n<p style=\"text-align: justify; padding-left: 60px;\"><span style=\"font-family: 'Century Gothic';\"><span style=\"font-size: medium;\">Nace y muere en Madrid. Toda su vida estuvo dedicada a los estudios filol\u00f3gicos. De hecho, a \u00e9l se debe en gran parte el redescubrimiento de G\u00f3ngora. Fue director de la Real Academia Espa\u00f1ola. Inicialmente escribe en la l\u00ednea de la \u201cpoes\u00eda pura\u201d, para dar, tras la guerra, un giro radical que influy\u00f3 decisivamente en la poes\u00eda social.<br \/>\n<\/span><\/span><\/p>\n<p style=\"text-align: justify;\"><span style=\"font-family: 'Century Gothic';\"><span style=\"font-size: medium;\"><span style=\"color: #ff6600;\"><strong>Obra<\/strong><\/span>:<\/span><\/span><\/p>\n<p style=\"text-align: justify; padding-left: 60px;\"><span style=\"font-family: 'Century Gothic';\"><span style=\"font-size: medium;\"><br \/>\n<\/span><\/span><strong><em><img loading=\"lazy\" src=\"http:\/\/www.fotosearch.com\/bthumb\/CSP\/CSP067\/k0670541.jpg\" alt=\"\" width=\"21\" height=\"21\" align=\"absmiddle\" \/><\/em><\/strong><span style=\"font-family: 'Century Gothic';\"><span style=\"font-size: medium;\">Poemas puros: poemillas de la ciudad: Poemas delicados escritos bajo la influencia de Juan Ram\u00f3n Jim\u00e9nez.<br \/>\n<\/span><\/span><strong><em><img loading=\"lazy\" src=\"http:\/\/www.fotosearch.com\/bthumb\/CSP\/CSP067\/k0670541.jpg\" alt=\"\" width=\"21\" height=\"21\" align=\"absmiddle\" \/><\/em><\/strong><span style=\"font-family: 'Century Gothic';\"><span style=\"font-size: medium;\">Hijos de la ira (1944): Su contenido equivale a un estallido de rabia impotente ante la propia miseria y el dolor del mundo circundante.<br \/>\n<\/span><\/span><strong><em><img loading=\"lazy\" src=\"http:\/\/www.fotosearch.com\/bthumb\/CSP\/CSP067\/k0670541.jpg\" alt=\"\" width=\"21\" height=\"21\" align=\"absmiddle\" \/><\/em><\/strong><span style=\"font-family: 'Century Gothic';\"><span style=\"font-size: medium;\">Est\u00e1 escrito en vers\u00edculos de gran tensi\u00f3n y originales im\u00e1genes.<br \/>\n<\/span><\/span><strong><em><img loading=\"lazy\" src=\"http:\/\/www.fotosearch.com\/bthumb\/CSP\/CSP067\/k0670541.jpg\" alt=\"\" width=\"21\" height=\"21\" align=\"absmiddle\" \/><\/em><\/strong><span style=\"font-family: 'Century Gothic';\"><span style=\"font-size: medium;\">Por su sinceridad y dramatismo, influye decisivamente en toda la poes\u00eda espa\u00f1ola de posguerra.<br \/>\n<\/span><\/span><strong><em><img loading=\"lazy\" src=\"http:\/\/www.fotosearch.com\/bthumb\/CSP\/CSP067\/k0670541.jpg\" alt=\"\" width=\"21\" height=\"21\" align=\"absmiddle\" \/><\/em><\/strong><span style=\"font-family: 'Century Gothic';\"><span style=\"font-size: medium;\">Hombre y Dios (1955): Se caracteriza por la gran densidad de sus temas.<br \/>\n<\/span><\/span><strong><em><img loading=\"lazy\" src=\"http:\/\/www.fotosearch.com\/bthumb\/CSP\/CSP067\/k0670541.jpg\" alt=\"\" width=\"21\" height=\"21\" align=\"absmiddle\" \/><\/em><\/strong><span style=\"font-family: 'Century Gothic';\"><span style=\"font-size: medium;\">Sus estudios filol\u00f3gicos, como investigador y cr\u00edtico, han abierto nuevos cauces de estudio y comprensi\u00f3n de la poes\u00eda espa\u00f1ola desde sus or\u00edgenes. En estos estudios muestra, a la vez que rigor y erudici\u00f3n, una gran sensibilidad est\u00e9tica.<br \/>\n<\/span><\/span><\/p>\n<p style=\"text-align: justify;\">\n<p style=\"text-align: center;\"><img loading=\"lazy\" class=\"aligncenter\" src=\"http:\/\/icervantes3.files.wordpress.com\/2008\/07\/aleixandre_vicente1.jpg\" alt=\"\" width=\"261\" height=\"210\" \/><strong><span style=\"color: #ff6600;\"><span style=\"font-family: 'Century Gothic';\"><span style=\"font-size: medium;\">VICENTE ALEIXANDRE (1898-1984)<\/span><\/span><\/span><\/strong><\/p>\n<p style=\"text-align: justify;\"><span style=\"font-family: 'Century Gothic';\"><span style=\"font-size: medium;\"><br \/>\n<strong><span style=\"color: #ff6600;\">Biograf\u00eda:<\/span><\/strong><\/span><\/span><\/p>\n<p style=\"text-align: justify; padding-left: 60px;\"><span style=\"font-family: 'Century Gothic';\"><span style=\"font-size: medium;\">Nace en Sevilla y muere en Madrid.<br \/>\nAunque permanece en Espa\u00f1a tras la guerra, se mantuvo alejado de la cultura oficial, en un \u201cexilio interior\u201d.<br \/>\nEn su trayectoria literaria va desde el surrealismo hasta la preocupaci\u00f3n social, con un estilo sendillo y directo.<br \/>\nRecibe el premio Nobel en 1977, considerado como tributo a toda la Generaci\u00f3n del 27.<br \/>\n<\/span><\/span><\/p>\n<p style=\"text-align: justify;\"><span style=\"color: #ff6600;\"><strong><span style=\"font-family: 'Century Gothic';\"><span style=\"font-size: medium;\">Obra:<\/span><\/span><\/strong><\/span><\/p>\n<p style=\"text-align: justify; padding-left: 60px;\"><span style=\"font-family: 'Century Gothic';\"><span style=\"font-size: medium;\"> <\/span><\/span><strong><em><img loading=\"lazy\" src=\"http:\/\/www.fotosearch.com\/bthumb\/CSP\/CSP067\/k0670541.jpg\" alt=\"\" width=\"21\" height=\"21\" align=\"absmiddle\" \/><\/em><\/strong><span style=\"font-family: 'Century Gothic';\"><span style=\"font-size: medium;\">Pasi\u00f3n de la tierra (1928): Se caracteriza por el surrealismo.<br \/>\n<\/span><\/span><strong><em><img loading=\"lazy\" src=\"http:\/\/www.fotosearch.com\/bthumb\/CSP\/CSP067\/k0670541.jpg\" alt=\"\" width=\"21\" height=\"21\" align=\"absmiddle\" \/><\/em><\/strong><span style=\"font-family: 'Century Gothic';\"><span style=\"font-size: medium;\">Espadas como labios (1932): Tiene un tono borrascoso y apasionado, muy marcado tambi\u00e9n por el surrealismo.<br \/>\n<\/span><\/span><strong><em><img loading=\"lazy\" src=\"http:\/\/www.fotosearch.com\/bthumb\/CSP\/CSP067\/k0670541.jpg\" alt=\"\" width=\"21\" height=\"21\" align=\"absmiddle\" \/><\/em><\/strong><span style=\"font-family: 'Century Gothic';\"><span style=\"font-size: medium;\">La destrucci\u00f3n o el amor (1933): En \u00e9l se advierte un pante\u00edsmo pesimista que hace del impulso amoroso una v\u00eda para la destrucci\u00f3n del individuo y para la fusi\u00f3n con la gran fuerza c\u00f3smica, meta anhelada por el poeta, para quien la vida del hombre es solo imperfecci\u00f3n, dolor y angustia.<br \/>\n<\/span><\/span><strong><em><img loading=\"lazy\" src=\"http:\/\/www.fotosearch.com\/bthumb\/CSP\/CSP067\/k0670541.jpg\" alt=\"\" width=\"21\" height=\"21\" align=\"absmiddle\" \/><\/em><\/strong><span style=\"font-family: 'Century Gothic';\"><span style=\"font-size: medium;\">Sombra del Para\u00edso (1944): Con serena melancol\u00eda evoca, entre el dolor y la impureza humanos, un mundo perfecto de belleza no hallada.<br \/>\n<\/span><\/span><strong><em><img loading=\"lazy\" src=\"http:\/\/www.fotosearch.com\/bthumb\/CSP\/CSP067\/k0670541.jpg\" alt=\"\" width=\"21\" height=\"21\" align=\"absmiddle\" \/><\/em><\/strong><span style=\"font-family: 'Century Gothic';\"><span style=\"font-size: medium;\">En Historia del coraz\u00f3n (1954) o En un vasto dominio (1962) centra su atenci\u00f3n en las m\u00e1s inmediatas realidades humanas, con un lenguaje sencillo y directo.<br \/>\n<\/span><\/span><strong><em><img loading=\"lazy\" src=\"http:\/\/www.fotosearch.com\/bthumb\/CSP\/CSP067\/k0670541.jpg\" alt=\"\" width=\"21\" height=\"21\" align=\"absmiddle\" \/><\/em><\/strong><span style=\"font-family: 'Century Gothic';\"><span style=\"font-size: medium;\">Sus \u00faltimos libros (Poemas de la consumaci\u00f3n -1968- y Di\u00e1logos del conocimiento -1974-) presenta una grave y desolada actitud meditativa.<br \/>\n<\/span><\/span><strong><em><img loading=\"lazy\" src=\"http:\/\/www.fotosearch.com\/bthumb\/CSP\/CSP067\/k0670541.jpg\" alt=\"\" width=\"21\" height=\"21\" align=\"absmiddle\" \/><\/em><\/strong><span style=\"font-family: 'Century Gothic';\"><span style=\"font-size: medium;\">En cierto modo, parte de las notas m\u00e1s originales de la l\u00edrica espa\u00f1ola contempor\u00e1nea tienen su origen en la rom\u00e1ntica y din\u00e1mica visi\u00f3n del mundo de Aleixandre y en la exuberante belleza del lenguaje po\u00e9tico de sus primeros libros.<\/span><\/span><\/p>\n","protected":false},"excerpt":{"rendered":"<p>D\u00c1MASO ALONSO (1898-1990) Biograf\u00eda: Nace y muere en Madrid. Toda su vida estuvo dedicada a los estudios filol\u00f3gicos. De hecho, a \u00e9l se debe en gran parte el redescubrimiento de G\u00f3ngora. Fue director de la Real Academia Espa\u00f1ola. Inicialmente escribe en la l\u00ednea de la \u201cpoes\u00eda pura\u201d, para dar, tras la guerra, un giro radical<\/p>\n","protected":false},"author":1,"featured_media":0,"parent":2930,"menu_order":6,"comment_status":"open","ping_status":"open","template":"page-1col.php","meta":{"_monsterinsights_skip_tracking":false,"_monsterinsights_sitenote_active":false,"_monsterinsights_sitenote_note":"","_monsterinsights_sitenote_category":0},"aioseo_notices":[],"_links":{"self":[{"href":"http:\/\/www.apuntesdelengua.com\/blog\/wp-json\/wp\/v2\/pages\/2954"}],"collection":[{"href":"http:\/\/www.apuntesdelengua.com\/blog\/wp-json\/wp\/v2\/pages"}],"about":[{"href":"http:\/\/www.apuntesdelengua.com\/blog\/wp-json\/wp\/v2\/types\/page"}],"author":[{"embeddable":true,"href":"http:\/\/www.apuntesdelengua.com\/blog\/wp-json\/wp\/v2\/users\/1"}],"replies":[{"embeddable":true,"href":"http:\/\/www.apuntesdelengua.com\/blog\/wp-json\/wp\/v2\/comments?post=2954"}],"version-history":[{"count":2,"href":"http:\/\/www.apuntesdelengua.com\/blog\/wp-json\/wp\/v2\/pages\/2954\/revisions"}],"predecessor-version":[{"id":2956,"href":"http:\/\/www.apuntesdelengua.com\/blog\/wp-json\/wp\/v2\/pages\/2954\/revisions\/2956"}],"up":[{"embeddable":true,"href":"http:\/\/www.apuntesdelengua.com\/blog\/wp-json\/wp\/v2\/pages\/2930"}],"wp:attachment":[{"href":"http:\/\/www.apuntesdelengua.com\/blog\/wp-json\/wp\/v2\/media?parent=2954"}],"curies":[{"name":"wp","href":"https:\/\/api.w.org\/{rel}","templated":true}]}}