{"id":3562,"date":"2010-08-01T15:18:00","date_gmt":"2010-08-01T14:18:00","guid":{"rendered":"http:\/\/www.apuntesdelengua.com\/blog\/?page_id=3562"},"modified":"2010-12-13T22:21:40","modified_gmt":"2010-12-13T21:21:40","slug":"mapas-conceptuales","status":"publish","type":"page","link":"http:\/\/www.apuntesdelengua.com\/blog\/recursos\/mapas-conceptuales\/","title":{"rendered":"Mapas conceptuales"},"content":{"rendered":"<p style=\"text-align: justify;\"><span style=\"font-family: 'Century Gothic';\"><span style=\"font-size: medium;\">Los mapas conceptuales que aqu\u00ed te presentamos son uno m\u00e1s de los recusos que tienes a tu disposici\u00f3n para continuar los distintos aspectos de la informaci\u00f3n expuesta en clase.<\/span><\/span><\/p>\n<p style=\"text-align: center;\"><strong><span style=\"font-family: 'Century Gothic';\"><\/span><\/strong><a href=\"http:\/\/www.apuntesdelengua.com\/blog\/wp-content\/uploads\/2010\/08\/1ESO.jpg\"><img loading=\"lazy\" class=\"size-full wp-image-4420   aligncenter\" title=\"1ESO\" src=\"http:\/\/www.apuntesdelengua.com\/blog\/wp-content\/uploads\/2010\/08\/1ESO.jpg\" alt=\"\" width=\"160\" height=\"131\" \/><\/a><\/p>\n<blockquote>\n<address><a href=\"..\/..\/archivos\/2ESO\/funcionesdellenguaje\/indice.html\" target=\"_blank\"><strong><img loading=\"lazy\" src=\"http:\/\/www.fotosearch.com\/bthumb\/CSP\/CSP258\/k2580374.jpg\" alt=\"\" width=\"45\" height=\"35\" align=\"absmiddle\" \/><\/strong><\/a><a href=\"http:\/\/www.apuntesdelengua.com\/archivos\/1ESO\/comunicacion\/indice.html\" target=\"_blank\">La comunicaci\u00f3n: esquema comunicativo.<\/a><\/address>\n<address><a href=\"..\/..\/archivos\/2ESO\/tipologiatextual\/tipologiatextual.jpg\" target=\"_blank\"><img loading=\"lazy\" src=\"http:\/\/www.fotosearch.com\/bthumb\/CSP\/CSP258\/k2580376.jpg\" alt=\"\" width=\"45\" height=\"35\" align=\"absmiddle\" \/><\/a><a href=\"http:\/\/www.apuntesdelengua.com\/archivos\/1ESO\/formacion_palabras\/esquema.html\" target=\"_blank\"><span style=\"font-family: 'Century Gothic';\"><span style=\"font-size: medium;\">Mecanismos de formaci\u00f3n de palabras<\/span><\/span><\/a><span style=\"font-family: 'Century Gothic';\"><span style=\"font-size: medium;\"> <\/span><\/span><\/address>\n<address><a href=\"..\/..\/archivos\/sintaxis\/oracion.html\" target=\"_blank\"><img loading=\"lazy\" src=\"http:\/\/www.fotosearch.com\/bthumb\/CSP\/CSP258\/k2580388.jpg\" alt=\"\" width=\"45\" height=\"35\" align=\"absmiddle\" \/><\/a><span style=\"font-family: 'Century Gothic';\"><span style=\"font-size: medium;\"><a href=\"http:\/\/www.apuntesdelengua.com\/archivos\/1ESO\/generosliterarios\/indice.html\" target=\"_blank\">G\u00e9neros literarios<\/a><\/span><\/span><\/address>\n<address><a href=\"..\/..\/archivos\/sintaxis\/ocompuesta\/oracioncompuesta.html\" target=\"_blank\"><img loading=\"lazy\" src=\"http:\/\/www.fotosearch.com\/bthumb\/CSP\/CSP258\/k2580389.jpg\" alt=\"\" width=\"45\" height=\"35\" align=\"absmiddle\" \/><\/a><span style=\"font-family: 'Century Gothic';\"><span style=\"font-size: medium;\"><a href=\"http:\/\/www.apuntesdelengua.com\/archivos\/morfologia\/udsustantivos\/SUSTANTIVOS.html\" target=\"_blank\">Morfolog\u00eda: El sustantivo (an\u00e1lisis y clasificaci\u00f3n)<\/a><br \/>\n<\/span><\/span><\/address>\n<\/blockquote>\n<p><strong><span style=\"font-family: 'Century Gothic';\"><span style=\"font-size: medium;\"><a href=\"http:\/\/www.apuntesdelengua.com\/blog\/wp-content\/uploads\/2010\/08\/2ESO.jpg\"><img loading=\"lazy\" class=\"aligncenter size-full wp-image-4421\" title=\"2ESO\" src=\"http:\/\/www.apuntesdelengua.com\/blog\/wp-content\/uploads\/2010\/08\/2ESO.jpg\" alt=\"\" width=\"161\" height=\"134\" \/><\/a><\/span><\/span><\/strong><\/p>\n<blockquote><p><a href=\"http:\/\/www.apuntesdelengua.com\/archivos\/2ESO\/funcionesdellenguaje\/indice.html\" target=\"_blank\"><strong><img loading=\"lazy\" src=\"http:\/\/www.fotosearch.com\/bthumb\/CSP\/CSP258\/k2580374.jpg\" alt=\"\" width=\"45\" height=\"35\" align=\"absmiddle\" \/><\/strong><\/a><span style=\"font-family: 'Century Gothic';\"><span style=\"font-size: medium;\"><a href=\"http:\/\/www.apuntesdelengua.com\/archivos\/2ESO\/funcionesdellenguaje\/indice.html\" target=\"_blank\">Funciones del Lenguaje<\/a><\/span><\/span><br \/>\n<a href=\"http:\/\/www.apuntesdelengua.com\/archivos\/2ESO\/tipologiatextual\/tipologiatextual.jpg\" target=\"_blank\"><img loading=\"lazy\" src=\"http:\/\/www.fotosearch.com\/bthumb\/CSP\/CSP258\/k2580376.jpg\" alt=\"\" width=\"45\" height=\"35\" align=\"absmiddle\" \/><\/a><span style=\"font-family: 'Century Gothic';\"><span style=\"font-size: medium;\"><a href=\"http:\/\/www.apuntesdelengua.com\/archivos\/2ESO\/tipologiatextual\/tipologiatextual.jpg\" target=\"_blank\">Tipos de textos<\/a><\/span><\/span><\/p><\/blockquote>\n<p><strong><span style=\"font-family: 'Century Gothic';\"><span style=\"font-size: medium;\"><\/span><\/span><\/strong><a href=\"http:\/\/www.apuntesdelengua.com\/blog\/wp-content\/uploads\/2010\/08\/3ESO.jpg\"><img loading=\"lazy\" class=\"aligncenter size-full wp-image-4422\" title=\"3ESO\" src=\"http:\/\/www.apuntesdelengua.com\/blog\/wp-content\/uploads\/2010\/08\/3ESO.jpg\" alt=\"\" width=\"160\" height=\"133\" \/><\/a><\/p>\n<blockquote><p><a href=\"http:\/\/www.apuntesdelengua.com\/archivos\/3ESO\/formaciondepalabras\/indice.html\" target=\"_blank\"><strong><img loading=\"lazy\" src=\"http:\/\/www.fotosearch.com\/bthumb\/CSP\/CSP258\/k2580374.jpg\" alt=\"\" width=\"45\" height=\"35\" align=\"absmiddle\" \/><\/strong><\/a><span style=\"font-family: 'Century Gothic';\"><span style=\"font-size: medium;\"><a href=\"http:\/\/www.apuntesdelengua.com\/archivos\/3ESO\/formaciondepalabras\/indice.html\" target=\"_blank\">Formaci\u00f3n de palabras<\/a><\/span><\/span><br \/>\n<a href=\"http:\/\/www.apuntesdelengua.com\/archivos\/literatura\/celestina.html\" target=\"_blank\"><img loading=\"lazy\" src=\"http:\/\/www.fotosearch.com\/bthumb\/CSP\/CSP258\/k2580376.jpg\" alt=\"\" width=\"45\" height=\"35\" align=\"absmiddle\" \/><\/a><span style=\"font-family: 'Century Gothic';\"><span style=\"font-size: medium;\"><a href=\"http:\/\/www.apuntesdelengua.com\/archivos\/literatura\/celestina.html\" target=\"_blank\">La Celestina<\/a><\/span><\/span><\/p><\/blockquote>\n<p><strong><span style=\"font-family: 'Century Gothic';\"><span style=\"font-size: medium;\"><a href=\"http:\/\/www.apuntesdelengua.com\/blog\/wp-content\/uploads\/2010\/08\/analisissintactico.jpg\"><img loading=\"lazy\" class=\"aligncenter size-full wp-image-4423\" title=\"analisissintactico\" src=\"http:\/\/www.apuntesdelengua.com\/blog\/wp-content\/uploads\/2010\/08\/analisissintactico.jpg\" alt=\"\" width=\"160\" height=\"133\" \/><\/a><\/span><\/span><\/strong><\/p>\n<blockquote><p><a href=\"http:\/\/www.apuntesdelengua.com\/archivos\/sintaxis\/enunciado.html\" target=\"_blank\"><strong><img loading=\"lazy\" src=\"http:\/\/www.fotosearch.com\/bthumb\/CSP\/CSP258\/k2580374.jpg\" alt=\"\" width=\"45\" height=\"35\" align=\"absmiddle\" \/><\/strong>Introducci\u00f3n a la sintaxis: El Enunciado<\/a><span style=\"font-family: 'Century Gothic';\"><span style=\"font-size: medium;\"> <\/span><\/span><br \/>\n<a href=\"http:\/\/www.apuntesdelengua.com\/archivos\/sintaxis\/sujeto.html\" target=\"_blank\"><img loading=\"lazy\" src=\"http:\/\/www.fotosearch.com\/bthumb\/CSP\/CSP258\/k2580376.jpg\" alt=\"\" width=\"45\" height=\"35\" align=\"absmiddle\" \/>El Sujeto<\/a><span style=\"font-family: 'Century Gothic';\"><span style=\"font-size: medium;\"> <\/span><\/span><br \/>\n<a href=\"http:\/\/www.apuntesdelengua.com\/archivos\/sintaxis\/oracion.html\" target=\"_blank\"><img loading=\"lazy\" src=\"http:\/\/www.fotosearch.com\/bthumb\/CSP\/CSP258\/k2580388.jpg\" alt=\"\" width=\"45\" height=\"35\" align=\"absmiddle\" \/><\/a><span style=\"font-family: 'Century Gothic';\"><span style=\"font-size: medium;\"><a href=\"http:\/\/www.apuntesdelengua.com\/archivos\/sintaxis\/oracion.html\" target=\"_blank\">Clasificaci\u00f3n de la oraci\u00f3n simple<\/a><\/span><\/span><span style=\"font-family: 'Century Gothic';\"><span style=\"font-size: medium;\"> <\/span><\/span><br \/>\n<a href=\"http:\/\/www.apuntesdelengua.com\/archivos\/sintaxis\/ocompuesta\/oracioncompuesta.html\" target=\"_blank\"><img loading=\"lazy\" src=\"http:\/\/www.fotosearch.com\/bthumb\/CSP\/CSP258\/k2580389.jpg\" alt=\"\" width=\"45\" height=\"35\" align=\"absmiddle\" \/><\/a><span style=\"font-family: 'Century Gothic';\"><span style=\"font-size: medium;\"><a href=\"http:\/\/www.apuntesdelengua.com\/archivos\/sintaxis\/ocompuesta\/oracioncompuesta.html\" target=\"_blank\">La oraci\u00f3n compuesta<\/a><br \/>\n<\/span><\/span><\/p><\/blockquote>\n","protected":false},"excerpt":{"rendered":"<p>Los mapas conceptuales que aqu\u00ed te presentamos son uno m\u00e1s de los recusos que tienes a tu disposici\u00f3n para continuar los distintos aspectos de la informaci\u00f3n expuesta en clase. La comunicaci\u00f3n: esquema comunicativo. Mecanismos de formaci\u00f3n de palabras G\u00e9neros literarios Morfolog\u00eda: El sustantivo (an\u00e1lisis y clasificaci\u00f3n) Funciones del Lenguaje Tipos de textos Formaci\u00f3n de palabras<\/p>\n","protected":false},"author":1,"featured_media":0,"parent":3543,"menu_order":2,"comment_status":"open","ping_status":"open","template":"onecolumn-page.php","meta":{"_monsterinsights_skip_tracking":false,"_monsterinsights_sitenote_active":false,"_monsterinsights_sitenote_note":"","_monsterinsights_sitenote_category":0},"aioseo_notices":[],"_links":{"self":[{"href":"http:\/\/www.apuntesdelengua.com\/blog\/wp-json\/wp\/v2\/pages\/3562"}],"collection":[{"href":"http:\/\/www.apuntesdelengua.com\/blog\/wp-json\/wp\/v2\/pages"}],"about":[{"href":"http:\/\/www.apuntesdelengua.com\/blog\/wp-json\/wp\/v2\/types\/page"}],"author":[{"embeddable":true,"href":"http:\/\/www.apuntesdelengua.com\/blog\/wp-json\/wp\/v2\/users\/1"}],"replies":[{"embeddable":true,"href":"http:\/\/www.apuntesdelengua.com\/blog\/wp-json\/wp\/v2\/comments?post=3562"}],"version-history":[{"count":19,"href":"http:\/\/www.apuntesdelengua.com\/blog\/wp-json\/wp\/v2\/pages\/3562\/revisions"}],"predecessor-version":[{"id":3583,"href":"http:\/\/www.apuntesdelengua.com\/blog\/wp-json\/wp\/v2\/pages\/3562\/revisions\/3583"}],"up":[{"embeddable":true,"href":"http:\/\/www.apuntesdelengua.com\/blog\/wp-json\/wp\/v2\/pages\/3543"}],"wp:attachment":[{"href":"http:\/\/www.apuntesdelengua.com\/blog\/wp-json\/wp\/v2\/media?parent=3562"}],"curies":[{"name":"wp","href":"https:\/\/api.w.org\/{rel}","templated":true}]}}