{"id":382,"date":"2008-12-02T17:05:31","date_gmt":"2008-12-02T16:05:31","guid":{"rendered":"http:\/\/recursosele.wordpress.com\/?page_id=382"},"modified":"2009-10-21T23:33:41","modified_gmt":"2009-10-21T22:33:41","slug":"mitologia","status":"publish","type":"page","link":"http:\/\/www.apuntesdelengua.com\/blog\/cursos\/1%c2%ba-eso\/mitologia\/","title":{"rendered":"Mitolog\u00eda"},"content":{"rendered":"<div style=\"width: 237px\" class=\"wp-caption alignleft\"><img loading=\"lazy\" src=\"http:\/\/blog.3nity.es\/wp-content\/uploads\/2007\/12\/zeus_p102.jpg\" alt=\"\" width=\"227\" height=\"217\" \/><p class=\"wp-caption-text\">Zeus<\/p><\/div>\n<p style=\"text-align:justify;\">A continuaci\u00f3n presentamos una serie de ejercicios que son \u00fatiles tanto para resolver dudas como para identificar los diferentes referentes de la mitolog\u00eda cl\u00e1sica. De momento incluimos los griegos y romanos como m\u00e1xima influencia sobre nuestra cultura y lengua. Veamos a continuaci\u00f3n algunos ejemplos:<\/p>\n<p style=\"text-align:justify;\">\u00a0<\/p>\n<p style=\"text-align:justify;\">\u00a0<\/p>\n<p style=\"text-align:justify;\">\u00a0<\/p>\n<ol>\n<li>Ejercicio para relacionar dioses y los conceptos que representan. Pincha <a href=\"http:\/\/alerce.pntic.mec.es\/%7Ermarti41\/potatoes\/varios.htm\" target=\"_blank\"><strong><span style=\"color:#0000ff;\">aqu\u00ed<\/span><\/strong><\/a>.<\/li>\n<li>Ejercicio para relacionar los dioses griegos con sus respectivos romanos. Pincha <a href=\"http:\/\/alerce.pntic.mec.es\/%7Ermarti41\/potatoes\/varios1.htm\" target=\"_blank\"><span style=\"color:#0000ff;\"><strong>aqu\u00ed<\/strong><\/span><\/a>.<\/li>\n<li>Ejercicio para identificar la pertenencia o no de los dioses a la mitolog\u00eda grecorromana. Pincha <a href=\"http:\/\/alerce.pntic.mec.es\/%7Ermarti41\/potatoes\/varios2.htm\" target=\"_blank\"><span style=\"color:#0000ff;\"><strong>aqu\u00ed<\/strong><\/span><\/a>.<\/li>\n<li>\u00bfDe qui\u00e9n hablamos? \u00bfSabr\u00edamos identificar un dios gracias a una imagen? Pincha <a href=\"http:\/\/alerce.pntic.mec.es\/%7Ermarti41\/potatoes\/varios3.htm\" target=\"_blank\"><span style=\"color:#0000ff;\"><strong>aqu\u00ed<\/strong><\/span><\/a>.<\/li>\n<li>Completemos frases con espacios en blanco a partir de unas frases. Pincha <a href=\"http:\/\/alerce.pntic.mec.es\/%7Ermarti41\/potatoes\/varios4.htm\" target=\"_blank\"><span style=\"color:#0000ff;\"><strong>aqu\u00ed<\/strong><\/span><\/a>.<\/li>\n<li>\u00bfQu\u00e9 palabras proceden del nombre de ciertos dioses grecorromanos? Pincha <a href=\"http:\/\/alerce.pntic.mec.es\/%7Ermarti41\/potatoes\/varios5.htm\" target=\"_blank\"><span style=\"color:#0000ff;\"><strong>aqu\u00ed<\/strong><\/span><\/a>.<\/li>\n<li>\u00bfA qu\u00e9 Dios le pedir\u00edas ayuda para hacer las siguientes acciones? Pincha <a href=\"http:\/\/alerce.pntic.mec.es\/%7Ermarti41\/potatoes\/varios6.htm\" target=\"_blank\"><span style=\"color:#0000ff;\"><strong>aqu\u00ed<\/strong><\/span><\/a>.<\/li>\n<li>\u00bfQu\u00e9 significan las siguientes expresiones que hacen referencia a dioses grecorromanos? Pincha <a href=\"http:\/\/alerce.pntic.mec.es\/%7Ermarti41\/potatoes\/varios7.htm\" target=\"_blank\"><span style=\"color:#0000ff;\"><strong>aqu\u00ed<\/strong><\/span><\/a>.<\/li>\n<li>Crucigrama sobre los signos del zodiaco. Pincha <a href=\"http:\/\/alerce.pntic.mec.es\/%7Ermarti41\/potatoes\/varios9.htm\" target=\"_blank\"><span style=\"color:#0000ff;\"><strong>aqu\u00ed<\/strong><\/span><\/a>.<\/li>\n<li>Sobre monstruos mitol\u00f3gicos, \u00bflos conocemos todos? Pincha <a href=\"http:\/\/alerce.pntic.mec.es\/%7Ermarti41\/potatoes\/facul.htm\" target=\"_blank\"><span style=\"color:#0000ff;\"><strong>aqu\u00ed<\/strong><\/span><\/a>.<\/li>\n<li>Relaciona cada personaje con la facultad que pose\u00eda. Pincha <a href=\"http:\/\/alerce.pntic.mec.es\/%7Ermarti41\/potatoes\/facul.htm\" target=\"_blank\"><strong><span style=\"color:#0000ff;\">aqu\u00ed<\/span><\/strong><\/a>.<\/li>\n<li>\u00bfLo sabemos todo sobre Apolo? Responde <a href=\"http:\/\/alerce.pntic.mec.es\/%7Ermarti41\/potatoes\/apolo.htm\" target=\"_blank\"><span style=\"color:#0000ff;\"><strong>aqu\u00ed<\/strong><\/span><\/a> un cuestionario de VERDADERO-FALSO.<\/li>\n<\/ol>\n<p><strong>Enlaces recomendados<\/strong>:<\/p>\n<ul>\n<li><strong>Mitolog\u00eda en el Museo del Prado<\/strong>. Un interesant\u00edsimo recorrido por los principales dioses y mitos que podemos encontrar en la m\u00e1s importante pinacoteca del mundo. Pincha <a href=\"http:\/\/www.culturaclasica.net\/MitologiaPrado\/mitologia_Prado.htm\" target=\"_blank\"><span style=\"color:#0000ff;\"><strong>aqu\u00ed<\/strong><\/span><\/a>.<\/li>\n<li><a class=\"wiki_link_ext\" rel=\"nofollow\" href=\"http:\/\/aliso.pntic.mec.es\/agalle17\/tabla\/index.html\"><span style=\"color:#0000ff;\"><strong>Tabula Mitologica<\/strong><\/span><\/a>. Se trata de una aplicaci\u00f3n de \u00c1ngel L.Gallego en la que, mediante una tabla peri\u00f3dica interactiva, se recoge el origen del nombre del elemento qu\u00edmico, los mitos relacionados y algunas curiosidades. Pincha <a href=\"http:\/\/aliso.pntic.mec.es\/agalle17\/tabla\/index.html\" target=\"_blank\"><strong><span style=\"color:#0000ff;\">aqu\u00ed<\/span><\/strong><\/a>\u00a0(o sobre el t\u00edtulo de la Tabula).<\/li>\n<li>Listado de los principales dioses griegos y romanos. Pincha <a href=\"http:\/\/www.apocatastasis.com\/mitologia-griega-romana.php\" target=\"_blank\"><strong><span style=\"color:#0000ff;\">aqu\u00ed<\/span><\/strong><\/a>.<\/li>\n<\/ul>\n","protected":false},"excerpt":{"rendered":"<p>A continuaci\u00f3n presentamos una serie de ejercicios que son \u00fatiles tanto para resolver dudas como para identificar los diferentes referentes de la mitolog\u00eda cl\u00e1sica. De momento incluimos los griegos y romanos como m\u00e1xima influencia sobre nuestra cultura y lengua. Veamos a continuaci\u00f3n algunos ejemplos: \u00a0 \u00a0 \u00a0 Ejercicio para relacionar dioses y los conceptos que<\/p>\n","protected":false},"author":1,"featured_media":0,"parent":100,"menu_order":11,"comment_status":"open","ping_status":"open","template":"","meta":{"_monsterinsights_skip_tracking":false,"_monsterinsights_sitenote_active":false,"_monsterinsights_sitenote_note":"","_monsterinsights_sitenote_category":0},"aioseo_notices":[],"_links":{"self":[{"href":"http:\/\/www.apuntesdelengua.com\/blog\/wp-json\/wp\/v2\/pages\/382"}],"collection":[{"href":"http:\/\/www.apuntesdelengua.com\/blog\/wp-json\/wp\/v2\/pages"}],"about":[{"href":"http:\/\/www.apuntesdelengua.com\/blog\/wp-json\/wp\/v2\/types\/page"}],"author":[{"embeddable":true,"href":"http:\/\/www.apuntesdelengua.com\/blog\/wp-json\/wp\/v2\/users\/1"}],"replies":[{"embeddable":true,"href":"http:\/\/www.apuntesdelengua.com\/blog\/wp-json\/wp\/v2\/comments?post=382"}],"version-history":[{"count":3,"href":"http:\/\/www.apuntesdelengua.com\/blog\/wp-json\/wp\/v2\/pages\/382\/revisions"}],"predecessor-version":[{"id":1484,"href":"http:\/\/www.apuntesdelengua.com\/blog\/wp-json\/wp\/v2\/pages\/382\/revisions\/1484"}],"up":[{"embeddable":true,"href":"http:\/\/www.apuntesdelengua.com\/blog\/wp-json\/wp\/v2\/pages\/100"}],"wp:attachment":[{"href":"http:\/\/www.apuntesdelengua.com\/blog\/wp-json\/wp\/v2\/media?parent=382"}],"curies":[{"name":"wp","href":"https:\/\/api.w.org\/{rel}","templated":true}]}}