{"id":5280,"date":"2012-02-20T16:40:13","date_gmt":"2012-02-20T15:40:13","guid":{"rendered":"http:\/\/www.apuntesdelengua.com\/blog\/?page_id=5280"},"modified":"2020-05-18T22:54:58","modified_gmt":"2020-05-18T21:54:58","slug":"textos-argumentativos-2o-eso","status":"publish","type":"page","link":"http:\/\/www.apuntesdelengua.com\/blog\/textos-argumentativos-2o-eso\/","title":{"rendered":"Textos argumentativos"},"content":{"rendered":"<p><center><iframe loading=\"lazy\" src=\"http:\/\/www.apuntesdelengua.com\/archivos\/2ESO\/argumentativo\/index.html\" width=\"1024\" height=\"700\"><\/iframe><\/center>\u00a0<span style=\"font-family: 'Century Gothic'; font-size: small; text-align: justify; line-height: 1.5em;\">Fuente de la informaci\u00f3n:<\/span><\/p>\n<p style=\"text-align: justify;\"><span style=\"font-family: 'Century Gothic'; font-size: small;\">Jes\u00fas Felipe Mart\u00ednez, profes.net<\/span><\/p>\n","protected":false},"excerpt":{"rendered":"<p>\u00a0Fuente de la informaci\u00f3n: Jes\u00fas Felipe Mart\u00ednez, profes.net<\/p>\n","protected":false},"author":1,"featured_media":0,"parent":0,"menu_order":0,"comment_status":"open","ping_status":"open","template":"page-template-full.php","meta":{"_monsterinsights_skip_tracking":false,"_monsterinsights_sitenote_active":false,"_monsterinsights_sitenote_note":"","_monsterinsights_sitenote_category":0},"aioseo_notices":[],"_links":{"self":[{"href":"http:\/\/www.apuntesdelengua.com\/blog\/wp-json\/wp\/v2\/pages\/5280"}],"collection":[{"href":"http:\/\/www.apuntesdelengua.com\/blog\/wp-json\/wp\/v2\/pages"}],"about":[{"href":"http:\/\/www.apuntesdelengua.com\/blog\/wp-json\/wp\/v2\/types\/page"}],"author":[{"embeddable":true,"href":"http:\/\/www.apuntesdelengua.com\/blog\/wp-json\/wp\/v2\/users\/1"}],"replies":[{"embeddable":true,"href":"http:\/\/www.apuntesdelengua.com\/blog\/wp-json\/wp\/v2\/comments?post=5280"}],"version-history":[{"count":11,"href":"http:\/\/www.apuntesdelengua.com\/blog\/wp-json\/wp\/v2\/pages\/5280\/revisions"}],"predecessor-version":[{"id":6857,"href":"http:\/\/www.apuntesdelengua.com\/blog\/wp-json\/wp\/v2\/pages\/5280\/revisions\/6857"}],"wp:attachment":[{"href":"http:\/\/www.apuntesdelengua.com\/blog\/wp-json\/wp\/v2\/media?parent=5280"}],"curies":[{"name":"wp","href":"https:\/\/api.w.org\/{rel}","templated":true}]}}