{"id":5584,"date":"2012-09-28T00:00:27","date_gmt":"2012-09-27T23:00:27","guid":{"rendered":"http:\/\/www.apuntesdelengua.com\/blog\/?page_id=5584"},"modified":"2012-10-09T15:58:11","modified_gmt":"2012-10-09T14:58:11","slug":"herramientas-2-0","status":"publish","type":"page","link":"http:\/\/www.apuntesdelengua.com\/blog\/herramientas-2-0\/","title":{"rendered":"Herramientas 2.0"},"content":{"rendered":"<p style=\"text-align: justify;\"><span style=\"font-family: 'Century Gothic';\"><span style=\"font-size: medium;\">Desde aqu\u00ed podr\u00e1s utilizar una serie de herramientas para trabajar con ellas a lo largo del curso. Pincha en el icono de cada herramienta para descargar la aplicaci\u00f3n. Acompa\u00f1amos cada aplicaci\u00f3n con un videotutorial para que puedas aprender y profundizar en su uso:<br \/>\n<\/span><\/span><\/p>\n<p><a href=\"http:\/\/dl.dropbox.com\/u\/31429572\/Audacity.zip\" target=\"_blank\"><img loading=\"lazy\" class=\"alignnone\" src=\"http:\/\/3.bp.blogspot.com\/_1Tu5sYyYN3Q\/TS2HZVrxhpI\/AAAAAAAAAHs\/-jKQucZEQi4\/s1600\/Audacity-Logo.png\" alt=\"\" width=\"161\" height=\"58\" \/><\/a><br \/>\n<iframe loading=\"lazy\" src=\"http:\/\/www.youtube.com\/embed\/NgpfQTpFGCs\" frameborder=\"0\" width=\"420\" height=\"315\"><\/iframe><\/p>\n","protected":false},"excerpt":{"rendered":"<p>Desde aqu\u00ed podr\u00e1s utilizar una serie de herramientas para trabajar con ellas a lo largo del curso. Pincha en el icono de cada herramienta para descargar la aplicaci\u00f3n. Acompa\u00f1amos cada aplicaci\u00f3n con un videotutorial para que puedas aprender y profundizar en su uso:<\/p>\n","protected":false},"author":1,"featured_media":0,"parent":0,"menu_order":0,"comment_status":"open","ping_status":"open","template":"onecolumn-page.php","meta":{"_monsterinsights_skip_tracking":false,"_monsterinsights_sitenote_active":false,"_monsterinsights_sitenote_note":"","_monsterinsights_sitenote_category":0},"aioseo_notices":[],"_links":{"self":[{"href":"http:\/\/www.apuntesdelengua.com\/blog\/wp-json\/wp\/v2\/pages\/5584"}],"collection":[{"href":"http:\/\/www.apuntesdelengua.com\/blog\/wp-json\/wp\/v2\/pages"}],"about":[{"href":"http:\/\/www.apuntesdelengua.com\/blog\/wp-json\/wp\/v2\/types\/page"}],"author":[{"embeddable":true,"href":"http:\/\/www.apuntesdelengua.com\/blog\/wp-json\/wp\/v2\/users\/1"}],"replies":[{"embeddable":true,"href":"http:\/\/www.apuntesdelengua.com\/blog\/wp-json\/wp\/v2\/comments?post=5584"}],"version-history":[{"count":17,"href":"http:\/\/www.apuntesdelengua.com\/blog\/wp-json\/wp\/v2\/pages\/5584\/revisions"}],"predecessor-version":[{"id":5678,"href":"http:\/\/www.apuntesdelengua.com\/blog\/wp-json\/wp\/v2\/pages\/5584\/revisions\/5678"}],"wp:attachment":[{"href":"http:\/\/www.apuntesdelengua.com\/blog\/wp-json\/wp\/v2\/media?parent=5584"}],"curies":[{"name":"wp","href":"https:\/\/api.w.org\/{rel}","templated":true}]}}