{"id":587,"date":"2009-02-28T03:10:10","date_gmt":"2009-02-28T02:10:10","guid":{"rendered":"http:\/\/s276893698.mialojamiento.es\/wordpress\/?page_id=587"},"modified":"2020-04-10T23:53:01","modified_gmt":"2020-04-10T22:53:01","slug":"taller-poetico","status":"publish","type":"page","link":"http:\/\/www.apuntesdelengua.com\/blog\/taller-poetico\/","title":{"rendered":"Podcasts en homenaje a Neruda, Alberti y Machado."},"content":{"rendered":"<p style=\"text-align: justify;\"><span style=\"font-family: 'Century Gothic';\"><span style=\"font-size: large;\">Nuestr@s alumn@s del Primer Ciclo de ESO quieren hacer suya la poes\u00eda, y qu\u00e9 mejor forma que poni\u00e9ndole voz a los poemas que leen y sienten en el aula. A continuaci\u00f3n presentamos un listado de poemas y autores que, en breve, iremos enlazando con sus textos originales, tus v\u00eddeos (si los hay) y los podcasts elaborados por l@s alumn@s de Primer ciclo de la \u00a0ESO. Pincha sobre los t\u00edtulos destacados para o\u00edr los podcast elaborados por los propios alumnos tanto de 1\u00ba como de 2\u00ba de la ESO.<\/span><\/span><\/p>\n<p style=\"text-align: justify; padding-left: 90px;\"><a href=\"http:\/\/www.apuntesdelengua.com\/blog\/archives\/637\" target=\"_blank\" rel=\"noopener\"><strong><strong><strong><img loading=\"lazy\" src=\"..\/..\/master\/iconos\/play.jpg\" alt=\"\" width=\"55\" height=\"53\" align=\"absmiddle\" \/><\/strong><\/strong><\/strong><\/a><span style=\"font-family: 'Century Gothic';\"><span style=\"font-size: medium;\"><a href=\"http:\/\/www.apuntesdelengua.com\/blog\/archives\/637\" target=\"_blank\" rel=\"noopener\"><span style=\"color: #0000ff;\"><strong><span style=\"color: #008000;\">Poema<\/span><span style=\"color: #008000;\"> 20<\/span><\/strong><\/span><\/a>, de Pablo Neruda &#8211; Elisa Vaquero<\/span><\/span>[podcast]http:\/\/s276893698.mialojamiento.es\/archivos\/podcast\/poema20elisavaquero.mp3[\/podcast]<\/p>\n<p style=\"text-align: justify; padding-left: 90px;\"><a href=\"http:\/\/www.apuntesdelengua.com\/blog\/archives\/809\" target=\"_blank\" rel=\"noopener\"><strong><strong><strong><img loading=\"lazy\" src=\"..\/..\/master\/iconos\/play.jpg\" alt=\"\" width=\"55\" height=\"53\" align=\"absmiddle\" \/><\/strong><\/strong><\/strong><\/a><span style=\"font-family: 'Century Gothic';\"><span style=\"font-size: medium;\"><a href=\"http:\/\/www.apuntesdelengua.com\/blog\/archives\/809\" target=\"_blank\" rel=\"noopener\"><span style=\"color: #0000ff;\"><strong><span style=\"color: #008000;\">Poema 15<\/span><\/strong><\/span><\/a>, de Pablo Neruda, por M\u00f3nica L\u00f3pez <\/span><\/span>[podcast]http:\/\/s276893698.mialojamiento.es\/archivos\/podcast\/poemaXV-Neruda.mp3[\/podcast]<\/p>\n<p style=\"text-align: justify; padding-left: 90px;\"><a href=\"http:\/\/www.apuntesdelengua.com\/blog\/archives\/726\" target=\"_blank\" rel=\"noopener\"><strong><strong><strong><img loading=\"lazy\" src=\"..\/..\/master\/iconos\/play.jpg\" alt=\"\" width=\"55\" height=\"53\" align=\"absmiddle\" \/><\/strong><\/strong><\/strong><\/a><span style=\"font-family: 'Century Gothic';\"><span style=\"font-size: medium;\"><a href=\"http:\/\/www.apuntesdelengua.com\/blog\/archives\/726\" target=\"_blank\" rel=\"noopener\"><span style=\"color: #008000;\"><strong>He andado muchos caminos<\/strong><\/span><\/a>, de Antonio Machado, por Jorge Camacho <\/span><\/span>[podcast]http:\/\/s276893698.mialojamiento.es\/archivos\/podcast\/heandadomuchoscaminos.mp3[\/podcast]<\/p>\n<p style=\"text-align: justify; padding-left: 90px;\"><a href=\"http:\/\/www.apuntesdelengua.com\/blog\/archives\/731\" target=\"_blank\" rel=\"noopener\"><strong><strong><strong><img loading=\"lazy\" src=\"..\/..\/master\/iconos\/play.jpg\" alt=\"\" width=\"55\" height=\"53\" align=\"absmiddle\" \/><\/strong><\/strong><\/strong><\/a><span style=\"font-family: 'Century Gothic';\"><span style=\"font-size: medium;\"><a href=\"http:\/\/www.apuntesdelengua.com\/blog\/archives\/731\" target=\"_blank\" rel=\"noopener\"><strong><span style=\"color: #008000;\">Las moscas<\/span><\/strong><\/a>, de Antonio Machado, por Elena Carrillo <\/span><\/span>[podcast]http:\/\/s276893698.mialojamiento.es\/archivos\/podcast\/lasmoscas.mp3[\/podcast]<\/p>\n<p style=\"text-align: justify; padding-left: 90px;\"><a href=\"http:\/\/www.apuntesdelengua.com\/blog\/archives\/751\"><strong><strong><strong><img loading=\"lazy\" src=\"..\/..\/master\/iconos\/play.jpg\" alt=\"\" width=\"55\" height=\"53\" align=\"absmiddle\" \/><\/strong><\/strong><\/strong><\/a><span style=\"font-family: 'Century Gothic';\"><span style=\"font-size: medium;\"><a href=\"http:\/\/www.apuntesdelengua.com\/blog\/archives\/751\"><span style=\"color: #008000;\"><strong>Volver\u00e1n las ocuscuras golondrinas<\/strong><\/span><\/a><span style=\"color: #008000;\"><strong>,<\/strong><\/span> de Gustavo Adolfo B\u00e9cquer, por Beatriz D\u00edaz <\/span><\/span>[podcast]http:\/\/s276893698.mialojamiento.es\/archivos\/podcast\/golondrinasbea.mp3[\/podcast]<\/p>\n<p style=\"text-align: justify; padding-left: 90px;\"><a href=\"http:\/\/www.apuntesdelengua.com\/blog\/archives\/758\" target=\"_blank\" rel=\"noopener\"><strong><strong><strong><img loading=\"lazy\" src=\"..\/..\/master\/iconos\/play.jpg\" alt=\"\" width=\"55\" height=\"53\" align=\"absmiddle\" \/><\/strong><\/strong><\/strong><\/a><span style=\"font-family: 'Century Gothic';\"><span style=\"font-size: medium;\"><a href=\"http:\/\/www.apuntesdelengua.com\/blog\/archives\/758\" target=\"_blank\" rel=\"noopener\"><span style=\"color: #008000;\"><strong>Los \u00e1ngeles colegiales<\/strong><\/span>,<\/a> de Rafael Alberti, por Isabel P\u00e9rez <\/span><\/span>[podcast]http:\/\/s276893698.mialojamiento.es\/archivos\/podcast\/angelescolegiales.mp3[\/podcast]<\/p>\n<p style=\"text-align: justify; padding-left: 90px;\"><a href=\"http:\/\/www.apuntesdelengua.com\/blog\/archives\/720\" target=\"_blank\" rel=\"noopener\"><strong><strong><strong><img loading=\"lazy\" src=\"..\/..\/master\/iconos\/play.jpg\" alt=\"\" width=\"55\" height=\"53\" align=\"absmiddle\" \/><\/strong><\/strong><\/strong><\/a><span style=\"font-family: 'Century Gothic';\"><span style=\"font-size: medium;\"><a href=\"http:\/\/www.apuntesdelengua.com\/blog\/archives\/720\" target=\"_blank\" rel=\"noopener\"><span style=\"color: #008000;\"><strong>Si mi voz muriera en tierra<\/strong><\/span><\/a>, de Rafael Alberti, por Pablo Chicano <\/span><\/span>[podcast]http:\/\/s276893698.mialojamiento.es\/archivos\/podcast\/simivozmurieraentierra.mp3[\/podcast]<\/p>\n<p style=\"text-align: justify; padding-left: 90px;\"><a href=\"http:\/\/www.apuntesdelengua.com\/blog\/archives\/716\" target=\"_blank\" rel=\"noopener\"><strong><strong><strong><img loading=\"lazy\" src=\"..\/..\/master\/iconos\/play.jpg\" alt=\"\" width=\"55\" height=\"53\" align=\"absmiddle\" \/><\/strong><\/strong><\/strong><\/a><span style=\"font-family: 'Century Gothic', 'Times New Roman', 'Bitstream Charter', Times, serif; font-size: medium;\"><a href=\"http:\/\/www.apuntesdelengua.com\/blog\/archives\/716\" target=\"_blank\" rel=\"noopener\"><span style=\"color: #008000;\"><strong>Romance de la defensa de Madrid<\/strong><\/span><\/a>, de Rafael Alberti, por Marco Pinelo <\/span>[podcast]http:\/\/s276893698.mialojamiento.es\/archivos\/podcast\/romancedeladefensademadrid.mp3[\/podcast]<\/p>\n<p style=\"text-align: justify; padding-left: 90px;\"><a href=\"http:\/\/www.apuntesdelengua.com\/blog\/archives\/827\" target=\"_blank\" rel=\"noopener\"><strong><strong><strong><img loading=\"lazy\" src=\"..\/..\/master\/iconos\/play.jpg\" alt=\"\" width=\"55\" height=\"53\" align=\"absmiddle\" \/><\/strong><\/strong><\/strong><\/a><span style=\"font-family: 'Century Gothic';\"><span style=\"font-size: medium;\"><a href=\"http:\/\/www.apuntesdelengua.com\/blog\/archives\/827\" target=\"_blank\" rel=\"noopener\"><span style=\"color: #008000;\"><strong>Galope<\/strong><\/span><\/a>, de Rafael Alberti, por Irene Mart\u00ednez y Bel\u00e9n Jim\u00e9nez <\/span><\/span>[podcast]http:\/\/www.apuntesdelengua.com\/archivos\/podcast\/galopebelenirene.mp3[\/podcast]<\/p>\n<p style=\"text-align: justify; padding-left: 90px;\"><a href=\"http:\/\/www.apuntesdelengua.com\/blog\/archives\/822\" target=\"_blank\" rel=\"noopener\"><strong><strong><strong><img loading=\"lazy\" src=\"..\/..\/master\/iconos\/play.jpg\" alt=\"\" width=\"55\" height=\"53\" align=\"absmiddle\" \/><\/strong><\/strong><\/strong><\/a><span style=\"font-family: 'Century Gothic';\"><span style=\"font-size: medium;\"><a href=\"http:\/\/www.apuntesdelengua.com\/blog\/archives\/822\" target=\"_blank\" rel=\"noopener\"><span style=\"color: #008000;\"><strong>Canci\u00f3n de amor<\/strong><\/span><\/a><span style=\"color: #008000;\"><strong>,<\/strong><\/span> de Rafael Alberti, por Marta Morales <\/span><\/span>[podcast]http:\/\/s276893698.mialojamiento.es\/archivos\/podcast\/canciondeamormartamorales.mp3[\/podcast]<\/p>\n<p style=\"text-align: justify; padding-left: 90px;\"><a href=\"http:\/\/www.apuntesdelengua.com\/blog\/archives\/788\" target=\"_blank\" rel=\"noopener\"><strong><strong><strong><img loading=\"lazy\" src=\"..\/..\/master\/iconos\/play.jpg\" alt=\"\" width=\"55\" height=\"53\" align=\"absmiddle\" \/><\/strong><\/strong><\/strong><\/a><span style=\"font-family: 'Century Gothic';\"><span style=\"font-size: medium;\"><a href=\"http:\/\/www.apuntesdelengua.com\/blog\/archives\/788\" target=\"_blank\" rel=\"noopener\"><span style=\"color: #008000;\"><strong>Sue\u00f1o del marinero<\/strong><\/span><\/a>, de Rafael Alberti, por Pablo Esp\u00e1riz <\/span><\/span>[podcast]http:\/\/s276893698.mialojamiento.es\/archivos\/podcast\/sue\u00f1odelmarinero.mp3[\/podcast]<\/p>\n<p style=\"text-align: justify;\">\n<p style=\"text-align: justify;\"><span style=\"font-family: 'Century Gothic', 'Times New Roman', 'Bitstream Charter', Times, serif;\"><span style=\"font-size: x-small;\">\u00a0<\/span><\/span><\/p>\n<p style=\"text-align: justify;\"><span style=\"font-family: 'Century Gothic', 'Times New Roman', 'Bitstream Charter', Times, serif;\"><span style=\"font-size: small;\"><span style=\"font-size: xx-small;\">\u00a0<\/span><\/span><\/span><\/p>\n<p style=\"text-align: center;\">\n","protected":false},"excerpt":{"rendered":"<p>Nuestr@s alumn@s del Primer Ciclo de ESO quieren hacer suya la poes\u00eda, y qu\u00e9 mejor forma que poni\u00e9ndole voz a los poemas que leen y sienten en el aula. A continuaci\u00f3n presentamos un listado de poemas y autores que, en breve, iremos enlazando con sus textos originales, tus v\u00eddeos (si los hay) y los podcasts<\/p>\n","protected":false},"author":1,"featured_media":0,"parent":0,"menu_order":11,"comment_status":"open","ping_status":"open","template":"page-template-full.php","meta":{"_monsterinsights_skip_tracking":false,"_monsterinsights_sitenote_active":false,"_monsterinsights_sitenote_note":"","_monsterinsights_sitenote_category":0},"aioseo_notices":[],"_links":{"self":[{"href":"http:\/\/www.apuntesdelengua.com\/blog\/wp-json\/wp\/v2\/pages\/587"}],"collection":[{"href":"http:\/\/www.apuntesdelengua.com\/blog\/wp-json\/wp\/v2\/pages"}],"about":[{"href":"http:\/\/www.apuntesdelengua.com\/blog\/wp-json\/wp\/v2\/types\/page"}],"author":[{"embeddable":true,"href":"http:\/\/www.apuntesdelengua.com\/blog\/wp-json\/wp\/v2\/users\/1"}],"replies":[{"embeddable":true,"href":"http:\/\/www.apuntesdelengua.com\/blog\/wp-json\/wp\/v2\/comments?post=587"}],"version-history":[{"count":47,"href":"http:\/\/www.apuntesdelengua.com\/blog\/wp-json\/wp\/v2\/pages\/587\/revisions"}],"predecessor-version":[{"id":6707,"href":"http:\/\/www.apuntesdelengua.com\/blog\/wp-json\/wp\/v2\/pages\/587\/revisions\/6707"}],"wp:attachment":[{"href":"http:\/\/www.apuntesdelengua.com\/blog\/wp-json\/wp\/v2\/media?parent=587"}],"curies":[{"name":"wp","href":"https:\/\/api.w.org\/{rel}","templated":true}]}}