{"id":5999,"date":"2013-11-14T16:40:59","date_gmt":"2013-11-14T15:40:59","guid":{"rendered":"http:\/\/www.apuntesdelengua.com\/blog\/?page_id=5999"},"modified":"2014-02-15T00:22:19","modified_gmt":"2014-02-14T23:22:19","slug":"audioexperiencias-lectoras-2013-2014","status":"publish","type":"page","link":"http:\/\/www.apuntesdelengua.com\/blog\/audioexperiencias-lectoras-2013-2014\/","title":{"rendered":"Audioexperiencias Lectoras 2013-2014"},"content":{"rendered":"<p>Un reto. As\u00ed es como nos planteamos esta edici\u00f3n de las Audioexperiencias Lectoras. Superar las 439 lecturas del pasado a\u00f1o va a ser todo un reto que los alumnos est\u00e1n dispuestos a conseguir. Adem\u00e1s, este a\u00f1o contaremos con sorpresas en formas de viajes literarios que iremos contando a trav\u00e9s de las entradas del blog. \u00a1Esperamos vuestras lecturas y vuestros comentarios!<\/p>\n<p style=\"text-align: center;\"><iframe loading=\"lazy\" src=\"http:\/\/www.ivoox.com\/podcast-podcast-audioexperiencias-2013-14_sq_f190654_1.html\" height=\"1100\" width=\"1000\" frameborder=\"0\" scrolling=\"auto\"><\/iframe><\/p>\n","protected":false},"excerpt":{"rendered":"<p>Un reto. As\u00ed es como nos planteamos esta edici\u00f3n de las Audioexperiencias Lectoras. Superar las 439 lecturas del pasado a\u00f1o va a ser todo un reto que los alumnos est\u00e1n dispuestos a conseguir. Adem\u00e1s, este a\u00f1o contaremos con sorpresas en formas de viajes literarios que iremos contando a trav\u00e9s de las entradas del blog. \u00a1Esperamos<\/p>\n","protected":false},"author":1,"featured_media":0,"parent":0,"menu_order":0,"comment_status":"open","ping_status":"open","template":"","meta":{"_monsterinsights_skip_tracking":false,"_monsterinsights_sitenote_active":false,"_monsterinsights_sitenote_note":"","_monsterinsights_sitenote_category":0},"aioseo_notices":[],"_links":{"self":[{"href":"http:\/\/www.apuntesdelengua.com\/blog\/wp-json\/wp\/v2\/pages\/5999"}],"collection":[{"href":"http:\/\/www.apuntesdelengua.com\/blog\/wp-json\/wp\/v2\/pages"}],"about":[{"href":"http:\/\/www.apuntesdelengua.com\/blog\/wp-json\/wp\/v2\/types\/page"}],"author":[{"embeddable":true,"href":"http:\/\/www.apuntesdelengua.com\/blog\/wp-json\/wp\/v2\/users\/1"}],"replies":[{"embeddable":true,"href":"http:\/\/www.apuntesdelengua.com\/blog\/wp-json\/wp\/v2\/comments?post=5999"}],"version-history":[{"count":9,"href":"http:\/\/www.apuntesdelengua.com\/blog\/wp-json\/wp\/v2\/pages\/5999\/revisions"}],"predecessor-version":[{"id":6156,"href":"http:\/\/www.apuntesdelengua.com\/blog\/wp-json\/wp\/v2\/pages\/5999\/revisions\/6156"}],"wp:attachment":[{"href":"http:\/\/www.apuntesdelengua.com\/blog\/wp-json\/wp\/v2\/media?parent=5999"}],"curies":[{"name":"wp","href":"https:\/\/api.w.org\/{rel}","templated":true}]}}