{"id":6714,"date":"2020-04-11T15:38:22","date_gmt":"2020-04-11T14:38:22","guid":{"rendered":"http:\/\/www.apuntesdelengua.com\/blog\/?page_id=6714"},"modified":"2020-04-11T15:38:22","modified_gmt":"2020-04-11T14:38:22","slug":"reconocimientos","status":"publish","type":"page","link":"http:\/\/www.apuntesdelengua.com\/blog\/reconocimientos\/","title":{"rendered":"Reconocimientos"},"content":{"rendered":"<p><img loading=\"lazy\" class=\"aligncenter wp-image-6723 size-full\" src=\"http:\/\/www.apuntesdelengua.com\/blog\/wp-content\/uploads\/2020\/04\/Captura-de-pantalla-2020-04-11-a-las-16.36.48.png\" alt=\"\" width=\"1534\" height=\"322\" srcset=\"http:\/\/www.apuntesdelengua.com\/blog\/wp-content\/uploads\/2020\/04\/Captura-de-pantalla-2020-04-11-a-las-16.36.48.png 1534w, http:\/\/www.apuntesdelengua.com\/blog\/wp-content\/uploads\/2020\/04\/Captura-de-pantalla-2020-04-11-a-las-16.36.48-300x63.png 300w, http:\/\/www.apuntesdelengua.com\/blog\/wp-content\/uploads\/2020\/04\/Captura-de-pantalla-2020-04-11-a-las-16.36.48-768x161.png 768w, http:\/\/www.apuntesdelengua.com\/blog\/wp-content\/uploads\/2020\/04\/Captura-de-pantalla-2020-04-11-a-las-16.36.48-1024x215.png 1024w\" sizes=\"(max-width: 1534px) 100vw, 1534px\" \/><\/p>\n<p><strong>Reconocimientos<\/strong><\/p>\n<ul>\n<li><a href=\"http:\/\/premioespiral.org\/recurso\/ganadores-xiii-premio-espiral-2019\/a1be2919-22a9-ecbc-86ce-dd9f4ab1f578?modified\">Ganador del XIII Premio Espiral 2019 al Mejor proyecto en ESO:\u00a0<em>La horda del lector<\/em><\/a><\/li>\n<li><a href=\"https:\/\/www.ifema.es\/simo-educacion\/noticias\/simo-educacion-2017-premia-10-innovadoras-experiencias-tic-par\">Ganador del Premio al Mejor Proyecto de Educaci\u00f3n Emocional de Sal\u00f3n Internacional de Tecnolog\u00eda e Innovaci\u00f3n Educativa (SIMO 2017)<\/a><\/li>\n<li><a href=\"https:\/\/asociacionpodcast.es\/\">Finalista del IV Premio de la Asociaci\u00f3n Nacional de Podcast, categor\u00eda Educaci\u00f3n<\/a><\/li>\n<li><a href=\"https:\/\/www.educaciontrespuntocero.com\/convocatorias\/ganadores-a-los-mejores-blogs-de-aula-de-educacion-3-0\/\">Mejor blog de aula 2012, por Educaci\u00f3n 3.0<\/a><\/li>\n<li><a href=\"http:\/\/recursostic.educacion.es\/blogs\/buenaspracticas20\/index.php\/2010\/11\/06\/apuntes-de-lengua-lengua-literatura-y-tic-s-en-eso\">Buena Pr\u00e1ctica 2.0, por el Instituto de Tecnolog\u00eda Educativa (ITE, Ministerio de Educaci\u00f3n)<\/a><\/li>\n<li><a href=\"http:\/\/www.apuntesdelengua.com\/images\/images\/premiobpleer.png\">Buena Pr\u00e1ctica Leer.es, por el Ministerio de Educaci\u00f3n<\/a><\/li>\n<li><a href=\"http:\/\/www.educared.org\/global\/premiointernacional\/\">Ganador del Premio Internacional Educared 2011<\/a><\/li>\n<li><a href=\"http:\/\/edublogs.ciberespiral.org\/2010\/index.html@tag=finalistas.html\">Finalista del Premio Edublogs Espiral 2010<\/a><\/li>\n<li><a href=\"http:\/\/www.educacontic.es\/blog\/v-premio-espiral-edublogs-2011\">5\u00ba Premio del Premio Edublogs Espiral 2011, categor\u00eda Blogs docentes.<\/a><\/li>\n<li><a href=\"http:\/\/www.educacontic.es\/blog\/v-premio-espiral-edublogs-2011\">Ganador del Premio Edublogs Espiral 2011, categor\u00eda Blogs colectivos<\/a>, junto a <a href=\"http:\/\/www.twitter.com\/silviagongo\">Silvia Gonz\u00e1lez Go\u00f1i<\/a><\/li>\n<\/ul>\n<p><strong>En prensa:<\/strong><\/p>\n<ul>\n<li><a href=\"https:\/\/esradio.libertaddigital.com\/fonoteca\/2014-03-20\/los-sms-y-el-whatsapp-afectan-a-la-ortografia-71514.html\">Entrevista en EsRadio: \u00ab\u00bfLos SMS y los WhatsApp afectan a la ortograf\u00eda?\u00a0<\/a><\/li>\n<\/ul>\n<p><iframe loading=\"lazy\" src=\"https:\/\/www.ivoox.com\/player_ej_49911861_2_1.html?data=lZ6mk5acepKhhpywj5eUaZS1lpiah5yncZKhhpywj5WRaZi3jpWah5yncYa3k4qvqLHTt4zHrriY25DJsIzLycbh1abUtIzVx8rQ1saPpYzgwpDc1NnTq9PVx4qwlYqliMKZlKuah5yncaLk1tPhx9iPqMafrcrbydrFcYarpJKh&amp;\" width=\"100%\" height=\"200\" frameborder=\"0\" scrolling=\"no\" allowfullscreen=\"allowfullscreen\"><\/iframe><\/p>\n<ul>\n<li>Entrevista en Radio Encuentro sobre el uso de TIC en Did\u00e1cticas espec\u00edficas<\/li>\n<\/ul>\n<p><iframe loading=\"lazy\" src=\"https:\/\/www.ivoox.com\/player_ej_285600_2_1.html?data=k52imJWUcYarpJKemYqXhZGojoqkpZKVcYarpJKhj4qbh46kjoqkpZKpqNbXwsjWh6iXaaOnz5Dmjbmth46ZmKiatc7QusrVjKzc0MzTcYarpJKd&amp;\" width=\"100%\" height=\"200\" frameborder=\"0\" scrolling=\"no\" allowfullscreen=\"allowfullscreen\"><\/iframe><\/p>\n","protected":false},"excerpt":{"rendered":"<p>Reconocimientos Ganador del XIII Premio Espiral 2019 al Mejor proyecto en ESO:\u00a0La horda del lector Ganador del Premio al Mejor Proyecto de Educaci\u00f3n Emocional de Sal\u00f3n Internacional de Tecnolog\u00eda e Innovaci\u00f3n Educativa (SIMO 2017) Finalista del IV Premio de la Asociaci\u00f3n Nacional de Podcast, categor\u00eda Educaci\u00f3n Mejor blog de aula 2012, por Educaci\u00f3n 3.0 Buena<\/p>\n","protected":false},"author":1,"featured_media":0,"parent":0,"menu_order":0,"comment_status":"closed","ping_status":"closed","template":"page-template-full.php","meta":{"_monsterinsights_skip_tracking":false,"_monsterinsights_sitenote_active":false,"_monsterinsights_sitenote_note":"","_monsterinsights_sitenote_category":0},"aioseo_notices":[],"_links":{"self":[{"href":"http:\/\/www.apuntesdelengua.com\/blog\/wp-json\/wp\/v2\/pages\/6714"}],"collection":[{"href":"http:\/\/www.apuntesdelengua.com\/blog\/wp-json\/wp\/v2\/pages"}],"about":[{"href":"http:\/\/www.apuntesdelengua.com\/blog\/wp-json\/wp\/v2\/types\/page"}],"author":[{"embeddable":true,"href":"http:\/\/www.apuntesdelengua.com\/blog\/wp-json\/wp\/v2\/users\/1"}],"replies":[{"embeddable":true,"href":"http:\/\/www.apuntesdelengua.com\/blog\/wp-json\/wp\/v2\/comments?post=6714"}],"version-history":[{"count":8,"href":"http:\/\/www.apuntesdelengua.com\/blog\/wp-json\/wp\/v2\/pages\/6714\/revisions"}],"predecessor-version":[{"id":6724,"href":"http:\/\/www.apuntesdelengua.com\/blog\/wp-json\/wp\/v2\/pages\/6714\/revisions\/6724"}],"wp:attachment":[{"href":"http:\/\/www.apuntesdelengua.com\/blog\/wp-json\/wp\/v2\/media?parent=6714"}],"curies":[{"name":"wp","href":"https:\/\/api.w.org\/{rel}","templated":true}]}}